{"id":2703,"date":"2024-03-12T17:08:41","date_gmt":"2024-03-12T09:08:41","guid":{"rendered":"https:\/\/zojopackaging.com\/?post_type=product&#038;p=2703"},"modified":"2025-03-28T20:06:21","modified_gmt":"2025-03-28T12:06:21","slug":"custom-e-cigarette-cardboard-box","status":"publish","type":"product","link":"https:\/\/zojopackaging.com\/pt\/product\/custom-e-cigarette-cardboard-box\/","title":{"rendered":"Fabricantes de caixas de cart\u00e3o para cigarros electr\u00f3nicos personalizadas"},"content":{"rendered":"<h1>Fabricantes de caixas de cart\u00e3o para cigarros electr\u00f3nicos personalizadas<\/h1>\n<p>Apresentamos a nossa caixa de cart\u00e3o personalizada para cigarros electr\u00f3nicos - a solu\u00e7\u00e3o de embalagem perfeita para melhorar a sua marca de cigarros electr\u00f3nicos.<\/p>\n<p>O material de cart\u00e3o de alta qualidade garante durabilidade, protegendo os seus cigarros electr\u00f3nicos de quaisquer danos potenciais durante o transporte e o armazenamento. A possibilidade de personaliza\u00e7\u00e3o destas caixas \u00e9 o que as distingue. Pode escolher entre uma vasta gama de cores, acabamentos e op\u00e7\u00f5es de impress\u00e3o para criar uma caixa que se alinhe com a identidade \u00fanica da sua marca.<br \/>\nQuer prefira um aspeto elegante e moderno ou um design mais elaborado, a nossa equipa de especialistas trabalhar\u00e1 em estreita colabora\u00e7\u00e3o consigo para dar vida \u00e0 sua vis\u00e3o. Adicione o log\u00f3tipo da sua marca, informa\u00e7\u00f5es sobre o produto e gr\u00e1ficos atractivos para que os seus cigarros electr\u00f3nicos se destaquem nas prateleiras.<\/p>\n<p>A caixa de cart\u00e3o para cigarros electr\u00f3nicos personalizada n\u00e3o s\u00f3 protege o seu produto como tamb\u00e9m serve de ferramenta de marketing. O seu design visualmente apelativo chama a aten\u00e7\u00e3o dos consumidores, aumentando a notoriedade da marca e impulsionando as vendas.<\/p>\n<p>Compreendemos a import\u00e2ncia da qualidade e da aten\u00e7\u00e3o aos pormenores. Cada caixa \u00e9 fabricada com precis\u00e3o para garantir um ajuste perfeito para os seus dispositivos e acess\u00f3rios de cigarros electr\u00f3nicos.<\/p>\n<h1><strong>Especifica\u00e7\u00e3o<\/strong><\/h1>\n<table style=\"height: 456px;\" width=\"1153\">\n<tbody>\n<tr>\n<td width=\"373\">Dimens\u00f5es<\/td>\n<td width=\"373\">Todos os tamanhos e formas personalizados<\/td>\n<\/tr>\n<tr>\n<td width=\"373\">Impress\u00e3o<\/td>\n<td width=\"373\">CMYK, PMS, Sem impress\u00e3o<\/td>\n<\/tr>\n<tr>\n<td width=\"373\">Estoque de papel<\/td>\n<td width=\"373\">10pt a 28pt (60lb a 400lb) Kraft ecol\u00f3gico, canelado E-flute, cart\u00e3o Bux, cartolina<\/td>\n<\/tr>\n<tr>\n<td width=\"373\">Quantidades<\/td>\n<td width=\"373\">500- 500,000<\/td>\n<\/tr>\n<tr>\n<td width=\"373\">Revestimento<\/td>\n<td width=\"373\">Brilhante, Mate, Spot UV<\/td>\n<\/tr>\n<tr>\n<td width=\"373\">Processo por defeito<\/td>\n<td width=\"373\">Corte e vinco, colagem, perfura\u00e7\u00e3o<\/td>\n<\/tr>\n<tr>\n<td width=\"373\">Op\u00e7\u00f5es<\/td>\n<td width=\"373\">Recorte de janela personalizada, folha de ouro\/prata, grava\u00e7\u00e3o em relevo, tinta em relevo, folha de PVC.<\/td>\n<\/tr>\n<tr>\n<td width=\"373\">Prova<\/td>\n<td width=\"373\">Vista plana, maqueta 3D, amostragem f\u00edsica (a pedido)<\/td>\n<\/tr>\n<tr>\n<td width=\"373\">Tempo de retorno<\/td>\n<td width=\"373\">7-14 dias \u00fateis , Urg\u00eancia<\/td>\n<\/tr>\n<tr>\n<td width=\"373\">MOQ<\/td>\n<td width=\"373\">500<\/td>\n<\/tr>\n<tr>\n<td width=\"373\">Tempo de amostragem<\/td>\n<td width=\"373\">3-5 dias<\/td>\n<\/tr>\n<tr>\n<td width=\"373\">Prazo de pagamento<\/td>\n<td width=\"373\">T\/T, Western Union, Paypal, dep\u00f3sito 30% e saldo 70% antes do envio.<\/td>\n<\/tr>\n<\/tbody>\n<\/table>\n<div class=\"widget block block-static-block\">\n<div class=\"landing-page-section option-bottom\">\n<div class=\"custom-materials-tabs-content container container-adjustment\">\n<div class=\"custom-materials-tab-content active\">\n<div class=\"widget block block-static-block\">\n<div class=\"options-items\">\n<div class=\"flex-grid-row-option\">\n<div class=\"flex-grid-item-option\">\n<div class=\"material-box\">\n<div class=\"material-des\">\n<p>&nbsp;<\/p>\n<\/div>\n<p>&nbsp;<\/p>\n<\/div>\n<\/div>\n<\/div>\n<\/div>\n<p><!---end of option item--><\/p>\n<\/div>\n<\/div>\n<\/div>\n<\/div>\n<\/div>","protected":false},"excerpt":{"rendered":"<p>Quer esteja a embalar canetas vape, cigarros electr\u00f3nicos descart\u00e1veis ou dispositivos recarreg\u00e1veis, as nossas caixas proporcionam um armazenamento seguro e uma embalagem duradoura para manter os seus produtos em condi\u00e7\u00f5es.<\/p>\n<p>Tipo de material: Amigo do ambiente, tem certifica\u00e7\u00e3o FSC\/ISO\/BSCI<br \/>\nTempo de produ\u00e7\u00e3o: Amostra 1-3 dias; a granel 7-9 dias<br \/>\nTempo de envio: Expresso 3-7 dias; Ar 12-16 dias; Barco 25-30 dias\uff08Diferentes pa\u00edses t\u00eam tempos diferentes)<\/p>\n<p>Pre\u00e7o:Contacte-nos para enviar um inqu\u00e9rito!<\/p>","protected":false},"featured_media":2709,"template":"","meta":[],"product_brand":[],"product_cat":[30,420,430],"product_tag":[853,817,332],"class_list":{"0":"post-2703","1":"product","2":"type-product","3":"status-publish","4":"has-post-thumbnail","6":"product_cat-by-industry","7":"product_cat-custom-cannabis-boxes","8":"product_cat-folding-cartons","9":"product_tag-box-supplier","10":"product_tag-custom-box","11":"product_tag-e-cigarette-cardboard-box","13":"first","14":"instock","15":"shipping-taxable","16":"product-type-grouped"},"_links":{"self":[{"href":"https:\/\/zojopackaging.com\/pt\/wp-json\/wp\/v2\/product\/2703","targetHints":{"allow":["GET"]}}],"collection":[{"href":"https:\/\/zojopackaging.com\/pt\/wp-json\/wp\/v2\/product"}],"about":[{"href":"https:\/\/zojopackaging.com\/pt\/wp-json\/wp\/v2\/types\/product"}],"version-history":[{"count":2,"href":"https:\/\/zojopackaging.com\/pt\/wp-json\/wp\/v2\/product\/2703\/revisions"}],"predecessor-version":[{"id":8506,"href":"https:\/\/zojopackaging.com\/pt\/wp-json\/wp\/v2\/product\/2703\/revisions\/8506"}],"wp:featuredmedia":[{"embeddable":true,"href":"https:\/\/zojopackaging.com\/pt\/wp-json\/wp\/v2\/media\/2709"}],"wp:attachment":[{"href":"https:\/\/zojopackaging.com\/pt\/wp-json\/wp\/v2\/media?parent=2703"}],"wp:term":[{"taxonomy":"product_brand","embeddable":true,"href":"https:\/\/zojopackaging.com\/pt\/wp-json\/wp\/v2\/product_brand?post=2703"},{"taxonomy":"product_cat","embeddable":true,"href":"https:\/\/zojopackaging.com\/pt\/wp-json\/wp\/v2\/product_cat?post=2703"},{"taxonomy":"product_tag","embeddable":true,"href":"https:\/\/zojopackaging.com\/pt\/wp-json\/wp\/v2\/product_tag?post=2703"}],"curies":[{"name":"wp","href":"https:\/\/api.w.org\/{rel}","templated":true}]}}