{"id":2710,"date":"2024-03-12T17:11:58","date_gmt":"2024-03-12T09:11:58","guid":{"rendered":"https:\/\/zojopackaging.com\/?post_type=product&#038;p=2710"},"modified":"2025-03-28T20:28:40","modified_gmt":"2025-03-28T12:28:40","slug":"e-cigarette-buckle-bottom-cardboard-box","status":"publish","type":"product","link":"https:\/\/zojopackaging.com\/pt\/product\/e-cigarette-buckle-bottom-cardboard-box\/","title":{"rendered":"Fornecedor grossista de caixas de cart\u00e3o dobr\u00e1veis para l\u00edquidos electr\u00f3nicos sob medida"},"content":{"rendered":"<h1>Fornecedor grossista de caixas de cart\u00e3o dobr\u00e1veis para l\u00edquidos electr\u00f3nicos sob medida<\/h1>\n<p>Esta caixa de cart\u00e3o personalizada foi concebida com precis\u00e3o e aten\u00e7\u00e3o aos pormenores. O design do fundo com fivela garante estabilidade e robustez, proporcionando um recipiente fi\u00e1vel para os seus valiosos cigarros electr\u00f3nicos.<\/p>\n<p>A nossa caixa de cart\u00e3o personalizada com fundo de fivela para cigarros E oferece um elevado n\u00edvel de personaliza\u00e7\u00e3o. Tem a liberdade de selecionar o tamanho, a cor e as op\u00e7\u00f5es de impress\u00e3o que se alinham perfeitamente com a identidade da sua marca. Quer prefira um visual arrojado e vibrante ou um estilo sofisticado e elegante, podemos criar uma caixa que mostre a sua marca de cigarros electr\u00f3nicos da melhor forma.<\/p>\n<p>A utiliza\u00e7\u00e3o de material de cart\u00e3o de alta qualidade garante durabilidade e prote\u00e7\u00e3o. Protege os seus cigarros electr\u00f3nicos de danos externos durante o armazenamento, o transporte e a exposi\u00e7\u00e3o.<\/p>\n<p>Quer se trate de uma empresa em fase de arranque ou de uma marca de cigarros electr\u00f3nicos estabelecida, a nossa caixa de cart\u00e3o personalizada com fundo em forma de fivela para cigarros electr\u00f3nicos \u00e9 a escolha ideal para elevar o seu jogo de embalagem e deixar uma impress\u00e3o duradoura nos seus clientes.<\/p>\n<h1><strong>Especifica\u00e7\u00e3o<\/strong><\/h1>\n<table style=\"height: 456px;\" width=\"1153\">\n<tbody>\n<tr>\n<td width=\"373\">Dimens\u00f5es<\/td>\n<td width=\"373\">Todos os tamanhos e formas personalizados<\/td>\n<\/tr>\n<tr>\n<td width=\"373\">Impress\u00e3o<\/td>\n<td width=\"373\">CMYK, PMS, Sem impress\u00e3o<\/td>\n<\/tr>\n<tr>\n<td width=\"373\">Estoque de papel<\/td>\n<td width=\"373\">10pt a 28pt (60lb a 400lb) Kraft ecol\u00f3gico, canelado E-flute, cart\u00e3o Bux, cartolina<\/td>\n<\/tr>\n<tr>\n<td width=\"373\">Quantidades<\/td>\n<td width=\"373\">500- 500,000<\/td>\n<\/tr>\n<tr>\n<td width=\"373\">Revestimento<\/td>\n<td width=\"373\">Brilhante, Mate, Spot UV<\/td>\n<\/tr>\n<tr>\n<td width=\"373\">Processo por defeito<\/td>\n<td width=\"373\">Corte e vinco, colagem, perfura\u00e7\u00e3o<\/td>\n<\/tr>\n<tr>\n<td width=\"373\">Op\u00e7\u00f5es<\/td>\n<td width=\"373\">Recorte de janela personalizada, folha de ouro\/prata, grava\u00e7\u00e3o em relevo, tinta em relevo, folha de PVC.<\/td>\n<\/tr>\n<tr>\n<td width=\"373\">Prova<\/td>\n<td width=\"373\">Vista plana, maqueta 3D, amostragem f\u00edsica (a pedido)<\/td>\n<\/tr>\n<tr>\n<td width=\"373\">Tempo de retorno<\/td>\n<td width=\"373\">7-14 dias \u00fateis , Urg\u00eancia<\/td>\n<\/tr>\n<tr>\n<td width=\"373\">MOQ<\/td>\n<td width=\"373\">500<\/td>\n<\/tr>\n<tr>\n<td width=\"373\">Tempo de amostragem<\/td>\n<td width=\"373\">3-5 dias<\/td>\n<\/tr>\n<tr>\n<td width=\"373\">Prazo de pagamento<\/td>\n<td width=\"373\">T\/T, Western Union, Paypal, dep\u00f3sito 30% e saldo 70% antes do envio.<\/td>\n<\/tr>\n<\/tbody>\n<\/table>\n<p>&nbsp;<\/p>\n<div class=\"widget block block-static-block\">\n<div class=\"landing-page-section option-bottom\">\n<div class=\"custom-materials-tabs-content container container-adjustment\">\n<div class=\"custom-materials-tab-content active\">\n<div class=\"widget block block-static-block\">\n<div class=\"options-items\">\n<div class=\"flex-grid-row-option\">\n<div class=\"flex-grid-item-option\">\n<div class=\"material-box\">\n<div class=\"material-des\">\n<p>&nbsp;<\/p>\n<\/div>\n<p>&nbsp;<\/p>\n<\/div>\n<\/div>\n<\/div>\n<\/div>\n<p><!---end of option item--><\/p>\n<\/div>\n<\/div>\n<\/div>\n<\/div>\n<\/div>","protected":false},"excerpt":{"rendered":"<p>Como fabricante de caixas para l\u00edquidos electr\u00f3nicos, a Ideal Custom Boxes fornece solu\u00e7\u00f5es de alta qualidade com as carater\u00edsticas exigidas pelas embalagens modernas.<\/p>\n<p>Tipo de material: Amigo do ambiente, tem certifica\u00e7\u00e3o FSC\/ISO\/BSCI<br \/>\nTempo de produ\u00e7\u00e3o: Amostra 1-3 dias; a granel 7-9 dias<br \/>\nTempo de envio: Expresso 3-7 dias; Ar 12-16 dias; Barco 25-30 dias\uff08Diferentes pa\u00edses t\u00eam tempos diferentes)<\/p>\n<p>Pre\u00e7o:Contacte-nos para enviar um inqu\u00e9rito!<\/p>","protected":false},"featured_media":2711,"template":"","meta":[],"product_brand":[],"product_cat":[30,418,430,31],"product_tag":[854,855,856],"class_list":{"0":"post-2710","1":"product","2":"type-product","3":"status-publish","4":"has-post-thumbnail","6":"product_cat-by-industry","7":"product_cat-custom-cbd-boxes","8":"product_cat-folding-cartons","9":"product_cat-paper-box-style","10":"product_tag-bespoke-box","11":"product_tag-box-wholesale-supplier","12":"product_tag-e-liquid-folding-cardboard-box","14":"first","15":"instock","16":"shipping-taxable","17":"product-type-grouped"},"_links":{"self":[{"href":"https:\/\/zojopackaging.com\/pt\/wp-json\/wp\/v2\/product\/2710","targetHints":{"allow":["GET"]}}],"collection":[{"href":"https:\/\/zojopackaging.com\/pt\/wp-json\/wp\/v2\/product"}],"about":[{"href":"https:\/\/zojopackaging.com\/pt\/wp-json\/wp\/v2\/types\/product"}],"version-history":[{"count":2,"href":"https:\/\/zojopackaging.com\/pt\/wp-json\/wp\/v2\/product\/2710\/revisions"}],"predecessor-version":[{"id":8507,"href":"https:\/\/zojopackaging.com\/pt\/wp-json\/wp\/v2\/product\/2710\/revisions\/8507"}],"wp:featuredmedia":[{"embeddable":true,"href":"https:\/\/zojopackaging.com\/pt\/wp-json\/wp\/v2\/media\/2711"}],"wp:attachment":[{"href":"https:\/\/zojopackaging.com\/pt\/wp-json\/wp\/v2\/media?parent=2710"}],"wp:term":[{"taxonomy":"product_brand","embeddable":true,"href":"https:\/\/zojopackaging.com\/pt\/wp-json\/wp\/v2\/product_brand?post=2710"},{"taxonomy":"product_cat","embeddable":true,"href":"https:\/\/zojopackaging.com\/pt\/wp-json\/wp\/v2\/product_cat?post=2710"},{"taxonomy":"product_tag","embeddable":true,"href":"https:\/\/zojopackaging.com\/pt\/wp-json\/wp\/v2\/product_tag?post=2710"}],"curies":[{"name":"wp","href":"https:\/\/api.w.org\/{rel}","templated":true}]}}