{"id":2717,"date":"2024-03-12T17:14:33","date_gmt":"2024-03-12T09:14:33","guid":{"rendered":"https:\/\/zojopackaging.com\/?post_type=product&#038;p=2717"},"modified":"2025-03-28T14:27:07","modified_gmt":"2025-03-28T06:27:07","slug":"custom-electronic-cigarette-packaging-box","status":"publish","type":"product","link":"https:\/\/zojopackaging.com\/pt\/product\/custom-electronic-cigarette-packaging-box\/","title":{"rendered":"Caixas de can\u00e1bis para marijuana personalizadas e resistentes a crian\u00e7as"},"content":{"rendered":"<h1>Caixas de can\u00e1bis para marijuana personalizadas e resistentes a crian\u00e7as<\/h1>\n<p>Est\u00e1 \u00e0 procura de uma solu\u00e7\u00e3o de embalagem \u00fanica e apelativa para os seus produtos de can\u00e1bis e marijuana? A nossa caixa de embalagem personalizada para vape \u00e9 a escolha perfeita!<br \/>\nConcebidas com precis\u00e3o e criatividade, as nossas caixas de embalagem n\u00e3o s\u00f3 protegem o seu vape como tamb\u00e9m aumentam o seu atrativo visual. Compreendemos a import\u00e2ncia da marca no mercado competitivo e as nossas caixas personalizadas permitem-lhe apresentar o seu log\u00f3tipo, as cores da marca e elementos de design exclusivos.<\/p>\n<h1><strong>Especifica\u00e7\u00e3o<\/strong><\/h1>\n<table style=\"height: 456px;\" width=\"1153\">\n<tbody>\n<tr>\n<td width=\"373\">Dimens\u00f5es<\/td>\n<td width=\"373\">Todos os tamanhos e formas personalizados<\/td>\n<\/tr>\n<tr>\n<td width=\"373\">Impress\u00e3o<\/td>\n<td width=\"373\">CMYK, PMS, Sem impress\u00e3o<\/td>\n<\/tr>\n<tr>\n<td width=\"373\">Estoque de papel<\/td>\n<td width=\"373\">10pt a 28pt (60lb a 400lb) Kraft ecol\u00f3gico, canelado E-flute, cart\u00e3o Bux, cartolina<\/td>\n<\/tr>\n<tr>\n<td width=\"373\">Quantidades<\/td>\n<td width=\"373\">500- 500,000<\/td>\n<\/tr>\n<tr>\n<td width=\"373\">Revestimento<\/td>\n<td width=\"373\">Brilhante, Mate, Spot UV<\/td>\n<\/tr>\n<tr>\n<td width=\"373\">Processo por defeito<\/td>\n<td width=\"373\">Corte e vinco, colagem, perfura\u00e7\u00e3o<\/td>\n<\/tr>\n<tr>\n<td width=\"373\">Op\u00e7\u00f5es<\/td>\n<td width=\"373\">Recorte de janela personalizada, folha de ouro\/prata, grava\u00e7\u00e3o em relevo, tinta em relevo, folha de PVC.<\/td>\n<\/tr>\n<tr>\n<td width=\"373\">Prova<\/td>\n<td width=\"373\">Vista plana, maqueta 3D, amostragem f\u00edsica (a pedido)<\/td>\n<\/tr>\n<tr>\n<td width=\"373\">Tempo de retorno<\/td>\n<td width=\"373\">7-14 dias \u00fateis , Urg\u00eancia<\/td>\n<\/tr>\n<tr>\n<td width=\"373\">MOQ<\/td>\n<td width=\"373\">500<\/td>\n<\/tr>\n<tr>\n<td width=\"373\">Tempo de amostragem<\/td>\n<td width=\"373\">\u00a05 dias<\/td>\n<\/tr>\n<tr>\n<td width=\"373\">Prazo de pagamento<\/td>\n<td width=\"373\">T\/T, Western Union, Paypal, dep\u00f3sito 30% e saldo 70% antes do envio.<\/td>\n<\/tr>\n<\/tbody>\n<\/table>\n<p>A nossa equipa de especialistas trabalha em estreita colabora\u00e7\u00e3o consigo para garantir que todos os aspectos da embalagem satisfazem os seus requisitos espec\u00edficos. Desde o tamanho e a forma at\u00e9 ao material e ao acabamento, oferecemos uma vasta gama de op\u00e7\u00f5es para criar uma caixa de embalagem que se destaque nas prateleiras.<\/p>\n<p>Escolha entre materiais de alta qualidade, como cart\u00e3o, cartolina ou pl\u00e1stico, e selecione entre v\u00e1rios acabamentos, como mate, brilhante ou com relevo, para dar um toque de luxo e sofistica\u00e7\u00e3o.<br \/>\nA caixa de embalagem de cigarros electr\u00f3nicos personalizada tamb\u00e9m oferece um amplo espa\u00e7o para informa\u00e7\u00f5es sobre o produto, instru\u00e7\u00f5es e avisos de seguran\u00e7a, garantindo a conformidade com os regulamentos e fornecendo aos consumidores todos os detalhes necess\u00e1rios.<\/p>\n<p><strong><a href=\"https:\/\/zojopackaging.com\/pt\/contact-us\/\">Contactar-nos<\/a><\/strong> hoje para come\u00e7ar a criar a sua solu\u00e7\u00e3o de embalagem ideal!<\/p>\n<h1>O que oferecemos em embalagens personalizadas de cartuchos Vape:<\/h1>\n<p>H\u00e1 anos que prestamos os nossos servi\u00e7os aos nossos estimados clientes e j\u00e1 trabalh\u00e1mos em muitas embalagens personalizadas, como embalagens de cart\u00e3o para cartuchos de vapor, cartuchos de vapor impressos personalizados, embalagens de \u00f3leo de vapor e embalagens de vapor. Isto n\u00e3o fica por aqui, continuamos a prestar servi\u00e7os a muitos dos nossos clientes. Tamb\u00e9m estamos a oferecer suporte de design gratuito a todos os nossos clientes. Temos muita experi\u00eancia na nossa \u00e1rea, basta apresentar-nos a sua ideia e trataremos tamb\u00e9m das quest\u00f5es de dimens\u00f5es e tamanhos para si.<\/p>\n<h1>Caixa de embalagem personalizada para vape<\/h1>\n<p>No mundo dos vape, h\u00e1 muitas marcas no mercado para competir. \u00c9 por isso que um visual elegante se tornou obrigat\u00f3rio para sobreviver \u00e0 competi\u00e7\u00e3o. As solu\u00e7\u00f5es personalizadas de embalagem vape desempenham um papel significativo neste dom\u00ednio. Estas caixas aumentam a visibilidade dos produtos, destacando a sua marca no mercado. As caixas de vape personalizadas em cart\u00e3o s\u00e3o a melhor forma de preservar a sua qualidade. S\u00e3o concebidas para satisfazer as expectativas dos clientes e as tend\u00eancias actuais do mercado. A Custom Boxes \u00e9 um dos maiores fabricantes grossistas que lhe fornece caixas topo de gama a pre\u00e7os econ\u00f3micos.<\/p>\n<h1>Material dur\u00e1vel para prote\u00e7\u00e3o do 100%<\/h1>\n<p>Fabricamos caixas de armazenamento para vape a partir do stock de caixas de cart\u00e3o ou caixas Kraft da melhor qualidade. O material \u00e9 dur\u00e1vel e resistente o suficiente para fornecer prote\u00e7\u00e3o m\u00e1xima ao produto. Ele os mant\u00e9m seguros durante a transi\u00e7\u00e3o, armazenamento e exibi\u00e7\u00e3o. Pode personalizar a espessura da caixa de acordo com a delicadeza dos seus valiosos produtos. Um aspeto t\u00e3o exuberante das caixas de cigarros electr\u00f3nicos personalizadas por atacado faz com que os seus produtos se destaquem nas prateleiras de retalho.<\/p>\n<div class=\"widget block block-static-block\">\n<div class=\"landing-page-section option-bottom\">\n<div class=\"custom-materials-tabs-content container container-adjustment\">\n<div class=\"custom-materials-tab-content active\">\n<div class=\"widget block block-static-block\">\n<div class=\"options-items\">\n<div class=\"flex-grid-row-option\">\n<div class=\"flex-grid-item-option\">\n<div class=\"material-box\">\n<p>&nbsp;<\/p>\n<\/div>\n<\/div>\n<\/div>\n<\/div>\n<p><!---end of option item--><\/p>\n<\/div>\n<\/div>\n<\/div>\n<\/div>\n<\/div>","protected":false},"excerpt":{"rendered":"<p>1. O design \u00e0 prova de crian\u00e7as na parte lateral impede que as crian\u00e7as ingiram acidentalmente o produto, mas os adultos podem abri-lo facilmente<br \/>\n2. A tecnologia de relevo confere \u00e0 embalagem uma sensa\u00e7\u00e3o de luxo e uma apresenta\u00e7\u00e3o visual de alta qualidade<br \/>\n3. V\u00e1rios tamanhos podem ser personalizados de acordo com o seu produto, adequado para todos os tipos de embalagens de vapor de cannabis<\/p>","protected":false},"featured_media":2718,"template":"","meta":[],"product_brand":[],"product_cat":[30,431,420,31],"product_tag":[794,795,796],"class_list":{"0":"post-2717","1":"product","2":"type-product","3":"status-publish","4":"has-post-thumbnail","6":"product_cat-by-industry","7":"product_cat-child-resistant-packaging","8":"product_cat-custom-cannabis-boxes","9":"product_cat-paper-box-style","10":"product_tag-child-resistant-cannabis-boxes","11":"product_tag-custom-cannabis-boxes","12":"product_tag-marijuana-cannabis-boxes","14":"first","15":"instock","16":"shipping-taxable","17":"product-type-grouped"},"_links":{"self":[{"href":"https:\/\/zojopackaging.com\/pt\/wp-json\/wp\/v2\/product\/2717","targetHints":{"allow":["GET"]}}],"collection":[{"href":"https:\/\/zojopackaging.com\/pt\/wp-json\/wp\/v2\/product"}],"about":[{"href":"https:\/\/zojopackaging.com\/pt\/wp-json\/wp\/v2\/types\/product"}],"version-history":[{"count":2,"href":"https:\/\/zojopackaging.com\/pt\/wp-json\/wp\/v2\/product\/2717\/revisions"}],"predecessor-version":[{"id":8459,"href":"https:\/\/zojopackaging.com\/pt\/wp-json\/wp\/v2\/product\/2717\/revisions\/8459"}],"wp:featuredmedia":[{"embeddable":true,"href":"https:\/\/zojopackaging.com\/pt\/wp-json\/wp\/v2\/media\/2718"}],"wp:attachment":[{"href":"https:\/\/zojopackaging.com\/pt\/wp-json\/wp\/v2\/media?parent=2717"}],"wp:term":[{"taxonomy":"product_brand","embeddable":true,"href":"https:\/\/zojopackaging.com\/pt\/wp-json\/wp\/v2\/product_brand?post=2717"},{"taxonomy":"product_cat","embeddable":true,"href":"https:\/\/zojopackaging.com\/pt\/wp-json\/wp\/v2\/product_cat?post=2717"},{"taxonomy":"product_tag","embeddable":true,"href":"https:\/\/zojopackaging.com\/pt\/wp-json\/wp\/v2\/product_tag?post=2717"}],"curies":[{"name":"wp","href":"https:\/\/api.w.org\/{rel}","templated":true}]}}