{"id":2724,"date":"2024-03-12T17:21:09","date_gmt":"2024-03-12T09:21:09","guid":{"rendered":"https:\/\/zojopackaging.com\/?post_type=product&#038;p=2724"},"modified":"2025-03-29T16:56:57","modified_gmt":"2025-03-29T08:56:57","slug":"wholesale-custom-packaging-box","status":"publish","type":"product","link":"https:\/\/zojopackaging.com\/pt\/product\/wholesale-custom-packaging-box\/","title":{"rendered":"Caixa principal de cart\u00e3o para embalagem de caneta Vape personalizada por atacado"},"content":{"rendered":"<h1>Caixa de embalagem personalizada por atacado de f\u00e1brica<\/h1>\n<div class=\"auto-hide-last-sibling-br paragraph-ae1685 br-paragraph-space\">\n<p>A nossa caixa de embalagem personalizada por atacado de f\u00e1brica - a solu\u00e7\u00e3o definitiva para todas as suas necessidades de embalagem!<\/p>\n<p>Com a nossa vasta gama de op\u00e7\u00f5es de personaliza\u00e7\u00e3o, tem a liberdade de conceber uma caixa de embalagem que se destaque da multid\u00e3o. Escolha entre uma variedade de materiais, cores, formas e tamanhos para criar uma embalagem \u00fanica e apelativa que chame a aten\u00e7\u00e3o dos seus clientes.<\/p>\n<p>As nossas caixas de embalagem personalizadas n\u00e3o s\u00f3 melhoram o aspeto est\u00e9tico dos seus produtos, como tamb\u00e9m proporcionam uma excelente prote\u00e7\u00e3o durante o envio e o armazenamento. Compreendemos a import\u00e2ncia de manter os seus produtos seguros e intactos, e as nossas caixas s\u00e3o concebidas para resistir aos rigores da cadeia de fornecimento.<\/p>\n<p>Quer se trate de retalho, alimentos e bebidas, cosm\u00e9ticos ou qualquer outra ind\u00fastria, a nossa Caixa de Embalagem Personalizada por Atacado de F\u00e1brica \u00e9 a escolha ideal para empresas que procuram causar uma impress\u00e3o duradoura e aumentar o reconhecimento da marca. Fa\u00e7a parceria conosco e experimente um servi\u00e7o cont\u00ednuo, pre\u00e7os competitivos e embalagens que diferenciam seus produtos.<\/p>\n<h1><strong>Especifica\u00e7\u00e3o<\/strong><\/h1>\n<table width=\"1153\">\n<tbody>\n<tr>\n<td width=\"373\">Dimens\u00f5es<\/td>\n<td width=\"373\">Todos os tamanhos e formas personalizados<\/td>\n<\/tr>\n<tr>\n<td width=\"373\">Impress\u00e3o<\/td>\n<td width=\"373\">CMYK, PMS, Sem impress\u00e3o<\/td>\n<\/tr>\n<tr>\n<td width=\"373\">Estoque de papel<\/td>\n<td width=\"373\">10pt a 28pt (60lb a 400lb) Kraft ecol\u00f3gico, canelado E-flute, cart\u00e3o Bux, cartolina<\/td>\n<\/tr>\n<tr>\n<td width=\"373\">Quantidades<\/td>\n<td width=\"373\">500- 500,000<\/td>\n<\/tr>\n<tr>\n<td width=\"373\">Revestimento<\/td>\n<td width=\"373\">Brilhante, Mate, Spot UV<\/td>\n<\/tr>\n<tr>\n<td width=\"373\">Processo por defeito<\/td>\n<td width=\"373\">Corte e vinco, colagem, perfura\u00e7\u00e3o<\/td>\n<\/tr>\n<tr>\n<td width=\"373\">Op\u00e7\u00f5es<\/td>\n<td width=\"373\">Recorte de janela personalizada, folha de ouro\/prata, grava\u00e7\u00e3o em relevo, tinta em relevo, folha de PVC.<\/td>\n<\/tr>\n<tr>\n<td width=\"373\">Prova<\/td>\n<td width=\"373\">Vista plana, maqueta 3D, amostragem f\u00edsica (a pedido)<\/td>\n<\/tr>\n<tr>\n<td width=\"373\">Tempo de retorno<\/td>\n<td width=\"373\">7-14 dias \u00fateis , Urg\u00eancia<\/td>\n<\/tr>\n<tr>\n<td width=\"373\">MOQ<\/td>\n<td width=\"373\">500<\/td>\n<\/tr>\n<tr>\n<td width=\"373\">Tempo de amostragem<\/td>\n<td width=\"373\">3-5 dias<\/td>\n<\/tr>\n<tr>\n<td width=\"373\">Prazo de pagamento<\/td>\n<td width=\"373\">T\/T, Western Union, Paypal, dep\u00f3sito 30% e saldo 70% antes do envio.<\/td>\n<\/tr>\n<\/tbody>\n<\/table>\n<\/div>\n<h1 class=\"auto-hide-last-sibling-br paragraph-ae1685 br-paragraph-space\">Porqu\u00ea escolher a nossa f\u00e1brica de caixas de embalagem personalizadas por atacado?<\/h1>\n<ul>\n<li class=\"auto-hide-last-sibling-br paragraph-ae1685 br-paragraph-space\"><strong>Personaliza\u00e7\u00e3o sem paralelo<\/strong>: Compreendemos que a sua marca \u00e9 \u00fanica. \u00c9 por isso que oferecemos op\u00e7\u00f5es de personaliza\u00e7\u00e3o ilimitadas. Desde o tamanho e a forma at\u00e9 \u00e0 cor e \u00e0 impress\u00e3o, tem o controlo total sobre o design para criar embalagens que reflictam a identidade da sua marca e se destaquem nas prateleiras.<\/li>\n<li class=\"auto-hide-last-sibling-br paragraph-ae1685 br-paragraph-space\"><strong>Solu\u00e7\u00f5es rent\u00e1veis<\/strong>: Ao escolher a nossa op\u00e7\u00e3o de venda por grosso na f\u00e1brica, pode usufruir de poupan\u00e7as de custos significativas sem comprometer a qualidade. Os nossos processos de fabrico eficientes e o poder de compra a granel permitem-nos oferecer pre\u00e7os competitivos que o ajudam a maximizar os seus lucros.<\/li>\n<li class=\"auto-hide-last-sibling-br paragraph-ae1685 br-paragraph-space\"><strong>Qualidade superior<\/strong>: As nossas instala\u00e7\u00f5es de fabrico topo de gama e a nossa equipa experiente garantem que cada caixa \u00e9 produzida de acordo com os mais elevados padr\u00f5es. Efectuamos controlos de qualidade rigorosos para garantir que a sua embalagem est\u00e1 impec\u00e1vel e pronta a valorizar os seus produtos.<\/li>\n<li class=\"auto-hide-last-sibling-br paragraph-ae1685 br-paragraph-space\"><strong>R\u00e1pida rota\u00e7\u00e3o\u00a0<a href=\"\/\/sendMessage?ext=%7B%22s%24wiki_link%22%3A%22https%3A%2F%2Fm.baike.com%2Fwikiid%2F7246958217627762740%22%7D&amp;msg=Time\" target=\"_blank\" rel=\"noopener\">Tempo<\/a><\/strong>: Sabemos que o tempo \u00e9 essencial no mundo dos neg\u00f3cios. O nosso processo de produ\u00e7\u00e3o simplificado permite-nos entregar prontamente as suas caixas de embalagem personalizadas, garantindo que pode cumprir os seus prazos e manter as suas opera\u00e7\u00f5es a funcionar sem problemas.<\/li>\n<li class=\"auto-hide-last-sibling-br paragraph-ae1685 br-paragraph-space\"><strong>Servi\u00e7o excecional ao cliente<\/strong>: A nossa equipa dedicada est\u00e1 empenhada em prestar-lhe um servi\u00e7o de apoio ao cliente excecional ao longo de todo o processo. Desde a consulta inicial at\u00e9 ao apoio p\u00f3s-venda, estamos aqui para responder \u00e0s suas perguntas e garantir a sua satisfa\u00e7\u00e3o.<\/li>\n<\/ul>\n<h1 class=\"auto-hide-last-sibling-br paragraph-ae1685 br-paragraph-space\"><strong>Contacto para mais informa\u00e7\u00f5es<\/strong><\/h1>\n<div class=\"auto-hide-last-sibling-br paragraph-ae1685 br-paragraph-space\">Para sua satisfa\u00e7\u00e3o, disponha de dados de contacto precisos para colocar qualquer quest\u00e3o que lhe surja, enviando-nos diretamente uma mensagem de correio eletr\u00f3nico para<span style=\"color: #ff0000;\">\u00a0<strong>info@zojoprint.com<\/strong><\/span>\u00a0ou telefonando-nos para +<span style=\"color: #ff0000;\"><strong>86 15017910372<\/strong><\/span>. Receber\u00e1 a sua encomenda no prazo previsto de 8 a 10 dias \u00fateis. Qualquer atraso ou dano \u00e9 da nossa responsabilidade, para o qual dispomos de pol\u00edticas relevantes, pelo que n\u00e3o o desiludiremos durante todo o processo de fabrico. A nossa equipa de apoio ao cliente est\u00e1 dispon\u00edvel 24 horas por dia, 7 dias por semana, para responder a quest\u00f5es relacionadas com a embalagem. Ver mais.<\/div>\n<div class=\"widget block block-static-block\">\n<div class=\"landing-page-section option-bottom\">\n<div class=\"custom-materials-tabs-content container container-adjustment\">\n<div class=\"custom-materials-tab-content active\">\n<div class=\"widget block block-static-block\">\n<p><!---end of option item--><\/p>\n<\/div>\n<\/div>\n<\/div>\n<\/div>\n<\/div>","protected":false},"excerpt":{"rendered":"<p>A caixa principal foi concebida para se adaptar perfeitamente \u00e0s suas caixas de cartuchos Vape. Al\u00e9m disso, a parte superior da caixa principal pode ser dobrada para efeitos de exposi\u00e7\u00e3o ou de viagem.<\/p>\n<p>Personaliza\u00e7\u00e3o: Pode personalizar o tamanho\/impress\u00e3o\/material\/acabamento\/forma, etc.<br \/>\nTipo de material: Amigo do ambiente, tem certifica\u00e7\u00e3o FSC\/ISO\/BSCI<br \/>\nTempo de produ\u00e7\u00e3o: Amostra 1-3 dias; a granel 7-9 dias<br \/>\nTempo de envio: Expresso 3-7 dias; Ar 12-16 dias; Barco 25-30 dias\uff08Diferentes pa\u00edses t\u00eam tempos diferentes)<\/p>\n<p>Pre\u00e7o:Contacte-nos para enviar um inqu\u00e9rito!<\/p>","protected":false},"featured_media":6417,"template":"","meta":[],"product_brand":[],"product_cat":[30,418,430,31],"product_tag":[909,908,907],"class_list":{"0":"post-2724","1":"product","2":"type-product","3":"status-publish","4":"has-post-thumbnail","6":"product_cat-by-industry","7":"product_cat-custom-cbd-boxes","8":"product_cat-folding-cartons","9":"product_cat-paper-box-style","10":"product_tag-vape-master-box","11":"product_tag-vape-pen-cardboard-box","12":"product_tag-wholesale-custom-box","14":"first","15":"instock","16":"shipping-taxable","17":"product-type-grouped"},"_links":{"self":[{"href":"https:\/\/zojopackaging.com\/pt\/wp-json\/wp\/v2\/product\/2724","targetHints":{"allow":["GET"]}}],"collection":[{"href":"https:\/\/zojopackaging.com\/pt\/wp-json\/wp\/v2\/product"}],"about":[{"href":"https:\/\/zojopackaging.com\/pt\/wp-json\/wp\/v2\/types\/product"}],"version-history":[{"count":2,"href":"https:\/\/zojopackaging.com\/pt\/wp-json\/wp\/v2\/product\/2724\/revisions"}],"predecessor-version":[{"id":8633,"href":"https:\/\/zojopackaging.com\/pt\/wp-json\/wp\/v2\/product\/2724\/revisions\/8633"}],"wp:featuredmedia":[{"embeddable":true,"href":"https:\/\/zojopackaging.com\/pt\/wp-json\/wp\/v2\/media\/6417"}],"wp:attachment":[{"href":"https:\/\/zojopackaging.com\/pt\/wp-json\/wp\/v2\/media?parent=2724"}],"wp:term":[{"taxonomy":"product_brand","embeddable":true,"href":"https:\/\/zojopackaging.com\/pt\/wp-json\/wp\/v2\/product_brand?post=2724"},{"taxonomy":"product_cat","embeddable":true,"href":"https:\/\/zojopackaging.com\/pt\/wp-json\/wp\/v2\/product_cat?post=2724"},{"taxonomy":"product_tag","embeddable":true,"href":"https:\/\/zojopackaging.com\/pt\/wp-json\/wp\/v2\/product_tag?post=2724"}],"curies":[{"name":"wp","href":"https:\/\/api.w.org\/{rel}","templated":true}]}}