{"id":2794,"date":"2024-03-13T13:45:24","date_gmt":"2024-03-13T05:45:24","guid":{"rendered":"https:\/\/zojopackaging.com\/?post_type=product&#038;p=2794"},"modified":"2025-03-28T10:49:06","modified_gmt":"2025-03-28T02:49:06","slug":"custom-printed-e-cigarette-packaging-boxes","status":"publish","type":"product","link":"https:\/\/zojopackaging.com\/pt\/product\/custom-printed-e-cigarette-packaging-boxes\/","title":{"rendered":"Caixa de embalagem de concentrado de cannabis de marca personalizada por atacado"},"content":{"rendered":"<h1 class=\"LC20lb MBeuO DKV0Md\">Caixa de embalagem de concentrado de cannabis de marca personalizada por atacado<\/h1>\n<p>A caixa de embalagem de concentrado de cannabis de marca personalizada por atacado a pre\u00e7os acess\u00edveis. Obtenha as suas caixas de cigarros electr\u00f3nicos impressas com envio gratuito para todo o pa\u00eds<\/p>\n<p><strong>Feito \u00e0 medida para a perfei\u00e7\u00e3o<\/strong><br \/>\nAs nossas embalagens s\u00e3o totalmente personaliz\u00e1veis para satisfazer os requisitos exclusivos da sua marca. Tem a liberdade de escolher entre uma vasta gama de cores, padr\u00f5es e acabamentos para criar uma embalagem que reflicta verdadeiramente a identidade da sua marca e chame a aten\u00e7\u00e3o dos consumidores.<br \/>\n<strong>Prote\u00e7\u00e3o superior<\/strong><br \/>\nConstru\u00edda com materiais de alta qualidade, a embalagem do tubo vape garante a seguran\u00e7a dos seus cigarros electr\u00f3nicos. Protege contra danos, humidade e elementos externos, mantendo os seus produtos em perfeitas condi\u00e7\u00f5es at\u00e9 chegarem \u00e0s m\u00e3os dos seus clientes.<br \/>\n<strong>Compacto e port\u00e1til<\/strong><br \/>\nO design elegante e tubular da embalagem torna-a muito c\u00f3moda e port\u00e1til. Cabe facilmente nos bolsos, malas ou bolsas, permitindo que os vapers transportem os seus cigarros electr\u00f3nicos favoritos para onde quer que v\u00e3o.<br \/>\n<strong>Experi\u00eancia do utilizador melhorada<\/strong><br \/>\nO mecanismo de abertura e fecho f\u00e1cil do tubo proporciona um acesso sem problemas ao seu dispositivo vape. N\u00e3o se trata apenas de embalagem; trata-se de acrescentar valor \u00e0 experi\u00eancia geral do utilizador.<br \/>\n<strong>Op\u00e7\u00f5es vers\u00e1teis<\/strong><br \/>\nQuer tenha um \u00fanico cigarro eletr\u00f3nico ou um kit completo para embalar, as nossas embalagens de tubos de vapor personalizadas oferecem solu\u00e7\u00f5es vers\u00e1teis para acomodar a sua gama diversificada de produtos.<\/p>\n<h1><strong>Especifica\u00e7\u00e3o<\/strong><\/h1>\n<div class=\"widget block block-static-block\">\n<div class=\"landing-page-section option-bottom\">\n<div class=\"custom-materials-tabs-content container container-adjustment\">\n<div class=\"custom-materials-tab-content active\">\n<div class=\"widget block block-static-block\">\n<div class=\"options-items\">\n<div class=\"flex-grid-row-option\">\n<div class=\"flex-grid-item-option\">\n<div class=\"material-box\">\n<div class=\"material-des\">\n<table class=\"table table-striped\" width=\"1140\">\n<tbody>\n<tr class=\"firstRow\">\n<td>Dimens\u00f5es<\/td>\n<td>Todos os tamanhos e formas personalizados<\/td>\n<\/tr>\n<tr>\n<td>Impress\u00e3o<\/td>\n<td>CMYK, PMS, Sem impress\u00e3o<\/td>\n<\/tr>\n<tr>\n<td>Estoque de papel<\/td>\n<td>10pt a 28pt (60lb a 400lb) Kraft ecol\u00f3gico, canelado E-flute, cart\u00e3o Bux, cartolina<\/td>\n<\/tr>\n<tr>\n<td>Quantidades<\/td>\n<td>500 - 500,000<\/td>\n<\/tr>\n<tr>\n<td>Revestimento<\/td>\n<td>Brilhante, Mate, Spot UV<\/td>\n<\/tr>\n<tr>\n<td>Processo por defeito<\/td>\n<td>Corte e vinco, colagem, perfura\u00e7\u00e3o<\/td>\n<\/tr>\n<tr>\n<td>Op\u00e7\u00f5es<\/td>\n<td>Recorte de janela personalizada, folha de ouro\/prata, grava\u00e7\u00e3o em relevo, tinta em relevo, folha de PVC.<\/td>\n<\/tr>\n<tr>\n<td>Prova<\/td>\n<td>Vista plana, maqueta 3D, amostragem f\u00edsica (a pedido)<\/td>\n<\/tr>\n<tr>\n<td>Tempo de retorno<\/td>\n<td>7-14 dias \u00fateis , Urg\u00eancia<\/td>\n<\/tr>\n<tr>\n<td>MOQ<\/td>\n<td>500<\/td>\n<\/tr>\n<\/tbody>\n<\/table>\n<\/div>\n<p>&nbsp;<\/p>\n<\/div>\n<\/div>\n<\/div>\n<\/div>\n<\/div>\n<\/div>\n<\/div>\n<\/div>\n<\/div>","protected":false},"excerpt":{"rendered":"<p>1. Caixa com fecho magn\u00e9tico, design com \u00edman incorporado para evitar o desgaste externo, visualmente mais simples, pode real\u00e7ar as carater\u00edsticas do produto em maior medida<br \/>\n2. V\u00e1rios tamanhos podem ser personalizados de acordo com o seu produto, adequado para a embalagem de v\u00e1rios concentrados de can\u00e1bis<br \/>\n3. tecnologia de estampagem a quente da folha de ouro, dando \u00e0 embalagem uma sensa\u00e7\u00e3o de luxo e uma apresenta\u00e7\u00e3o visual de alta qualidade<\/p>","protected":false},"featured_media":6397,"template":"","meta":[],"product_brand":[],"product_cat":[30,420,424,31],"product_tag":[750,751,752],"class_list":{"0":"post-2794","1":"product","2":"type-product","3":"status-publish","4":"has-post-thumbnail","6":"product_cat-by-industry","7":"product_cat-custom-cannabis-boxes","8":"product_cat-magnetic-closure-boxes","9":"product_cat-paper-box-style","10":"product_tag-concentrate-packaging","11":"product_tag-concentrate-packaging-box","12":"product_tag-concentrate-packaging-box-wholesale","14":"first","15":"instock","16":"shipping-taxable","17":"product-type-grouped"},"_links":{"self":[{"href":"https:\/\/zojopackaging.com\/pt\/wp-json\/wp\/v2\/product\/2794","targetHints":{"allow":["GET"]}}],"collection":[{"href":"https:\/\/zojopackaging.com\/pt\/wp-json\/wp\/v2\/product"}],"about":[{"href":"https:\/\/zojopackaging.com\/pt\/wp-json\/wp\/v2\/types\/product"}],"version-history":[{"count":2,"href":"https:\/\/zojopackaging.com\/pt\/wp-json\/wp\/v2\/product\/2794\/revisions"}],"predecessor-version":[{"id":8438,"href":"https:\/\/zojopackaging.com\/pt\/wp-json\/wp\/v2\/product\/2794\/revisions\/8438"}],"wp:featuredmedia":[{"embeddable":true,"href":"https:\/\/zojopackaging.com\/pt\/wp-json\/wp\/v2\/media\/6397"}],"wp:attachment":[{"href":"https:\/\/zojopackaging.com\/pt\/wp-json\/wp\/v2\/media?parent=2794"}],"wp:term":[{"taxonomy":"product_brand","embeddable":true,"href":"https:\/\/zojopackaging.com\/pt\/wp-json\/wp\/v2\/product_brand?post=2794"},{"taxonomy":"product_cat","embeddable":true,"href":"https:\/\/zojopackaging.com\/pt\/wp-json\/wp\/v2\/product_cat?post=2794"},{"taxonomy":"product_tag","embeddable":true,"href":"https:\/\/zojopackaging.com\/pt\/wp-json\/wp\/v2\/product_tag?post=2794"}],"curies":[{"name":"wp","href":"https:\/\/api.w.org\/{rel}","templated":true}]}}