{"id":2804,"date":"2024-03-13T13:50:29","date_gmt":"2024-03-13T05:50:29","guid":{"rendered":"https:\/\/zojopackaging.com\/?post_type=product&#038;p=2804"},"modified":"2025-03-24T19:11:58","modified_gmt":"2025-03-24T11:11:58","slug":"custom-vape-cartridge-packaging","status":"publish","type":"product","link":"https:\/\/zojopackaging.com\/pt\/product\/custom-vape-cartridge-packaging\/","title":{"rendered":"Embalagem de cartucho de vaporizador Vape personalizado Premium por atacado"},"content":{"rendered":"<h1>Embalagem personalizada de cartuchos Vape<\/h1>\n<p>Com a crescente necessidade da popula\u00e7\u00e3o mundial, muitas empresas est\u00e3o a ser criadas para satisfazer a procura, entre as quais o fabrico de vape \u00e9 um grande nome. Com tantas empresas a fabricar o mesmo produto, est\u00e1 a tornar-se dif\u00edcil chamar a aten\u00e7\u00e3o e competir com os concorrentes. Fique descansado, pois connosco n\u00e3o tem de se preocupar mais com esse problema. Somos uma empresa composta por funcion\u00e1rios qualificados e somos especializados no fabrico de embalagens por medida. Tudo o que tem de fazer \u00e9 apresentar-nos a sua ideia e n\u00f3s tratamos do resto.<\/p>\n<h1>O que oferecemos em embalagens personalizadas de cartuchos Vape:<\/h1>\n<p>H\u00e1 anos que prestamos os nossos servi\u00e7os aos nossos estimados clientes e j\u00e1 trabalh\u00e1mos em muitas embalagens personalizadas, como embalagens de cart\u00e3o para cartuchos de vapor, cartuchos de vapor impressos personalizados, embalagens de \u00f3leo de vapor e embalagens de vapor. Isto n\u00e3o fica por aqui, continuamos a prestar servi\u00e7os a muitos dos nossos clientes. Tamb\u00e9m estamos a oferecer suporte de design gratuito a todos os nossos clientes. Temos muita experi\u00eancia na nossa \u00e1rea, basta apresentar-nos a sua ideia e trataremos tamb\u00e9m das quest\u00f5es de dimens\u00f5es e tamanhos para si.<\/p>\n<h1>Caixa de embalagem de cigarros electr\u00f3nicos personalizada<\/h1>\n<p>No mundo dos cigarros electr\u00f3nicos, h\u00e1 muitas marcas no mercado para competir. \u00c9 por isso que um aspeto elegante se tornou obrigat\u00f3rio para sobreviver \u00e0 concorr\u00eancia. As solu\u00e7\u00f5es personalizadas de embalagem de cigarros electr\u00f3nicos desempenham um papel importante neste contexto. Estas caixas aumentam a visibilidade dos produtos, destacando a sua marca no mercado. As caixas de cart\u00e3o personalizadas para cigarros electr\u00f3nicos s\u00e3o a melhor forma de preservar a sua qualidade. S\u00e3o concebidas para satisfazer as expectativas dos clientes e as tend\u00eancias actuais do mercado. A Custom Boxes \u00e9 um dos maiores fabricantes grossistas que lhe fornece caixas topo de gama a pre\u00e7os econ\u00f3micos.<\/p>\n<h1>Material dur\u00e1vel para prote\u00e7\u00e3o do 100%<\/h1>\n<p>Fabricamos caixas de armazenamento para cigarros electr\u00f3nicos a partir do stock de caixas de cart\u00e3o ou caixas Kraft da melhor qualidade. O material \u00e9 suficientemente dur\u00e1vel e resistente para proporcionar a m\u00e1xima prote\u00e7\u00e3o ao produto. Mant\u00e9m-nos seguros durante a transi\u00e7\u00e3o, armazenamento e exposi\u00e7\u00e3o. Pode personalizar a espessura da caixa de acordo com a delicadeza dos seus valiosos produtos. Um aspeto t\u00e3o exuberante das caixas de cigarros electr\u00f3nicos personalizadas por atacado faz com que os seus produtos se destaquem nas prateleiras de retalho.<\/p>\n<h1>O material que utilizamos nas embalagens<\/h1>\n<p>A escolha do material que utilizamos para as nossas embalagens personalizadas \u00e9 da sua inteira responsabilidade, quer pretenda utilizar material de papel pesado ou material de cart\u00e3o simples. O nosso objetivo \u00e9 apresentar-lhe o produto final com a melhor qualidade.<\/p>\n<h1><strong>Especifica\u00e7\u00e3o<\/strong><\/h1>\n<table style=\"height: 456px;\" width=\"1153\">\n<tbody>\n<tr>\n<td width=\"373\">Dimens\u00f5es<\/td>\n<td width=\"373\">Todos os tamanhos e formas personalizados<\/td>\n<\/tr>\n<tr>\n<td width=\"373\">Impress\u00e3o<\/td>\n<td width=\"373\">CMYK, PMS, Sem impress\u00e3o<\/td>\n<\/tr>\n<tr>\n<td width=\"373\">Estoque de papel<\/td>\n<td width=\"373\">10pt a 28pt (60lb a 400lb) Kraft ecol\u00f3gico, canelado E-flute, cart\u00e3o Bux, cartolina<\/td>\n<\/tr>\n<tr>\n<td width=\"373\">Quantidades<\/td>\n<td width=\"373\">500- 500,000<\/td>\n<\/tr>\n<tr>\n<td width=\"373\">Revestimento<\/td>\n<td width=\"373\">Brilhante, Mate, Spot UV<\/td>\n<\/tr>\n<tr>\n<td width=\"373\">Processo por defeito<\/td>\n<td width=\"373\">Corte e vinco, colagem, perfura\u00e7\u00e3o<\/td>\n<\/tr>\n<tr>\n<td width=\"373\">Op\u00e7\u00f5es<\/td>\n<td width=\"373\">Recorte de janela personalizada, folha de ouro\/prata, grava\u00e7\u00e3o em relevo, tinta em relevo, folha de PVC.<\/td>\n<\/tr>\n<tr>\n<td width=\"373\">Prova<\/td>\n<td width=\"373\">Vista plana, maqueta 3D, amostragem f\u00edsica (a pedido)<\/td>\n<\/tr>\n<tr>\n<td width=\"373\">Tempo de retorno<\/td>\n<td width=\"373\">7-14 dias \u00fateis , Urg\u00eancia<\/td>\n<\/tr>\n<tr>\n<td width=\"373\">MOQ<\/td>\n<td width=\"373\">500<\/td>\n<\/tr>\n<tr>\n<td width=\"373\">Tempo de amostragem<\/td>\n<td width=\"373\">\u00a05 dias<\/td>\n<\/tr>\n<tr>\n<td width=\"373\">Prazo de pagamento<\/td>\n<td width=\"373\">T\/T, Western Union, Paypal, dep\u00f3sito 30% e saldo 70% antes do envio.<\/td>\n<\/tr>\n<\/tbody>\n<\/table>\n<div class=\"widget block block-static-block\">\n<div class=\"landing-page-section option-bottom\">\n<div class=\"custom-materials-tabs-content container container-adjustment\">\n<div class=\"custom-materials-tab-content active\">\n<div class=\"widget block block-static-block\">\n<p><!---end of option item--><\/p>\n<\/div>\n<\/div>\n<\/div>\n<\/div>\n<\/div>","protected":false},"excerpt":{"rendered":"<ul>\n<li>MOQ: 500 pe\u00e7as<\/li>\n<li>Tempo de entrega: 7-14 dias \u00fateis, Rush<\/li>\n<li>Dimens\u00e3o (di\u00e2metro x altura) \u00e0 medida<\/li>\n<li>Impress\u00e3o personalizada<\/li>\n<li>Amigo do ambiente, recicl\u00e1vel e sem pl\u00e1stico<\/li>\n<li>Pre\u00e7o\uff1aO pre\u00e7o final ser\u00e1 adaptado ao seu produto e \u00e0 quantidade que necessita<\/li>\n<\/ul>","protected":false},"featured_media":2814,"template":"","meta":[],"product_brand":[],"product_cat":[30,431,420,31],"product_tag":[594,593,595],"class_list":{"0":"post-2804","1":"product","2":"type-product","3":"status-publish","4":"has-post-thumbnail","6":"product_cat-by-industry","7":"product_cat-child-resistant-packaging","8":"product_cat-custom-cannabis-boxes","9":"product_cat-paper-box-style","10":"product_tag-custom-vape-packaging","11":"product_tag-vape-cartridge-packaging","12":"product_tag-vape-packaging-wholesale","14":"first","15":"instock","16":"shipping-taxable","17":"product-type-grouped"},"_links":{"self":[{"href":"https:\/\/zojopackaging.com\/pt\/wp-json\/wp\/v2\/product\/2804","targetHints":{"allow":["GET"]}}],"collection":[{"href":"https:\/\/zojopackaging.com\/pt\/wp-json\/wp\/v2\/product"}],"about":[{"href":"https:\/\/zojopackaging.com\/pt\/wp-json\/wp\/v2\/types\/product"}],"version-history":[{"count":2,"href":"https:\/\/zojopackaging.com\/pt\/wp-json\/wp\/v2\/product\/2804\/revisions"}],"predecessor-version":[{"id":8119,"href":"https:\/\/zojopackaging.com\/pt\/wp-json\/wp\/v2\/product\/2804\/revisions\/8119"}],"wp:featuredmedia":[{"embeddable":true,"href":"https:\/\/zojopackaging.com\/pt\/wp-json\/wp\/v2\/media\/2814"}],"wp:attachment":[{"href":"https:\/\/zojopackaging.com\/pt\/wp-json\/wp\/v2\/media?parent=2804"}],"wp:term":[{"taxonomy":"product_brand","embeddable":true,"href":"https:\/\/zojopackaging.com\/pt\/wp-json\/wp\/v2\/product_brand?post=2804"},{"taxonomy":"product_cat","embeddable":true,"href":"https:\/\/zojopackaging.com\/pt\/wp-json\/wp\/v2\/product_cat?post=2804"},{"taxonomy":"product_tag","embeddable":true,"href":"https:\/\/zojopackaging.com\/pt\/wp-json\/wp\/v2\/product_tag?post=2804"}],"curies":[{"name":"wp","href":"https:\/\/api.w.org\/{rel}","templated":true}]}}