{"id":2998,"date":"2024-03-14T11:21:56","date_gmt":"2024-03-14T03:21:56","guid":{"rendered":"https:\/\/zojopackaging.com\/?post_type=product&#038;p=2998"},"modified":"2025-03-29T18:02:58","modified_gmt":"2025-03-29T10:02:58","slug":"folding-card-paper-perfume-boxes","status":"publish","type":"product","link":"https:\/\/zojopackaging.com\/pt\/product\/folding-card-paper-perfume-boxes\/","title":{"rendered":"Caixas de cart\u00e3o dobr\u00e1veis personalizadas Caixas de perfume por atacado"},"content":{"rendered":"<h1>Caixas de cart\u00e3o dobr\u00e1veis personalizadas Caixas de perfume por atacado<\/h1>\n<ul>\n<li>A Zojoprint Packagings \u00e9 capaz de construir QUALQUER coisa para a sua embalagem! Amostra gr\u00e1tis em branco!<\/li>\n<li>100% material de papel reciclado para caixa de presente de papel de luxo<\/li>\n<li>A Zojoprint Packaging tem uma f\u00e1brica de 7000 metros quadrados. Capacidade de produ\u00e7\u00e3o: 25000 unidades por semana.<\/li>\n<li>Entrega r\u00e1pida.<\/li>\n<li>Design gratuito, amostra gratuita.<\/li>\n<li>Grande e forte capacidade de conce\u00e7\u00e3o de embalagens para poupar custos para si.<\/li>\n<\/ul>\n<h1><strong>Descri\u00e7\u00e3o dos produtos:<\/strong><\/h1>\n<table border=\"1\" cellspacing=\"1\" cellpadding=\"1\">\n<tbody>\n<tr>\n<td>Op\u00e7\u00f5es de materiais<\/td>\n<td>Cart\u00e3o cinzento de 1,5-3mm, papel art\u00edstico de 128gsm-157gsm, papel cart\u00e3o branco de 210gsm-400gsm ou personalizado conforme o seu pedido<\/td>\n<\/tr>\n<tr>\n<td>Amostra<\/td>\n<td>Sim<\/td>\n<\/tr>\n<tr>\n<td>Op\u00e7\u00f5es de acess\u00f3rios<\/td>\n<td>Janela PVC\/PET, fita, \u00edman Ou conforme a sua encomenda<\/td>\n<\/tr>\n<tr>\n<td>Cor<\/td>\n<td>Dourado\/Vermelho\/Preto\/Rosa....\/Personalizado<\/td>\n<\/tr>\n<tr>\n<td>OEM E ODM<\/td>\n<td>Dispon\u00edvel<\/td>\n<\/tr>\n<tr>\n<td>Logotipo e acabamento de superf\u00edcies<\/td>\n<td>Impress\u00e3o serigr\u00e1fica, estampagem a quente, pintura a cores, pintura com pincel, lamina\u00e7\u00e3o mate\/brilhante, etc.<\/td>\n<\/tr>\n<tr>\n<td>Utiliza\u00e7\u00e3o<\/td>\n<td>Perfumes, cuidados da pele, cuidados de sa\u00fade pessoais, embalagens para presentes, etc.<\/td>\n<\/tr>\n<tr>\n<td>Impress\u00e3o<\/td>\n<td>Impress\u00e3o offset a cores CMYK, qualquer cor PMS<\/td>\n<\/tr>\n<tr>\n<td>Pre\u00e7o aproximado<\/td>\n<td>Negocia\u00e7\u00e3o<\/td>\n<\/tr>\n<tr>\n<td><strong>MOQ<\/strong><\/td>\n<td>1000 unidades<\/td>\n<\/tr>\n<tr>\n<td>Prazo de pagamento<\/td>\n<td>30%deposit by T\/T Before Production,70% Balance Before Shipment<\/td>\n<\/tr>\n<tr>\n<td>Expedi\u00e7\u00e3o<\/td>\n<td>por via mar\u00edtima ou a\u00e9rea expresso como DHL, UPS, Aramex, TNT, FedEx...<\/td>\n<\/tr>\n<tr>\n<td>Tempo de amostragem<\/td>\n<td>7 dias \u00fateis se quiser personalizar o seu log\u00f3tipo, 3 dias \u00fateis para as nossas amostras existentes para refer\u00eancia<\/td>\n<\/tr>\n<tr>\n<td>Tempo de produ\u00e7\u00e3o<\/td>\n<td>20 dias \u00fateis<\/td>\n<\/tr>\n<tr>\n<td>\u00a0Embalagem<\/td>\n<td>Caixa de cart\u00e3o normal para exporta\u00e7\u00e3o ou conforme aconselhado pelo cliente<\/td>\n<\/tr>\n<\/tbody>\n<\/table>\n<h2>Caixas de embalagem de perfume personalizadas Etapas<\/h2>\n<p>Na Zojoprint, somos especializados em caixas de embalagem de perfumes personalizadas. Ajudamos na conce\u00e7\u00e3o, sele\u00e7\u00e3o de estilos de caixas, escolha de materiais, elabora\u00e7\u00e3o e cria\u00e7\u00e3o de amostras. Al\u00e9m disso, ajudamos a gerir o processo de fabrico at\u00e9 \u00e0 expedi\u00e7\u00e3o.<\/p>\n<h3><\/h3>\n<h3>Passo 1: Escolha os estilos de caixa adequados \u00e0s suas necessidades<\/h3>\n<p>Selecionar os estilos de caixa certos \u00e9 crucial para garantir que a sua embalagem satisfaz as suas necessidades espec\u00edficas e apresenta os seus produtos de forma eficaz. Na Zojoprint, oferecemos uma gama diversificada de estilos de caixas, desde designs elegantes e modernos a op\u00e7\u00f5es cl\u00e1ssicas e elegantes. Quer prefira um visual simples e minimalista ou um estilo mais intrincado e decorativo, temos o estilo de caixa perfeito para complementar a sua marca e melhorar a apresenta\u00e7\u00e3o do seu produto. A nossa equipa dedica-se a ajud\u00e1-lo a encontrar o estilo de caixa ideal que n\u00e3o s\u00f3 reflicta a identidade da sua marca, como tamb\u00e9m proporcione uma funcionalidade pr\u00e1tica para os seus requisitos de embalagem.<\/p>\n<p><img fetchpriority=\"high\" decoding=\"async\" class=\"alignnone wp-image-3830 lazyloaded\" src=\"https:\/\/packsolo.com\/wp-content\/uploads\/2024\/04\/boxes-styles.jpg\" alt=\"estilos de caixas personalizadas\" width=\"1000\" height=\"1527\" data-src=\"https:\/\/packsolo.com\/wp-content\/uploads\/2024\/04\/boxes-styles.jpg\" data- title=\"\"><\/p>\n<h3><\/h3>\n<h3>Passo 2: Escolha o seu artesanato preferido para personalizar a sua embalagem<\/h3>\n<p>Selecionar o seu artesanato preferido \u00e9 um passo importante na personaliza\u00e7\u00e3o da sua embalagem para se alinhar com a identidade da sua marca e apelar ao seu p\u00fablico-alvo. Na Zojoprint, oferecemos uma variedade de op\u00e7\u00f5es de artesanato para adicionar elementos \u00fanicos e apelativos \u00e0 sua embalagem. Quer esteja interessado em estampagem, foiling, spot UV ou outras t\u00e9cnicas especializadas, temos a experi\u00eancia e as capacidades para dar vida \u00e0 sua vis\u00e3o. A nossa equipa trabalhar\u00e1 em estreita colabora\u00e7\u00e3o consigo para compreender os seus requisitos e recomendar as melhores op\u00e7\u00f5es de produ\u00e7\u00e3o para obter o aspeto e a sensa\u00e7\u00e3o desejados para a sua embalagem. Desde dar um toque de luxo com a estampagem em folha de alum\u00ednio at\u00e9 criar textura e profundidade com o relevo, os nossos trabalhos manuais melhoram a est\u00e9tica geral e o atrativo das suas embalagens personalizadas.<\/p>\n<p><img decoding=\"async\" class=\"alignnone wp-image-3827 lazyloaded\" src=\"https:\/\/packsolo.com\/wp-content\/uploads\/2024\/04\/logo-effect.jpg\" alt=\"caixas personalizadas artesanato\" width=\"1000\" height=\"529\" data-src=\"https:\/\/packsolo.com\/wp-content\/uploads\/2024\/04\/logo-effect.jpg\" data- title=\"\"><\/p>\n<h3><\/h3>\n<h3>Passo 3: Escolha o material de papel correto para a sua embalagem personalizada<\/h3>\n<p>Escolher o material de papel correto \u00e9 essencial para criar embalagens personalizadas que n\u00e3o s\u00f3 tenham um \u00f3timo aspeto, mas tamb\u00e9m ofere\u00e7am durabilidade e funcionalidade. Na Zojoprint, fornecemos uma vasta gama de materiais de papel para atender \u00e0s suas necessidades e prefer\u00eancias espec\u00edficas. Quer esteja \u00e0 procura de op\u00e7\u00f5es amigas do ambiente, como o papel reciclado, ou \u00e0 procura de acabamentos luxuosos com pap\u00e9is especiais, temos tudo o que precisa. Os nossos especialistas podem orient\u00e1-lo na sele\u00e7\u00e3o do material de papel ideal que se alinhe com a imagem da sua marca, melhore a apresenta\u00e7\u00e3o do seu produto e cumpra os seus requisitos or\u00e7amentais. Com o nosso compromisso de qualidade e sustentabilidade, pode confiar em n\u00f3s para fornecer solu\u00e7\u00f5es de embalagem que causam uma impress\u00e3o duradoura, minimizando o impacto ambiental.<\/p>\n<p><img decoding=\"async\" class=\"alignnone wp-image-3828 lazyloaded\" src=\"https:\/\/packsolo.com\/wp-content\/uploads\/2024\/04\/paper-material.jpg\" alt=\"material para caixas personalizadas\" width=\"1000\" height=\"654\" data-src=\"https:\/\/packsolo.com\/wp-content\/uploads\/2024\/04\/paper-material.jpg\" data- title=\"\"><\/p>\n<h3><\/h3>\n<h3>Passo 4: Conce\u00e7\u00e3o e produ\u00e7\u00e3o da sua embalagem personalizada<\/h3>\n<p>Na fase de design e produ\u00e7\u00e3o da sua embalagem personalizada com a Zojoprint, a nossa equipa colabora estreitamente consigo para dar vida \u00e0 sua vis\u00e3o. Come\u00e7amos por traduzir as suas ideias e requisitos em designs inovadores que captam a ess\u00eancia da sua marca e do seu produto. Os nossos designers utilizam os seus conhecimentos para criar solu\u00e7\u00f5es de embalagem visualmente apelativas e funcionais, adaptadas \u00e0s suas especifica\u00e7\u00f5es.<\/p>\n<p>Assim que o design \u00e9 finalizado, a nossa equipa de produ\u00e7\u00e3o entra em a\u00e7\u00e3o, utilizando tecnologia de ponta e materiais de alta qualidade para fabricar as suas embalagens personalizadas com precis\u00e3o e aten\u00e7\u00e3o aos detalhes. Quer necessite de impress\u00f5es complexas, estampagem em relevo ou acabamentos especiais, garantimos que todos os aspectos da sua embalagem reflectem a qualidade e o profissionalismo da sua marca.<\/p>\n<p>Ao longo de todo o processo de conce\u00e7\u00e3o e produ\u00e7\u00e3o, o nosso objetivo \u00e9 exceder as suas expectativas e fornecer embalagens que n\u00e3o s\u00f3 apresentem os seus produtos de forma bonita, como tamb\u00e9m melhorem a imagem da sua marca e a experi\u00eancia do cliente.<\/p>\n<p><img loading=\"lazy\" decoding=\"async\" class=\"alignnone wp-image-3829 lazyloaded\" src=\"https:\/\/packsolo.com\/wp-content\/uploads\/2024\/04\/design-production.jpg\" alt=\"processo de caixas personalizadas\" width=\"1000\" height=\"659\" data-src=\"https:\/\/packsolo.com\/wp-content\/uploads\/2024\/04\/design-production.jpg\" data- title=\"\"><\/p>\n<p>&nbsp;<\/p>\n<h2>Porqu\u00ea escolher a Zojoprint<\/h2>\n<p>Escolher a Zojoprint para as suas necessidades de embalagem personalizada oferece in\u00fameras vantagens.<\/p>\n<p><img loading=\"lazy\" decoding=\"async\" class=\"alignnone wp-image-3837 lazyloaded\" src=\"https:\/\/packsolo.com\/wp-content\/uploads\/2024\/04\/packsolo-factory-1500x800-2.jpg\" alt=\"F\u00e1brica PackSolo\" width=\"1000\" height=\"533\" data-src=\"https:\/\/packsolo.com\/wp-content\/uploads\/2024\/04\/packsolo-factory-1500x800-2.jpg\" data- title=\"\"><\/p>\n<p><img loading=\"lazy\" decoding=\"async\" class=\"alignnone wp-image-3854 lazyloaded\" src=\"https:\/\/packsolo.com\/wp-content\/uploads\/2024\/04\/why-packsolo01.jpg\" alt=\"Porqu\u00ea escolher o PackSolo\" width=\"1000\" height=\"333\" data-src=\"https:\/\/packsolo.com\/wp-content\/uploads\/2024\/04\/why-packsolo01.jpg\" data- title=\"\"><\/p>\n<h3><\/h3>\n<h3>Capacidade de produ\u00e7\u00e3o da f\u00e1brica<\/h3>\n<p>A nossa f\u00e1brica possui capacidades de produ\u00e7\u00e3o excepcionais, equipada com tecnologia de ponta e pessoal qualificado para fabricar eficientemente solu\u00e7\u00f5es de embalagem personalizadas de alta qualidade que cumprem as suas especifica\u00e7\u00f5es e excedem os padr\u00f5es da ind\u00fastria.<\/p>\n<p><img loading=\"lazy\" decoding=\"async\" class=\"alignnone wp-image-3844 lazyloaded\" src=\"https:\/\/packsolo.com\/wp-content\/uploads\/2024\/04\/factory-product-ability.jpg\" alt=\"capacidade de produ\u00e7\u00e3o da f\u00e1brica\" width=\"1000\" height=\"763\" data-src=\"https:\/\/packsolo.com\/wp-content\/uploads\/2024\/04\/factory-product-ability.jpg\" data- title=\"\"><\/p>\n<h3>As nossas certifica\u00e7\u00f5es<\/h3>\n<p>A Zojoprint orgulha-se das suas certifica\u00e7\u00f5es, assegurando que as nossas solu\u00e7\u00f5es de embalagem cumprem os mais elevados padr\u00f5es de qualidade, sustentabilidade e seguran\u00e7a. Somos certificados pela ISO 9001 para a gest\u00e3o da qualidade, FSC para o fornecimento sustent\u00e1vel, etc. Estas certifica\u00e7\u00f5es reflectem o nosso compromisso com a excel\u00eancia e garantem aos nossos clientes que est\u00e3o a receber solu\u00e7\u00f5es de embalagem de alta qualidade que s\u00e3o ambientalmente respons\u00e1veis e aderem \u00e0s melhores pr\u00e1ticas da ind\u00fastria.<\/p>\n<p><img loading=\"lazy\" decoding=\"async\" class=\"alignnone wp-image-7289\" src=\"https:\/\/zojopackaging.com\/wp-content\/uploads\/2024\/07\/Zojoprint-Packaging-Box.jpg\" alt=\"Caixa de embalagem Zojoprint\" width=\"1057\" height=\"408\" title=\"\" srcset=\"https:\/\/zojopackaging.com\/wp-content\/uploads\/2024\/07\/Zojoprint-Packaging-Box.jpg 1500w, https:\/\/zojopackaging.com\/wp-content\/uploads\/2024\/07\/Zojoprint-Packaging-Box-300x116.jpg 300w, https:\/\/zojopackaging.com\/wp-content\/uploads\/2024\/07\/Zojoprint-Packaging-Box-1030x398.jpg 1030w, https:\/\/zojopackaging.com\/wp-content\/uploads\/2024\/07\/Zojoprint-Packaging-Box-768x296.jpg 768w, https:\/\/zojopackaging.com\/wp-content\/uploads\/2024\/07\/Zojoprint-Packaging-Box-600x232.jpg 600w\" sizes=\"(max-width: 1057px) 100vw, 1057px\" \/><\/p>\n<p>&nbsp;<\/p>\n<h3>O nosso parceiro<\/h3>\n<p>A Zojoprint orgulha-se de ser parceira de marcas l\u00edderes como a Lidl, Walmart e Disneyland. Estas parcerias demonstram a nossa capacidade de fornecer solu\u00e7\u00f5es de embalagem de alto n\u00edvel, que merecem a confian\u00e7a de empresas de renome nas ind\u00fastrias de retalho e entretenimento. A nossa colabora\u00e7\u00e3o com estes estimados parceiros reflecte o nosso compromisso em fornecer embalagens de alta qualidade, inovadoras e personalizadas que satisfazem as diversas necessidades das empresas em v\u00e1rios sectores.<\/p>\n<p><img loading=\"lazy\" decoding=\"async\" class=\"alignnone wp-image-3846 lazyloaded\" src=\"https:\/\/packsolo.com\/wp-content\/uploads\/2024\/04\/cooperate-brand.jpg\" alt=\"Parceiro\" width=\"1000\" height=\"333\" data-src=\"https:\/\/packsolo.com\/wp-content\/uploads\/2024\/04\/cooperate-brand.jpg\" data- title=\"\"><\/p>\n<h3><\/h3>\n<h3>Enviar para todo o mundo<\/h3>\n<p>A Zojoprint envia para todo o mundo, garantindo uma entrega r\u00e1pida e fi\u00e1vel das suas encomendas de embalagens personalizadas para qualquer destino.<\/p>\n<p><img loading=\"lazy\" decoding=\"async\" class=\"alignnone wp-image-3838 lazyloaded\" src=\"https:\/\/packsolo.com\/wp-content\/uploads\/2024\/04\/ship-to-world.jpg\" alt=\"Enviar para o mundo\" width=\"1000\" height=\"740\" data-src=\"https:\/\/packsolo.com\/wp-content\/uploads\/2024\/04\/ship-to-world.jpg\" data- title=\"\"><\/p>\n<h3>Processo de encomenda<\/h3>\n<p>Consulte-nos para obter os detalhes da embalagem, receba um or\u00e7amento no prazo de 24 horas, confirme com um dep\u00f3sito, aprove a amostra e proceda \u00e0 produ\u00e7\u00e3o e entrega.<\/p>\n<p><img loading=\"lazy\" decoding=\"async\" class=\"alignnone wp-image-3847 lazyloaded\" src=\"https:\/\/packsolo.com\/wp-content\/uploads\/2024\/04\/order-process.jpg\" alt=\"processo de encomenda\" width=\"1000\" height=\"512\" data-src=\"https:\/\/packsolo.com\/wp-content\/uploads\/2024\/04\/order-process.jpg\" data- title=\"\"><\/p>\n<p><a href=\"https:\/\/packsolo.com\/contact-us\/\" target=\"_blank\" rel=\"noopener\"><img loading=\"lazy\" decoding=\"async\" class=\"aligncenter wp-image-3836 size-full ls-is-cached lazyloaded\" src=\"https:\/\/packsolo.com\/wp-content\/uploads\/2024\/04\/click.jpg\" alt=\"\" width=\"750\" height=\"100\" data-src=\"https:\/\/packsolo.com\/wp-content\/uploads\/2024\/04\/click.jpg\" data- title=\"\"><\/a><\/p>\n<p>&nbsp;<\/p>\n<p>FAQ:<\/p>\n<p>1. Q: \u00c9 uma empresa de fabrico ou com\u00e9rcio?<br \/>\nA: N\u00f3s somos uma f\u00e1brica de embalagem de impress\u00e3o de mais de 10 anos em Shenzhen, China<\/p>\n<p>2. P: Como \u00e9 que posso obter as amostras?<br \/>\nR: Se precisar de algumas amostras para testar, deve pagar o frete de transporte das amostras e o nosso custo da amostra, enquanto o custo da amostra pode ser reembolsado depois de fazer a encomenda. Al\u00e9m disso, pode ser gratuito se for f\u00e1cil de produzir.<\/p>\n<p>3. Q: Quanto tempo posso esperar para obter a amostra da caixa de embalagem de cosm\u00e9ticos?<br \/>\nR: As amostras estar\u00e3o prontas para entrega em 3-7 dias. As amostras ser\u00e3o enviadas por correio expresso e chegar\u00e3o em 3-5 dias.<\/p>\n<p>4. P: O nosso log\u00f3tipo ou nome da empresa pode ser impresso nos vossos produtos ou embalagens?<br \/>\nR: Claro. O seu log\u00f3tipo pode ser colocado nos seus produtos atrav\u00e9s de estampagem a quente, impress\u00e3o, grava\u00e7\u00e3o em relevo, revestimento UV, serigrafia ou autocolante<\/p>\n<p>5. Q: Como encomendar?<\/p>\n<p>R: Envie-nos a sua encomenda por correio eletr\u00f3nico ou pe\u00e7a-nos que lhe enviemos uma fatura performa da sua encomenda. Precisamos de saber as seguintes informa\u00e7\u00f5es para a sua encomenda.<\/p>\n<p>1) Informa\u00e7\u00f5es sobre o produto, especifica\u00e7\u00f5es (tamanho, material, requisitos tecnol\u00f3gicos e de embalagem, etc.)<br \/>\n2) Prazo de entrega necess\u00e1rio<br \/>\n3) Informa\u00e7\u00f5es de envio - Nome da empresa, endere\u00e7o, n\u00famero de telefone e fax, porto mar\u00edtimo de destino.<br \/>\n4) Dados de contacto do transit\u00e1rio, caso exista na China.<\/p>\n<div class=\"widget block block-static-block\">\n<div class=\"landing-page-section option-bottom\">\n<div class=\"custom-materials-tabs-content container container-adjustment\">\n<div class=\"custom-materials-tab-content active\">\n<div class=\"widget block block-static-block\">\n<p><!---end of option item--><\/p>\n<\/div>\n<\/div>\n<\/div>\n<\/div>\n<\/div>","protected":false},"excerpt":{"rendered":"<p>Somos especializados em caixas de embalagem de perfumes personalizadas. Ajudamos na conce\u00e7\u00e3o, sele\u00e7\u00e3o de estilos de caixas, escolha de materiais, elabora\u00e7\u00e3o e cria\u00e7\u00e3o de amostras.<\/p>\n<p>Personaliza\u00e7\u00e3o: Pode personalizar o tamanho\/impress\u00e3o\/material\/acabamento\/forma, etc.<br \/>\nTipo de material: Amigo do ambiente, tem certifica\u00e7\u00e3o FSC\/ISO\/BSCI<br \/>\nTempo de produ\u00e7\u00e3o: Amostra 1-3 dias; a granel 7-9 dias<br \/>\nTempo de envio: Expresso 3-7 dias; Ar 12-16 dias; Barco 25-30 dias\uff08Diferentes pa\u00edses t\u00eam tempos diferentes)<\/p>\n<p>Pre\u00e7o:Contacte-nos para enviar um inqu\u00e9rito!<\/p>","protected":false},"featured_media":3004,"template":"","meta":[],"product_brand":[],"product_cat":[30,417,430,31],"product_tag":[817,915,916],"class_list":{"0":"post-2998","1":"product","2":"type-product","3":"status-publish","4":"has-post-thumbnail","6":"product_cat-by-industry","7":"product_cat-custom-perfume-boxes-by-industry","8":"product_cat-folding-cartons","9":"product_cat-paper-box-style","10":"product_tag-custom-box","11":"product_tag-folding-carton-wholesale","12":"product_tag-perfume-box-whosale","14":"first","15":"instock","16":"shipping-taxable","17":"product-type-grouped"},"_links":{"self":[{"href":"https:\/\/zojopackaging.com\/pt\/wp-json\/wp\/v2\/product\/2998","targetHints":{"allow":["GET"]}}],"collection":[{"href":"https:\/\/zojopackaging.com\/pt\/wp-json\/wp\/v2\/product"}],"about":[{"href":"https:\/\/zojopackaging.com\/pt\/wp-json\/wp\/v2\/types\/product"}],"version-history":[{"count":2,"href":"https:\/\/zojopackaging.com\/pt\/wp-json\/wp\/v2\/product\/2998\/revisions"}],"predecessor-version":[{"id":8645,"href":"https:\/\/zojopackaging.com\/pt\/wp-json\/wp\/v2\/product\/2998\/revisions\/8645"}],"wp:featuredmedia":[{"embeddable":true,"href":"https:\/\/zojopackaging.com\/pt\/wp-json\/wp\/v2\/media\/3004"}],"wp:attachment":[{"href":"https:\/\/zojopackaging.com\/pt\/wp-json\/wp\/v2\/media?parent=2998"}],"wp:term":[{"taxonomy":"product_brand","embeddable":true,"href":"https:\/\/zojopackaging.com\/pt\/wp-json\/wp\/v2\/product_brand?post=2998"},{"taxonomy":"product_cat","embeddable":true,"href":"https:\/\/zojopackaging.com\/pt\/wp-json\/wp\/v2\/product_cat?post=2998"},{"taxonomy":"product_tag","embeddable":true,"href":"https:\/\/zojopackaging.com\/pt\/wp-json\/wp\/v2\/product_tag?post=2998"}],"curies":[{"name":"wp","href":"https:\/\/api.w.org\/{rel}","templated":true}]}}