{"id":3045,"date":"2024-03-14T13:37:02","date_gmt":"2024-03-14T05:37:02","guid":{"rendered":"https:\/\/zojopackaging.com\/?post_type=product&#038;p=3045"},"modified":"2025-03-29T18:57:50","modified_gmt":"2025-03-29T10:57:50","slug":"custom-eco-friendly-cosmetics-box","status":"publish","type":"product","link":"https:\/\/zojopackaging.com\/pt\/product\/custom-eco-friendly-cosmetics-box\/","title":{"rendered":"Caixa UV personalizada com log\u00f3tipo brilhante Fornecedor de caixas de cart\u00e3o dobr\u00e1veis"},"content":{"rendered":"<h1>Caixa UV personalizada com log\u00f3tipo brilhante Fornecedor de caixas de cart\u00e3o dobr\u00e1veis<\/h1>\n<p>Um dos sectores emergentes hoje em dia \u00e9 o dos cosm\u00e9ticos, gra\u00e7as \u00e0 entrada de milhares de marcas na ind\u00fastria. Uma vez que existem muitas ofertas de produtos semelhantes, a forma correta de diferenciar os seus produtos \u00e9 poss\u00edvel com embalagens de cosm\u00e9ticos personalizadas. Uma embalagem atractiva e de qualidade destaca a sua marca no mercado e confere uma identidade \u00fanica aos seus produtos. Na Instant Custom Boxes, somos um dos principais fornecedores de caixas de cosm\u00e9ticos personalizadas por atacado com designs atraentes para chamar a aten\u00e7\u00e3o de seus clientes. Procurando uma personaliza\u00e7\u00e3o emocionante para suas embalagens de cosm\u00e9ticos? Contacte-nos agora para obter embalagens apelativas em todos os tamanhos, formas e cores!<\/p>\n<h1>Uma variedade impressionante de caixas de cosm\u00e9ticos personalizadas com personaliza\u00e7\u00e3o criativa<\/h1>\n<p>Encontrar\u00e1 uma variedade impressionante de caixas para embalagens de cosm\u00e9ticos na nossa sele\u00e7\u00e3o!<\/p>\n<ul>\n<li>caixas de \u00f3leo para a barba<\/li>\n<li><strong>caixas de sombras<\/strong><\/li>\n<li>embalagens de eyeliner<\/li>\n<li><strong>caixas de batons<\/strong><\/li>\n<li>caixas de delineadores de l\u00e1bios<\/li>\n<li><strong>embalagens de verniz para unhas<\/strong><\/li>\n<li>caixas de spray para cabelo<\/li>\n<li><strong>caixas de pestanas<\/strong><\/li>\n<li>caixas de r\u00edmel<\/li>\n<li><strong>caixas de lo\u00e7\u00f5es<\/strong><\/li>\n<li>caixas de funda\u00e7\u00e3o<\/li>\n<li><strong>caixas de produtos de limpeza<\/strong><\/li>\n<\/ul>\n<p>Quando se trata de personaliza\u00e7\u00e3o, deixamo-lo criar as suas pr\u00f3prias embalagens de cosm\u00e9ticos personalizadas. Podemos criar as suas caixas imagin\u00e1rias na perfei\u00e7\u00e3o e satisfazer as suas necessidades. Fabricamos\u00a0<strong>caixas de cosm\u00e9ticos impressas por medida<\/strong>\u00a0de acordo com as especifica\u00e7\u00f5es do seu produto. Al\u00e9m disso, fornecemos-lhe as ideias de embalagem corretas. Como somos profissionais experientes, sabemos o que melhor se adequa aos seus produtos! Quer entrar em contacto connosco? Ligue-nos ou envie-nos um e-mail agora para falar com a nossa equipa de especialistas!<\/p>\n<h2>Caixas de cosm\u00e9ticos impressas e personalizadas - Torne os seus cosm\u00e9ticos mais apelativos e aumente as vendas<\/h2>\n<p>Na Instant Custom Boxes, tendemos a usar caixas de cosm\u00e9ticos personalizadas de qualidade excecional com uma exibi\u00e7\u00e3o ador\u00e1vel dos seus produtos. A ideia \u00e9 real\u00e7ar a identidade da sua marca e tornar as suas ofertas memor\u00e1veis entre os seus clientes-alvo. Utilizamos efeitos de acabamento especializados e impress\u00e3o de alta tecnologia para conceber as suas\u00a0<strong>caixas de cosm\u00e9ticos a granel<\/strong>. Utilizamos debossing, embossing, spot UV e foil stamping para aumentar a beleza e a atra\u00e7\u00e3o da embalagem. Por isso, contacte-nos agora para obter caixas de maquilhagem fascinantes, caixas de cosm\u00e9ticos, caixas de beleza e\u00a0<a href=\"https:\/\/zojopackaging.com\/pt\/categoria-produto\/custom-jewelry-boxes\/\" rel=\"noopener\"><strong>caixas de j\u00f3ias personalizadas<\/strong><\/a>!<\/p>\n<p>Um objetivo importante das nossas embalagens de cosm\u00e9ticos personalizadas \u00e9 aumentar a notoriedade da sua marca e, em \u00faltima an\u00e1lise, aumentar as vendas. As nossas caixas \u00fanicas, inovadoras e apelativas captam a aten\u00e7\u00e3o dos seus clientes-alvo e conduzem a um enorme aumento das vendas. Fornecemos design gr\u00e1fico gratuito e garantimos a impress\u00e3o de alta tecnologia nas caixas de embalagem impressas. Como resultado, ver\u00e1 um enorme aumento no reconhecimento da sua marca e nas vendas!<\/p>\n<h2>Dimens\u00f5es das caixas de cosm\u00e9ticos personalizadas<\/h2>\n<table>\n<tbody>\n<tr>\n<td><b>Tipo de caixa<\/b><\/td>\n<td><b>Comprimento (polegadas)<\/b><\/td>\n<td><b>Largura (polegadas)<\/b><\/td>\n<td><b>Altura (polegadas)<\/b><\/td>\n<\/tr>\n<tr>\n<td>Caixa de conjunto de pinc\u00e9is<\/td>\n<td>8.0<\/td>\n<td>3.0<\/td>\n<td>2.0<\/td>\n<\/tr>\n<tr>\n<td>Caixa de frascos de creme<\/td>\n<td>3.5<\/td>\n<td>3.5<\/td>\n<td>2.5<\/td>\n<\/tr>\n<tr>\n<td>Caixa compacta<\/td>\n<td>3.0<\/td>\n<td>3.0<\/td>\n<td>1.0<\/td>\n<\/tr>\n<tr>\n<td>Caixa de Eyeliner<\/td>\n<td>6.0<\/td>\n<td>1.0<\/td>\n<td>1.0<\/td>\n<\/tr>\n<tr>\n<td>Caixa da Funda\u00e7\u00e3o<\/td>\n<td>4.5<\/td>\n<td>1.5<\/td>\n<td>1.5<\/td>\n<\/tr>\n<tr>\n<td>Caixa de batom<\/td>\n<td>3.5<\/td>\n<td>0.8<\/td>\n<td>0.8<\/td>\n<\/tr>\n<tr>\n<td>Caixa de r\u00edmel<\/td>\n<td>5.5<\/td>\n<td>1.0<\/td>\n<td>1.0<\/td>\n<\/tr>\n<tr>\n<td>Caixa de paletas<\/td>\n<td>6.5<\/td>\n<td>4.0<\/td>\n<td>0.5<\/td>\n<\/tr>\n<tr>\n<td>Caixa de perfume<\/td>\n<td>5.0<\/td>\n<td>2.0<\/td>\n<td>2.0<\/td>\n<\/tr>\n<\/tbody>\n<\/table>\n<p>Esta tabela de dimens\u00f5es de diferentes produtos cosm\u00e9ticos apresenta as dimens\u00f5es padr\u00e3o das caixas para garantir as melhores solu\u00e7\u00f5es de embalagem. Al\u00e9m disso, pode contactar-nos para personalizar as formas e tamanhos das caixas de cosm\u00e9ticos.<\/p>\n<h2><b>Utiliza\u00e7\u00e3o de materiais de alta qualidade em caixas de cosm\u00e9ticos<\/b><\/h2>\n<p>Na Instant Custom Boxes, concebemos sempre estrat\u00e9gias eficazes para facilitar diferentes neg\u00f3cios. A nossa equipa de profissionais prefere materiais de primeira qualidade e duradouros, tais como cart\u00e3o, cart\u00e3o canelado e material r\u00edgido para criar\u00a0<strong>embalagens de cosm\u00e9ticos sustent\u00e1veis<\/strong>. Este material garante uma longa dura\u00e7\u00e3o dos produtos nas prateleiras das lojas e protege-os de danos. A equipa de embalagem profissional tamb\u00e9m utiliza materiais ecol\u00f3gicos e recicl\u00e1veis, como papel kraft e cart\u00e3o SBS, para fabricar estas caixas.<\/p>\n<h2>Proteja o seu produto contra danos com as nossas caixas de cosm\u00e9ticos personalizadas de alta qualidade<\/h2>\n<p>Na Instant Custom Boxes, o nosso objetivo \u00e9 proporcionar-lhe a melhor experi\u00eancia de embalagem. Esfor\u00e7amo-nos por satisfazer as suas necessidades de embalagem, e \u00e9 por isso que vale a pena mencionar a nossa facilidade de personaliza\u00e7\u00e3o. Pode determinar a sua pr\u00f3pria embalagem de cosm\u00e9ticos personalizada e deixar-nos transform\u00e1-la numa coisa real! Criamos embalagens precisas\u00a0<strong>caixas de cosm\u00e9ticos com log\u00f3tipo<\/strong>\u00a0da sua empresa e todas as informa\u00e7\u00f5es que pretende imprimir no seu\u00a0<a href=\"https:\/\/zojopackaging.com\/pt\/custom-packaging-boxes\/\"><strong>caixas impressas personalizadas<\/strong><\/a>! A seguran\u00e7a dos seus cosm\u00e9ticos \u00e9 a primeira coisa em que tem de se concentrar. Por isso, montamos as suas embalagens de cosm\u00e9ticos personalizadas com materiais de alta qualidade que garantem a m\u00e1xima seguran\u00e7a dos seus cosm\u00e9ticos.<\/p>\n<p>Outro objetivo principal das caixas personalizadas instant\u00e2neas \u00e9 manter os seus produtos protegidos contra quaisquer danos. Os produtos cosm\u00e9ticos s\u00e3o muitas vezes demasiado sens\u00edveis, e pequenos danos podem arruinar a reputa\u00e7\u00e3o da sua marca. Criamos caixas de cosm\u00e9ticos de alta qualidade e ecol\u00f3gicas para melhorar a impress\u00e3o da sua marca no mercado. As nossas caixas de cart\u00e3o e caixas kraft personalizadas proporcionam uma durabilidade imensa e protegem os seus cosm\u00e9ticos de potenciais danos. O interior e o exterior s\u00e3o feitos de materiais de qualidade superior. Porqu\u00ea caixas personalizadas instant\u00e2neas? Bem, estas s\u00e3o as raz\u00f5es, e n\u00e3o se esque\u00e7a da acessibilidade das nossas caixas!<\/p>\n<h2>Caixas de cosm\u00e9ticos personalizadas por atacado com desconto 50%<\/h2>\n<p>Procura caixas de cosm\u00e9ticos personalizadas a granel? Fa\u00e7a a sua encomenda agora e obtenha as caixas de cosm\u00e9ticos por atacado mais baratas. Somos o fornecedor mais acess\u00edvel de caixas de beleza personalizadas,\u00a0<a href=\"https:\/\/zojopackaging.com\/pt\/categoria-produto\/custom-perfume-boxes\/\" target=\"_blank\" rel=\"noopener\"><strong>caixas de perfume personalizadas<\/strong><\/a>, caixas de sa\u00fade, e\u00a0<a href=\"https:\/\/zojopackaging.com\/pt\/categoria-produto\/custom-e-cigarette-box\/\" target=\"_blank\" rel=\"noopener\"><strong>Caixa de cigarros electr\u00f3nicos personalizada <\/strong><\/a>. Visite a nossa sele\u00e7\u00e3o de caixas de embalagem agora e encontre os estilos de embalagem desejados. Fa\u00e7a a sua encomenda e deixe-nos envi\u00e1-la \u00e0 sua porta! Apesar da disponibilidade de embalagens de baixo pre\u00e7o, ver\u00e1 a melhor qualidade nas caixas. \u00c9 assim que facilitamos a vida aos nossos estimados clientes com a nossa oferta de embalagem suprema e econ\u00f3mica.<\/p>\n<h2>Uma solu\u00e7\u00e3o de embalagem para todos os cosm\u00e9ticos<\/h2>\n<p>Assim, as nossas caixas de cosm\u00e9ticos personalizadas tornam-se uma solu\u00e7\u00e3o de embalagem para todos os seus cosm\u00e9ticos. Como viu acima, temos v\u00e1rias ofertas para si, mas essa n\u00e3o \u00e9 a lista definitiva. Em vez disso, pode contactar-nos para prepararmos caixas de alta qualidade que satisfa\u00e7am perfeitamente as necessidades dos seus artigos de marca. Podemos imprimir o seu log\u00f3tipo, descri\u00e7\u00e3o e muitas outras especifica\u00e7\u00f5es que podem ajud\u00e1-lo a atrair os seus clientes. Esta estrat\u00e9gia acaba por aumentar as suas vendas e melhorar as convers\u00f5es sem gastar dinheiro em publicidade.<\/p>\n<h2>Como conceber caixas para embalagens de cosm\u00e9ticos?<b><\/b><\/h2>\n<ul>\n<li><b>Selecionar paleta de cores<\/b><\/li>\n<\/ul>\n<p>Deve escolher uma paleta de cores que se alinhe com os sentimentos dos potenciais consumidores.<b><\/b><\/p>\n<ul>\n<li><b>Selecionar o tamanho da letra<\/b><\/li>\n<\/ul>\n<p>\u00c9 importante escolher o tamanho de letra ideal para a tipografia na superf\u00edcie da embalagem.<b><\/b><\/p>\n<ul>\n<li><b>Padr\u00f5es de utiliza\u00e7\u00e3o<\/b><\/li>\n<\/ul>\n<p>Deve selecionar padr\u00f5es que melhorem o aspeto visual da sua embalagem.<b><\/b><\/p>\n<ul>\n<li><b>Utilizar met\u00e1lico<\/b><\/li>\n<\/ul>\n<p>\u00c9 aconselh\u00e1vel utilizar folhas de prata ou de ouro para garantir um aspeto luxuoso.<b><\/b><\/p>\n<ul>\n<li><b>Jogo de texturas<\/b><\/li>\n<\/ul>\n<p>Pode utilizar acabamentos brilhantes, mate ou em relevo para dar profundidade ao design da sua embalagem.<\/p>\n<h2><b>Porque \u00e9 que a funcionalidade das embalagens de maquilhagem \u00e9 importante?<\/b><\/h2>\n<p>A funcionalidade das embalagens de maquilhagem \u00e9 essencial por v\u00e1rias raz\u00f5es:<\/p>\n<ul>\n<li>Prote\u00e7\u00e3o<\/li>\n<\/ul>\n<ul>\n<li>Utiliza\u00e7\u00e3o f\u00e1cil<\/li>\n<\/ul>\n<ul>\n<li>Portabilidade<\/li>\n<\/ul>\n<ul>\n<li>Personaliza\u00e7\u00e3o<\/li>\n<\/ul>\n<ul>\n<li>Sustentabilidade<\/li>\n<\/ul>\n<h2>Porqu\u00ea escolher caixas personalizadas instant\u00e2neas para caixas de cosm\u00e9ticos personalizadas?<\/h2>\n<ul>\n<li>Conhecimentos especializados e experi\u00eancia em embalagens de cosm\u00e9ticos<\/li>\n<\/ul>\n<ul>\n<li>Uma vasta gama de caixas de cosm\u00e9ticos<\/li>\n<\/ul>\n<ul>\n<li>Op\u00e7\u00f5es de impress\u00e3o personalizadas<\/li>\n<\/ul>\n<ul>\n<li>Op\u00e7\u00f5es de acabamento de alta qualidade<\/li>\n<\/ul>\n<ul>\n<li>Op\u00e7\u00f5es de embalagem duradouras para marcas de cosm\u00e9ticos<\/li>\n<\/ul>\n<h2>Obter envio gratuito a um ritmo r\u00e1pido<\/h2>\n<p>Na Instant Custom Boxes, fornecemos transporte gratuito aos nossos clientes em todo o mundo. Se fizer a sua encomenda agora, envi\u00e1-la-emos de imediato sem qualquer atraso. De que est\u00e1 \u00e0 espera? Fa\u00e7a a sua encomenda agora e obtenha as suas\u00a0<strong>caixas de cosm\u00e9ticos personalizadas por atacado<\/strong>\u00a0enviado \u00e0 sua porta gratuitamente. Pode telefonar-nos ou enviar-nos um e-mail para entrar em contacto com os nossos especialistas em embalagens profissionais!<\/p>\n<p>Se est\u00e1 \u00e0 procura destas caixas de alta qualidade, n\u00e3o h\u00e1 raz\u00e3o para adiar a encomenda! Ligue-nos e beneficie do apoio gratuito \u00e0 conce\u00e7\u00e3o e das opini\u00f5es dos nossos profissionais. Fale com os nossos profissionais especializados, contacte-nos atrav\u00e9s do n\u00famero +86 <a href=\"tel:+86%200755%2027398291\"><span class=\"elementor-icon-list-text\">15017910372<\/span><\/a>ou envie-nos um e-mail para <a href=\"mailto:info@zojoprint.com\"><span class=\"elementor-icon-list-text\">info@zojoprint.com<\/span><\/a><\/p>\n<p>&nbsp;<\/p>\n<div class=\"widget block block-static-block\">\n<div class=\"landing-page-section option-bottom\">\n<div class=\"custom-materials-tabs-content container container-adjustment\">\n<div class=\"custom-materials-tab-content active\">\n<div class=\"widget block block-static-block\">\n<div class=\"options-items\">\n<div class=\"flex-grid-row-option\">\n<div class=\"flex-grid-item-option\">\n<div class=\"material-box\">\n<p>&nbsp;<\/p>\n<\/div>\n<\/div>\n<\/div>\n<\/div>\n<p><!---end of option item--><\/p>\n<\/div>\n<\/div>\n<\/div>\n<\/div>\n<\/div>","protected":false},"excerpt":{"rendered":"<p>Crie embalagens personalizadas Spot UV deslumbrantes com um acabamento brilhante que real\u00e7a os log\u00f3tipos e o design, dando \u00e0 sua marca um aspeto sofisticado e de alta qualidade.<\/p>\n<p>Personaliza\u00e7\u00e3o: Pode personalizar o tamanho\/impress\u00e3o\/material\/acabamento\/forma, etc.<br \/>\nTipo de material: Amigo do ambiente, tem certifica\u00e7\u00e3o FSC\/ISO\/BSCI<br \/>\nTempo de produ\u00e7\u00e3o: Amostra 1-3 dias; a granel 7-9 dias<br \/>\nTempo de envio: Expresso 3-7 dias; Ar 12-16 dias; Barco 25-30 dias\uff08Diferentes pa\u00edses t\u00eam tempos diferentes)<\/p>\n<p>Pre\u00e7o:Contacte-nos para enviar um inqu\u00e9rito!<\/p>","protected":false},"featured_media":3050,"template":"","meta":[],"product_brand":[],"product_cat":[30,417,430,31],"product_tag":[935,937,936],"class_list":{"0":"post-3045","1":"product","2":"type-product","3":"status-publish","4":"has-post-thumbnail","6":"product_cat-by-industry","7":"product_cat-custom-perfume-boxes-by-industry","8":"product_cat-folding-cartons","9":"product_cat-paper-box-style","10":"product_tag-custom-logo-box","11":"product_tag-folding-carton-supplier","12":"product_tag-glossy-logo-box","14":"first","15":"instock","16":"shipping-taxable","17":"product-type-grouped"},"_links":{"self":[{"href":"https:\/\/zojopackaging.com\/pt\/wp-json\/wp\/v2\/product\/3045","targetHints":{"allow":["GET"]}}],"collection":[{"href":"https:\/\/zojopackaging.com\/pt\/wp-json\/wp\/v2\/product"}],"about":[{"href":"https:\/\/zojopackaging.com\/pt\/wp-json\/wp\/v2\/types\/product"}],"version-history":[{"count":2,"href":"https:\/\/zojopackaging.com\/pt\/wp-json\/wp\/v2\/product\/3045\/revisions"}],"predecessor-version":[{"id":8670,"href":"https:\/\/zojopackaging.com\/pt\/wp-json\/wp\/v2\/product\/3045\/revisions\/8670"}],"wp:featuredmedia":[{"embeddable":true,"href":"https:\/\/zojopackaging.com\/pt\/wp-json\/wp\/v2\/media\/3050"}],"wp:attachment":[{"href":"https:\/\/zojopackaging.com\/pt\/wp-json\/wp\/v2\/media?parent=3045"}],"wp:term":[{"taxonomy":"product_brand","embeddable":true,"href":"https:\/\/zojopackaging.com\/pt\/wp-json\/wp\/v2\/product_brand?post=3045"},{"taxonomy":"product_cat","embeddable":true,"href":"https:\/\/zojopackaging.com\/pt\/wp-json\/wp\/v2\/product_cat?post=3045"},{"taxonomy":"product_tag","embeddable":true,"href":"https:\/\/zojopackaging.com\/pt\/wp-json\/wp\/v2\/product_tag?post=3045"}],"curies":[{"name":"wp","href":"https:\/\/api.w.org\/{rel}","templated":true}]}}