{"id":3076,"date":"2024-03-14T13:53:43","date_gmt":"2024-03-14T05:53:43","guid":{"rendered":"https:\/\/zojopackaging.com\/?post_type=product&#038;p=3076"},"modified":"2025-03-29T18:39:02","modified_gmt":"2025-03-29T10:39:02","slug":"customized-perfume-black-card-box","status":"publish","type":"product","link":"https:\/\/zojopackaging.com\/pt\/product\/customized-perfume-black-card-box\/","title":{"rendered":"Caixa de cart\u00e3o personalizada para homens de perfume Fornecedores chineses"},"content":{"rendered":"<h1>Caixa de cart\u00e3o personalizada para homens de perfume Fornecedores chineses<\/h1>\n<p>A caixa de cart\u00e3o preto para perfumes personalizada \u00e9 uma solu\u00e7\u00e3o de embalagem elegante e moderna para a sua cole\u00e7\u00e3o de perfumes de luxo. Fabricada em cart\u00e3o preto de alta qualidade, esta caixa exala sofistica\u00e7\u00e3o e estilo. A caixa apresenta um design minimalista com um acabamento mate suave, conferindo-lhe um aspeto e um toque luxuosos.<\/p>\n<p>Com as suas op\u00e7\u00f5es personaliz\u00e1veis, pode adicionar o log\u00f3tipo ou o design da sua marca \u00e0 caixa, tornando-a perfeita para apresentar a sua cole\u00e7\u00e3o de perfumes exclusiva. A constru\u00e7\u00e3o robusta da caixa garante que os seus perfumes est\u00e3o bem protegidos durante o armazenamento e o transporte.<\/p>\n<p>Quer seja um retalhista de perfumes que procura elevar a sua marca ou um indiv\u00edduo que procura uma forma elegante de armazenar as suas fragr\u00e2ncias favoritas, a Caixa de Cart\u00e3o Preto para Perfumes Personalizada \u00e9 a escolha perfeita. Cause uma impress\u00e3o duradoura com esta solu\u00e7\u00e3o de embalagem de qualidade superior que ir\u00e1 certamente impressionar at\u00e9 os clientes mais exigentes.<\/p>\n<h1><strong>Especifica\u00e7\u00e3o<\/strong><\/h1>\n<div class=\"widget block block-static-block\">\n<div class=\"landing-page-section option-bottom\">\n<div class=\"custom-materials-tabs-content container container-adjustment\">\n<div class=\"custom-materials-tab-content active\">\n<div class=\"widget block block-static-block\">\n<div class=\"options-items\">\n<div class=\"flex-grid-row-option\">\n<div class=\"flex-grid-item-option\">\n<div class=\"material-box\">\n<div class=\"material-des\">\n<table width=\"1070\">\n<tbody>\n<tr>\n<td width=\"373\">Dimens\u00f5es<\/td>\n<td width=\"373\">Todos os tamanhos e formas personalizados<\/td>\n<\/tr>\n<tr>\n<td width=\"373\">MOQ<\/td>\n<td width=\"373\">500 unidades<\/td>\n<\/tr>\n<tr>\n<td width=\"373\">Tempo de amostragem<\/td>\n<td width=\"373\">3-5 dias<\/td>\n<\/tr>\n<tr>\n<td width=\"373\">Processo por defeito<\/td>\n<td width=\"373\">Corte e vinco, colagem, ranhura, perfura\u00e7\u00e3o<\/td>\n<\/tr>\n<tr>\n<td width=\"373\">Impress\u00e3o<\/td>\n<td width=\"373\">Cmyk, pms, sem impress\u00e3o<\/td>\n<\/tr>\n<tr>\n<td width=\"373\">Op\u00e7\u00e3o de material<\/td>\n<td width=\"373\">Papel de cart\u00e3o branco, papel revestido, papel art\u00edstico, papel kraft, cart\u00e3o marfim, cart\u00e3o duplex, papel especial, etc.<\/td>\n<\/tr>\n<tr>\n<td width=\"373\">Acabamento de superf\u00edcies<\/td>\n<td width=\"373\">Lamina\u00e7\u00e3o mate\/brilhante, grava\u00e7\u00e3o em relevo, grava\u00e7\u00e3o em relevo, estampagem em folha, etc.<\/td>\n<\/tr>\n<tr>\n<td width=\"373\">Utiliza\u00e7\u00e3o na ind\u00fastria<\/td>\n<td width=\"373\">cosm\u00e9ticos, perfumes, vestu\u00e1rio, j\u00f3ias, tabaco, alimentos, presentes, produtos de consumo di\u00e1rio,<\/td>\n<\/tr>\n<tr>\n<td width=\"373\">Controlo de qualidade<\/td>\n<td width=\"373\">Equipamento avan\u00e7ado e equipa QC experiente verificam rigorosamente o material, os produtos semi-acabados e acabados em cada etapa antes de<\/td>\n<\/tr>\n<tr>\n<td width=\"373\">Pre\u00e7o<\/td>\n<td width=\"373\">O pre\u00e7o final ser\u00e1 adaptado ao seu produto e \u00e0 quantidade de que necessita<\/td>\n<\/tr>\n<tr>\n<td width=\"373\">Tempo de rota\u00e7\u00e3o<\/td>\n<td width=\"373\">7-14 dias \u00fateis, com urg\u00eancia<\/td>\n<\/tr>\n<tr>\n<td width=\"373\">Papel em stock<\/td>\n<td width=\"373\">10pt a 28pt (60lb a 400lb) Kraft ecol\u00f3gico, cart\u00e3o canelado e-flute, cart\u00e3o bux, cartolina<\/td>\n<\/tr>\n<tr>\n<td width=\"373\">Formato da obra de arte<\/td>\n<td width=\"373\">JPG, PDF, AI, CDR, EPS, GIF....<\/td>\n<\/tr>\n<tr>\n<td width=\"373\">Acess\u00f3rios<\/td>\n<td width=\"373\">\u00cdman, fita, forma EVA, tabuleiro de pl\u00e1stico, esponja, janela PVC\/PET\/PP,...<\/td>\n<\/tr>\n<tr>\n<td width=\"373\">Prazo de pagamento<\/td>\n<td width=\"373\">T\/T, Western Union, Paypal, dep\u00f3sito 30% e saldo 70% antes do envio.<\/td>\n<\/tr>\n<\/tbody>\n<\/table>\n<\/div>\n<\/div>\n<\/div>\n<\/div>\n<\/div>\n<\/div>\n<\/div>\n<\/div>\n<\/div>\n<\/div>\n<div class=\"widget block block-static-block\">\n<div class=\"landing-page-section option-bottom\">\n<div class=\"custom-materials-tabs-content container container-adjustment\">\n<div class=\"custom-materials-tab-content active\">\n<div class=\"widget block block-static-block\">\n<div class=\"options-items\">\n<div class=\"flex-grid-row-option\">\n<div class=\"flex-grid-item-option\">\n<div class=\"material-box\">\n<p>&nbsp;<\/p>\n<\/div>\n<\/div>\n<\/div>\n<\/div>\n<p><!---end of option item--><\/p>\n<\/div>\n<\/div>\n<\/div>\n<\/div>\n<\/div>","protected":false},"excerpt":{"rendered":"<p>A ZOJO Print \u00e9 um dos principais fabricantes e fornecedores de Set Boxes. Com 16 anos de experi\u00eancia na personaliza\u00e7\u00e3o de caixas. Ajud\u00e1mos milhares de marcas a criar as caixas que pretendem!<\/p>\n<p>Personaliza\u00e7\u00e3o: Pode personalizar o tamanho\/impress\u00e3o\/material\/acabamento\/forma, etc.<br \/>\nTipo de material: Amigo do ambiente, tem certifica\u00e7\u00e3o FSC\/ISO\/BSCI<br \/>\nTempo de produ\u00e7\u00e3o: Amostra 1-3 dias; a granel 7-9 dias<br \/>\nTempo de envio: Expresso 3-7 dias; Ar 12-16 dias; Barco 25-30 dias\uff08Diferentes pa\u00edses t\u00eam tempos diferentes)<\/p>\n<p>Pre\u00e7o:Contacte-nos para enviar um inqu\u00e9rito!<\/p>","protected":false},"featured_media":3082,"template":"","meta":[],"product_brand":[],"product_cat":[30,417,430,31],"product_tag":[923,821,922],"class_list":{"0":"post-3076","1":"product","2":"type-product","3":"status-publish","4":"has-post-thumbnail","6":"product_cat-by-industry","7":"product_cat-custom-perfume-boxes-by-industry","8":"product_cat-folding-cartons","9":"product_cat-paper-box-style","10":"product_tag-box-suppliers-chinese","11":"product_tag-customized-box","12":"product_tag-perfume-men-cardboard-box","14":"first","15":"instock","16":"shipping-taxable","17":"product-type-grouped"},"_links":{"self":[{"href":"https:\/\/zojopackaging.com\/pt\/wp-json\/wp\/v2\/product\/3076","targetHints":{"allow":["GET"]}}],"collection":[{"href":"https:\/\/zojopackaging.com\/pt\/wp-json\/wp\/v2\/product"}],"about":[{"href":"https:\/\/zojopackaging.com\/pt\/wp-json\/wp\/v2\/types\/product"}],"version-history":[{"count":2,"href":"https:\/\/zojopackaging.com\/pt\/wp-json\/wp\/v2\/product\/3076\/revisions"}],"predecessor-version":[{"id":8656,"href":"https:\/\/zojopackaging.com\/pt\/wp-json\/wp\/v2\/product\/3076\/revisions\/8656"}],"wp:featuredmedia":[{"embeddable":true,"href":"https:\/\/zojopackaging.com\/pt\/wp-json\/wp\/v2\/media\/3082"}],"wp:attachment":[{"href":"https:\/\/zojopackaging.com\/pt\/wp-json\/wp\/v2\/media?parent=3076"}],"wp:term":[{"taxonomy":"product_brand","embeddable":true,"href":"https:\/\/zojopackaging.com\/pt\/wp-json\/wp\/v2\/product_brand?post=3076"},{"taxonomy":"product_cat","embeddable":true,"href":"https:\/\/zojopackaging.com\/pt\/wp-json\/wp\/v2\/product_cat?post=3076"},{"taxonomy":"product_tag","embeddable":true,"href":"https:\/\/zojopackaging.com\/pt\/wp-json\/wp\/v2\/product_tag?post=3076"}],"curies":[{"name":"wp","href":"https:\/\/api.w.org\/{rel}","templated":true}]}}