{"id":3091,"date":"2024-03-14T14:05:05","date_gmt":"2024-03-14T06:05:05","guid":{"rendered":"https:\/\/zojopackaging.com\/?post_type=product&#038;p=3091"},"modified":"2025-03-29T00:06:38","modified_gmt":"2025-03-28T16:06:38","slug":"custom-silver-perfume-boxes","status":"publish","type":"product","link":"https:\/\/zojopackaging.com\/pt\/product\/custom-silver-perfume-boxes\/","title":{"rendered":"Caixas de presente de papel de perfumaria de prata de luxo personalizadas F\u00e1bricas"},"content":{"rendered":"<h1>Caixas de presente de papel de perfumaria de prata de luxo personalizadas F\u00e1bricas<\/h1>\n<p>As caixas de perfume personalizadas em folha de ouro\/prata apresentam o seu perfume ou col\u00f3nia. Estas caixas far\u00e3o com que o seu perfume pare\u00e7a mais elegante e luxuoso. A folha de alum\u00ednio tamb\u00e9m proteger\u00e1 o seu perfume de qualquer dano durante o transporte.<\/p>\n<p>Preparamos estas caixas com papel de alta gramagem com um acabamento acetinado. T\u00eam uma janela na parte da frente da caixa. Assim, pode ver o que est\u00e1 no interior da caixa sem a abrir. Existe tamb\u00e9m uma aba com \u00edman na parte superior da caixa. Quando se abre a caixa, esta mant\u00e9m-se fechada quando n\u00e3o est\u00e1 a ser utilizada.<\/p>\n<h1><strong>Especifica\u00e7\u00e3o<\/strong><\/h1>\n<div class=\"widget block block-static-block\">\n<div class=\"landing-page-section option-bottom\">\n<div class=\"custom-materials-tabs-content container container-adjustment\">\n<div class=\"custom-materials-tab-content active\">\n<div class=\"widget block block-static-block\">\n<div class=\"options-items\">\n<div class=\"flex-grid-row-option\">\n<div class=\"flex-grid-item-option\">\n<div class=\"material-box\">\n<div class=\"material-des\">\n<table width=\"1070\">\n<tbody>\n<tr>\n<td width=\"373\">Dimens\u00f5es<\/td>\n<td width=\"373\">Todos os tamanhos e formas personalizados<\/td>\n<\/tr>\n<tr>\n<td width=\"373\">MOQ<\/td>\n<td width=\"373\">500 unidades<\/td>\n<\/tr>\n<tr>\n<td width=\"373\">Tempo de amostragem<\/td>\n<td width=\"373\">3-5 dias<\/td>\n<\/tr>\n<tr>\n<td width=\"373\">Processo por defeito<\/td>\n<td width=\"373\">Corte e vinco, colagem, ranhura, perfura\u00e7\u00e3o<\/td>\n<\/tr>\n<tr>\n<td width=\"373\">Impress\u00e3o<\/td>\n<td width=\"373\">Cmyk, pms, sem impress\u00e3o<\/td>\n<\/tr>\n<tr>\n<td width=\"373\">Op\u00e7\u00e3o de material<\/td>\n<td width=\"373\">Papel de cart\u00e3o branco, papel revestido, papel art\u00edstico, papel kraft, cart\u00e3o marfim, cart\u00e3o duplex, papel especial, etc.<\/td>\n<\/tr>\n<tr>\n<td width=\"373\">Acabamento de superf\u00edcies<\/td>\n<td width=\"373\">Lamina\u00e7\u00e3o mate\/brilhante, grava\u00e7\u00e3o em relevo, grava\u00e7\u00e3o em relevo, estampagem em folha, etc.<\/td>\n<\/tr>\n<tr>\n<td width=\"373\">Utiliza\u00e7\u00e3o na ind\u00fastria<\/td>\n<td width=\"373\">cosm\u00e9ticos, perfumes, vestu\u00e1rio, j\u00f3ias, tabaco, alimentos, presentes, produtos de consumo di\u00e1rio,<\/td>\n<\/tr>\n<tr>\n<td width=\"373\">Controlo de qualidade<\/td>\n<td width=\"373\">Equipamento avan\u00e7ado e equipa QC experiente verificam rigorosamente o material, os produtos semi-acabados e acabados em cada etapa antes de<\/td>\n<\/tr>\n<tr>\n<td width=\"373\">Pre\u00e7o<\/td>\n<td width=\"373\">O pre\u00e7o final ser\u00e1 adaptado ao seu produto e \u00e0 quantidade de que necessita<\/td>\n<\/tr>\n<tr>\n<td width=\"373\">Tempo de rota\u00e7\u00e3o<\/td>\n<td width=\"373\">7-14 dias \u00fateis, com urg\u00eancia<\/td>\n<\/tr>\n<tr>\n<td width=\"373\">Papel em stock<\/td>\n<td width=\"373\">10pt a 28pt (60lb a 400lb) Kraft ecol\u00f3gico, cart\u00e3o canelado e-flute, cart\u00e3o bux, cartolina<\/td>\n<\/tr>\n<tr>\n<td width=\"373\">Formato da obra de arte<\/td>\n<td width=\"373\">JPG, PDF, AI, CDR, EPS, GIF....<\/td>\n<\/tr>\n<tr>\n<td width=\"373\">Acess\u00f3rios<\/td>\n<td width=\"373\">\u00cdman, fita, forma EVA, tabuleiro de pl\u00e1stico, esponja, janela PVC\/PET\/PP,...<\/td>\n<\/tr>\n<tr>\n<td width=\"373\">Prazo de pagamento<\/td>\n<td width=\"373\">T\/T, Western Union, Paypal, dep\u00f3sito 30% e saldo 70% antes do envio.<\/td>\n<\/tr>\n<\/tbody>\n<\/table>\n<\/div>\n<\/div>\n<\/div>\n<\/div>\n<\/div>\n<\/div>\n<\/div>\n<\/div>\n<\/div>\n<\/div>\n<h1><span style=\"font-size: 16px;\">Caixas de perfume personalizadas em folha de ouro e prata<\/span><\/h1>\n<p>Sabemos como \u00e9 importante para a sua empresa de perfumes destacar-se da concorr\u00eancia. Por isso, oferecemos caixas de perfume personalizadas em folha de ouro ou prata com o seu log\u00f3tipo, nome ou quaisquer outros elementos de design que deseje. Trabalharemos consigo para criar algo \u00fanico que ajude a sua marca a brilhar numa ind\u00fastria repleta de produtos semelhantes!<\/p>\n<p>As nossas caixas de perfume personalizadas em folha de ouro e prata apresentam a sua marca de forma elegante e luxuosa.<\/p>\n<p>Contornamos a intimidade da caixa com um tecido macio. Deste modo, os perfumes guardados no seu interior n\u00e3o sofrer\u00e3o danos. Para al\u00e9m de protegerem os seus perfumes, estas caixas tamb\u00e9m facilitam a sua identifica\u00e7\u00e3o pelos consumidores como produtos de luxo.<\/p>\n<p>A folha de ouro e prata nestas caixas de perfume faz com que pare\u00e7am valer mais. Isso \u00e9 porque valem! Estas belas op\u00e7\u00f5es de embalagem ajud\u00e1-lo-\u00e3o a impressionar os consumidores que querem um pouco mais do que um simples frasco de pl\u00e1stico quando compram os seus perfumes favoritos.<\/p>\n<h1>Utiliza\u00e7\u00e3o de folha de alum\u00ednio em caixas de embalagem de perfumes<\/h1>\n<p>A utiliza\u00e7\u00e3o de folhas de alum\u00ednio na ind\u00fastria gr\u00e1fica n\u00e3o \u00e9 um conceito novo. O principal objetivo da utiliza\u00e7\u00e3o da folha de ouro e prata \u00e9 aumentar o apelo visual do produto e torn\u00e1-lo mais atraente. Isto \u00e9 especialmente verdadeiro quando se utilizam caixas de perfume para o design da embalagem do seu produto.<\/p>\n<p>Ao conceber caixas de perfume personalizadas, lembre-se de que a embalagem deve atrair os clientes e faz\u00ea-los sentir-se bem com a compra do seu produto. A folha de alum\u00ednio \u00e9 uma forma de atingir este objetivo.<\/p>\n<p>Estas caixas de perfume personalizadas em folha de ouro e prata podem ser utilizadas para v\u00e1rios fins, tais como oferecer, armazenar os seus produtos ou mesmo como caixa de oferta.<\/p>\n<p>Existem muitas op\u00e7\u00f5es dispon\u00edveis quando se compram caixas de perfume por grosso, tais como a escolha de diferentes tamanhos, formas, espessuras, etc.<\/p>\n<h1>Obter caixas de perfume com folhas personalizadas a uma taxa de atacado<\/h1>\n<p>Oferecemos envio gratuito, apoio ao design, entrega r\u00e1pida, um desconto 50% e n\u00e3o cobramos taxas de placa de matriz. Com o nosso servi\u00e7o, obter\u00e1 as caixas de perfume douradas e prateadas de alta qualidade de que necessita a um pre\u00e7o acess\u00edvel. \u00c9 por isso que temos caixas de perfume que pode desenhar voc\u00ea mesmo com apoio de design gratuito e entrega r\u00e1pida.<\/p>\n<div class=\"widget block block-static-block\">\n<div class=\"landing-page-section option-bottom\">\n<div class=\"custom-materials-tabs-content container container-adjustment\">\n<div class=\"custom-materials-tab-content active\">\n<div class=\"widget block block-static-block\">\n<div class=\"options-items\">\n<div class=\"flex-grid-row-option\">\n<div class=\"flex-grid-item-option\">\n<div class=\"material-box\">\n<p>&nbsp;<\/p>\n<\/div>\n<\/div>\n<\/div>\n<\/div>\n<p><!---end of option item--><\/p>\n<\/div>\n<\/div>\n<\/div>\n<\/div>\n<\/div>","protected":false},"excerpt":{"rendered":"<p>Caixas de papel de envio de perfumes de luxo personalizadas de alta qualidade. Uma f\u00e1brica de caixas de perfume de baixo pre\u00e7o que fornece servi\u00e7os personalizados de uma paragem, desde o design \u00e0 produ\u00e7\u00e3o.<\/p>\n<ul>\n<li>MOQ: 500 pe\u00e7as<\/li>\n<li>Tempo de entrega: 7-14 dias \u00fateis, Rush<\/li>\n<li>Dimens\u00e3o (di\u00e2metro x altura) \u00e0 medida<\/li>\n<li>Impress\u00e3o personalizada<\/li>\n<li>Amigo do ambiente, recicl\u00e1vel e sem pl\u00e1stico<\/li>\n<li>Pre\u00e7o\uff1aO pre\u00e7o final ser\u00e1 adaptado ao seu produto e \u00e0 quantidade que necessita<\/li>\n<\/ul>","protected":false},"featured_media":3096,"template":"","meta":[],"product_brand":[],"product_cat":[30,417,430,31],"product_tag":[869,870,868],"class_list":{"0":"post-3091","1":"product","2":"type-product","3":"status-publish","4":"has-post-thumbnail","6":"product_cat-by-industry","7":"product_cat-custom-perfume-boxes-by-industry","8":"product_cat-folding-cartons","9":"product_cat-paper-box-style","10":"product_tag-luxury-gift-boxes","11":"product_tag-paper-gift-boxes-factories","12":"product_tag-perfume-paper-gift-boxes","14":"first","15":"instock","16":"shipping-taxable","17":"product-type-grouped"},"_links":{"self":[{"href":"https:\/\/zojopackaging.com\/pt\/wp-json\/wp\/v2\/product\/3091","targetHints":{"allow":["GET"]}}],"collection":[{"href":"https:\/\/zojopackaging.com\/pt\/wp-json\/wp\/v2\/product"}],"about":[{"href":"https:\/\/zojopackaging.com\/pt\/wp-json\/wp\/v2\/types\/product"}],"version-history":[{"count":2,"href":"https:\/\/zojopackaging.com\/pt\/wp-json\/wp\/v2\/product\/3091\/revisions"}],"predecessor-version":[{"id":8522,"href":"https:\/\/zojopackaging.com\/pt\/wp-json\/wp\/v2\/product\/3091\/revisions\/8522"}],"wp:featuredmedia":[{"embeddable":true,"href":"https:\/\/zojopackaging.com\/pt\/wp-json\/wp\/v2\/media\/3096"}],"wp:attachment":[{"href":"https:\/\/zojopackaging.com\/pt\/wp-json\/wp\/v2\/media?parent=3091"}],"wp:term":[{"taxonomy":"product_brand","embeddable":true,"href":"https:\/\/zojopackaging.com\/pt\/wp-json\/wp\/v2\/product_brand?post=3091"},{"taxonomy":"product_cat","embeddable":true,"href":"https:\/\/zojopackaging.com\/pt\/wp-json\/wp\/v2\/product_cat?post=3091"},{"taxonomy":"product_tag","embeddable":true,"href":"https:\/\/zojopackaging.com\/pt\/wp-json\/wp\/v2\/product_tag?post=3091"}],"curies":[{"name":"wp","href":"https:\/\/api.w.org\/{rel}","templated":true}]}}