{"id":3119,"date":"2024-03-14T14:21:00","date_gmt":"2024-03-14T06:21:00","guid":{"rendered":"https:\/\/zojopackaging.com\/?post_type=product&#038;p=3119"},"modified":"2025-03-27T17:27:19","modified_gmt":"2025-03-27T09:27:19","slug":"custom-perfume-box","status":"publish","type":"product","link":"https:\/\/zojopackaging.com\/pt\/product\/custom-perfume-box\/","title":{"rendered":"Caixas de perfume por atacado Material de embalagem para cosm\u00e9ticos"},"content":{"rendered":"<h1>Caixas de perfume por atacado Material de embalagem para cosm\u00e9ticos<\/h1>\n<p><a href=\"https:\/\/zojopackaging.com\/pt\/categoria-produto\/custom-perfume-boxes\/\">Caixa de perfume personalizada<\/a> Normalmente, t\u00eam uma boa veda\u00e7\u00e3o para evitar a entrada de poeiras e outros poluentes, o que ajuda a fixar a fragr\u00e2ncia do perfume, mantendo a pureza e a qualidade do perfume, evitando que a fragr\u00e2ncia se dissipe gradualmente devido \u00e0 exposi\u00e7\u00e3o prolongada ao ar. Por v\u00e1rias raz\u00f5es, as embalagens amigas do ambiente s\u00e3o cruciais para o neg\u00f3cio dos perfumes, e cada vez mais pessoas est\u00e3o a utilizar materiais amigos do ambiente para reduzir o impacto no ambiente.<\/p>\n<h3>Oferecemos solu\u00e7\u00f5es de embalagem e de embalagem de alta qualidade para <a href=\"https:\/\/zojoprint.en.alibaba.com\/productgrouplist-930456046\/Perfume_Box.html\" target=\"_blank\" rel=\"noopener\">embalagem de caixa de perfume personalizada<\/a><\/h3>\n<p>Solu\u00e7\u00f5es de impress\u00e3o e embalagem de alta qualidade s\u00e3o essenciais para <a href=\"https:\/\/zojopackaging.com\/pt\/categoria-produto\/custom-perfume-boxes\/\">caixa de perfume personalizada<\/a> Al\u00e9m disso, a maioria das lojas de perfumes utiliza um design e uma impress\u00e3o \u00fanicos para refor\u00e7ar a sua imagem de marca e aumentar o reconhecimento e o profissionalismo da marca.<\/p>\n<h3><strong>Material ecol\u00f3gico utilizado no fabrico\u00a0\u00a0<\/strong><\/h3>\n<p>Quando o fabrico<a href=\"https:\/\/zojopackaging.com\/pt\/categoria-produto\/custom-perfume-boxes\/\"> caixas de perfume personalizadas<\/a>Por isso, \u00e9 crucial utilizar materiais amigos do ambiente, o que n\u00e3o s\u00f3 ajuda a reduzir o impacto no ambiente, como tamb\u00e9m melhora a imagem da marca e atrai mais consumidores preocupados com a sustentabilidade.<\/p>\n<p>Podemos fornecer os seguintes materiais \u00e0 sua escolha.<\/p>\n<h4>tais como:<\/h4>\n<p><b>papel especial<\/b><\/p>\n<p><b>papel ondulado<\/b><\/p>\n<p><strong>outro papel<\/strong><\/p>\n<p><img fetchpriority=\"high\" decoding=\"async\" class=\"size-medium wp-image-7511 alignnone\" src=\"https:\/\/zojopackaging.com\/wp-content\/uploads\/2024\/03\/63ba72fb42de82bdcc1ddc218d5a80e-300x269.jpg\" alt=\"material\" width=\"300\" height=\"269\" title=\"\" srcset=\"https:\/\/zojopackaging.com\/wp-content\/uploads\/2024\/03\/63ba72fb42de82bdcc1ddc218d5a80e-300x269.jpg 300w, https:\/\/zojopackaging.com\/wp-content\/uploads\/2024\/03\/63ba72fb42de82bdcc1ddc218d5a80e-600x538.jpg 600w, https:\/\/zojopackaging.com\/wp-content\/uploads\/2024\/03\/63ba72fb42de82bdcc1ddc218d5a80e.jpg 750w\" sizes=\"(max-width: 300px) 100vw, 300px\" \/><\/p>\n<p>\uff08Os seguintes materiais s\u00e3o para sua refer\u00eancia\uff09<\/p>\n<h3>A embalagem do perfume \u00e9 a melhor para si <a href=\"https:\/\/zojoprint.en.alibaba.com\/index.html?spm=a2700.shop_pl.88.11.23bb7121MItxGU\" target=\"_blank\" rel=\"noopener\">Caixas personalizadas<\/a> Necessidades!<\/h3>\n<p>A embalagem para perfume pode ser feita a partir de uma variedade de materiais ecol\u00f3gicos.Cart\u00e3o\u3001papel de arte \u3001papel especial \u3001s\u00e3o todas excelentes escolhas. Escolher o melhor material para a tarefa \u00e9 crucial porque cada um desses materiais tem um conjunto \u00fanico de vantagens e desvantagens. voc\u00ea pode garantir que a embalagem corresponda \u00e0 identidade da sua marca e transmita a mensagem certa ao seu p\u00fablico-alvo, aumentando o apelo visual do seu perfume, tornando-o mais atraente para os clientes e destacando-se na prateleira, com base no logotipo, cores e elementos de design da sua marca.<\/p>\n<h3>Porqu\u00ea escolher-nos para as suas caixas de embalagem personalizadas?<\/h3>\n<p>Fundada em 2009, a zojopackaging tem vindo a fornecer excelentes solu\u00e7\u00f5es especificamente para produtos de fragr\u00e2ncias a v\u00e1rias empresas e marcas h\u00e1 muito tempo. Acreditamos em fornecer conveni\u00eancia aos nossos clientes da melhor maneira poss\u00edvel, e \u00e9 por isso que os nossos produtos t\u00eam 100% de satisfa\u00e7\u00e3o do cliente.<\/p>\n<h1><strong>Especifica\u00e7\u00e3o<\/strong><\/h1>\n<div class=\"widget block block-static-block\">\n<div class=\"landing-page-section option-bottom\">\n<div class=\"custom-materials-tabs-content container container-adjustment\">\n<div class=\"custom-materials-tab-content active\">\n<div class=\"widget block block-static-block\">\n<div class=\"options-items\">\n<div class=\"flex-grid-row-option\">\n<div class=\"flex-grid-item-option\">\n<div class=\"material-box\">\n<div class=\"material-des\">\n<table width=\"1070\">\n<tbody>\n<tr>\n<td width=\"373\">Dimens\u00f5es<\/td>\n<td width=\"373\">Todos os tamanhos e formas personalizados<\/td>\n<\/tr>\n<tr>\n<td width=\"373\">MOQ<\/td>\n<td width=\"373\">500 pcs (suporte amostra verificar a qualidade\uff09<\/td>\n<\/tr>\n<tr>\n<td width=\"373\">Tempo de amostragem<\/td>\n<td width=\"373\">3-5 dias \u00fateis<\/td>\n<\/tr>\n<tr>\n<td width=\"373\">Processo por defeito<\/td>\n<td width=\"373\">Corte e vinco, colagem, ranhura, perfura\u00e7\u00e3o<\/td>\n<\/tr>\n<tr>\n<td width=\"373\">Impress\u00e3o<\/td>\n<td width=\"373\">Cmyk, pms, sem impress\u00e3o<\/td>\n<\/tr>\n<tr>\n<td width=\"373\">Op\u00e7\u00e3o de material<\/td>\n<td width=\"373\">Papel de cart\u00e3o branco, papel revestido, papel art\u00edstico, papel kraft, cart\u00e3o marfim, cart\u00e3o duplex, papel especial, etc.<\/td>\n<\/tr>\n<tr>\n<td width=\"373\">Acabamento de superf\u00edcies<\/td>\n<td width=\"373\">Lamina\u00e7\u00e3o mate\/brilhante, grava\u00e7\u00e3o em relevo, grava\u00e7\u00e3o em relevo, estampagem em folha, etc.<\/td>\n<\/tr>\n<tr>\n<td width=\"373\">Utiliza\u00e7\u00e3o na ind\u00fastria<\/td>\n<td width=\"373\">cosm\u00e9ticos, perfumes, vestu\u00e1rio, j\u00f3ias, tabaco, alimentos, presentes, produtos de consumo di\u00e1rio,<\/td>\n<\/tr>\n<tr>\n<td width=\"373\">Controlo de qualidade<\/td>\n<td width=\"373\">Equipamento avan\u00e7ado e equipa QC experiente verificam rigorosamente o material, os produtos semi-acabados e acabados em cada etapa antes de<\/td>\n<\/tr>\n<tr>\n<td width=\"373\">Pre\u00e7o<\/td>\n<td width=\"373\">O pre\u00e7o final ser\u00e1 adaptado ao seu produto e \u00e0 quantidade de que necessita<\/td>\n<\/tr>\n<tr>\n<td width=\"373\">Tempo de rota\u00e7\u00e3o<\/td>\n<td width=\"373\">7-14 dias \u00fateis<\/td>\n<\/tr>\n<tr>\n<td width=\"373\">Papel em stock<\/td>\n<td width=\"373\">10pt a 28pt (60lb a 400lb) Kraft ecol\u00f3gico, cart\u00e3o canelado e-flute, cart\u00e3o bux, cartolina<\/td>\n<\/tr>\n<tr>\n<td width=\"373\">Formato da obra de arte<\/td>\n<td width=\"373\">JPG, PDF, AI, CDR, EPS, GIF....<\/td>\n<\/tr>\n<tr>\n<td width=\"373\">Acess\u00f3rios<\/td>\n<td width=\"373\">\u00cdman, fita, forma EVA, tabuleiro de pl\u00e1stico, esponja, janela PVC\/PET\/PP,...<\/td>\n<\/tr>\n<tr>\n<td width=\"373\">Prazo de pagamento<\/td>\n<td width=\"373\">T\/T, Western Union, Paypal, dep\u00f3sito 30% e saldo 70% antes do envio.<\/td>\n<\/tr>\n<\/tbody>\n<\/table>\n<\/div>\n<\/div>\n<\/div>\n<\/div>\n<\/div>\n<\/div>\n<\/div>\n<\/div>\n<\/div>\n<\/div>\n<div class=\"widget block block-static-block\">\n<div class=\"landing-page-section option-bottom\">\n<div class=\"custom-materials-tabs-content container container-adjustment\">\n<div class=\"custom-materials-tab-content active\">\n<div class=\"widget block block-static-block\">\n<div class=\"options-items\">\n<div class=\"flex-grid-row-option\">\n<div class=\"flex-grid-item-option\">\n<div class=\"material-box\">\n<p>&nbsp;<\/p>\n<\/div>\n<\/div>\n<\/div>\n<\/div>\n<p><!---end of option item--><\/p>\n<\/div>\n<\/div>\n<\/div>\n<\/div>\n<\/div>","protected":false},"excerpt":{"rendered":"<p>1. O tipo de caixa com tampa e base adopta a estrutura de tampa superior e inferior, prote\u00e7\u00e3o de camada dupla do produto, o que pode efetivamente evitar que os artigos na embalagem sejam danificados<br \/>\n2. O material de papel especial real\u00e7a a simplicidade da caixa, mas n\u00e3o lhe retira a sensa\u00e7\u00e3o de luxo<br \/>\n3. O processo de estampagem a quente da folha de ouro confere \u00e0 embalagem uma sensa\u00e7\u00e3o de luxo e uma apresenta\u00e7\u00e3o visual de alta qualidade<br \/>\n4. Diferentes tipos de caixas, materiais, tamanhos, revestimentos e efeitos de impress\u00e3o de superf\u00edcie podem ser personalizados de acordo com as suas necessidades<\/p>","protected":false},"featured_media":3125,"template":"","meta":[],"product_brand":[],"product_cat":[30,390,417,425],"product_tag":[686,336,687],"class_list":{"0":"post-3119","1":"product","2":"type-product","3":"status-publish","4":"has-post-thumbnail","6":"product_cat-by-industry","7":"product_cat-custom-cosmetics-boxes","8":"product_cat-custom-perfume-boxes-by-industry","9":"product_cat-lid-and-base-gift-box","10":"product_tag-cosmetic-packaging-supplies","11":"product_tag-perfume-boxes","12":"product_tag-wholesale-perfume-packaging","14":"first","15":"instock","16":"shipping-taxable","17":"product-type-grouped"},"_links":{"self":[{"href":"https:\/\/zojopackaging.com\/pt\/wp-json\/wp\/v2\/product\/3119","targetHints":{"allow":["GET"]}}],"collection":[{"href":"https:\/\/zojopackaging.com\/pt\/wp-json\/wp\/v2\/product"}],"about":[{"href":"https:\/\/zojopackaging.com\/pt\/wp-json\/wp\/v2\/types\/product"}],"version-history":[{"count":2,"href":"https:\/\/zojopackaging.com\/pt\/wp-json\/wp\/v2\/product\/3119\/revisions"}],"predecessor-version":[{"id":8409,"href":"https:\/\/zojopackaging.com\/pt\/wp-json\/wp\/v2\/product\/3119\/revisions\/8409"}],"wp:featuredmedia":[{"embeddable":true,"href":"https:\/\/zojopackaging.com\/pt\/wp-json\/wp\/v2\/media\/3125"}],"wp:attachment":[{"href":"https:\/\/zojopackaging.com\/pt\/wp-json\/wp\/v2\/media?parent=3119"}],"wp:term":[{"taxonomy":"product_brand","embeddable":true,"href":"https:\/\/zojopackaging.com\/pt\/wp-json\/wp\/v2\/product_brand?post=3119"},{"taxonomy":"product_cat","embeddable":true,"href":"https:\/\/zojopackaging.com\/pt\/wp-json\/wp\/v2\/product_cat?post=3119"},{"taxonomy":"product_tag","embeddable":true,"href":"https:\/\/zojopackaging.com\/pt\/wp-json\/wp\/v2\/product_tag?post=3119"}],"curies":[{"name":"wp","href":"https:\/\/api.w.org\/{rel}","templated":true}]}}