{"id":3140,"date":"2024-03-14T14:32:51","date_gmt":"2024-03-14T06:32:51","guid":{"rendered":"https:\/\/zojopackaging.com\/?post_type=product&#038;p=3140"},"modified":"2025-03-27T17:39:59","modified_gmt":"2025-03-27T09:39:59","slug":"custom-perfume-drawer-boxes","status":"publish","type":"product","link":"https:\/\/zojopackaging.com\/pt\/product\/custom-perfume-drawer-boxes\/","title":{"rendered":"Melhor fornecedor de caixas de embalagem de perfume de luxo personalizadas"},"content":{"rendered":"<h1>Melhor fornecedor de caixas de embalagem de perfume de luxo personalizadas<\/h1>\n<p>As caixas de gaveta para perfumes personalizadas s\u00e3o uma escolha elegante e pr\u00e1tica para embalar perfumes, oferecendo uma experi\u00eancia de desembalagem sofisticada que aumenta a perce\u00e7\u00e3o de luxo e qualidade.<\/p>\n<h2>1. Conce\u00e7\u00e3o e acabamento<\/h2>\n<p>Caixas de gaveta para perfumes personalizadas, a solu\u00e7\u00e3o definitiva para as suas necessidades de embalagem de produtos de perfumaria.<\/p>\n<p>As nossas caixas para cosm\u00e9ticos e perfumes de luxo s\u00e3o uma obra-prima do design. Meticulosamente trabalhadas com precis\u00e3o e aten\u00e7\u00e3o aos pormenores, apresentam uma eleg\u00e2ncia inigual\u00e1vel. As linhas elegantes e os acabamentos requintados conferem-lhes um aspeto sofisticado que chama imediatamente a aten\u00e7\u00e3o.<\/p>\n<h2>2. Qualidade do material<\/h2>\n<p>Fabricadas com os melhores materiais, estas caixas garantem durabilidade e um toque de luxo. O papel ou tecido de alta qualidade utilizado n\u00e3o s\u00f3 melhora o aspeto est\u00e9tico, como tamb\u00e9m proporciona um escudo protetor para os seus preciosos perfumes.<\/p>\n<h2>3. Personaliza\u00e7\u00e3o da marca<\/h2>\n<p>Compreendemos a import\u00e2ncia da identidade da marca.<\/p>\n<h2>4. Apresenta\u00e7\u00e3o e recurso<\/h2>\n<p>As Caixas de Perfumes de Cosm\u00e9tica de Luxo acrescentam valor e prest\u00edgio ao seu produto, tornando-o imprescind\u00edvel para os clientes mais exigentes. <a href=\"https:\/\/zojopackaging.com\/pt\/contact-us\/\">Encomendar agora<\/a> e d\u00ea ao seu perfume a embalagem que ele merece!<\/p>\n<h1><strong>Especifica\u00e7\u00e3o<\/strong><\/h1>\n<div class=\"widget block block-static-block\">\n<div class=\"landing-page-section option-bottom\">\n<div class=\"custom-materials-tabs-content container container-adjustment\">\n<div class=\"custom-materials-tab-content active\">\n<div class=\"widget block block-static-block\">\n<div class=\"options-items\">\n<div class=\"flex-grid-row-option\">\n<div class=\"flex-grid-item-option\">\n<div class=\"material-box\">\n<div class=\"material-des\">\n<table width=\"1070\">\n<tbody>\n<tr>\n<td width=\"373\">Dimens\u00f5es<\/td>\n<td width=\"373\">Todos os tamanhos e formas personalizados<\/td>\n<\/tr>\n<tr>\n<td width=\"373\">MOQ<\/td>\n<td width=\"373\">500 unidades<\/td>\n<\/tr>\n<tr>\n<td width=\"373\">Tempo de amostragem<\/td>\n<td width=\"373\">3-5 dias<\/td>\n<\/tr>\n<tr>\n<td width=\"373\">Processo por defeito<\/td>\n<td width=\"373\">Corte e vinco, colagem, ranhura, perfura\u00e7\u00e3o<\/td>\n<\/tr>\n<tr>\n<td width=\"373\">Impress\u00e3o<\/td>\n<td width=\"373\">Cmyk, pms, sem impress\u00e3o<\/td>\n<\/tr>\n<tr>\n<td width=\"373\">Op\u00e7\u00e3o de material<\/td>\n<td width=\"373\">Papel de cart\u00e3o branco, papel revestido, papel art\u00edstico, papel kraft, cart\u00e3o marfim, cart\u00e3o duplex, papel especial, etc.<\/td>\n<\/tr>\n<tr>\n<td width=\"373\">Acabamento de superf\u00edcies<\/td>\n<td width=\"373\">Lamina\u00e7\u00e3o mate\/brilhante, grava\u00e7\u00e3o em relevo, grava\u00e7\u00e3o em relevo, estampagem em folha, etc.<\/td>\n<\/tr>\n<tr>\n<td width=\"373\">Utiliza\u00e7\u00e3o na ind\u00fastria<\/td>\n<td width=\"373\">cosm\u00e9ticos, perfumes, vestu\u00e1rio, j\u00f3ias, tabaco, alimentos, presentes, produtos de consumo di\u00e1rio,<\/td>\n<\/tr>\n<tr>\n<td width=\"373\">Controlo de qualidade<\/td>\n<td width=\"373\">Equipamento avan\u00e7ado e equipa QC experiente verificam rigorosamente o material, os produtos semi-acabados e acabados em cada etapa antes de<\/td>\n<\/tr>\n<tr>\n<td width=\"373\">Pre\u00e7o<\/td>\n<td width=\"373\">O pre\u00e7o final ser\u00e1 adaptado ao seu produto e \u00e0 quantidade de que necessita<\/td>\n<\/tr>\n<tr>\n<td width=\"373\">Tempo de rota\u00e7\u00e3o<\/td>\n<td width=\"373\">7-14 dias \u00fateis, com urg\u00eancia<\/td>\n<\/tr>\n<tr>\n<td width=\"373\">Papel em stock<\/td>\n<td width=\"373\">10pt a 28pt (60lb a 400lb) Kraft ecol\u00f3gico, cart\u00e3o canelado e-flute, cart\u00e3o bux, cartolina<\/td>\n<\/tr>\n<tr>\n<td width=\"373\">Formato da obra de arte<\/td>\n<td width=\"373\">JPG, PDF, AI, CDR, EPS, GIF....<\/td>\n<\/tr>\n<tr>\n<td width=\"373\">Acess\u00f3rios<\/td>\n<td width=\"373\">\u00cdman, fita, forma EVA, tabuleiro de pl\u00e1stico, esponja, janela PVC\/PET\/PP,...<\/td>\n<\/tr>\n<tr>\n<td width=\"373\">Prazo de pagamento<\/td>\n<td width=\"373\">T\/T, Western Union, Paypal, dep\u00f3sito 30% e saldo 70% antes do envio.<\/td>\n<\/tr>\n<\/tbody>\n<\/table>\n<\/div>\n<\/div>\n<\/div>\n<\/div>\n<\/div>\n<\/div>\n<\/div>\n<\/div>\n<\/div>\n<\/div>\n<div class=\"widget block block-static-block\">\n<div class=\"landing-page-section option-bottom\">\n<div class=\"custom-materials-tabs-content container container-adjustment\">\n<div class=\"custom-materials-tab-content active\">\n<div class=\"widget block block-static-block\">\n<div class=\"options-items\">\n<div class=\"flex-grid-row-option\">\n<div class=\"flex-grid-item-option\">\n<div class=\"material-box\">\n<p>&nbsp;<\/p>\n<\/div>\n<\/div>\n<\/div>\n<\/div>\n<p><!---end of option item--><\/p>\n<\/div>\n<\/div>\n<\/div>\n<\/div>\n<\/div>","protected":false},"excerpt":{"rendered":"<p>1. O design da gaveta da caixa de papel desliza para abrir, facilitando a abertura e o fecho, reduzindo o tempo de opera\u00e7\u00e3o do utilizador<br \/>\n2. Com uma fita acess\u00f3ria, \u00e9 f\u00e1cil de retirar e melhorar o reconhecimento da marca<br \/>\n3. O estilo de design da caixa da embalagem incorpora o design do M\u00e9dio Oriente, reflecte a cultura regional e destaca-se pela sua linguagem visual \u00fanica e adaptabilidade funcional<br \/>\n4. Tipo de caixa personaliz\u00e1vel, tamanho, estilo de design para se adaptar a diferentes embalagens de perfume<\/p>","protected":false},"featured_media":3142,"template":"","meta":[],"product_brand":[],"product_cat":[30,417,31,426],"product_tag":[688,340,689],"class_list":{"0":"post-3140","1":"product","2":"type-product","3":"status-publish","4":"has-post-thumbnail","6":"product_cat-by-industry","7":"product_cat-custom-perfume-boxes-by-industry","8":"product_cat-paper-box-style","9":"product_cat-paper-drawer-boxes","10":"product_tag-luxury-scent-packaging","11":"product_tag-perfume-packaging-boxes","12":"product_tag-scent-packaging-supplier","14":"first","15":"instock","16":"shipping-taxable","17":"product-type-grouped"},"_links":{"self":[{"href":"https:\/\/zojopackaging.com\/pt\/wp-json\/wp\/v2\/product\/3140","targetHints":{"allow":["GET"]}}],"collection":[{"href":"https:\/\/zojopackaging.com\/pt\/wp-json\/wp\/v2\/product"}],"about":[{"href":"https:\/\/zojopackaging.com\/pt\/wp-json\/wp\/v2\/types\/product"}],"version-history":[{"count":2,"href":"https:\/\/zojopackaging.com\/pt\/wp-json\/wp\/v2\/product\/3140\/revisions"}],"predecessor-version":[{"id":8410,"href":"https:\/\/zojopackaging.com\/pt\/wp-json\/wp\/v2\/product\/3140\/revisions\/8410"}],"wp:featuredmedia":[{"embeddable":true,"href":"https:\/\/zojopackaging.com\/pt\/wp-json\/wp\/v2\/media\/3142"}],"wp:attachment":[{"href":"https:\/\/zojopackaging.com\/pt\/wp-json\/wp\/v2\/media?parent=3140"}],"wp:term":[{"taxonomy":"product_brand","embeddable":true,"href":"https:\/\/zojopackaging.com\/pt\/wp-json\/wp\/v2\/product_brand?post=3140"},{"taxonomy":"product_cat","embeddable":true,"href":"https:\/\/zojopackaging.com\/pt\/wp-json\/wp\/v2\/product_cat?post=3140"},{"taxonomy":"product_tag","embeddable":true,"href":"https:\/\/zojopackaging.com\/pt\/wp-json\/wp\/v2\/product_tag?post=3140"}],"curies":[{"name":"wp","href":"https:\/\/api.w.org\/{rel}","templated":true}]}}