{"id":3178,"date":"2024-03-14T14:59:30","date_gmt":"2024-03-14T06:59:30","guid":{"rendered":"https:\/\/zojopackaging.com\/?post_type=product&#038;p=3178"},"modified":"2025-03-27T19:46:39","modified_gmt":"2025-03-27T11:46:39","slug":"custom-flip-cover-perfume-boxes","status":"publish","type":"product","link":"https:\/\/zojopackaging.com\/pt\/product\/custom-flip-cover-perfume-boxes\/","title":{"rendered":"Caixa de Perfumes de Luxo Personalizada Fabricante Fornecedores F\u00e1brica"},"content":{"rendered":"<h1>Caixa de Perfumes de Luxo Personalizada Fabricante Fornecedores F\u00e1brica<\/h1>\n<p>A f\u00e1brica de fornecedores de caixas de perfume de luxo personalizadas \u00e9 uma solu\u00e7\u00e3o de embalagem elegante e ecol\u00f3gica para os seus produtos de perfume premium. Fabricadas a partir de materiais sustent\u00e1veis e de alta qualidade, estas caixas apresentam um design elegante de tampa articulada numa cor verde vibrante que exala eleg\u00e2ncia e sofistica\u00e7\u00e3o.<\/p>\n<p>Concebidas para proporcionar prote\u00e7\u00e3o e apelo est\u00e9tico, estas caixas personalizadas podem ser personalizadas com o log\u00f3tipo da sua marca, mensagens e outros elementos de design para criar uma embalagem \u00fanica e apelativa que se identifique com o seu p\u00fablico-alvo. A tampa articulada acrescenta um toque de luxo e exclusividade \u00e0 apresenta\u00e7\u00e3o geral, tornando-a perfeita para oferta ou exposi\u00e7\u00e3o a retalho.<\/p>\n<p>N\u00e3o s\u00f3 estas caixas de perfume de luxo personalizadas aumentam o valor percebido dos seus produtos, como tamb\u00e9m demonstram o seu compromisso com a sustentabilidade e a responsabilidade ambiental. Eleve a imagem da sua marca com estas solu\u00e7\u00f5es de embalagem ecol\u00f3gicas e visualmente impressionantes, proporcionando uma experi\u00eancia de desembalagem memor\u00e1vel para os seus clientes, ao mesmo tempo que causa um impacto positivo no planeta.<\/p>\n<h1><strong>Especifica\u00e7\u00e3o<\/strong><\/h1>\n<div class=\"widget block block-static-block\">\n<div class=\"landing-page-section option-bottom\">\n<div class=\"custom-materials-tabs-content container container-adjustment\">\n<div class=\"custom-materials-tab-content active\">\n<div class=\"widget block block-static-block\">\n<div class=\"options-items\">\n<div class=\"flex-grid-row-option\">\n<div class=\"flex-grid-item-option\">\n<div class=\"material-box\">\n<div class=\"material-des\">\n<table width=\"1070\">\n<tbody>\n<tr>\n<td width=\"373\">Dimens\u00f5es<\/td>\n<td width=\"373\">Todos os tamanhos e formas personalizados<\/td>\n<\/tr>\n<tr>\n<td width=\"373\">MOQ<\/td>\n<td width=\"373\">500 unidades<\/td>\n<\/tr>\n<tr>\n<td width=\"373\">Tempo de amostragem<\/td>\n<td width=\"373\">3-5 dias<\/td>\n<\/tr>\n<tr>\n<td width=\"373\">Processo por defeito<\/td>\n<td width=\"373\">Corte e vinco, colagem, ranhura, perfura\u00e7\u00e3o<\/td>\n<\/tr>\n<tr>\n<td width=\"373\">Impress\u00e3o<\/td>\n<td width=\"373\">Cmyk, pms, sem impress\u00e3o<\/td>\n<\/tr>\n<tr>\n<td width=\"373\">Op\u00e7\u00e3o de material<\/td>\n<td width=\"373\">Papel de cart\u00e3o branco, papel revestido, papel art\u00edstico, papel kraft, cart\u00e3o marfim, cart\u00e3o duplex, papel especial, etc.<\/td>\n<\/tr>\n<tr>\n<td width=\"373\">Acabamento de superf\u00edcies<\/td>\n<td width=\"373\">Lamina\u00e7\u00e3o mate\/brilhante, grava\u00e7\u00e3o em relevo, grava\u00e7\u00e3o em relevo, estampagem em folha, etc.<\/td>\n<\/tr>\n<tr>\n<td width=\"373\">Utiliza\u00e7\u00e3o na ind\u00fastria<\/td>\n<td width=\"373\">cosm\u00e9ticos, perfumes, vestu\u00e1rio, j\u00f3ias, tabaco, alimentos, presentes, produtos de consumo di\u00e1rio,<\/td>\n<\/tr>\n<tr>\n<td width=\"373\">Controlo de qualidade<\/td>\n<td width=\"373\">Equipamento avan\u00e7ado e equipa QC experiente verificam rigorosamente o material, os produtos semi-acabados e acabados em cada etapa antes de<\/td>\n<\/tr>\n<tr>\n<td width=\"373\">Pre\u00e7o<\/td>\n<td width=\"373\">O pre\u00e7o final ser\u00e1 adaptado ao seu produto e \u00e0 quantidade de que necessita<\/td>\n<\/tr>\n<tr>\n<td width=\"373\">Tempo de rota\u00e7\u00e3o<\/td>\n<td width=\"373\">7-14 dias \u00fateis, com urg\u00eancia<\/td>\n<\/tr>\n<tr>\n<td width=\"373\">Papel em stock<\/td>\n<td width=\"373\">10pt a 28pt (60lb a 400lb) Kraft ecol\u00f3gico, cart\u00e3o canelado e-flute, cart\u00e3o bux, cartolina<\/td>\n<\/tr>\n<tr>\n<td width=\"373\">Formato da obra de arte<\/td>\n<td width=\"373\">JPG, PDF, AI, CDR, EPS, GIF....<\/td>\n<\/tr>\n<tr>\n<td width=\"373\">Acess\u00f3rios<\/td>\n<td width=\"373\">\u00cdman, fita, forma EVA, tabuleiro de pl\u00e1stico, esponja, janela PVC\/PET\/PP,...<\/td>\n<\/tr>\n<tr>\n<td width=\"373\">Prazo de pagamento<\/td>\n<td width=\"373\">T\/T, Western Union, Paypal, dep\u00f3sito 30% e saldo 70% antes do envio.<\/td>\n<\/tr>\n<\/tbody>\n<\/table>\n<\/div>\n<\/div>\n<\/div>\n<\/div>\n<\/div>\n<\/div>\n<\/div>\n<\/div>\n<\/div>\n<\/div>\n<div class=\"widget block block-static-block\">\n<div class=\"landing-page-section option-bottom\">\n<div class=\"custom-materials-tabs-content container container-adjustment\">\n<div class=\"custom-materials-tab-content active\">\n<div class=\"widget block block-static-block\">\n<div class=\"options-items\">\n<div class=\"flex-grid-row-option\">\n<div class=\"flex-grid-item-option\">\n<div class=\"material-box\">\n<p>&nbsp;<\/p>\n<\/div>\n<\/div>\n<\/div>\n<\/div>\n<p><!---end of option item--><\/p>\n<\/div>\n<\/div>\n<\/div>\n<\/div>\n<\/div>","protected":false},"excerpt":{"rendered":"<p>1. A caixa de oferta em concha apresenta vantagens significativas em termos de funcionalidade e praticidade da embalagem gra\u00e7as \u00e0 sua conce\u00e7\u00e3o integrada de abertura e fecho<br \/>\n2. 157 g de papel de arte revestido C2S + 1200 g de material de cart\u00e3o r\u00edgido, resistente e duradouro<br \/>\n3. A cor verde amiga do ambiente \u00e9 universal como s\u00edmbolo ambiental, que pode rapidamente estabelecer a marca e o desenvolvimento sustent\u00e1vel<\/p>","protected":false},"featured_media":3183,"template":"","meta":[],"product_brand":[],"product_cat":[30,417,428,31],"product_tag":[701,333,702],"class_list":{"0":"post-3178","1":"product","2":"type-product","3":"status-publish","4":"has-post-thumbnail","6":"product_cat-by-industry","7":"product_cat-custom-perfume-boxes-by-industry","8":"product_cat-irregular-shaped-gift-boxes","9":"product_cat-paper-box-style","10":"product_tag-customized-perfume-box","11":"product_tag-luxury-perfume-box","12":"product_tag-perfume-box-manufacturer","14":"first","15":"instock","16":"shipping-taxable","17":"product-type-grouped"},"_links":{"self":[{"href":"https:\/\/zojopackaging.com\/pt\/wp-json\/wp\/v2\/product\/3178","targetHints":{"allow":["GET"]}}],"collection":[{"href":"https:\/\/zojopackaging.com\/pt\/wp-json\/wp\/v2\/product"}],"about":[{"href":"https:\/\/zojopackaging.com\/pt\/wp-json\/wp\/v2\/types\/product"}],"version-history":[{"count":2,"href":"https:\/\/zojopackaging.com\/pt\/wp-json\/wp\/v2\/product\/3178\/revisions"}],"predecessor-version":[{"id":8418,"href":"https:\/\/zojopackaging.com\/pt\/wp-json\/wp\/v2\/product\/3178\/revisions\/8418"}],"wp:featuredmedia":[{"embeddable":true,"href":"https:\/\/zojopackaging.com\/pt\/wp-json\/wp\/v2\/media\/3183"}],"wp:attachment":[{"href":"https:\/\/zojopackaging.com\/pt\/wp-json\/wp\/v2\/media?parent=3178"}],"wp:term":[{"taxonomy":"product_brand","embeddable":true,"href":"https:\/\/zojopackaging.com\/pt\/wp-json\/wp\/v2\/product_brand?post=3178"},{"taxonomy":"product_cat","embeddable":true,"href":"https:\/\/zojopackaging.com\/pt\/wp-json\/wp\/v2\/product_cat?post=3178"},{"taxonomy":"product_tag","embeddable":true,"href":"https:\/\/zojopackaging.com\/pt\/wp-json\/wp\/v2\/product_tag?post=3178"}],"curies":[{"name":"wp","href":"https:\/\/api.w.org\/{rel}","templated":true}]}}