{"id":3185,"date":"2024-03-14T15:03:02","date_gmt":"2024-03-14T07:03:02","guid":{"rendered":"https:\/\/zojopackaging.com\/?post_type=product&#038;p=3185"},"modified":"2025-03-27T19:31:51","modified_gmt":"2025-03-27T11:31:51","slug":"customized-perfume-packaging-gift-boxes","status":"publish","type":"product","link":"https:\/\/zojopackaging.com\/pt\/product\/customized-perfume-packaging-gift-boxes\/","title":{"rendered":"Caixa de Perfumes de Luxo Personalizada Conjunto de Embalagem para Presente Manufactuere"},"content":{"rendered":"<h1>Caixa de Perfumes de Luxo Personalizada Conjunto de Embalagem para Presente Manufactuere<\/h1>\n<p>As caixas de oferta de embalagens de perfumes personalizadas s\u00e3o o ep\u00edtome do luxo e da sofistica\u00e7\u00e3o, concebidas para elevar a experi\u00eancia de oferta dos seus produtos de perfumaria de alta qualidade. Estas caixas meticulosamente trabalhadas s\u00e3o feitas \u00e0 medida para apresentar os seus perfumes da forma mais elegante e cativante poss\u00edvel.<\/p>\n<p>Com um foco na personaliza\u00e7\u00e3o, estas caixas de oferta podem ser personalizadas para refletir a identidade da sua marca atrav\u00e9s de cores, log\u00f3tipos e elementos de design personalizados. A aten\u00e7\u00e3o aos detalhes da embalagem garante que cada caixa \u00e9 uma obra de arte, melhorando a apresenta\u00e7\u00e3o geral dos seus perfumes.<\/p>\n<p>Quer sejam utilizadas para ocasi\u00f5es especiais, ofertas empresariais ou para fins comerciais, estas caixas de oferta personalizadas d\u00e3o um toque de exclusividade e charme a cada experi\u00eancia de desembalagem. Os materiais de primeira qualidade e o artesanato requintado das caixas n\u00e3o s\u00f3 protegem os frascos de perfume, como tamb\u00e9m criam uma impress\u00e3o duradoura no destinat\u00e1rio.<\/p>\n<p>Fa\u00e7a uma declara\u00e7\u00e3o com os seus produtos de perfumaria escolhendo estas caixas de presente de embalagem personalizada que n\u00e3o s\u00f3 reflectem a qualidade da sua marca como tamb\u00e9m acrescentam uma sensa\u00e7\u00e3o de luxo e prest\u00edgio a cada momento de oferta.<\/p>\n<h1><strong>Especifica\u00e7\u00e3o<\/strong><\/h1>\n<div class=\"widget block block-static-block\">\n<div class=\"landing-page-section option-bottom\">\n<div class=\"custom-materials-tabs-content container container-adjustment\">\n<div class=\"custom-materials-tab-content active\">\n<div class=\"widget block block-static-block\">\n<div class=\"options-items\">\n<div class=\"flex-grid-row-option\">\n<div class=\"flex-grid-item-option\">\n<div class=\"material-box\">\n<div class=\"material-des\">\n<table width=\"1070\">\n<tbody>\n<tr>\n<td width=\"373\">Dimens\u00f5es<\/td>\n<td width=\"373\">Todos os tamanhos e formas personalizados<\/td>\n<\/tr>\n<tr>\n<td width=\"373\">MOQ<\/td>\n<td width=\"373\">500 unidades<\/td>\n<\/tr>\n<tr>\n<td width=\"373\">Tempo de amostragem<\/td>\n<td width=\"373\">3-5 dias<\/td>\n<\/tr>\n<tr>\n<td width=\"373\">Processo por defeito<\/td>\n<td width=\"373\">Corte e vinco, colagem, ranhura, perfura\u00e7\u00e3o<\/td>\n<\/tr>\n<tr>\n<td width=\"373\">Impress\u00e3o<\/td>\n<td width=\"373\">Cmyk, pms, sem impress\u00e3o<\/td>\n<\/tr>\n<tr>\n<td width=\"373\">Op\u00e7\u00e3o de material<\/td>\n<td width=\"373\">Papel de cart\u00e3o branco, papel revestido, papel art\u00edstico, papel kraft, cart\u00e3o marfim, cart\u00e3o duplex, papel especial, etc.<\/td>\n<\/tr>\n<tr>\n<td width=\"373\">Acabamento de superf\u00edcies<\/td>\n<td width=\"373\">Lamina\u00e7\u00e3o mate\/brilhante, grava\u00e7\u00e3o em relevo, grava\u00e7\u00e3o em relevo, estampagem em folha, etc.<\/td>\n<\/tr>\n<tr>\n<td width=\"373\">Utiliza\u00e7\u00e3o na ind\u00fastria<\/td>\n<td width=\"373\">cosm\u00e9ticos, perfumes, vestu\u00e1rio, j\u00f3ias, tabaco, alimentos, presentes, produtos de consumo di\u00e1rio,<\/td>\n<\/tr>\n<tr>\n<td width=\"373\">Controlo de qualidade<\/td>\n<td width=\"373\">Equipamento avan\u00e7ado e equipa QC experiente verificam rigorosamente o material, os produtos semi-acabados e acabados em cada etapa antes de<\/td>\n<\/tr>\n<tr>\n<td width=\"373\">Pre\u00e7o<\/td>\n<td width=\"373\">O pre\u00e7o final ser\u00e1 adaptado ao seu produto e \u00e0 quantidade de que necessita<\/td>\n<\/tr>\n<tr>\n<td width=\"373\">Tempo de rota\u00e7\u00e3o<\/td>\n<td width=\"373\">7-14 dias \u00fateis, com urg\u00eancia<\/td>\n<\/tr>\n<tr>\n<td width=\"373\">Papel em stock<\/td>\n<td width=\"373\">10pt a 28pt (60lb a 400lb) Kraft ecol\u00f3gico, cart\u00e3o canelado e-flute, cart\u00e3o bux, cartolina<\/td>\n<\/tr>\n<tr>\n<td width=\"373\">Formato da obra de arte<\/td>\n<td width=\"373\">JPG, PDF, AI, CDR, EPS, GIF....<\/td>\n<\/tr>\n<tr>\n<td width=\"373\">Acess\u00f3rios<\/td>\n<td width=\"373\">\u00cdman, fita, forma EVA, tabuleiro de pl\u00e1stico, esponja, janela PVC\/PET\/PP,...<\/td>\n<\/tr>\n<tr>\n<td width=\"373\">Prazo de pagamento<\/td>\n<td width=\"373\">T\/T, Western Union, Paypal, dep\u00f3sito 30% e saldo 70% antes do envio.<\/td>\n<\/tr>\n<\/tbody>\n<\/table>\n<\/div>\n<\/div>\n<\/div>\n<\/div>\n<\/div>\n<\/div>\n<\/div>\n<\/div>\n<\/div>\n<\/div>\n<div class=\"widget block block-static-block\">\n<div class=\"landing-page-section option-bottom\">\n<div class=\"custom-materials-tabs-content container container-adjustment\">\n<div class=\"custom-materials-tab-content active\">\n<div class=\"widget block block-static-block\">\n<div class=\"options-items\">\n<div class=\"flex-grid-row-option\">\n<div class=\"flex-grid-item-option\">\n<div class=\"material-box\">\n<p>&nbsp;<\/p>\n<\/div>\n<\/div>\n<\/div>\n<\/div>\n<p><!---end of option item--><\/p>\n<\/div>\n<\/div>\n<\/div>\n<\/div>\n<\/div>","protected":false},"excerpt":{"rendered":"<p>1. Atrav\u00e9s da tecnologia de porta dupla e fecho magn\u00e9tico, apresenta vantagens significativas na funcionalidade da embalagem e na experi\u00eancia do utilizador.<br \/>\n2. O processo de estampagem a quente da folha de ouro confere \u00e0 embalagem uma sensa\u00e7\u00e3o de luxo e uma apresenta\u00e7\u00e3o visual de alta qualidade<br \/>\n3. Somos bons a desenvolver formas especiais de caixas. Se tiver alguma ideia sobre formas de caixas, podemos transformar as suas ideias em realidade.<\/p>","protected":false},"featured_media":3190,"template":"","meta":[],"product_brand":[],"product_cat":[30,417,428,31],"product_tag":[699,698,700],"class_list":{"0":"post-3185","1":"product","2":"type-product","3":"status-publish","4":"has-post-thumbnail","6":"product_cat-by-industry","7":"product_cat-custom-perfume-boxes-by-industry","8":"product_cat-irregular-shaped-gift-boxes","9":"product_cat-paper-box-style","10":"product_tag-customize-perfume-box","11":"product_tag-perfume-box-gift","12":"product_tag-perfume-packaging-manufactuere","14":"first","15":"instock","16":"shipping-taxable","17":"product-type-grouped"},"_links":{"self":[{"href":"https:\/\/zojopackaging.com\/pt\/wp-json\/wp\/v2\/product\/3185","targetHints":{"allow":["GET"]}}],"collection":[{"href":"https:\/\/zojopackaging.com\/pt\/wp-json\/wp\/v2\/product"}],"about":[{"href":"https:\/\/zojopackaging.com\/pt\/wp-json\/wp\/v2\/types\/product"}],"version-history":[{"count":2,"href":"https:\/\/zojopackaging.com\/pt\/wp-json\/wp\/v2\/product\/3185\/revisions"}],"predecessor-version":[{"id":8416,"href":"https:\/\/zojopackaging.com\/pt\/wp-json\/wp\/v2\/product\/3185\/revisions\/8416"}],"wp:featuredmedia":[{"embeddable":true,"href":"https:\/\/zojopackaging.com\/pt\/wp-json\/wp\/v2\/media\/3190"}],"wp:attachment":[{"href":"https:\/\/zojopackaging.com\/pt\/wp-json\/wp\/v2\/media?parent=3185"}],"wp:term":[{"taxonomy":"product_brand","embeddable":true,"href":"https:\/\/zojopackaging.com\/pt\/wp-json\/wp\/v2\/product_brand?post=3185"},{"taxonomy":"product_cat","embeddable":true,"href":"https:\/\/zojopackaging.com\/pt\/wp-json\/wp\/v2\/product_cat?post=3185"},{"taxonomy":"product_tag","embeddable":true,"href":"https:\/\/zojopackaging.com\/pt\/wp-json\/wp\/v2\/product_tag?post=3185"}],"curies":[{"name":"wp","href":"https:\/\/api.w.org\/{rel}","templated":true}]}}