{"id":3192,"date":"2024-03-14T15:07:45","date_gmt":"2024-03-14T07:07:45","guid":{"rendered":"https:\/\/zojopackaging.com\/?post_type=product&#038;p=3192"},"modified":"2025-03-28T11:48:45","modified_gmt":"2025-03-28T03:48:45","slug":"custom-rigid-cardboard-perfume-boxes","status":"publish","type":"product","link":"https:\/\/zojopackaging.com\/pt\/product\/custom-rigid-cardboard-perfume-boxes\/","title":{"rendered":"Caixas de presente de perfume de luxo com abertura de porta dupla personalizadas OEM"},"content":{"rendered":"<h1>Caixas de presente de perfume de luxo com abertura de porta dupla personalizadas OEM<\/h1>\n<div class=\"rich-text-wrap\">\n<div class=\"container\">\n<p>Com mais de 13 anos de experi\u00eancia <strong>fabrico de caixas de cart\u00e3o<\/strong>Somos um dos principais fabricantes e fornecedores de <a href=\"https:\/\/zojopackaging.com\/pt\/categoria-produto\/custom-perfume-boxes\/\"><strong>caixas de perfumes em cart\u00e3o<\/strong><\/a>,\u00a0<strong><a href=\"https:\/\/zojopackaging.com\/pt\/categoria-produto\/custom-perfume-boxes\/\">caixas r\u00edgidas<\/a>,\u00a0<a href=\"https:\/\/zojopackaging.com\/pt\/categoria-produto\/custom-gift-box\/\">caixas de oferta<\/a><\/strong>e\u00a0<a href=\"https:\/\/zojopackaging.com\/pt\/categoria-produto\/custom-cosmetic-boxes\/\"><strong>caixas de cosm\u00e9ticos<\/strong><\/a>.<\/p>\n<p>N\u00f3s tratamos da conce\u00e7\u00e3o,\u00a0<a href=\"https:\/\/zojopackaging.com\/pt\/custom-packaging-boxes\/\">impress\u00e3o<\/a>e produ\u00e7\u00e3o de\u00a0<strong>caixas de cart\u00e3o por atacado<\/strong>\u00a0com uma encomenda m\u00ednima de 3.000 pe\u00e7as. Os nossos artes\u00e3os especializados sempre trabalharam em estreita colabora\u00e7\u00e3o com os clientes, garantindo que apenas produzimos produtos de alta qualidade e feitos \u00e0 medida\u00a0<strong>caixas de perfume de luxo<\/strong>.<\/p>\n<\/div>\n<\/div>\n<div class=\"double-text\">\n<div class=\"container\">\n<div class=\"text\">\n<div class=\"left\">\n<h2>Porqu\u00ea personalizar os designs das caixas de cart\u00e3o para a sua marca<\/h2>\n<p>Porque \u00e9 que \u00e9 essencial\u00a0<a href=\"https:\/\/zojopackaging.com\/pt\/custom-packaging-boxes\/\">ter uma caixa de cart\u00e3o r\u00edgido personalizada<\/a>\u00a0para a sua marca? Eis as raz\u00f5es:<\/p>\n<ul>\n<li>\n<h4>Protege verdadeiramente o seu produto.<\/h4>\n<\/li>\n<\/ul>\n<p>Uma vez que n\u00e3o existe uma caixa \u00fanica para todos, \u00e9 crucial saber o valor de obter uma\u00a0<strong>conce\u00e7\u00e3o de caixas personalizadas<\/strong>. O tamanho ideal da caixa para o seu produto ser\u00e1 a sua primeira linha de defesa para salvaguardar os seus produtos, tais como perfumes e cosm\u00e9ticos.<\/p>\n<ul>\n<li aria-level=\"1\">\n<h4>Ir\u00e1 atrair novos clientes.<\/h4>\n<\/li>\n<\/ul>\n<p>A\u00a0<strong>caixa de cart\u00e3o por medida<\/strong>\u00a0pode atrair novos clientes, pois estes achar\u00e3o o design e a estrutura \u00fanicos, como se tivesse sido fabricado apenas para a sua marca.<\/p>\n<ul>\n<li aria-level=\"1\">\n<h4>Pode refor\u00e7ar a imagem da sua marca.<\/h4>\n<\/li>\n<\/ul>\n<p>Os clientes encontram\u00a0<strong>imprimir caixas de cart\u00e3o<\/strong>\u00a0e podem fazer da sua marca um utilit\u00e1rio de assinatura. Lembre-se, os consumidores confiam e dependem deste tipo de visuais que tendem a deixar impress\u00f5es de marca duradouras.<\/p>\n<\/div>\n<div class=\"right\">\n<h2>Cores, estilos e muito mais da caixa de cart\u00e3o r\u00edgido \u00e0 medida<\/h2>\n<p>O nosso\u00a0<strong>caixas de cart\u00e3o personalizadas<\/strong>\u00a0est\u00e3o dispon\u00edveis em encomendas OEM e ODM, que s\u00e3o f\u00e1ceis e r\u00e1pidas de comercializar. Aqui na Hongyi, garantimos que os nossos clientes t\u00eam uma vasta sele\u00e7\u00e3o de produtos:<\/p>\n<ul>\n<li aria-level=\"1\">materiais para caixas de cart\u00e3o<\/li>\n<li aria-level=\"1\">estilos de caixas de cart\u00e3o<\/li>\n<li aria-level=\"1\">forma de caixa de cart\u00e3o<\/li>\n<li aria-level=\"1\">cores de caixas de cart\u00e3o<\/li>\n<li aria-level=\"1\">tamanhos de caixas de cart\u00e3o<\/li>\n<li aria-level=\"1\">decora\u00e7\u00e3o e pe\u00e7as de caixas de cart\u00e3o<\/li>\n<li aria-level=\"1\">impress\u00e3o de caixas de cart\u00e3o e log\u00f3tipo<\/li>\n<li aria-level=\"1\">Revestimento em EVA, EPE ou esponja<\/li>\n<\/ul>\n<\/div>\n<\/div>\n<\/div>\n<\/div>\n<h1><strong>Especifica\u00e7\u00e3o<\/strong><\/h1>\n<div class=\"widget block block-static-block\">\n<div class=\"landing-page-section option-bottom\">\n<div class=\"custom-materials-tabs-content container container-adjustment\">\n<div class=\"custom-materials-tab-content active\">\n<div class=\"widget block block-static-block\">\n<div class=\"options-items\">\n<div class=\"flex-grid-row-option\">\n<div class=\"flex-grid-item-option\">\n<div class=\"material-box\">\n<div class=\"material-des\">\n<table width=\"1070\">\n<tbody>\n<tr>\n<td width=\"373\">Dimens\u00f5es<\/td>\n<td width=\"373\">Todos os tamanhos e formas personalizados<\/td>\n<\/tr>\n<tr>\n<td width=\"373\">MOQ<\/td>\n<td width=\"373\">500 unidades<\/td>\n<\/tr>\n<tr>\n<td width=\"373\">Tempo de amostragem<\/td>\n<td width=\"373\">3-5 dias<\/td>\n<\/tr>\n<tr>\n<td width=\"373\">Processo por defeito<\/td>\n<td width=\"373\">Corte e vinco, colagem, ranhura, perfura\u00e7\u00e3o<\/td>\n<\/tr>\n<tr>\n<td width=\"373\">Impress\u00e3o<\/td>\n<td width=\"373\">Cmyk, pms, sem impress\u00e3o<\/td>\n<\/tr>\n<tr>\n<td width=\"373\">Op\u00e7\u00e3o de material<\/td>\n<td width=\"373\">Papel de cart\u00e3o branco, papel revestido, papel art\u00edstico, papel kraft, cart\u00e3o marfim, cart\u00e3o duplex, papel especial, etc.<\/td>\n<\/tr>\n<tr>\n<td width=\"373\">Acabamento de superf\u00edcies<\/td>\n<td width=\"373\">Lamina\u00e7\u00e3o mate\/brilhante, grava\u00e7\u00e3o em relevo, grava\u00e7\u00e3o em relevo, estampagem em folha, etc.<\/td>\n<\/tr>\n<tr>\n<td width=\"373\">Utiliza\u00e7\u00e3o na ind\u00fastria<\/td>\n<td width=\"373\">cosm\u00e9ticos, perfumes, vestu\u00e1rio, j\u00f3ias, tabaco, alimentos, presentes, produtos de consumo di\u00e1rio,<\/td>\n<\/tr>\n<tr>\n<td width=\"373\">Controlo de qualidade<\/td>\n<td width=\"373\">Equipamento avan\u00e7ado e equipa QC experiente verificam rigorosamente o material, os produtos semi-acabados e acabados em cada etapa antes de<\/td>\n<\/tr>\n<tr>\n<td width=\"373\">Pre\u00e7o<\/td>\n<td width=\"373\">O pre\u00e7o final ser\u00e1 adaptado ao seu produto e \u00e0 quantidade de que necessita<\/td>\n<\/tr>\n<tr>\n<td width=\"373\">Tempo de rota\u00e7\u00e3o<\/td>\n<td width=\"373\">7-14 dias \u00fateis, com urg\u00eancia<\/td>\n<\/tr>\n<tr>\n<td width=\"373\">Papel em stock<\/td>\n<td width=\"373\">10pt a 28pt (60lb a 400lb) Kraft ecol\u00f3gico, cart\u00e3o canelado e-flute, cart\u00e3o bux, cartolina<\/td>\n<\/tr>\n<tr>\n<td width=\"373\">Formato da obra de arte<\/td>\n<td width=\"373\">JPG, PDF, AI, CDR, EPS, GIF....<\/td>\n<\/tr>\n<tr>\n<td width=\"373\">Acess\u00f3rios<\/td>\n<td width=\"373\">\u00cdman, fita, forma EVA, tabuleiro de pl\u00e1stico, esponja, janela PVC\/PET\/PP,...<\/td>\n<\/tr>\n<tr>\n<td width=\"373\">Prazo de pagamento<\/td>\n<td width=\"373\">T\/T, Western Union, Paypal, dep\u00f3sito 30% e saldo 70% antes do envio.<\/td>\n<\/tr>\n<\/tbody>\n<\/table>\n<\/div>\n<\/div>\n<\/div>\n<\/div>\n<\/div>\n<\/div>\n<\/div>\n<\/div>\n<\/div>\n<\/div>\n<div class=\"widget block block-static-block\">\n<div class=\"landing-page-section option-bottom\">\n<div class=\"custom-materials-tabs-content container container-adjustment\">\n<div class=\"custom-materials-tab-content active\">\n<div class=\"widget block block-static-block\">\n<div class=\"options-items\">\n<div class=\"flex-grid-row-option\">\n<div class=\"flex-grid-item-option\">\n<div class=\"material-box\">\n<p>&nbsp;<\/p>\n<\/div>\n<\/div>\n<\/div>\n<\/div>\n<p><!---end of option item--><\/p>\n<\/div>\n<\/div>\n<\/div>\n<\/div>\n<\/div>","protected":false},"excerpt":{"rendered":"<p>1. Caixa de embalagem de perfume com abertura de porta dupla, m\u00e9todo de abertura \u00fanico, melhora a experi\u00eancia de desembalagem do utilizador<br \/>\n2. V\u00e1rios tamanhos podem ser personalizados de acordo com o seu produto, adequado para todos os tipos de embalagens de perfume<\/p>","protected":false},"featured_media":3196,"template":"","meta":[],"product_brand":[],"product_cat":[30,417,428,31],"product_tag":[764,763,445],"class_list":{"0":"post-3192","1":"product","2":"type-product","3":"status-publish","4":"has-post-thumbnail","6":"product_cat-by-industry","7":"product_cat-custom-perfume-boxes-by-industry","8":"product_cat-irregular-shaped-gift-boxes","9":"product_cat-paper-box-style","10":"product_tag-custom-perfume-gift-boxes","11":"product_tag-double-door-perfume-boxes","12":"product_tag-luxury-perfume-gift-boxes","14":"first","15":"instock","16":"shipping-taxable","17":"product-type-grouped"},"_links":{"self":[{"href":"https:\/\/zojopackaging.com\/pt\/wp-json\/wp\/v2\/product\/3192","targetHints":{"allow":["GET"]}}],"collection":[{"href":"https:\/\/zojopackaging.com\/pt\/wp-json\/wp\/v2\/product"}],"about":[{"href":"https:\/\/zojopackaging.com\/pt\/wp-json\/wp\/v2\/types\/product"}],"version-history":[{"count":2,"href":"https:\/\/zojopackaging.com\/pt\/wp-json\/wp\/v2\/product\/3192\/revisions"}],"predecessor-version":[{"id":8446,"href":"https:\/\/zojopackaging.com\/pt\/wp-json\/wp\/v2\/product\/3192\/revisions\/8446"}],"wp:featuredmedia":[{"embeddable":true,"href":"https:\/\/zojopackaging.com\/pt\/wp-json\/wp\/v2\/media\/3196"}],"wp:attachment":[{"href":"https:\/\/zojopackaging.com\/pt\/wp-json\/wp\/v2\/media?parent=3192"}],"wp:term":[{"taxonomy":"product_brand","embeddable":true,"href":"https:\/\/zojopackaging.com\/pt\/wp-json\/wp\/v2\/product_brand?post=3192"},{"taxonomy":"product_cat","embeddable":true,"href":"https:\/\/zojopackaging.com\/pt\/wp-json\/wp\/v2\/product_cat?post=3192"},{"taxonomy":"product_tag","embeddable":true,"href":"https:\/\/zojopackaging.com\/pt\/wp-json\/wp\/v2\/product_tag?post=3192"}],"curies":[{"name":"wp","href":"https:\/\/api.w.org\/{rel}","templated":true}]}}