{"id":3199,"date":"2024-03-14T15:12:34","date_gmt":"2024-03-14T07:12:34","guid":{"rendered":"https:\/\/zojopackaging.com\/?post_type=product&#038;p=3199"},"modified":"2025-03-27T21:37:33","modified_gmt":"2025-03-27T13:37:33","slug":"wholesale-oem-odm-luxury-perfume-box","status":"publish","type":"product","link":"https:\/\/zojopackaging.com\/pt\/product\/wholesale-oem-odm-luxury-perfume-box\/","title":{"rendered":"Caixa de perfume de luxo por atacado OEM ODM"},"content":{"rendered":"<h1>Caixa de perfume de luxo por atacado OEM ODM<\/h1>\n<p>O conjunto de embalagens de perfume de luxo inclui uma caixa de anel de punho angular e um frasco de perfume cl\u00e1ssico, dando-lhe a op\u00e7\u00e3o de personalizar cada parte com os seus requisitos especiais (tamanhos, cores, impress\u00f5es, etc.).<\/p>\n<h2>Cobrimos v\u00e1rias necessidades<\/h2>\n<ul>\n<li>Tem alguma ideia?<\/li>\n<li>J\u00e1 tem em mente as especifica\u00e7\u00f5es das caixas de perfume?<\/li>\n<li>Tem frascos de perfume que precisam de uma embalagem personalizada?<\/li>\n<\/ul>\n<p>Pode encontrar caixas de perfume de alta qualidade que protegem o frasco de perfume e o conte\u00fado do calor, da humidade e dos danos causados pelo transporte. Contacte a nossa equipa hoje para falar sobre o seu projeto de embalagem de caixas de perfume.<\/p>\n<h2>Utilizamos materiais recicl\u00e1veis e biodegrad\u00e1veis<\/h2>\n<p>A escolha de materiais amigos do ambiente melhora a identidade da sua marca como uma empresa ecol\u00f3gica, atraindo mais clientes para a sua marca.<\/p>\n<p>Valorizando a sustentabilidade e a prote\u00e7\u00e3o do ambiente, utilizamos madeira biodegrad\u00e1vel, cart\u00e3o e materiais de poliuretano para as caixas de perfume personalizadas.<\/p>\n<h1><strong>Especifica\u00e7\u00e3o<\/strong><\/h1>\n<div class=\"widget block block-static-block\">\n<div class=\"landing-page-section option-bottom\">\n<div class=\"custom-materials-tabs-content container container-adjustment\">\n<div class=\"custom-materials-tab-content active\">\n<div class=\"widget block block-static-block\">\n<div class=\"options-items\">\n<div class=\"flex-grid-row-option\">\n<div class=\"flex-grid-item-option\">\n<div class=\"material-box\">\n<div class=\"material-des\">\n<table width=\"1070\">\n<tbody>\n<tr>\n<td width=\"373\">Dimens\u00f5es<\/td>\n<td width=\"373\">Todos os tamanhos e formas personalizados<\/td>\n<\/tr>\n<tr>\n<td width=\"373\">MOQ<\/td>\n<td width=\"373\">500 unidades<\/td>\n<\/tr>\n<tr>\n<td width=\"373\">Tempo de amostragem<\/td>\n<td width=\"373\">3-5 dias<\/td>\n<\/tr>\n<tr>\n<td width=\"373\">Processo por defeito<\/td>\n<td width=\"373\">Corte e vinco, colagem, ranhura, perfura\u00e7\u00e3o<\/td>\n<\/tr>\n<tr>\n<td width=\"373\">Impress\u00e3o<\/td>\n<td width=\"373\">Cmyk, pms, sem impress\u00e3o<\/td>\n<\/tr>\n<tr>\n<td width=\"373\">Op\u00e7\u00e3o de material<\/td>\n<td width=\"373\">Papel de cart\u00e3o branco, papel revestido, papel art\u00edstico, papel kraft, cart\u00e3o marfim, cart\u00e3o duplex, papel especial, etc.<\/td>\n<\/tr>\n<tr>\n<td width=\"373\">Acabamento de superf\u00edcies<\/td>\n<td width=\"373\">Lamina\u00e7\u00e3o mate\/brilhante, grava\u00e7\u00e3o em relevo, grava\u00e7\u00e3o em relevo, estampagem em folha, etc.<\/td>\n<\/tr>\n<tr>\n<td width=\"373\">Utiliza\u00e7\u00e3o na ind\u00fastria<\/td>\n<td width=\"373\">cosm\u00e9ticos, perfumes, vestu\u00e1rio, j\u00f3ias, tabaco, alimentos, presentes, produtos de consumo di\u00e1rio,<\/td>\n<\/tr>\n<tr>\n<td width=\"373\">Controlo de qualidade<\/td>\n<td width=\"373\">Equipamento avan\u00e7ado e equipa QC experiente verificam rigorosamente o material, os produtos semi-acabados e acabados em cada etapa antes de<\/td>\n<\/tr>\n<tr>\n<td width=\"373\">Pre\u00e7o<\/td>\n<td width=\"373\">O pre\u00e7o final ser\u00e1 adaptado ao seu produto e \u00e0 quantidade de que necessita<\/td>\n<\/tr>\n<tr>\n<td width=\"373\">Tempo de rota\u00e7\u00e3o<\/td>\n<td width=\"373\">7-14 dias \u00fateis, com urg\u00eancia<\/td>\n<\/tr>\n<tr>\n<td width=\"373\">Papel em stock<\/td>\n<td width=\"373\">10pt a 28pt (60lb a 400lb) Kraft ecol\u00f3gico, cart\u00e3o canelado e-flute, cart\u00e3o bux, cartolina<\/td>\n<\/tr>\n<tr>\n<td width=\"373\">Formato da obra de arte<\/td>\n<td width=\"373\">JPG, PDF, AI, CDR, EPS, GIF....<\/td>\n<\/tr>\n<tr>\n<td width=\"373\">Acess\u00f3rios<\/td>\n<td width=\"373\">\u00cdman, fita, forma EVA, tabuleiro de pl\u00e1stico, esponja, janela PVC\/PET\/PP,...<\/td>\n<\/tr>\n<tr>\n<td width=\"373\">Prazo de pagamento<\/td>\n<td width=\"373\">T\/T, Western Union, Paypal, dep\u00f3sito 30% e saldo 70% antes do envio.<\/td>\n<\/tr>\n<\/tbody>\n<\/table>\n<\/div>\n<\/div>\n<\/div>\n<\/div>\n<\/div>\n<\/div>\n<\/div>\n<\/div>\n<\/div>\n<\/div>\n<div class=\"widget block block-static-block\">\n<div class=\"landing-page-section option-bottom\">\n<div class=\"custom-materials-tabs-content container container-adjustment\">\n<div class=\"custom-materials-tab-content active\">\n<div class=\"widget block block-static-block\">\n<div class=\"options-items\">\n<div class=\"flex-grid-row-option\">\n<div class=\"flex-grid-item-option\">\n<div class=\"material-box\">\n<p>&nbsp;<\/p>\n<\/div>\n<\/div>\n<\/div>\n<\/div>\n<p><!---end of option item--><\/p>\n<\/div>\n<\/div>\n<\/div>\n<\/div>\n<\/div>","protected":false},"excerpt":{"rendered":"<ul>\n<li>MOQ: 500 pe\u00e7as<\/li>\n<li>Tempo de entrega: 7-14 dias \u00fateis, Rush<\/li>\n<li>Dimens\u00e3o (di\u00e2metro x altura) \u00e0 medida<\/li>\n<li>Impress\u00e3o personalizada<\/li>\n<li>Amigo do ambiente, recicl\u00e1vel e sem pl\u00e1stico<\/li>\n<li>Pre\u00e7o\uff1aO pre\u00e7o final ser\u00e1 adaptado ao seu produto e \u00e0 quantidade que necessita<\/li>\n<\/ul>","protected":false},"featured_media":3203,"template":"","meta":[],"product_brand":[],"product_cat":[30,417,425,31],"product_tag":[333,249,726],"class_list":{"0":"post-3199","1":"product","2":"type-product","3":"status-publish","4":"has-post-thumbnail","6":"product_cat-by-industry","7":"product_cat-custom-perfume-boxes-by-industry","8":"product_cat-lid-and-base-gift-box","9":"product_cat-paper-box-style","10":"product_tag-luxury-perfume-box","11":"product_tag-paper-perfume-boxes","12":"product_tag-perfume-box-wholesale","14":"first","15":"instock","16":"shipping-taxable","17":"product-type-grouped"},"_links":{"self":[{"href":"https:\/\/zojopackaging.com\/pt\/wp-json\/wp\/v2\/product\/3199","targetHints":{"allow":["GET"]}}],"collection":[{"href":"https:\/\/zojopackaging.com\/pt\/wp-json\/wp\/v2\/product"}],"about":[{"href":"https:\/\/zojopackaging.com\/pt\/wp-json\/wp\/v2\/types\/product"}],"version-history":[{"count":2,"href":"https:\/\/zojopackaging.com\/pt\/wp-json\/wp\/v2\/product\/3199\/revisions"}],"predecessor-version":[{"id":8428,"href":"https:\/\/zojopackaging.com\/pt\/wp-json\/wp\/v2\/product\/3199\/revisions\/8428"}],"wp:featuredmedia":[{"embeddable":true,"href":"https:\/\/zojopackaging.com\/pt\/wp-json\/wp\/v2\/media\/3203"}],"wp:attachment":[{"href":"https:\/\/zojopackaging.com\/pt\/wp-json\/wp\/v2\/media?parent=3199"}],"wp:term":[{"taxonomy":"product_brand","embeddable":true,"href":"https:\/\/zojopackaging.com\/pt\/wp-json\/wp\/v2\/product_brand?post=3199"},{"taxonomy":"product_cat","embeddable":true,"href":"https:\/\/zojopackaging.com\/pt\/wp-json\/wp\/v2\/product_cat?post=3199"},{"taxonomy":"product_tag","embeddable":true,"href":"https:\/\/zojopackaging.com\/pt\/wp-json\/wp\/v2\/product_tag?post=3199"}],"curies":[{"name":"wp","href":"https:\/\/api.w.org\/{rel}","templated":true}]}}