{"id":3214,"date":"2024-03-14T15:25:11","date_gmt":"2024-03-14T07:25:11","guid":{"rendered":"https:\/\/zojopackaging.com\/?post_type=product&#038;p=3214"},"modified":"2025-03-27T19:59:22","modified_gmt":"2025-03-27T11:59:22","slug":"custom-perfume-rigid-packaging-box","status":"publish","type":"product","link":"https:\/\/zojopackaging.com\/pt\/product\/custom-perfume-rigid-packaging-box\/","title":{"rendered":"Caixas vazias personalizadas de 50 ml para embalagem de perfume para presente Fornecedor"},"content":{"rendered":"<h1>Caixas vazias personalizadas de 50 ml para embalagem de perfume para presente Fornecedor<\/h1>\n<p>O fornecedor de caixas de embalagem para oferta de perfumes de 50 ml vazias personalizadas \u00e9 o ep\u00edtome do luxo e da sofistica\u00e7\u00e3o, concebido para proporcionar uma apresenta\u00e7\u00e3o elegante e de qualidade superior para os seus produtos de perfumaria. Fabricada a partir de materiais r\u00edgidos de alta qualidade, como cart\u00e3o resistente ou aglomerado de madeira, esta caixa oferece um inv\u00f3lucro duradouro e protetor para os seus perfumes, ao mesmo tempo que exala uma sensa\u00e7\u00e3o de exclusividade e opul\u00eancia.<\/p>\n<p>Com foco na personaliza\u00e7\u00e3o, esta caixa r\u00edgida pode ser adaptada para refletir a identidade da sua marca atrav\u00e9s de cores personalizadas, acabamentos, grava\u00e7\u00e3o em relevo, grava\u00e7\u00e3o em relevo e outros elementos de design. A aten\u00e7\u00e3o ao pormenor na constru\u00e7\u00e3o e acabamento da caixa garante um aspeto impec\u00e1vel e polido que melhora a apresenta\u00e7\u00e3o geral dos seus perfumes.<\/p>\n<p>Ideal para expositores de retalho topo de gama, conjuntos de oferta ou promo\u00e7\u00f5es especiais, a caixa de embalagem r\u00edgida para perfume personalizada acrescenta um toque de sofistica\u00e7\u00e3o e luxo a cada experi\u00eancia de desembalagem. A sua constru\u00e7\u00e3o robusta n\u00e3o s\u00f3 protege os frascos de perfume, como tamb\u00e9m cria uma impress\u00e3o duradoura no destinat\u00e1rio, tornando-a uma solu\u00e7\u00e3o de embalagem memor\u00e1vel e impactante para a sua marca.<\/p>\n<p>Escolha a caixa de embalagem r\u00edgida personalizada para perfumes para elevar a embalagem dos seus produtos de perfumaria, mostrando o seu compromisso com a qualidade e o luxo e criando uma experi\u00eancia distinta e memor\u00e1vel para os seus clientes.<\/p>\n<h1><strong>Especifica\u00e7\u00e3o<\/strong><\/h1>\n<table style=\"border-collapse: collapse; width: 759.02pt;\" border=\"0\" width=\"1012\" cellspacing=\"0\" cellpadding=\"0\">\n<tbody>\n<tr style=\"height: 16.50pt;\">\n<td class=\"et3\" style=\"height: 16.50pt; width: 379.50pt;\" width=\"506\" height=\"22\">Dimens\u00f5es<\/td>\n<td class=\"et3\" style=\"width: 379.50pt;\" width=\"506\">Todos os tamanhos e formas personalizados<\/td>\n<\/tr>\n<tr style=\"height: 16.50pt;\">\n<td class=\"et3\" style=\"height: 16.50pt;\" height=\"22\">Quantidade m\u00ednima<\/td>\n<td class=\"et3\">50 caixas (op\u00e7\u00e3o de amostra \u00e0 prova de fogo dispon\u00edvel)<\/td>\n<\/tr>\n<tr style=\"height: 16.50pt;\">\n<td class=\"et3\" style=\"height: 16.50pt;\" height=\"22\">Processo por defeito<\/td>\n<td class=\"et3\">Corte e vinco, colagem, ranhura, perfura\u00e7\u00e3o<\/td>\n<\/tr>\n<tr style=\"height: 16.50pt;\">\n<td class=\"et3\" style=\"height: 16.50pt;\" height=\"22\">Impress\u00e3o<\/td>\n<td class=\"et3\">Cmyk, pms, sem impress\u00e3o<\/td>\n<\/tr>\n<tr style=\"height: 16.50pt;\">\n<td class=\"et3\" style=\"height: 16.50pt;\" height=\"22\">Op\u00e7\u00e3o de material<\/td>\n<td class=\"et3\">Papel de cart\u00e3o branco, papel revestido, papel art\u00edstico, papel kraft, cart\u00e3o marfim, cart\u00e3o duplex, papel especial, etc.<\/td>\n<\/tr>\n<tr style=\"height: 17.25pt;\">\n<td class=\"et3\" style=\"height: 17.25pt;\" height=\"23\">Acabamento de superf\u00edcies<\/td>\n<td class=\"et4\" style=\"width: 379.50pt;\" width=\"506\">Lamina\u00e7\u00e3o mate\/brilhante, grava\u00e7\u00e3o em relevo, grava\u00e7\u00e3o em relevo, estampagem em folha, etc.<\/td>\n<\/tr>\n<tr style=\"height: 17.25pt;\">\n<td class=\"et4\" style=\"height: 17.25pt; width: 379.50pt;\" width=\"506\" height=\"23\">Utiliza\u00e7\u00e3o na ind\u00fastria<\/td>\n<td class=\"et4\" style=\"width: 379.50pt;\" width=\"506\">cosm\u00e9ticos, perfumes, vestu\u00e1rio, j\u00f3ias, tabaco, alimentos, presentes, produtos de consumo di\u00e1rio,<\/td>\n<\/tr>\n<tr style=\"height: 34.50pt;\">\n<td class=\"et4\" style=\"height: 34.50pt; width: 379.50pt;\" width=\"506\" height=\"46\">Controlo de qualidade<\/td>\n<td class=\"et4\" style=\"width: 379.50pt;\" width=\"506\">Equipamento avan\u00e7ado e equipa QC experiente verificam rigorosamente o material, os produtos semi-acabados e acabados em cada etapa antes de<\/td>\n<\/tr>\n<tr style=\"height: 34.50pt;\">\n<td class=\"et4\" style=\"height: 34.50pt; width: 379.50pt;\" width=\"506\" height=\"46\">Pre\u00e7o<\/td>\n<td class=\"et4\" style=\"width: 379.50pt;\" width=\"506\">O pre\u00e7o final ser\u00e1 adaptado ao seu produto e \u00e0 quantidade de que necessita<\/td>\n<\/tr>\n<tr style=\"height: 16.50pt;\">\n<td class=\"et3\" style=\"height: 16.50pt;\" height=\"22\">Tempo de rota\u00e7\u00e3o<\/td>\n<td class=\"et3\">10-12 dias \u00fateis, com urg\u00eancia<\/td>\n<\/tr>\n<tr style=\"height: 16.50pt;\">\n<td class=\"et3\" style=\"height: 16.50pt;\" height=\"22\">Papel em stock<\/td>\n<td class=\"et3\">10pt a 28pt (60lb a 400lb) Kraft ecol\u00f3gico, cart\u00e3o canelado e-flute, cart\u00e3o bux, cartolina<\/td>\n<\/tr>\n<tr style=\"height: 16.50pt;\">\n<td class=\"et3\" style=\"height: 16.50pt;\" height=\"22\">Prova<\/td>\n<td class=\"et3\">Vista plana, maqueta 3d, amostragem f\u00edsica (a pedido)<\/td>\n<\/tr>\n<\/tbody>\n<\/table>\n<div class=\"widget block block-static-block\">\n<div class=\"landing-page-section option-bottom\">\n<div class=\"custom-materials-tabs-content container container-adjustment\">\n<div class=\"custom-materials-tab-content active\">\n<div class=\"widget block block-static-block\">\n<div class=\"options-items\">\n<div class=\"flex-grid-row-option\">\n<div class=\"flex-grid-item-option\">\n<div class=\"material-box\">\n<div class=\"material-des\">\n<p>&nbsp;<\/p>\n<\/div>\n<p>&nbsp;<\/p>\n<\/div>\n<\/div>\n<\/div>\n<\/div>\n<p><!---end of option item--><\/p>\n<\/div>\n<\/div>\n<\/div>\n<\/div>\n<\/div>","protected":false},"excerpt":{"rendered":"<p>1. Feito de papel especial, o design da superf\u00edcie da caixa \u00e9 simples mas n\u00e3o deixa de ser luxuoso<br \/>\n2. A caixa tem uma tampa e uma base que s\u00e3o f\u00e1ceis de transportar e poupam os h\u00e1bitos dos consumidores<br \/>\n3. 157 g de papel de arte revestido C2S + 1200 g de material de cart\u00e3o r\u00edgido Material amigo do ambiente e de desenvolvimento sustent\u00e1vel<\/p>","protected":false},"featured_media":3216,"template":"","meta":[],"product_brand":[],"product_cat":[30,417,425,31],"product_tag":[703,704,694],"class_list":{"0":"post-3214","1":"product","2":"type-product","3":"status-publish","4":"has-post-thumbnail","6":"product_cat-by-industry","7":"product_cat-custom-perfume-boxes-by-industry","8":"product_cat-lid-and-base-gift-box","9":"product_cat-paper-box-style","10":"product_tag-50ml-perfume-gift-boxes","11":"product_tag-perfume-boxes-supplier","12":"product_tag-perfume-gift-packaging","14":"first","15":"instock","16":"shipping-taxable","17":"product-type-grouped"},"_links":{"self":[{"href":"https:\/\/zojopackaging.com\/pt\/wp-json\/wp\/v2\/product\/3214","targetHints":{"allow":["GET"]}}],"collection":[{"href":"https:\/\/zojopackaging.com\/pt\/wp-json\/wp\/v2\/product"}],"about":[{"href":"https:\/\/zojopackaging.com\/pt\/wp-json\/wp\/v2\/types\/product"}],"version-history":[{"count":2,"href":"https:\/\/zojopackaging.com\/pt\/wp-json\/wp\/v2\/product\/3214\/revisions"}],"predecessor-version":[{"id":8419,"href":"https:\/\/zojopackaging.com\/pt\/wp-json\/wp\/v2\/product\/3214\/revisions\/8419"}],"wp:featuredmedia":[{"embeddable":true,"href":"https:\/\/zojopackaging.com\/pt\/wp-json\/wp\/v2\/media\/3216"}],"wp:attachment":[{"href":"https:\/\/zojopackaging.com\/pt\/wp-json\/wp\/v2\/media?parent=3214"}],"wp:term":[{"taxonomy":"product_brand","embeddable":true,"href":"https:\/\/zojopackaging.com\/pt\/wp-json\/wp\/v2\/product_brand?post=3214"},{"taxonomy":"product_cat","embeddable":true,"href":"https:\/\/zojopackaging.com\/pt\/wp-json\/wp\/v2\/product_cat?post=3214"},{"taxonomy":"product_tag","embeddable":true,"href":"https:\/\/zojopackaging.com\/pt\/wp-json\/wp\/v2\/product_tag?post=3214"}],"curies":[{"name":"wp","href":"https:\/\/api.w.org\/{rel}","templated":true}]}}