{"id":3236,"date":"2024-03-14T17:02:17","date_gmt":"2024-03-14T09:02:17","guid":{"rendered":"https:\/\/zojopackaging.com\/?post_type=product&#038;p=3236"},"modified":"2025-03-27T19:17:34","modified_gmt":"2025-03-27T11:17:34","slug":"custom-perfume-gift-packing-box","status":"publish","type":"product","link":"https:\/\/zojopackaging.com\/pt\/product\/custom-perfume-gift-packing-box\/","title":{"rendered":"OEM ODM Caixa de Conjuntos de Oferta de Perfume de Col\u00f3nia Personalizada para Mulheres"},"content":{"rendered":"<h1>OEM ODM Caixa de Conjuntos de Oferta de Perfume de Col\u00f3nia Personalizada para Mulheres<\/h1>\n<p>A caixa de embalagem para presente de perfume personalizada foi concebida para melhorar a apresenta\u00e7\u00e3o do seu presente de perfume requintado. Fabricada com materiais de alta qualidade, esta caixa apresenta um design luxuoso que exala eleg\u00e2ncia e sofistica\u00e7\u00e3o. A caixa \u00e9 meticulosamente constru\u00edda para manter o frasco de perfume no lugar, garantindo a sua seguran\u00e7a durante o transporte ou exposi\u00e7\u00e3o.<\/p>\n<p>O exterior da caixa pode ser personalizado de modo a refletir a identidade da sua marca ou o tema do perfume, com op\u00e7\u00f5es de relevo, folha de alum\u00ednio ou impress\u00e3o. O interior tamb\u00e9m pode ser personalizado para incluir uma inser\u00e7\u00e3o almofadada ou um forro de cetim para dar um toque de luxo \u00e0 embalagem.<\/p>\n<p>Quer esteja a oferecer um perfume a um ente querido ou a expor os seus produtos num local de venda a retalho, a Caixa de embalagem para oferta de perfume personalizada \u00e9 a escolha perfeita para causar uma impress\u00e3o duradoura. Eleve o seu presente de perfume com esta solu\u00e7\u00e3o de embalagem requintada que ir\u00e1 certamente deliciar o destinat\u00e1rio e deixar uma impress\u00e3o duradoura.<\/p>\n<h1><strong>Especifica\u00e7\u00e3o<\/strong><\/h1>\n<div class=\"widget block block-static-block\">\n<div class=\"landing-page-section option-bottom\">\n<div class=\"custom-materials-tabs-content container container-adjustment\">\n<div class=\"custom-materials-tab-content active\">\n<div class=\"widget block block-static-block\">\n<div class=\"options-items\">\n<div class=\"flex-grid-row-option\">\n<div class=\"flex-grid-item-option\">\n<div class=\"material-box\">\n<div class=\"material-des\">\n<table width=\"1070\">\n<tbody>\n<tr>\n<td width=\"373\">Dimens\u00f5es<\/td>\n<td width=\"373\">Todos os tamanhos e formas personalizados<\/td>\n<\/tr>\n<tr>\n<td width=\"373\">MOQ<\/td>\n<td width=\"373\">500 unidades<\/td>\n<\/tr>\n<tr>\n<td width=\"373\">Tempo de amostragem<\/td>\n<td width=\"373\">3-5 dias<\/td>\n<\/tr>\n<tr>\n<td width=\"373\">Processo por defeito<\/td>\n<td width=\"373\">Corte e vinco, colagem, ranhura, perfura\u00e7\u00e3o<\/td>\n<\/tr>\n<tr>\n<td width=\"373\">Impress\u00e3o<\/td>\n<td width=\"373\">Cmyk, pms, sem impress\u00e3o<\/td>\n<\/tr>\n<tr>\n<td width=\"373\">Op\u00e7\u00e3o de material<\/td>\n<td width=\"373\">Papel de cart\u00e3o branco, papel revestido, papel art\u00edstico, papel kraft, cart\u00e3o marfim, cart\u00e3o duplex, papel especial, etc.<\/td>\n<\/tr>\n<tr>\n<td width=\"373\">Acabamento de superf\u00edcies<\/td>\n<td width=\"373\">Lamina\u00e7\u00e3o mate\/brilhante, grava\u00e7\u00e3o em relevo, grava\u00e7\u00e3o em relevo, estampagem em folha, etc.<\/td>\n<\/tr>\n<tr>\n<td width=\"373\">Utiliza\u00e7\u00e3o na ind\u00fastria<\/td>\n<td width=\"373\">cosm\u00e9ticos, perfumes, vestu\u00e1rio, j\u00f3ias, tabaco, alimentos, presentes, produtos de consumo di\u00e1rio,<\/td>\n<\/tr>\n<tr>\n<td width=\"373\">Controlo de qualidade<\/td>\n<td width=\"373\">Equipamento avan\u00e7ado e equipa QC experiente verificam rigorosamente o material, os produtos semi-acabados e acabados em cada etapa antes de<\/td>\n<\/tr>\n<tr>\n<td width=\"373\">Pre\u00e7o<\/td>\n<td width=\"373\">O pre\u00e7o final ser\u00e1 adaptado ao seu produto e \u00e0 quantidade de que necessita<\/td>\n<\/tr>\n<tr>\n<td width=\"373\">Tempo de rota\u00e7\u00e3o<\/td>\n<td width=\"373\">7-14 dias \u00fateis, com urg\u00eancia<\/td>\n<\/tr>\n<tr>\n<td width=\"373\">Papel em stock<\/td>\n<td width=\"373\">10pt a 28pt (60lb a 400lb) Kraft ecol\u00f3gico, cart\u00e3o canelado e-flute, cart\u00e3o bux, cartolina<\/td>\n<\/tr>\n<tr>\n<td width=\"373\">Formato da obra de arte<\/td>\n<td width=\"373\">JPG, PDF, AI, CDR, EPS, GIF....<\/td>\n<\/tr>\n<tr>\n<td width=\"373\">Acess\u00f3rios<\/td>\n<td width=\"373\">\u00cdman, fita, forma EVA, tabuleiro de pl\u00e1stico, esponja, janela PVC\/PET\/PP,...<\/td>\n<\/tr>\n<tr>\n<td width=\"373\">Prazo de pagamento<\/td>\n<td width=\"373\">T\/T, Western Union, Paypal, dep\u00f3sito 30% e saldo 70% antes do envio.<\/td>\n<\/tr>\n<\/tbody>\n<\/table>\n<\/div>\n<\/div>\n<\/div>\n<\/div>\n<\/div>\n<\/div>\n<\/div>\n<\/div>\n<\/div>\n<\/div>\n<div class=\"widget block block-static-block\">\n<div class=\"landing-page-section option-bottom\">\n<div class=\"custom-materials-tabs-content container container-adjustment\">\n<div class=\"custom-materials-tab-content active\">\n<div class=\"widget block block-static-block\">\n<div class=\"options-items\">\n<div class=\"flex-grid-row-option\">\n<div class=\"flex-grid-item-option\">\n<div class=\"material-box\">\n<p>&nbsp;<\/p>\n<\/div>\n<\/div>\n<\/div>\n<\/div>\n<p><!---end of option item--><\/p>\n<\/div>\n<\/div>\n<\/div>\n<\/div>\n<\/div>","protected":false},"excerpt":{"rendered":"<p>1. O tipo de caixa especial com tampa e base inclinadas adopta a estrutura da tampa superior e inferior, e a superf\u00edcie inclinada pode mostrar melhor o efeito do frasco de perfume<br \/>\n2. 157g C2S papel de arte revestido + 1200g material de cart\u00e3o r\u00edgido, superf\u00edcie lisa e bom efeito de colora\u00e7\u00e3o<br \/>\n3. Personaliza\u00e7\u00e3o ilimitada para se adequar \u00e0 sua s\u00e9rie de embalagens de perfume<\/p>","protected":false},"featured_media":3238,"template":"","meta":[],"product_brand":[],"product_cat":[30,417,425,31],"product_tag":[697,696,342],"class_list":{"0":"post-3236","1":"product","2":"type-product","3":"status-publish","4":"has-post-thumbnail","6":"product_cat-by-industry","7":"product_cat-custom-perfume-boxes-by-industry","8":"product_cat-lid-and-base-gift-box","9":"product_cat-paper-box-style","10":"product_tag-customized-cologne-perfume-box","11":"product_tag-customized-perfume-gift-box","12":"product_tag-perfume-gift-box","14":"first","15":"instock","16":"shipping-taxable","17":"product-type-grouped"},"_links":{"self":[{"href":"https:\/\/zojopackaging.com\/pt\/wp-json\/wp\/v2\/product\/3236","targetHints":{"allow":["GET"]}}],"collection":[{"href":"https:\/\/zojopackaging.com\/pt\/wp-json\/wp\/v2\/product"}],"about":[{"href":"https:\/\/zojopackaging.com\/pt\/wp-json\/wp\/v2\/types\/product"}],"version-history":[{"count":2,"href":"https:\/\/zojopackaging.com\/pt\/wp-json\/wp\/v2\/product\/3236\/revisions"}],"predecessor-version":[{"id":8415,"href":"https:\/\/zojopackaging.com\/pt\/wp-json\/wp\/v2\/product\/3236\/revisions\/8415"}],"wp:featuredmedia":[{"embeddable":true,"href":"https:\/\/zojopackaging.com\/pt\/wp-json\/wp\/v2\/media\/3238"}],"wp:attachment":[{"href":"https:\/\/zojopackaging.com\/pt\/wp-json\/wp\/v2\/media?parent=3236"}],"wp:term":[{"taxonomy":"product_brand","embeddable":true,"href":"https:\/\/zojopackaging.com\/pt\/wp-json\/wp\/v2\/product_brand?post=3236"},{"taxonomy":"product_cat","embeddable":true,"href":"https:\/\/zojopackaging.com\/pt\/wp-json\/wp\/v2\/product_cat?post=3236"},{"taxonomy":"product_tag","embeddable":true,"href":"https:\/\/zojopackaging.com\/pt\/wp-json\/wp\/v2\/product_tag?post=3236"}],"curies":[{"name":"wp","href":"https:\/\/api.w.org\/{rel}","templated":true}]}}