{"id":3260,"date":"2024-03-14T17:16:12","date_gmt":"2024-03-14T09:16:12","guid":{"rendered":"https:\/\/zojopackaging.com\/?post_type=product&#038;p=3260"},"modified":"2025-03-27T17:53:03","modified_gmt":"2025-03-27T09:53:03","slug":"luxury-paper-perfume-box","status":"publish","type":"product","link":"https:\/\/zojopackaging.com\/pt\/product\/luxury-paper-perfume-box\/","title":{"rendered":"Caixa de Perfume R\u00edgida para Fragr\u00e2ncias Personalizada Fabricante"},"content":{"rendered":"<h1>Caixa de Perfume R\u00edgida para Fragr\u00e2ncias Personalizada Fabricante<\/h1>\n<p>Fabricante criativo de caixas r\u00edgidas para perfumes personalizadas, a melhor solu\u00e7\u00e3o para as suas necessidades de embalagem de produtos de perfumaria. Fabricada com materiais de alta qualidade, esta caixa \u00e9 dur\u00e1vel e resistente, protegendo o seu perfume de danos durante o transporte e manuseamento. As nossas embalagens para perfumes s\u00e3o perfeitas para quem pretende que o seu produto exale luxo e sofistica\u00e7\u00e3o, sendo tamb\u00e9m ideais para oferecer como presente. N\u00e3o se contente com uma embalagem med\u00edocre - actualize para a Caixa de Embalagem para Perfumes hoje mesmo e experimente a diferen\u00e7a em termos de qualidade e apresenta\u00e7\u00e3o. Encomende agora e d\u00ea ao seu perfume a embalagem que ele merece!<\/p>\n<h1>Carater\u00edsticas<\/h1>\n<ul>\n<li><strong>Materiais de primeira qualidade<\/strong>: A caixa \u00e9 feita de papel de alta qualidade que oferece uma textura suave e luxuosa. O papel \u00e9 espesso e resistente, garantindo a prote\u00e7\u00e3o do frasco de perfume no seu interior.<\/li>\n<li><strong>Design elegante<\/strong>: A nossa equipa de design criou uma caixa visualmente deslumbrante que combina uma est\u00e9tica moderna com uma eleg\u00e2ncia cl\u00e1ssica.<\/li>\n<li><strong>Op\u00e7\u00f5es personaliz\u00e1veis<\/strong>: Compreendemos que cada marca tem a sua identidade \u00fanica. \u00c9 por isso que oferecemos amplas op\u00e7\u00f5es de personaliza\u00e7\u00e3o para a Caixa de Perfume de Papel de Luxo.<\/li>\n<\/ul>\n<div class=\"widget block block-static-block\">\n<div class=\"landing-page-section option-bottom\">\n<div class=\"custom-materials-tabs-content container container-adjustment\">\n<div class=\"custom-materials-tab-content active\">\n<div class=\"widget block block-static-block\">\n<div class=\"options-items\">\n<div class=\"flex-grid-row-option\">\n<div class=\"flex-grid-item-option\">\n<div class=\"material-box\">\n<div class=\"material-des\">\n<div class=\"widget block block-static-block\">\n<div class=\"landing-page-section option-bottom\">\n<div class=\"custom-materials-tabs-content container container-adjustment\">\n<div class=\"custom-materials-tab-content active\">\n<div class=\"widget block block-static-block\">\n<div class=\"options-items\">\n<div class=\"flex-grid-row-option\">\n<div class=\"flex-grid-item-option\">\n<div class=\"material-box\">\n<h1><strong>Especifica\u00e7\u00e3o<\/strong><\/h1>\n<div class=\"widget block block-static-block\">\n<div class=\"landing-page-section option-bottom\">\n<div class=\"custom-materials-tabs-content container container-adjustment\">\n<div class=\"custom-materials-tab-content active\">\n<div class=\"widget block block-static-block\">\n<div class=\"options-items\">\n<div class=\"flex-grid-row-option\">\n<div class=\"flex-grid-item-option\">\n<div class=\"material-box\">\n<div class=\"material-des\">\n<table width=\"1070\">\n<tbody>\n<tr>\n<td width=\"373\">Dimens\u00f5es<\/td>\n<td width=\"373\">Todos os tamanhos e formas personalizados<\/td>\n<\/tr>\n<tr>\n<td width=\"373\">MOQ<\/td>\n<td width=\"373\">500 unidades<\/td>\n<\/tr>\n<tr>\n<td width=\"373\">Tempo de amostragem<\/td>\n<td width=\"373\">3-5 dias<\/td>\n<\/tr>\n<tr>\n<td width=\"373\">Processo por defeito<\/td>\n<td width=\"373\">Corte e vinco, colagem, ranhura, perfura\u00e7\u00e3o<\/td>\n<\/tr>\n<tr>\n<td width=\"373\">Impress\u00e3o<\/td>\n<td width=\"373\">Cmyk, pms, sem impress\u00e3o<\/td>\n<\/tr>\n<tr>\n<td width=\"373\">Op\u00e7\u00e3o de material<\/td>\n<td width=\"373\">Papel de cart\u00e3o branco, papel revestido, papel art\u00edstico, papel kraft, cart\u00e3o marfim, cart\u00e3o duplex, papel especial, etc.<\/td>\n<\/tr>\n<tr>\n<td width=\"373\">Acabamento de superf\u00edcies<\/td>\n<td width=\"373\">Lamina\u00e7\u00e3o mate\/brilhante, grava\u00e7\u00e3o em relevo, grava\u00e7\u00e3o em relevo, estampagem em folha, etc.<\/td>\n<\/tr>\n<tr>\n<td width=\"373\">Utiliza\u00e7\u00e3o na ind\u00fastria<\/td>\n<td width=\"373\">cosm\u00e9ticos, perfumes, vestu\u00e1rio, j\u00f3ias, tabaco, alimentos, presentes, produtos de consumo di\u00e1rio,<\/td>\n<\/tr>\n<tr>\n<td width=\"373\">Controlo de qualidade<\/td>\n<td width=\"373\">Equipamento avan\u00e7ado e equipa QC experiente verificam rigorosamente o material, os produtos semi-acabados e acabados em cada etapa antes de<\/td>\n<\/tr>\n<tr>\n<td width=\"373\">Pre\u00e7o<\/td>\n<td width=\"373\">O pre\u00e7o final ser\u00e1 adaptado ao seu produto e \u00e0 quantidade de que necessita<\/td>\n<\/tr>\n<tr>\n<td width=\"373\">Tempo de rota\u00e7\u00e3o<\/td>\n<td width=\"373\">7-14 dias \u00fateis, com urg\u00eancia<\/td>\n<\/tr>\n<tr>\n<td width=\"373\">Papel em stock<\/td>\n<td width=\"373\">10pt a 28pt (60lb a 400lb) Kraft ecol\u00f3gico, cart\u00e3o canelado e-flute, cart\u00e3o bux, cartolina<\/td>\n<\/tr>\n<tr>\n<td width=\"373\">Formato da obra de arte<\/td>\n<td width=\"373\">JPG, PDF, AI, CDR, EPS, GIF....<\/td>\n<\/tr>\n<tr>\n<td width=\"373\">Acess\u00f3rios<\/td>\n<td width=\"373\">\u00cdman, fita, forma EVA, tabuleiro de pl\u00e1stico, esponja, janela PVC\/PET\/PP,...<\/td>\n<\/tr>\n<tr>\n<td width=\"373\">Prazo de pagamento<\/td>\n<td width=\"373\">T\/T, Western Union, Paypal, dep\u00f3sito 30% e saldo 70% antes do envio.<\/td>\n<\/tr>\n<\/tbody>\n<\/table>\n<\/div>\n<\/div>\n<\/div>\n<\/div>\n<\/div>\n<\/div>\n<\/div>\n<\/div>\n<\/div>\n<\/div>\n<\/div>\n<\/div>\n<\/div>\n<\/div>\n<\/div>\n<\/div>\n<\/div>\n<\/div>\n<\/div>\n<\/div>\n<p>&nbsp;<\/p>\n<\/div>\n<\/div>\n<\/div>\n<\/div>\n<p><!---end of option item--><\/p>\n<\/div>\n<\/div>\n<\/div>\n<\/div>\n<\/div>","protected":false},"excerpt":{"rendered":"<p>1. Tipo de caixa de fecho magn\u00e9tico especial, design com \u00edman incorporado para evitar o desgaste externo, fazendo com que a caixa de embalagem pare\u00e7a de alta qualidade<br \/>\n2. O material de papel especial \u00e9 simples mas elegante, muito adequado para produtos topo de gama<br \/>\n3. O processo de estampagem a quente, que apresenta perfeitamente os pequenos pormenores, confere \u00e0 embalagem uma sensa\u00e7\u00e3o de luxo e uma apresenta\u00e7\u00e3o visual de alta qualidade<\/p>","protected":false},"featured_media":6876,"template":"","meta":[],"product_brand":[],"product_cat":[30,417,424,31],"product_tag":[329,690,691],"class_list":{"0":"post-3260","1":"product","2":"type-product","3":"status-publish","4":"has-post-thumbnail","6":"product_cat-by-industry","7":"product_cat-custom-perfume-boxes-by-industry","8":"product_cat-magnetic-closure-boxes","9":"product_cat-paper-box-style","10":"product_tag-custom-perfume-box","11":"product_tag-fragrance-box-manufacturer","12":"product_tag-fragrance-rigid-perfume-box","14":"first","15":"instock","16":"shipping-taxable","17":"product-type-grouped"},"_links":{"self":[{"href":"https:\/\/zojopackaging.com\/pt\/wp-json\/wp\/v2\/product\/3260","targetHints":{"allow":["GET"]}}],"collection":[{"href":"https:\/\/zojopackaging.com\/pt\/wp-json\/wp\/v2\/product"}],"about":[{"href":"https:\/\/zojopackaging.com\/pt\/wp-json\/wp\/v2\/types\/product"}],"version-history":[{"count":2,"href":"https:\/\/zojopackaging.com\/pt\/wp-json\/wp\/v2\/product\/3260\/revisions"}],"predecessor-version":[{"id":8411,"href":"https:\/\/zojopackaging.com\/pt\/wp-json\/wp\/v2\/product\/3260\/revisions\/8411"}],"wp:featuredmedia":[{"embeddable":true,"href":"https:\/\/zojopackaging.com\/pt\/wp-json\/wp\/v2\/media\/6876"}],"wp:attachment":[{"href":"https:\/\/zojopackaging.com\/pt\/wp-json\/wp\/v2\/media?parent=3260"}],"wp:term":[{"taxonomy":"product_brand","embeddable":true,"href":"https:\/\/zojopackaging.com\/pt\/wp-json\/wp\/v2\/product_brand?post=3260"},{"taxonomy":"product_cat","embeddable":true,"href":"https:\/\/zojopackaging.com\/pt\/wp-json\/wp\/v2\/product_cat?post=3260"},{"taxonomy":"product_tag","embeddable":true,"href":"https:\/\/zojopackaging.com\/pt\/wp-json\/wp\/v2\/product_tag?post=3260"}],"curies":[{"name":"wp","href":"https:\/\/api.w.org\/{rel}","templated":true}]}}