{"id":3846,"date":"2024-03-20T11:24:51","date_gmt":"2024-03-20T03:24:51","guid":{"rendered":"https:\/\/zojopackaging.com\/?post_type=product&#038;p=3846"},"modified":"2025-03-27T20:54:21","modified_gmt":"2025-03-27T12:54:21","slug":"custom-pink-folding-packaging-box","status":"publish","type":"product","link":"https:\/\/zojopackaging.com\/pt\/product\/custom-pink-folding-packaging-box\/","title":{"rendered":"F\u00e1brica de caixas de embalagem de roupa com la\u00e7o de meia-cal\u00e7a personalizada"},"content":{"rendered":"<h1>Caixas de embalagem de vestu\u00e1rio com la\u00e7o para meias-cal\u00e7as personalizadas Fcatory<\/h1>\n<p>As caixas de embalagem de roupa para suti\u00e3 com gravata para collants personalizadas s\u00e3o uma solu\u00e7\u00e3o de embalagem elegante e pr\u00e1tica, concebida para melhorar a apresenta\u00e7\u00e3o dos seus produtos. Fabricada com materiais de alta qualidade, esta caixa oferece durabilidade e prote\u00e7\u00e3o, ao mesmo tempo que exala um toque de eleg\u00e2ncia com a sua cor rosa vibrante. O design dobr\u00e1vel permite uma montagem e arruma\u00e7\u00e3o f\u00e1ceis, tornando-a conveniente tanto para o envio como para a exposi\u00e7\u00e3o dos seus artigos.<\/p>\n<p>As op\u00e7\u00f5es de personaliza\u00e7\u00e3o s\u00e3o abundantes com esta caixa, permitindo-lhe adicionar o seu log\u00f3tipo, as cores da marca e quaisquer outros elementos de design para criar uma experi\u00eancia de embalagem \u00fanica e personalizada. O tom rosa acrescenta um toque feminino e apelativo, perfeito para produtos destinados a um p\u00fablico feminino ou para ocasi\u00f5es especiais, como anivers\u00e1rios ou feriados.<\/p>\n<p>Ideal para uma variedade de produtos, como j\u00f3ias, cosm\u00e9ticos ou pequenos presentes, a Caixa de embalagem dobr\u00e1vel rosa personalizada combina funcionalidade com est\u00e9tica para deixar uma impress\u00e3o duradoura nos seus clientes. Quer seja utilizada para fins de venda a retalho ou como parte de um conjunto de oferta, esta caixa ir\u00e1 certamente elevar a apresenta\u00e7\u00e3o geral dos seus produtos.<\/p>\n<h1><strong>Especifica\u00e7\u00e3o<\/strong><\/h1>\n<table style=\"height: 666px;\" width=\"1070\">\n<tbody>\n<tr>\n<td width=\"373\">Dimens\u00f5es<\/td>\n<td width=\"373\">Todos os tamanhos e formas personalizados<\/td>\n<\/tr>\n<tr>\n<td width=\"373\">MOQ<\/td>\n<td width=\"373\">500 unidades<\/td>\n<\/tr>\n<tr>\n<td width=\"373\">Tempo de amostragem<\/td>\n<td width=\"373\">3-5 dias<\/td>\n<\/tr>\n<tr>\n<td width=\"373\">Processo por defeito<\/td>\n<td width=\"373\">Corte e vinco, colagem, ranhura, perfura\u00e7\u00e3o<\/td>\n<\/tr>\n<tr>\n<td width=\"373\">Impress\u00e3o<\/td>\n<td width=\"373\">Cmyk, pms, sem impress\u00e3o<\/td>\n<\/tr>\n<tr>\n<td width=\"373\">Op\u00e7\u00e3o de material<\/td>\n<td width=\"373\">Papel de cart\u00e3o branco, papel revestido, papel art\u00edstico, papel kraft, cart\u00e3o marfim, cart\u00e3o duplex, papel especial, etc.<\/td>\n<\/tr>\n<tr>\n<td width=\"373\">Acabamento de superf\u00edcies<\/td>\n<td width=\"373\">Lamina\u00e7\u00e3o mate\/brilhante, grava\u00e7\u00e3o em relevo, grava\u00e7\u00e3o em relevo, estampagem em folha, etc.<\/td>\n<\/tr>\n<tr>\n<td width=\"373\">Utiliza\u00e7\u00e3o na ind\u00fastria<\/td>\n<td width=\"373\">cosm\u00e9ticos, perfumes, vestu\u00e1rio, j\u00f3ias, tabaco, alimentos, presentes, produtos de consumo di\u00e1rio,<\/td>\n<\/tr>\n<tr>\n<td width=\"373\">Controlo de qualidade<\/td>\n<td width=\"373\">Equipamento avan\u00e7ado e equipa QC experiente verificam rigorosamente o material, os produtos semi-acabados e acabados em cada etapa antes de<\/td>\n<\/tr>\n<tr>\n<td width=\"373\">Pre\u00e7o<\/td>\n<td width=\"373\">O pre\u00e7o final ser\u00e1 adaptado ao seu produto e \u00e0 quantidade de que necessita<\/td>\n<\/tr>\n<tr>\n<td width=\"373\">Tempo de rota\u00e7\u00e3o<\/td>\n<td width=\"373\">7-14 dias \u00fateis, com urg\u00eancia<\/td>\n<\/tr>\n<tr>\n<td width=\"373\">Papel em stock<\/td>\n<td width=\"373\">10pt a 28pt (60lb a 400lb) Kraft ecol\u00f3gico, cart\u00e3o canelado e-flute, cart\u00e3o bux, cartolina<\/td>\n<\/tr>\n<tr>\n<td width=\"373\">Formato da obra de arte<\/td>\n<td width=\"373\">JPG, PDF, AI, CDR, EPS, GIF....<\/td>\n<\/tr>\n<tr>\n<td width=\"373\">Acess\u00f3rios<\/td>\n<td width=\"373\">\u00cdman, fita, forma EVA, tabuleiro de pl\u00e1stico, esponja, janela PVC\/PET\/PP,...<\/td>\n<\/tr>\n<tr>\n<td width=\"373\">Prazo de pagamento<\/td>\n<td width=\"373\">T\/T, Western Union, Paypal, dep\u00f3sito 30% e saldo 70% antes do envio.<\/td>\n<\/tr>\n<\/tbody>\n<\/table>\n<div><\/div>\n<div class=\"widget block block-static-block\">\n<div class=\"landing-page-section option-bottom\">\n<div class=\"custom-materials-tabs-content container container-adjustment\">\n<div class=\"custom-materials-tab-content active\">\n<div class=\"widget block block-static-block\">\n<div class=\"options-items\">\n<div class=\"flex-grid-row-option\">\n<div class=\"flex-grid-item-option\">\n<div class=\"material-box\">\n<div class=\"material-des\">\n<h1><strong>FAQ<\/strong><\/h1>\n<p><strong>Se \u00e9 uma f\u00e1brica ?<\/strong><\/p>\n<p>Sim, somos uma f\u00e1brica, somos um fabricante profissional de caixa de papel e saco de papel.<\/p>\n<p><strong>Se pode ser expedido com o plano ?<\/strong><\/p>\n<p>N\u00e3o, \u00e9 feita de papel de arte + cart\u00e3o, por isso \u00e9 uma caixa de papel r\u00edgido<\/p>\n<p><strong>Podemos personalizar?<\/strong><\/p>\n<p>Sim, podemos personalizar a caixa de papel para si, para que possa escolher o tamanho da caixa, a cor da caixa e o log\u00f3tipo.<\/p>\n<p><strong>Se me podem fazer uma amostra?<\/strong><\/p>\n<p>Sim, podemos fazer uma amostra para si, e a taxa da amostra depende do processo.<\/p>\n<p><strong>Como encomendar?<\/strong><\/p>\n<ol>\n<li>Forne\u00e7a-nos os seus dados<\/li>\n<li>Damos-lhe um or\u00e7amento<\/li>\n<li>fazer uma amostra<\/li>\n<li>Pagar dep\u00f3sito<\/li>\n<li>Produ\u00e7\u00e3o em massa<\/li>\n<li>Pagar balacne<\/li>\n<li>Produto de expedi\u00e7\u00e3o<\/li>\n<\/ol>\n<p><strong>E o ficheiro de desenho?<\/strong><\/p>\n<p>PDF, AI s\u00e3o aceit\u00e1veis.<\/p>\n<p><strong>Quantas formas de enviar, qual \u00e9 a melhor?<\/strong><\/p>\n<p>Por mar, por expresso, por via a\u00e9rea, com base na data em que pretende receber a sua produ\u00e7\u00e3o e com base na quantidade encomendada.<\/p>\n<\/div>\n<p>&nbsp;<\/p>\n<\/div>\n<\/div>\n<\/div>\n<\/div>\n<\/div>\n<\/div>\n<\/div>\n<\/div>\n<\/div>\n<p>&nbsp;<\/p>\n<div class=\"widget block block-static-block\">\n<div class=\"landing-page-section option-bottom\">\n<div class=\"custom-materials-tabs-content container container-adjustment\">\n<div class=\"custom-materials-tab-content active\">\n<div class=\"widget block block-static-block\">\n<div class=\"options-items\">\n<div class=\"flex-grid-row-option\">\n<div class=\"flex-grid-item-option\">\n<div class=\"material-box\">\n<div class=\"material-des\">\n<p>&nbsp;<\/p>\n<\/div>\n<p>&nbsp;<\/p>\n<\/div>\n<\/div>\n<\/div>\n<\/div>\n<p><!---end of option item--><\/p>\n<\/div>\n<\/div>\n<\/div>\n<\/div>\n<\/div>","protected":false},"excerpt":{"rendered":"<p>1. Caixas de oferta dobr\u00e1veis para envio plano, poupando espa\u00e7o de transporte<br \/>\n2. V\u00e1rios tamanhos podem ser personalizados de acordo com os seus produtos, adequados para a embalagem de v\u00e1rios tipos de vestu\u00e1rio<br \/>\n3. A cor macaron reduz a fadiga visual e cria uma atmosfera relaxante e curativa<\/p>","protected":false},"featured_media":3852,"template":"","meta":[],"product_brand":[],"product_cat":[427,414,31],"product_tag":[714,712,713],"class_list":{"0":"post-3846","1":"product","2":"type-product","3":"status-publish","4":"has-post-thumbnail","6":"product_cat-collapsible-gift-boxes","7":"product_cat-custom-apparel-boxes","8":"product_cat-paper-box-style","9":"product_tag-clothing-packaging-boxes","10":"product_tag-pantyhose-packaging-boxes","11":"product_tag-tie-bra-packaging-fcatory","13":"first","14":"instock","15":"shipping-taxable","16":"product-type-grouped"},"_links":{"self":[{"href":"https:\/\/zojopackaging.com\/pt\/wp-json\/wp\/v2\/product\/3846","targetHints":{"allow":["GET"]}}],"collection":[{"href":"https:\/\/zojopackaging.com\/pt\/wp-json\/wp\/v2\/product"}],"about":[{"href":"https:\/\/zojopackaging.com\/pt\/wp-json\/wp\/v2\/types\/product"}],"version-history":[{"count":2,"href":"https:\/\/zojopackaging.com\/pt\/wp-json\/wp\/v2\/product\/3846\/revisions"}],"predecessor-version":[{"id":8423,"href":"https:\/\/zojopackaging.com\/pt\/wp-json\/wp\/v2\/product\/3846\/revisions\/8423"}],"wp:featuredmedia":[{"embeddable":true,"href":"https:\/\/zojopackaging.com\/pt\/wp-json\/wp\/v2\/media\/3852"}],"wp:attachment":[{"href":"https:\/\/zojopackaging.com\/pt\/wp-json\/wp\/v2\/media?parent=3846"}],"wp:term":[{"taxonomy":"product_brand","embeddable":true,"href":"https:\/\/zojopackaging.com\/pt\/wp-json\/wp\/v2\/product_brand?post=3846"},{"taxonomy":"product_cat","embeddable":true,"href":"https:\/\/zojopackaging.com\/pt\/wp-json\/wp\/v2\/product_cat?post=3846"},{"taxonomy":"product_tag","embeddable":true,"href":"https:\/\/zojopackaging.com\/pt\/wp-json\/wp\/v2\/product_tag?post=3846"}],"curies":[{"name":"wp","href":"https:\/\/api.w.org\/{rel}","templated":true}]}}