{"id":3853,"date":"2024-03-20T11:35:28","date_gmt":"2024-03-20T03:35:28","guid":{"rendered":"https:\/\/zojopackaging.com\/?post_type=product&#038;p=3853"},"modified":"2025-03-28T23:43:19","modified_gmt":"2025-03-28T15:43:19","slug":"customized-spring-festival-gift-box","status":"publish","type":"product","link":"https:\/\/zojopackaging.com\/pt\/product\/customized-spring-festival-gift-box\/","title":{"rendered":"Caixa de papel para embalagem de presente personalizada e ecol\u00f3gica para o Festival da primavera"},"content":{"rendered":"<h1>Caixa de papel para embalagem de presente personalizada e ecol\u00f3gica para o Festival da primavera<\/h1>\n<p>A caixa de papel para embalagem de presentes do Festival da primavera \u00e9 uma solu\u00e7\u00e3o de embalagem deliciosa e festiva, concebida para celebrar a alegre ocasi\u00e3o do Festival da primavera. Fabricada com materiais de alta qualidade, esta caixa de presente exala eleg\u00e2ncia e charme, tornando-a a escolha perfeita para oferecer presentes \u00e0 fam\u00edlia, amigos ou colegas de trabalho durante esta altura especial do ano.<\/p>\n<p>Adornada com motivos tradicionais do Festival da primavera, tais como flores de cerejeira, lanternas ou s\u00edmbolos auspiciosos, esta caixa de presente capta o esp\u00edrito da esta\u00e7\u00e3o e acrescenta um toque de significado cultural \u00e0 sua oferta. As op\u00e7\u00f5es de personaliza\u00e7\u00e3o permitem-lhe personalizar a caixa com sauda\u00e7\u00f5es, desejos ou mesmo com o nome do destinat\u00e1rio, criando uma experi\u00eancia de oferta verdadeiramente \u00fanica e memor\u00e1vel.<\/p>\n<p>Quer seja utilizada para oferecer guloseimas tradicionais, artigos especiais ou artigos de luxo, a Caixa de oferta personalizada do Festival da primavera \u00e9 uma solu\u00e7\u00e3o de embalagem vers\u00e1til e significativa. As suas cores vibrantes e os seus desenhos intrincados evocam uma sensa\u00e7\u00e3o de calor e felicidade, tornando-a numa recorda\u00e7\u00e3o apreciada muito depois de o festival ter passado.<\/p>\n<p>Celebre o Festival da primavera em grande estilo e mostre o seu apre\u00e7o aos seus entes queridos com a Caixa de oferta personalizada do Festival da primavera, uma forma atenciosa e bonita de partilhar o esp\u00edrito da esta\u00e7\u00e3o.<\/p>\n<h1><strong>Especifica\u00e7\u00e3o<\/strong><\/h1>\n<div class=\"widget block block-static-block\">\n<div class=\"landing-page-section option-bottom\">\n<div class=\"custom-materials-tabs-content container container-adjustment\">\n<div class=\"custom-materials-tab-content active\">\n<div class=\"widget block block-static-block\">\n<div class=\"options-items\">\n<div class=\"flex-grid-row-option\">\n<div class=\"flex-grid-item-option\">\n<div class=\"material-box\">\n<div class=\"material-des\">\n<table width=\"1070\">\n<tbody>\n<tr>\n<td width=\"373\">Dimens\u00f5es<\/td>\n<td width=\"373\">Todos os tamanhos e formas personalizados<\/td>\n<\/tr>\n<tr>\n<td width=\"373\">MOQ<\/td>\n<td width=\"373\">500 unidades<\/td>\n<\/tr>\n<tr>\n<td width=\"373\">Tempo de amostragem<\/td>\n<td width=\"373\">3-5 dias<\/td>\n<\/tr>\n<tr>\n<td width=\"373\">Processo por defeito<\/td>\n<td width=\"373\">Corte e vinco, colagem, ranhura, perfura\u00e7\u00e3o<\/td>\n<\/tr>\n<tr>\n<td width=\"373\">Impress\u00e3o<\/td>\n<td width=\"373\">Cmyk, pms, sem impress\u00e3o<\/td>\n<\/tr>\n<tr>\n<td width=\"373\">Op\u00e7\u00e3o de material<\/td>\n<td width=\"373\">Papel de cart\u00e3o branco, papel revestido, papel art\u00edstico, papel kraft, cart\u00e3o marfim, cart\u00e3o duplex, papel especial, etc.<\/td>\n<\/tr>\n<tr>\n<td width=\"373\">Acabamento de superf\u00edcies<\/td>\n<td width=\"373\">Lamina\u00e7\u00e3o mate\/brilhante, grava\u00e7\u00e3o em relevo, grava\u00e7\u00e3o em relevo, estampagem em folha, etc.<\/td>\n<\/tr>\n<tr>\n<td width=\"373\">Utiliza\u00e7\u00e3o na ind\u00fastria<\/td>\n<td width=\"373\">cosm\u00e9ticos, perfumes, vestu\u00e1rio, j\u00f3ias, tabaco, alimentos, presentes, produtos de consumo di\u00e1rio,<\/td>\n<\/tr>\n<tr>\n<td width=\"373\">Controlo de qualidade<\/td>\n<td width=\"373\">Equipamento avan\u00e7ado e equipa QC experiente verificam rigorosamente o material, os produtos semi-acabados e acabados em cada etapa antes de<\/td>\n<\/tr>\n<tr>\n<td width=\"373\">Pre\u00e7o<\/td>\n<td width=\"373\">O pre\u00e7o final ser\u00e1 adaptado ao seu produto e \u00e0 quantidade de que necessita<\/td>\n<\/tr>\n<tr>\n<td width=\"373\">Tempo de rota\u00e7\u00e3o<\/td>\n<td width=\"373\">7-14 dias \u00fateis, com urg\u00eancia<\/td>\n<\/tr>\n<tr>\n<td width=\"373\">Papel em stock<\/td>\n<td width=\"373\">10pt a 28pt (60lb a 400lb) Kraft ecol\u00f3gico, cart\u00e3o canelado e-flute, cart\u00e3o bux, cartolina<\/td>\n<\/tr>\n<tr>\n<td width=\"373\">Formato da obra de arte<\/td>\n<td width=\"373\">JPG, PDF, AI, CDR, EPS, GIF....<\/td>\n<\/tr>\n<tr>\n<td width=\"373\">Acess\u00f3rios<\/td>\n<td width=\"373\">\u00cdman, fita, forma EVA, tabuleiro de pl\u00e1stico, esponja, janela PVC\/PET\/PP,...<\/td>\n<\/tr>\n<tr>\n<td width=\"373\">Prazo de pagamento<\/td>\n<td width=\"373\">T\/T, Western Union, Paypal, dep\u00f3sito 30% e saldo 70% antes do envio.<\/td>\n<\/tr>\n<\/tbody>\n<\/table>\n<\/div>\n<\/div>\n<\/div>\n<\/div>\n<\/div>\n<\/div>\n<\/div>\n<\/div>\n<\/div>\n<\/div>\n<div class=\"widget block block-static-block\">\n<div class=\"landing-page-section option-bottom\">\n<div class=\"custom-materials-tabs-content container container-adjustment\">\n<div class=\"custom-materials-tab-content active\">\n<div class=\"widget block block-static-block\">\n<div class=\"options-items\">\n<div class=\"flex-grid-row-option\">\n<div class=\"flex-grid-item-option\">\n<div class=\"material-box\">\n<p>&nbsp;<\/p>\n<\/div>\n<\/div>\n<\/div>\n<\/div>\n<p><!---end of option item--><\/p>\n<\/div>\n<\/div>\n<\/div>\n<\/div>\n<\/div>","protected":false},"excerpt":{"rendered":"<p>A Zojo Printing oferece alta qualidade de Caixa de Presente de Ano Novo Caixa de Presente de Feriado por Atacado Caixa de Presente Festiva de Ano Novo Chin\u00eas Festival da primavera.<\/p>\n<ul>\n<li>MOQ: 500 pe\u00e7as<\/li>\n<li>Tempo de entrega: 7-14 dias \u00fateis, Rush<\/li>\n<li>Dimens\u00e3o (di\u00e2metro x altura) \u00e0 medida<\/li>\n<li>Impress\u00e3o personalizada<\/li>\n<li>Amigo do ambiente, recicl\u00e1vel e sem pl\u00e1stico<\/li>\n<li>Pre\u00e7o\uff1aO pre\u00e7o final ser\u00e1 adaptado ao seu produto e \u00e0 quantidade que necessita<\/li>\n<\/ul>","protected":false},"featured_media":3858,"template":"","meta":[],"product_brand":[],"product_cat":[30,423,424,31],"product_tag":[860,863,247],"class_list":{"0":"post-3853","1":"product","2":"type-product","3":"status-publish","4":"has-post-thumbnail","6":"product_cat-by-industry","7":"product_cat-custom-presentation-boxes-by-industry","8":"product_cat-magnetic-closure-boxes","9":"product_cat-paper-box-style","10":"product_tag-custom-paper-box","11":"product_tag-eco-friendly-gift-box","12":"product_tag-packaging-paper-box","14":"first","15":"instock","16":"shipping-taxable","17":"product-type-grouped"},"_links":{"self":[{"href":"https:\/\/zojopackaging.com\/pt\/wp-json\/wp\/v2\/product\/3853","targetHints":{"allow":["GET"]}}],"collection":[{"href":"https:\/\/zojopackaging.com\/pt\/wp-json\/wp\/v2\/product"}],"about":[{"href":"https:\/\/zojopackaging.com\/pt\/wp-json\/wp\/v2\/types\/product"}],"version-history":[{"count":2,"href":"https:\/\/zojopackaging.com\/pt\/wp-json\/wp\/v2\/product\/3853\/revisions"}],"predecessor-version":[{"id":7344,"href":"https:\/\/zojopackaging.com\/pt\/wp-json\/wp\/v2\/product\/3853\/revisions\/7344"}],"wp:featuredmedia":[{"embeddable":true,"href":"https:\/\/zojopackaging.com\/pt\/wp-json\/wp\/v2\/media\/3858"}],"wp:attachment":[{"href":"https:\/\/zojopackaging.com\/pt\/wp-json\/wp\/v2\/media?parent=3853"}],"wp:term":[{"taxonomy":"product_brand","embeddable":true,"href":"https:\/\/zojopackaging.com\/pt\/wp-json\/wp\/v2\/product_brand?post=3853"},{"taxonomy":"product_cat","embeddable":true,"href":"https:\/\/zojopackaging.com\/pt\/wp-json\/wp\/v2\/product_cat?post=3853"},{"taxonomy":"product_tag","embeddable":true,"href":"https:\/\/zojopackaging.com\/pt\/wp-json\/wp\/v2\/product_tag?post=3853"}],"curies":[{"name":"wp","href":"https:\/\/api.w.org\/{rel}","templated":true}]}}