{"id":3922,"date":"2024-03-20T14:49:56","date_gmt":"2024-03-20T06:49:56","guid":{"rendered":"https:\/\/zojopackaging.com\/?post_type=product&#038;p=3922"},"modified":"2025-03-28T16:15:46","modified_gmt":"2025-03-28T08:15:46","slug":"customized-christmas-tree-calendar-box","status":"publish","type":"product","link":"https:\/\/zojopackaging.com\/pt\/product\/customized-christmas-tree-calendar-box\/","title":{"rendered":"Caixa de calend\u00e1rio com \u00e1rvore de Natal personalizada Fabricante na China"},"content":{"rendered":"<h1>Caixa de calend\u00e1rio com \u00e1rvore de Natal personalizada Fabricante na China<\/h1>\n<p>A caixa de calend\u00e1rio personalizada com \u00e1rvore de Natal \u00e9 uma solu\u00e7\u00e3o de embalagem festiva e encantadora que d\u00e1 um toque de alegria natal\u00edcia ao seu produto de calend\u00e1rio. Esta caixa foi especialmente concebida para apresentar o seu calend\u00e1rio de uma forma \u00fanica e sazonal, tornando-o perfeito para promo\u00e7\u00f5es tem\u00e1ticas de Natal, presentes ou expositores de retalho.<\/p>\n<p>O exterior da caixa apresenta um design encantador de uma \u00e1rvore de Natal, com pormenores intrincados e cores vibrantes que captam o esp\u00edrito da \u00e9poca festiva. Este design caprichoso acrescenta um toque l\u00fadico e festivo \u00e0 embalagem, tornando-a numa pe\u00e7a de destaque que ir\u00e1 certamente atrair as aten\u00e7\u00f5es.<\/p>\n<p>No interior, o calend\u00e1rio \u00e9 mantido em seguran\u00e7a dentro da caixa, garantindo a sua prote\u00e7\u00e3o e organiza\u00e7\u00e3o. A Caixa Calend\u00e1rio \u00c1rvore de Natal Personalizada n\u00e3o \u00e9 apenas uma solu\u00e7\u00e3o de armazenamento pr\u00e1tica, mas tamb\u00e9m um acess\u00f3rio decorativo que melhora a apresenta\u00e7\u00e3o geral do seu calend\u00e1rio.<\/p>\n<p>Quer seja para uso pessoal, para oferta ou para venda a retalho, esta caixa personalizada \u00e9 uma forma agrad\u00e1vel e memor\u00e1vel de embalar o seu calend\u00e1rio durante a \u00e9poca festiva. A caixa de calend\u00e1rio personalizada com \u00e1rvore de Natal \u00e9 uma adi\u00e7\u00e3o divertida e festiva \u00e0 sua gama de produtos, ajudando a espalhar alegria e entusiasmo aos seus clientes.<\/p>\n<h1><strong>Especifica\u00e7\u00e3o<\/strong><\/h1>\n<table style=\"height: 666px;\" width=\"1070\">\n<tbody>\n<tr>\n<td width=\"373\">Dimens\u00f5es<\/td>\n<td width=\"373\">Todos os tamanhos e formas personalizados<\/td>\n<\/tr>\n<tr>\n<td width=\"373\">MOQ<\/td>\n<td width=\"373\">500 unidades<\/td>\n<\/tr>\n<tr>\n<td width=\"373\">Tempo de amostragem<\/td>\n<td width=\"373\">3-5 dias<\/td>\n<\/tr>\n<tr>\n<td width=\"373\">Processo por defeito<\/td>\n<td width=\"373\">Corte e vinco, colagem, ranhura, perfura\u00e7\u00e3o<\/td>\n<\/tr>\n<tr>\n<td width=\"373\">Impress\u00e3o<\/td>\n<td width=\"373\">Cmyk, pms, sem impress\u00e3o<\/td>\n<\/tr>\n<tr>\n<td width=\"373\">Op\u00e7\u00e3o de material<\/td>\n<td width=\"373\">Papel de cart\u00e3o branco, papel revestido, papel art\u00edstico, papel kraft, cart\u00e3o marfim, cart\u00e3o duplex, papel especial, etc.<\/td>\n<\/tr>\n<tr>\n<td width=\"373\">Acabamento de superf\u00edcies<\/td>\n<td width=\"373\">Lamina\u00e7\u00e3o mate\/brilhante, grava\u00e7\u00e3o em relevo, grava\u00e7\u00e3o em relevo, estampagem em folha, etc.<\/td>\n<\/tr>\n<tr>\n<td width=\"373\">Utiliza\u00e7\u00e3o na ind\u00fastria<\/td>\n<td width=\"373\">cosm\u00e9ticos, perfumes, vestu\u00e1rio, j\u00f3ias, tabaco, alimentos, presentes, produtos de consumo di\u00e1rio,<\/td>\n<\/tr>\n<tr>\n<td width=\"373\">Controlo de qualidade<\/td>\n<td width=\"373\">Equipamento avan\u00e7ado e equipa QC experiente verificam rigorosamente o material, os produtos semi-acabados e acabados em cada etapa antes de<\/td>\n<\/tr>\n<tr>\n<td width=\"373\">Pre\u00e7o<\/td>\n<td width=\"373\">O pre\u00e7o final ser\u00e1 adaptado ao seu produto e \u00e0 quantidade de que necessita<\/td>\n<\/tr>\n<tr>\n<td width=\"373\">Tempo de rota\u00e7\u00e3o<\/td>\n<td width=\"373\">7-14 dias \u00fateis, com urg\u00eancia<\/td>\n<\/tr>\n<tr>\n<td width=\"373\">Papel em stock<\/td>\n<td width=\"373\">10pt a 28pt (60lb a 400lb) Kraft ecol\u00f3gico, cart\u00e3o canelado e-flute, cart\u00e3o bux, cartolina<\/td>\n<\/tr>\n<tr>\n<td width=\"373\">Formato da obra de arte<\/td>\n<td width=\"373\">JPG, PDF, AI, CDR, EPS, GIF....<\/td>\n<\/tr>\n<tr>\n<td width=\"373\">Acess\u00f3rios<\/td>\n<td width=\"373\">\u00cdman, fita, forma EVA, tabuleiro de pl\u00e1stico, esponja, janela PVC\/PET\/PP,...<\/td>\n<\/tr>\n<tr>\n<td width=\"373\">Prazo de pagamento<\/td>\n<td width=\"373\">T\/T, Western Union, Paypal, dep\u00f3sito 30% e saldo 70% antes do envio.<\/td>\n<\/tr>\n<\/tbody>\n<\/table>\n<div class=\"widget block block-static-block\">\n<div class=\"landing-page-section option-bottom\">\n<div class=\"custom-materials-tabs-content container container-adjustment\">\n<div class=\"custom-materials-tab-content active\">\n<div class=\"widget block block-static-block\">\n<div class=\"options-items\">\n<div class=\"flex-grid-row-option\">\n<div class=\"flex-grid-item-option\">\n<div class=\"material-box\">\n<p>&nbsp;<\/p>\n<\/div>\n<\/div>\n<\/div>\n<\/div>\n<p><!---end of option item--><\/p>\n<\/div>\n<\/div>\n<\/div>\n<\/div>\n<\/div>","protected":false},"excerpt":{"rendered":"<p>Crie uma experi\u00eancia festiva com a nossa caixa de calend\u00e1rio de chocolate personalizada em forma de \u00e1rvore de Natal. Crie surpresas di\u00e1rias para as pessoas que lhe s\u00e3o queridas.<\/p>\n<p>Tipo de material: Amigo do ambiente, tem certifica\u00e7\u00e3o FSC\/ISO\/BSCI<br \/>\nTempo de produ\u00e7\u00e3o: Amostra 1-3 dias; a granel 7-9 dias<br \/>\nTempo de envio: Expresso 3-7 dias; Ar 12-16 dias; Barco 25-30 dias\uff08Diferentes pa\u00edses t\u00eam tempos diferentes)<\/p>\n<p>Pre\u00e7o:Contacte-nos para enviar um inqu\u00e9rito!<\/p>","protected":false},"featured_media":3926,"template":"","meta":[],"product_brand":[],"product_cat":[30,423,428,31],"product_tag":[823,822,821],"class_list":{"0":"post-3922","1":"product","2":"type-product","3":"status-publish","4":"has-post-thumbnail","6":"product_cat-by-industry","7":"product_cat-custom-presentation-boxes-by-industry","8":"product_cat-irregular-shaped-gift-boxes","9":"product_cat-paper-box-style","10":"product_tag-calendar-box-manufacturer","11":"product_tag-christmas-tree-calendar-box","12":"product_tag-customized-box","14":"first","15":"instock","16":"shipping-taxable","17":"product-type-grouped"},"_links":{"self":[{"href":"https:\/\/zojopackaging.com\/pt\/wp-json\/wp\/v2\/product\/3922","targetHints":{"allow":["GET"]}}],"collection":[{"href":"https:\/\/zojopackaging.com\/pt\/wp-json\/wp\/v2\/product"}],"about":[{"href":"https:\/\/zojopackaging.com\/pt\/wp-json\/wp\/v2\/types\/product"}],"version-history":[{"count":2,"href":"https:\/\/zojopackaging.com\/pt\/wp-json\/wp\/v2\/product\/3922\/revisions"}],"predecessor-version":[{"id":8470,"href":"https:\/\/zojopackaging.com\/pt\/wp-json\/wp\/v2\/product\/3922\/revisions\/8470"}],"wp:featuredmedia":[{"embeddable":true,"href":"https:\/\/zojopackaging.com\/pt\/wp-json\/wp\/v2\/media\/3926"}],"wp:attachment":[{"href":"https:\/\/zojopackaging.com\/pt\/wp-json\/wp\/v2\/media?parent=3922"}],"wp:term":[{"taxonomy":"product_brand","embeddable":true,"href":"https:\/\/zojopackaging.com\/pt\/wp-json\/wp\/v2\/product_brand?post=3922"},{"taxonomy":"product_cat","embeddable":true,"href":"https:\/\/zojopackaging.com\/pt\/wp-json\/wp\/v2\/product_cat?post=3922"},{"taxonomy":"product_tag","embeddable":true,"href":"https:\/\/zojopackaging.com\/pt\/wp-json\/wp\/v2\/product_tag?post=3922"}],"curies":[{"name":"wp","href":"https:\/\/api.w.org\/{rel}","templated":true}]}}