{"id":4054,"date":"2024-03-21T08:51:15","date_gmt":"2024-03-21T00:51:15","guid":{"rendered":"https:\/\/zojopackaging.com\/?post_type=product&#038;p=4054"},"modified":"2025-03-27T20:45:32","modified_gmt":"2025-03-27T12:45:32","slug":"dsd-pull-out-packaging-box","status":"publish","type":"product","link":"https:\/\/zojopackaging.com\/pt\/product\/dsd-pull-out-packaging-box\/","title":{"rendered":"Caixas personalizadas para an\u00e9is, brincos e colares de j\u00f3ias pequenas por atacado"},"content":{"rendered":"<h1>Caixas personalizadas para an\u00e9is, brincos e colares de j\u00f3ias pequenas por atacado<\/h1>\n<p>Elegantes, sofisticadas e com estilo. As caixas extra\u00edveis s\u00e3o simples no seu design, mas s\u00e3o uma forma criativa e \u00fanica de embalar os seus produtos. Com um mecanismo semelhante a uma gaveta deslizante, estas caixas s\u00e3o ideais para produtos de joalharia, artigos de beleza, pequenas prendas e muito mais.<\/p>\n<ul>\n<li>Dispon\u00edvel em 20 tamanhos<\/li>\n<li>5 ac\u00e7\u00f5es diferentes \u00e0 escolha<\/li>\n<li>Lamina\u00e7\u00e3o brilhante, mate e soft touch dispon\u00edvel<\/li>\n<li>300 dpi<\/li>\n<li>CMYK<\/li>\n<\/ul>\n<p>Num relance<\/p>\n<table border=\"1\" cellspacing=\"1\" cellpadding=\"1\" align=\"left\">\n<thead>\n<tr>\n<th scope=\"col\">Material<\/th>\n<th scope=\"col\">Layout de impress\u00e3o<\/th>\n<th scope=\"col\">Lamina\u00e7\u00e3o dispon\u00edvel<\/th>\n<\/tr>\n<\/thead>\n<tbody>\n<tr>\n<td>Cart\u00e3o cl\u00e1ssico 380gsm<\/td>\n<td>Apenas impress\u00e3o externa<\/td>\n<td>Sim - lamina\u00e7\u00e3o brilhante, mate ou de toque suave<\/td>\n<\/tr>\n<tr>\n<td>Cart\u00e3o Premium 320gsm<\/td>\n<td>Apenas impress\u00e3o externa<\/td>\n<td>N\u00e3o<\/td>\n<\/tr>\n<tr>\n<td>Cart\u00e3o com relevo de 320 g\/m\u00b2<\/td>\n<td>Apenas impress\u00e3o externa<\/td>\n<td>N\u00e3o<\/td>\n<\/tr>\n<tr>\n<td>Cart\u00e3o castanho 380 g\/m\u00b2<\/td>\n<td>Apenas impress\u00e3o externa<\/td>\n<td>N\u00e3o<\/td>\n<\/tr>\n<tr>\n<td>Cart\u00e3o revestido de duas faces de 400 g\/m\u00b2<\/td>\n<td>Apenas impress\u00e3o interior e exterior<\/td>\n<td>Sim - lamina\u00e7\u00e3o brilhante, mate ou de toque suave<\/td>\n<\/tr>\n<\/tbody>\n<\/table>\n<p>&nbsp;<\/p>\n<p>&nbsp;<\/p>\n<p>&nbsp;<\/p>\n<p>&nbsp;<\/p>\n<p>&nbsp;<\/p>\n<h1><strong>Especifica\u00e7\u00e3o<\/strong><\/h1>\n<table style=\"height: 666px;\" width=\"1070\">\n<tbody>\n<tr>\n<td width=\"373\">Dimens\u00f5es<\/td>\n<td width=\"373\">Todos os tamanhos e formas personalizados<\/td>\n<\/tr>\n<tr>\n<td width=\"373\">MOQ<\/td>\n<td width=\"373\">500 unidades<\/td>\n<\/tr>\n<tr>\n<td width=\"373\">Tempo de amostragem<\/td>\n<td width=\"373\">3-5 dias<\/td>\n<\/tr>\n<tr>\n<td width=\"373\">Processo por defeito<\/td>\n<td width=\"373\">Corte e vinco, colagem, ranhura, perfura\u00e7\u00e3o<\/td>\n<\/tr>\n<tr>\n<td width=\"373\">Impress\u00e3o<\/td>\n<td width=\"373\">Cmyk, pms, sem impress\u00e3o<\/td>\n<\/tr>\n<tr>\n<td width=\"373\">Op\u00e7\u00e3o de material<\/td>\n<td width=\"373\">Papel de cart\u00e3o branco, papel revestido, papel art\u00edstico, papel kraft, cart\u00e3o marfim, cart\u00e3o duplex, papel especial, etc.<\/td>\n<\/tr>\n<tr>\n<td width=\"373\">Acabamento de superf\u00edcies<\/td>\n<td width=\"373\">Lamina\u00e7\u00e3o mate\/brilhante, grava\u00e7\u00e3o em relevo, grava\u00e7\u00e3o em relevo, estampagem em folha, etc.<\/td>\n<\/tr>\n<tr>\n<td width=\"373\">Utiliza\u00e7\u00e3o na ind\u00fastria<\/td>\n<td width=\"373\">cosm\u00e9ticos, perfumes, vestu\u00e1rio, j\u00f3ias, tabaco, alimentos, presentes, produtos de consumo di\u00e1rio,<\/td>\n<\/tr>\n<tr>\n<td width=\"373\">Controlo de qualidade<\/td>\n<td width=\"373\">Equipamento avan\u00e7ado e equipa QC experiente verificam rigorosamente o material, os produtos semi-acabados e acabados em cada etapa antes de<\/td>\n<\/tr>\n<tr>\n<td width=\"373\">Pre\u00e7o<\/td>\n<td width=\"373\">O pre\u00e7o final ser\u00e1 adaptado ao seu produto e \u00e0 quantidade de que necessita<\/td>\n<\/tr>\n<tr>\n<td width=\"373\">Tempo de rota\u00e7\u00e3o<\/td>\n<td width=\"373\">7-14 dias \u00fateis, com urg\u00eancia<\/td>\n<\/tr>\n<tr>\n<td width=\"373\">Papel em stock<\/td>\n<td width=\"373\">10pt a 28pt (60lb a 400lb) Kraft ecol\u00f3gico, cart\u00e3o canelado e-flute, cart\u00e3o bux, cartolina<\/td>\n<\/tr>\n<tr>\n<td width=\"373\">Formato da obra de arte<\/td>\n<td width=\"373\">JPG, PDF, AI, CDR, EPS, GIF....<\/td>\n<\/tr>\n<tr>\n<td width=\"373\">Acess\u00f3rios<\/td>\n<td width=\"373\">\u00cdman, fita, forma EVA, tabuleiro de pl\u00e1stico, esponja, janela PVC\/PET\/PP,...<\/td>\n<\/tr>\n<tr>\n<td width=\"373\">Prazo de pagamento<\/td>\n<td width=\"373\">T\/T, Western Union, Paypal, dep\u00f3sito 30% e saldo 70% antes do envio.<\/td>\n<\/tr>\n<\/tbody>\n<\/table>\n<div class=\"widget block block-static-block\">\n<div class=\"landing-page-section option-bottom\">\n<div class=\"custom-materials-tabs-content container container-adjustment\">\n<div class=\"custom-materials-tab-content active\">\n<div class=\"widget block block-static-block\">\n<div class=\"options-items\">\n<div class=\"flex-grid-row-option\">\n<div class=\"flex-grid-item-option\">\n<div class=\"material-box\">\n<p>&nbsp;<\/p>\n<\/div>\n<\/div>\n<\/div>\n<\/div>\n<p><!---end of option item--><\/p>\n<\/div>\n<\/div>\n<\/div>\n<\/div>\n<\/div>","protected":false},"excerpt":{"rendered":"<ul>\n<li>MOQ: 500 pe\u00e7as<\/li>\n<li>Tempo de entrega: 7-14 dias \u00fateis, Rush<\/li>\n<li>Dimens\u00e3o (di\u00e2metro x altura) \u00e0 medida<\/li>\n<li>Impress\u00e3o personalizada<\/li>\n<li>Amigo do ambiente, recicl\u00e1vel e sem pl\u00e1stico<\/li>\n<li>Pre\u00e7o\uff1aO pre\u00e7o final ser\u00e1 adaptado ao seu produto e \u00e0 quantidade que necessita<\/li>\n<\/ul>","protected":false},"featured_media":4056,"template":"","meta":[],"product_brand":[],"product_cat":[30,415,31,426],"product_tag":[711,575,576],"class_list":{"0":"post-4054","1":"product","2":"type-product","3":"status-publish","4":"has-post-thumbnail","6":"product_cat-by-industry","7":"product_cat-custom-jewelry-boxes-by-industry","8":"product_cat-paper-box-style","9":"product_cat-paper-drawer-boxes","10":"product_tag-custom-small-ring-earring-boxes","11":"product_tag-jewelry-boxes-wholesale","12":"product_tag-necklace-boxes-wholesale","14":"first","15":"instock","16":"shipping-taxable","17":"product-type-grouped"},"_links":{"self":[{"href":"https:\/\/zojopackaging.com\/pt\/wp-json\/wp\/v2\/product\/4054","targetHints":{"allow":["GET"]}}],"collection":[{"href":"https:\/\/zojopackaging.com\/pt\/wp-json\/wp\/v2\/product"}],"about":[{"href":"https:\/\/zojopackaging.com\/pt\/wp-json\/wp\/v2\/types\/product"}],"version-history":[{"count":2,"href":"https:\/\/zojopackaging.com\/pt\/wp-json\/wp\/v2\/product\/4054\/revisions"}],"predecessor-version":[{"id":8422,"href":"https:\/\/zojopackaging.com\/pt\/wp-json\/wp\/v2\/product\/4054\/revisions\/8422"}],"wp:featuredmedia":[{"embeddable":true,"href":"https:\/\/zojopackaging.com\/pt\/wp-json\/wp\/v2\/media\/4056"}],"wp:attachment":[{"href":"https:\/\/zojopackaging.com\/pt\/wp-json\/wp\/v2\/media?parent=4054"}],"wp:term":[{"taxonomy":"product_brand","embeddable":true,"href":"https:\/\/zojopackaging.com\/pt\/wp-json\/wp\/v2\/product_brand?post=4054"},{"taxonomy":"product_cat","embeddable":true,"href":"https:\/\/zojopackaging.com\/pt\/wp-json\/wp\/v2\/product_cat?post=4054"},{"taxonomy":"product_tag","embeddable":true,"href":"https:\/\/zojopackaging.com\/pt\/wp-json\/wp\/v2\/product_tag?post=4054"}],"curies":[{"name":"wp","href":"https:\/\/api.w.org\/{rel}","templated":true}]}}