{"id":4069,"date":"2024-03-21T09:02:33","date_gmt":"2024-03-21T01:02:33","guid":{"rendered":"https:\/\/zojopackaging.com\/?post_type=product&#038;p=4069"},"modified":"2025-03-28T15:46:03","modified_gmt":"2025-03-28T07:46:03","slug":"custom-drawer-packaging-boxes","status":"publish","type":"product","link":"https:\/\/zojopackaging.com\/pt\/product\/custom-drawer-packaging-boxes\/","title":{"rendered":"Caixa r\u00edgida de papel estilo gaveta para j\u00f3ias personalizada e elegante"},"content":{"rendered":"<h1>Porqu\u00ea escolher a caixa r\u00edgida de papel com estilo de gaveta para j\u00f3ias personalizada e elegante<\/h1>\n<section class=\"elementor-section elementor-top-section elementor-element elementor-element-0b2b1e4 elementor-section-boxed elementor-section-height-default elementor-section-height-default\" data-id=\"0b2b1e4\" data-element_type=\"section\" data-settings=\"{&quot;jet_parallax_layout_list&quot;:[]}\">\n<div class=\"elementor-container elementor-column-gap-default\">\n<div class=\"elementor-column elementor-col-100 elementor-top-column elementor-element elementor-element-9115fa3\" data-id=\"9115fa3\" data-element_type=\"column\">\n<div class=\"elementor-widget-wrap elementor-element-populated\">\n<div class=\"elementor-element elementor-element-83a6946 elementor-widget elementor-widget-woocommerce-archive-description\" data-id=\"83a6946\" data-element_type=\"widget\" data-widget_type=\"woocommerce-archive-description.default\">\n<div class=\"elementor-widget-container\">\n<div class=\"term-description\">\n<p dir=\"ltr\"><strong>Caixas de papel de gaveta personalizadas<\/strong>\u00a0s\u00e3o embalagens elegantes, concebidas para conter e expor pequenos produtos. \u00c9 poss\u00edvel personalizar a bainha e o interior: o efeito \u00e9 garantido<\/p>\n<p dir=\"ltr\"><strong>Caixas de papel de gaveta<\/strong>\u00a0s\u00e3o uma das solu\u00e7\u00f5es mais pr\u00e1ticas e elegantes para embalar os seus produtos de uma forma simples. O sistema de encaixe entre a bainha de superf\u00edcie e o compartimento do contentor permite proteger qualquer objeto e organizar de forma \u00f3ptima os espa\u00e7os interiores.<\/p>\n<h2>Obter embalagens bem compostas<\/h2>\n<p dir=\"ltr\">As caixas de gaveta personalizadas a granel s\u00e3o adequadas para todos os sectores de produtos, desde o vestu\u00e1rio \u00e0 cosm\u00e9tica, da pastelaria aos licores. O aspeto mais interessante das\u00a0<strong>caixas de gavetas<\/strong>\u00a0\u00e9 o facto de os interiores poderem ser organizados para conter mais do que um produto, de acordo com os indiv\u00edduos\u00a0<a href=\"https:\/\/zojopackaging.com\/pt\/how-to-choose-the-suitable-drawer-boxes\/\"><strong>necessidades de embalagem de gavetas por medida<\/strong><\/a>.<\/p>\n<p dir=\"ltr\">\u00a0Desta forma, \u00e9 poss\u00edvel criar uma composi\u00e7\u00e3o ad hoc, particularmente \u00fatil no caso de embalagens multi-produtos e embalagens de oferta.<\/p>\n<h2>Encontre caixas de papel de gaveta multiusos com o seu log\u00f3tipo<\/h2>\n<p dir=\"ltr\"><a href=\"https:\/\/zojopackaging.com\/pt\/categoria-produto\/custom-drawer-boxes\/\"><strong>Caixas de gavetas com o seu log\u00f3tipo\u00a0<\/strong><\/a>s\u00e3o tamb\u00e9m muito adequados para embalagens em lojas, uma vez que permitem a personaliza\u00e7\u00e3o completa dos seus elementos.<\/p>\n<h2>Caixas de gavetas para alimentos<\/h2>\n<p dir=\"ltr\">Se pretende criar uma embalagem personalizada para os seus produtos alimentares, as caixas de gavetas s\u00e3o uma solu\u00e7\u00e3o bonita mas tamb\u00e9m funcional. A sua embalagem personalizada\u00a0<a href=\"https:\/\/zojopackaging.com\/pt\/categoria-produto\/custom-food-packaging-boxes\/\" target=\"_blank\" rel=\"noopener\"><strong>embalagem de alimentos<\/strong><\/a>\u00a0ser\u00e1 assim estruturado em fun\u00e7\u00e3o da quantidade e do tamanho dos produtos contidos, a fim de manter uma conserva\u00e7\u00e3o perfeita mesmo durante o transporte.<\/p>\n<h2>Temos a melhor equipa da cidade<\/h2>\n<p dir=\"ltr\">Al\u00e9m disso, os nossos t\u00e9cnicos ajudam-no a escolher os materiais mais adequados e acompanham-no passo a passo na decis\u00e3o, at\u00e9 \u00e0 realiza\u00e7\u00e3o da\u00a0<strong>Caixas de gavetas personalizadas<\/strong>\u00a0com log\u00f3tipo.<\/p>\n<\/div>\n<\/div>\n<\/div>\n<\/div>\n<\/div>\n<\/div>\n<\/section>\n<section class=\"elementor-section elementor-top-section elementor-element elementor-element-e5900b1 elementor-section-boxed elementor-section-height-default elementor-section-height-default\" data-id=\"e5900b1\" data-element_type=\"section\" data-settings=\"{&quot;jet_parallax_layout_list&quot;:[],&quot;background_background&quot;:&quot;classic&quot;}\">\n<div class=\"elementor-container elementor-column-gap-default\">\n<div class=\"elementor-column elementor-col-50 elementor-top-column elementor-element elementor-element-3a8f138\" data-id=\"3a8f138\" data-element_type=\"column\">\n<div class=\"elementor-widget-wrap elementor-element-populated\">\n<div class=\"elementor-element elementor-element-6ff5e36 elementor-widget elementor-widget-text-editor\" data-id=\"6ff5e36\" data-element_type=\"widget\" data-widget_type=\"text-editor.default\">\n<div class=\"elementor-widget-container\">\n<h2>As nossas caixas, feitas \u00e0 medida<\/h2>\n<p dir=\"ltr\">Escolher\u00a0<strong>Embalagem Silver Edge<\/strong>\u00a0significa escolher caixas \u00fanicas, criadas especialmente para o seu projeto. Tem uma ideia ou um produto para embalar? A nossa equipa orienta-o para a melhor solu\u00e7\u00e3o. Porque a sua caixa deve ser bonita, mas tamb\u00e9m funcional. Em suma, perfeita.<\/p>\n<p dir=\"ltr\">Escolha o que precisa... n\u00f3s tratamos do resto<\/p>\n<h2>Caixas personalizadas da mais alta qualidade<\/h2>\n<p dir=\"ltr\">Os nossos t\u00e9cnicos ser\u00e3o os seus melhores colaboradores neste projeto. Diga-nos o que procura e conte-nos todos os pormenores,<\/p>\n<\/div>\n<\/div>\n<\/div>\n<\/div>\n<\/div>\n<\/section>\n<section class=\"elementor-section elementor-top-section elementor-element elementor-element-c05b718 elementor-section-boxed elementor-section-height-default elementor-section-height-default\" data-id=\"c05b718\" data-element_type=\"section\" data-settings=\"{&quot;jet_parallax_layout_list&quot;:[],&quot;background_background&quot;:&quot;classic&quot;}\">\n<div class=\"elementor-container elementor-column-gap-default\">\n<div class=\"elementor-column elementor-col-100 elementor-top-column elementor-element elementor-element-b3066e2\" data-id=\"b3066e2\" data-element_type=\"column\">\n<div class=\"elementor-widget-wrap elementor-element-populated\">\n<div class=\"elementor-element elementor-element-b1547b8 elementor-widget elementor-widget-text-editor\" data-id=\"b1547b8\" data-element_type=\"widget\" data-widget_type=\"text-editor.default\">\n<div class=\"elementor-widget-container\">\n<p>gui\u00e1-lo-emos para a melhor solu\u00e7\u00e3o para si. Desde o projeto at\u00e9 \u00e0 realiza\u00e7\u00e3o, ser\u00e1 um trabalho de equipa perfeito!<\/p>\n<h2>Pronto em stock<\/h2>\n<p dir=\"ltr\">Se procura um produto standard\u00a0<strong>Caixas de gavetas personalizadas por atacado<\/strong>\u00a0com log\u00f3tipo a granel, veja as solu\u00e7\u00f5es j\u00e1 em stock! Receb\u00ea-las-\u00e1 em menos tempo; est\u00e3o apenas \u00e0 espera da sua encomenda.<\/p>\n<h2>Tecnologias de ponta para as suas caixas de gavetas personalizadas por grosso<\/h2>\n<p dir=\"ltr\">Cada caixa come\u00e7a aqui, ap\u00f3s a conce\u00e7\u00e3o t\u00e9cnica e a impress\u00e3o, produzimos um molde para recriar a sua encomenda sempre que desejar. Sem erros, com toda a seguran\u00e7a.<\/p>\n<p dir=\"ltr\">Em seguida, passamos \u00e0 produ\u00e7\u00e3o, cortando o cart\u00e3o em m\u00e1quinas especiais que nos permitem criar janelas e desenhos personalizados.<\/p>\n<h2><b>Encomendar embalagens de gaveta personaliz\u00e1veis a pre\u00e7o de atacado da Silver Edge Packaging<\/b><\/h2>\n<p>Se pretende comprar caixas de gavetas personalizadas para a sua marca, deve visitar a <strong><a href=\"https:\/\/zojopackaging.com\/pt\/\">Embalagens Zojoprint<\/a><\/strong>\u00a0para efetuar a sua encomenda de acordo com as suas necessidades espec\u00edficas. Estamos a oferecer solu\u00e7\u00f5es de embalagem por grosso com um servi\u00e7o de envio gratuito. Por conseguinte, pode encomendar facilmente as caixas de embalagem para gavetas a granel hoje mesmo para aumentar as suas vendas. Entregaremos as caixas de embalagem \u00e0 sua porta o mais rapidamente poss\u00edvel.<\/p>\n<\/div>\n<\/div>\n<\/div>\n<\/div>\n<\/div>\n<\/section>\n<h1><strong>Especifica\u00e7\u00e3o<\/strong><\/h1>\n<table style=\"height: 666px;\" width=\"1070\">\n<tbody>\n<tr>\n<td width=\"373\">Dimens\u00f5es<\/td>\n<td width=\"373\">Todos os tamanhos e formas personalizados<\/td>\n<\/tr>\n<tr>\n<td width=\"373\">MOQ<\/td>\n<td width=\"373\">500 unidades<\/td>\n<\/tr>\n<tr>\n<td width=\"373\">Tempo de amostragem<\/td>\n<td width=\"373\">3-5 dias<\/td>\n<\/tr>\n<tr>\n<td width=\"373\">Processo por defeito<\/td>\n<td width=\"373\">Corte e vinco, colagem, ranhura, perfura\u00e7\u00e3o<\/td>\n<\/tr>\n<tr>\n<td width=\"373\">Impress\u00e3o<\/td>\n<td width=\"373\">Cmyk, pms, sem impress\u00e3o<\/td>\n<\/tr>\n<tr>\n<td width=\"373\">Op\u00e7\u00e3o de material<\/td>\n<td width=\"373\">Papel de cart\u00e3o branco, papel revestido, papel art\u00edstico, papel kraft, cart\u00e3o marfim, cart\u00e3o duplex, papel especial, etc.<\/td>\n<\/tr>\n<tr>\n<td width=\"373\">Acabamento de superf\u00edcies<\/td>\n<td width=\"373\">Lamina\u00e7\u00e3o mate\/brilhante, grava\u00e7\u00e3o em relevo, grava\u00e7\u00e3o em relevo, estampagem em folha, etc.<\/td>\n<\/tr>\n<tr>\n<td width=\"373\">Utiliza\u00e7\u00e3o na ind\u00fastria<\/td>\n<td width=\"373\">cosm\u00e9ticos, perfumes, vestu\u00e1rio, j\u00f3ias, tabaco, alimentos, presentes, produtos de consumo di\u00e1rio,<\/td>\n<\/tr>\n<tr>\n<td width=\"373\">Controlo de qualidade<\/td>\n<td width=\"373\">Equipamento avan\u00e7ado e equipa QC experiente verificam rigorosamente o material, os produtos semi-acabados e acabados em cada etapa antes de<\/td>\n<\/tr>\n<tr>\n<td width=\"373\">Pre\u00e7o<\/td>\n<td width=\"373\">O pre\u00e7o final ser\u00e1 adaptado ao seu produto e \u00e0 quantidade de que necessita<\/td>\n<\/tr>\n<tr>\n<td width=\"373\">Tempo de rota\u00e7\u00e3o<\/td>\n<td width=\"373\">7-14 dias \u00fateis, com urg\u00eancia<\/td>\n<\/tr>\n<tr>\n<td width=\"373\">Papel em stock<\/td>\n<td width=\"373\">10pt a 28pt (60lb a 400lb) Kraft ecol\u00f3gico, cart\u00e3o canelado e-flute, cart\u00e3o bux, cartolina<\/td>\n<\/tr>\n<tr>\n<td width=\"373\">Formato da obra de arte<\/td>\n<td width=\"373\">JPG, PDF, AI, CDR, EPS, GIF....<\/td>\n<\/tr>\n<tr>\n<td width=\"373\">Acess\u00f3rios<\/td>\n<td width=\"373\">\u00cdman, fita, forma EVA, tabuleiro de pl\u00e1stico, esponja, janela PVC\/PET\/PP,...<\/td>\n<\/tr>\n<tr>\n<td width=\"373\">Prazo de pagamento<\/td>\n<td width=\"373\">T\/T, Western Union, Paypal, dep\u00f3sito 30% e saldo 70% antes do envio.<\/td>\n<\/tr>\n<\/tbody>\n<\/table>\n<div class=\"widget block block-static-block\">\n<div class=\"landing-page-section option-bottom\">\n<div class=\"custom-materials-tabs-content container container-adjustment\">\n<div class=\"custom-materials-tab-content active\">\n<div class=\"widget block block-static-block\">\n<div class=\"options-items\">\n<div class=\"flex-grid-row-option\">\n<div class=\"flex-grid-item-option\">\n<div class=\"material-box\">\n<p>&nbsp;<\/p>\n<\/div>\n<\/div>\n<\/div>\n<\/div>\n<p><!---end of option item--><\/p>\n<\/div>\n<\/div>\n<\/div>\n<\/div>\n<\/div>","protected":false},"excerpt":{"rendered":"<p>1. O design da gaveta da caixa de papel e a abertura deslizante facilitam a abertura e o fecho pelos utilizadores, melhorando a experi\u00eancia de desembalagem<br \/>\n2. Os acess\u00f3rios, como as fitas, aumentam a beleza e o atrativo visual e refor\u00e7am o reconhecimento da marca<br \/>\n3. O esquema de cores macaron reduz a fadiga visual e cria uma atmosfera relaxante e curativa<\/p>","protected":false},"featured_media":4073,"template":"","meta":[],"product_brand":[],"product_cat":[30,415,31,426],"product_tag":[814,812,813],"class_list":{"0":"post-4069","1":"product","2":"type-product","3":"status-publish","4":"has-post-thumbnail","6":"product_cat-by-industry","7":"product_cat-custom-jewelry-boxes-by-industry","8":"product_cat-paper-box-style","9":"product_cat-paper-drawer-boxes","10":"product_tag-custom-jewelry-box","11":"product_tag-custom-jewelry-rigid-box","12":"product_tag-jewelry-drawer-box","14":"first","15":"instock","16":"shipping-taxable","17":"product-type-grouped"},"_links":{"self":[{"href":"https:\/\/zojopackaging.com\/pt\/wp-json\/wp\/v2\/product\/4069","targetHints":{"allow":["GET"]}}],"collection":[{"href":"https:\/\/zojopackaging.com\/pt\/wp-json\/wp\/v2\/product"}],"about":[{"href":"https:\/\/zojopackaging.com\/pt\/wp-json\/wp\/v2\/types\/product"}],"version-history":[{"count":2,"href":"https:\/\/zojopackaging.com\/pt\/wp-json\/wp\/v2\/product\/4069\/revisions"}],"predecessor-version":[{"id":8466,"href":"https:\/\/zojopackaging.com\/pt\/wp-json\/wp\/v2\/product\/4069\/revisions\/8466"}],"wp:featuredmedia":[{"embeddable":true,"href":"https:\/\/zojopackaging.com\/pt\/wp-json\/wp\/v2\/media\/4073"}],"wp:attachment":[{"href":"https:\/\/zojopackaging.com\/pt\/wp-json\/wp\/v2\/media?parent=4069"}],"wp:term":[{"taxonomy":"product_brand","embeddable":true,"href":"https:\/\/zojopackaging.com\/pt\/wp-json\/wp\/v2\/product_brand?post=4069"},{"taxonomy":"product_cat","embeddable":true,"href":"https:\/\/zojopackaging.com\/pt\/wp-json\/wp\/v2\/product_cat?post=4069"},{"taxonomy":"product_tag","embeddable":true,"href":"https:\/\/zojopackaging.com\/pt\/wp-json\/wp\/v2\/product_tag?post=4069"}],"curies":[{"name":"wp","href":"https:\/\/api.w.org\/{rel}","templated":true}]}}