{"id":4084,"date":"2024-03-21T09:35:28","date_gmt":"2024-03-21T01:35:28","guid":{"rendered":"https:\/\/zojopackaging.com\/?post_type=product&#038;p=4084"},"modified":"2025-03-28T10:25:36","modified_gmt":"2025-03-28T02:25:36","slug":"customized-drawer-packaging-boxes","status":"publish","type":"product","link":"https:\/\/zojopackaging.com\/pt\/product\/customized-drawer-packaging-boxes\/","title":{"rendered":"Caixas de embalagem de colar de j\u00f3ias pequenas de luxo Fabricante"},"content":{"rendered":"<h1>Caixas de embalagem de colar de j\u00f3ias pequenas de luxo Fabricante<\/h1>\n<p>O fabricante de caixas de embalagem para pequenos colares de j\u00f3ias de luxo oferece uma solu\u00e7\u00e3o de embalagem personalizada e \u00e0 medida para uma vasta gama de produtos. Estas caixas apresentam um design de gaveta \u00fanico que permite um acesso f\u00e1cil ao conte\u00fado no interior, proporcionando uma experi\u00eancia de embalagem c\u00f3moda e elegante.<\/p>\n<p>As op\u00e7\u00f5es de personaliza\u00e7\u00e3o para estas caixas de embalagem s\u00e3o virtualmente infinitas, permitindo \u00e0s empresas criar uma solu\u00e7\u00e3o de embalagem que se adapte perfeitamente \u00e0 identidade da sua marca e aos requisitos do produto. Desde a escolha das dimens\u00f5es e dos materiais at\u00e9 \u00e0 sele\u00e7\u00e3o da cor, do acabamento e das op\u00e7\u00f5es de impress\u00e3o, todos os aspectos das caixas de embalagem com gaveta podem ser personalizados para criar um design \u00fanico e apelativo.<\/p>\n<p>Os elementos de marca, como log\u00f3tipos, gr\u00e1ficos e texto, podem ser apresentados de forma proeminente no exterior da caixa para aumentar o reconhecimento da marca e criar uma experi\u00eancia de desembalagem memor\u00e1vel para os clientes. O interior da caixa tamb\u00e9m pode ser personalizado com inser\u00e7\u00f5es, divis\u00f3rias ou acolchoamento para manter os produtos no lugar com seguran\u00e7a e dar um toque premium \u00e0 apresenta\u00e7\u00e3o.<\/p>\n<p>Em geral, as caixas de embalagem com gaveta personalizadas s\u00e3o uma solu\u00e7\u00e3o de embalagem vers\u00e1til e eficaz que permite \u00e0s empresas apresentarem os seus produtos de forma personalizada e impactante. Quer sejam utilizadas para produtos de retalho, brindes ou artigos promocionais, estas caixas deixar\u00e3o certamente uma impress\u00e3o duradoura nos clientes e aumentar\u00e3o o valor global percebido dos produtos embalados.<\/p>\n<h1><strong>Especifica\u00e7\u00e3o<\/strong><\/h1>\n<table style=\"height: 666px;\" width=\"1070\">\n<tbody>\n<tr>\n<td width=\"373\">Dimens\u00f5es<\/td>\n<td width=\"373\">Todos os tamanhos e formas personalizados<\/td>\n<\/tr>\n<tr>\n<td width=\"373\">MOQ<\/td>\n<td width=\"373\">500 unidades<\/td>\n<\/tr>\n<tr>\n<td width=\"373\">Tempo de amostragem<\/td>\n<td width=\"373\">3-5 dias<\/td>\n<\/tr>\n<tr>\n<td width=\"373\">Processo por defeito<\/td>\n<td width=\"373\">Corte e vinco, colagem, ranhura, perfura\u00e7\u00e3o<\/td>\n<\/tr>\n<tr>\n<td width=\"373\">Impress\u00e3o<\/td>\n<td width=\"373\">Cmyk, pms, sem impress\u00e3o<\/td>\n<\/tr>\n<tr>\n<td width=\"373\">Op\u00e7\u00e3o de material<\/td>\n<td width=\"373\">Papel de cart\u00e3o branco, papel revestido, papel art\u00edstico, papel kraft, cart\u00e3o marfim, cart\u00e3o duplex, papel especial, etc.<\/td>\n<\/tr>\n<tr>\n<td width=\"373\">Acabamento de superf\u00edcies<\/td>\n<td width=\"373\">Lamina\u00e7\u00e3o mate\/brilhante, grava\u00e7\u00e3o em relevo, grava\u00e7\u00e3o em relevo, estampagem em folha, etc.<\/td>\n<\/tr>\n<tr>\n<td width=\"373\">Utiliza\u00e7\u00e3o na ind\u00fastria<\/td>\n<td width=\"373\">cosm\u00e9ticos, perfumes, vestu\u00e1rio, j\u00f3ias, tabaco, alimentos, presentes, produtos de consumo di\u00e1rio,<\/td>\n<\/tr>\n<tr>\n<td width=\"373\">Controlo de qualidade<\/td>\n<td width=\"373\">Equipamento avan\u00e7ado e equipa QC experiente verificam rigorosamente o material, os produtos semi-acabados e acabados em cada etapa antes de<\/td>\n<\/tr>\n<tr>\n<td width=\"373\">Pre\u00e7o<\/td>\n<td width=\"373\">O pre\u00e7o final ser\u00e1 adaptado ao seu produto e \u00e0 quantidade de que necessita<\/td>\n<\/tr>\n<tr>\n<td width=\"373\">Tempo de rota\u00e7\u00e3o<\/td>\n<td width=\"373\">7-14 dias \u00fateis, com urg\u00eancia<\/td>\n<\/tr>\n<tr>\n<td width=\"373\">Papel em stock<\/td>\n<td width=\"373\">10pt a 28pt (60lb a 400lb) Kraft ecol\u00f3gico, cart\u00e3o canelado e-flute, cart\u00e3o bux, cartolina<\/td>\n<\/tr>\n<tr>\n<td width=\"373\">Formato da obra de arte<\/td>\n<td width=\"373\">JPG, PDF, AI, CDR, EPS, GIF....<\/td>\n<\/tr>\n<tr>\n<td width=\"373\">Acess\u00f3rios<\/td>\n<td width=\"373\">\u00cdman, fita, forma EVA, tabuleiro de pl\u00e1stico, esponja, janela PVC\/PET\/PP,...<\/td>\n<\/tr>\n<tr>\n<td width=\"373\">Prazo de pagamento<\/td>\n<td width=\"373\">T\/T, Western Union, Paypal, dep\u00f3sito 30% e saldo 70% antes do envio.<\/td>\n<\/tr>\n<\/tbody>\n<\/table>\n<div class=\"widget block block-static-block\">\n<div class=\"landing-page-section option-bottom\">\n<div class=\"custom-materials-tabs-content container container-adjustment\">\n<div class=\"custom-materials-tab-content active\">\n<div class=\"widget block block-static-block\">\n<div class=\"options-items\">\n<div class=\"flex-grid-row-option\">\n<div class=\"flex-grid-item-option\">\n<div class=\"material-box\">\n<p>&nbsp;<\/p>\n<\/div>\n<\/div>\n<\/div>\n<\/div>\n<p><!---end of option item--><\/p>\n<\/div>\n<\/div>\n<\/div>\n<\/div>\n<\/div>","protected":false},"excerpt":{"rendered":"<p>1. O design da gaveta da caixa de papel e a abertura deslizante facilitam a abertura e o fecho pelos utilizadores, o que pode reduzir o tempo de opera\u00e7\u00e3o do utilizador e melhorar a experi\u00eancia de desembalagem<br \/>\n2. V\u00e1rios tamanhos podem ser personalizados de acordo com os seus produtos, adequados para a embalagem de v\u00e1rias caixas de pingentes de j\u00f3ias por atacado<br \/>\n3. O sistema de cores macaron reduz a fadiga visual e cria uma atmosfera relaxante e curativa<\/p>","protected":false},"featured_media":4090,"template":"","meta":[],"product_brand":[],"product_cat":[30,415,31,426],"product_tag":[743,744,745],"class_list":{"0":"post-4084","1":"product","2":"type-product","3":"status-publish","4":"has-post-thumbnail","6":"product_cat-by-industry","7":"product_cat-custom-jewelry-boxes-by-industry","8":"product_cat-paper-box-style","9":"product_cat-paper-drawer-boxes","10":"product_tag-jewelry-packaging","11":"product_tag-necklace-packaging-boxes","12":"product_tag-small-jewelry-packaging-manufacturer","14":"first","15":"instock","16":"shipping-taxable","17":"product-type-grouped"},"_links":{"self":[{"href":"https:\/\/zojopackaging.com\/pt\/wp-json\/wp\/v2\/product\/4084","targetHints":{"allow":["GET"]}}],"collection":[{"href":"https:\/\/zojopackaging.com\/pt\/wp-json\/wp\/v2\/product"}],"about":[{"href":"https:\/\/zojopackaging.com\/pt\/wp-json\/wp\/v2\/types\/product"}],"version-history":[{"count":2,"href":"https:\/\/zojopackaging.com\/pt\/wp-json\/wp\/v2\/product\/4084\/revisions"}],"predecessor-version":[{"id":8435,"href":"https:\/\/zojopackaging.com\/pt\/wp-json\/wp\/v2\/product\/4084\/revisions\/8435"}],"wp:featuredmedia":[{"embeddable":true,"href":"https:\/\/zojopackaging.com\/pt\/wp-json\/wp\/v2\/media\/4090"}],"wp:attachment":[{"href":"https:\/\/zojopackaging.com\/pt\/wp-json\/wp\/v2\/media?parent=4084"}],"wp:term":[{"taxonomy":"product_brand","embeddable":true,"href":"https:\/\/zojopackaging.com\/pt\/wp-json\/wp\/v2\/product_brand?post=4084"},{"taxonomy":"product_cat","embeddable":true,"href":"https:\/\/zojopackaging.com\/pt\/wp-json\/wp\/v2\/product_cat?post=4084"},{"taxonomy":"product_tag","embeddable":true,"href":"https:\/\/zojopackaging.com\/pt\/wp-json\/wp\/v2\/product_tag?post=4084"}],"curies":[{"name":"wp","href":"https:\/\/api.w.org\/{rel}","templated":true}]}}