{"id":4107,"date":"2024-03-21T09:52:05","date_gmt":"2024-03-21T01:52:05","guid":{"rendered":"https:\/\/zojopackaging.com\/?post_type=product&#038;p=4107"},"modified":"2025-03-28T10:18:47","modified_gmt":"2025-03-28T02:18:47","slug":"light-blue-drawer-packaging-box","status":"publish","type":"product","link":"https:\/\/zojopackaging.com\/pt\/product\/light-blue-drawer-packaging-box\/","title":{"rendered":"Caixas para oferta de pulseiras, an\u00e9is e brincos personalizados de luxo por atacado"},"content":{"rendered":"<h1>Caixas para oferta de pulseiras, an\u00e9is e brincos personalizados de luxo por atacado<\/h1>\n<p>As caixas de presente de luxo personalizadas para pulseiras, an\u00e9is e brincos por atacado s\u00e3o uma solu\u00e7\u00e3o de embalagem elegante e encantadora que exala uma sensa\u00e7\u00e3o de sofistica\u00e7\u00e3o e estilo. A cor azul clara acrescenta um toque suave e calmante \u00e0 embalagem, tornando-a ideal para uma variedade de produtos, como cosm\u00e9ticos, j\u00f3ias ou presentes de luxo.<\/p>\n<p>Fabricada em material de cart\u00e3o de alta qualidade, a caixa de embalagem com gaveta azul clara oferece durabilidade e robustez para proteger o conte\u00fado do interior durante a armazenagem e o transporte. O design da gaveta proporciona uma forma pr\u00e1tica e elegante de aceder aos produtos, acrescentando um toque de luxo \u00e0 experi\u00eancia de desembalagem.<\/p>\n<p>O acabamento suave da caixa de cart\u00e3o azul claro confere-lhe um aspeto elegante e de qualidade superior, melhorando a apresenta\u00e7\u00e3o geral dos produtos embalados. As op\u00e7\u00f5es de personaliza\u00e7\u00e3o permitem a impress\u00e3o de elementos de marca, log\u00f3tipos e desenhos na caixa, criando uma solu\u00e7\u00e3o de embalagem personalizada e apelativa.<\/p>\n<p>Quer seja utilizada para produtos de retalho, ocasi\u00f5es especiais ou artigos promocionais, a caixa de embalagem com gaveta azul claro ir\u00e1 certamente cativar os clientes com o seu design elegante e aten\u00e7\u00e3o aos detalhes. Esta solu\u00e7\u00e3o de embalagem n\u00e3o s\u00f3 protege os produtos no seu interior, como tamb\u00e9m aumenta o valor global percebido, tornando-a uma escolha perfeita para as marcas que procuram causar uma impress\u00e3o duradoura.<\/p>\n<h1><strong>Especifica\u00e7\u00e3o<\/strong><\/h1>\n<table style=\"height: 666px;\" width=\"1070\">\n<tbody>\n<tr>\n<td width=\"373\">Dimens\u00f5es<\/td>\n<td width=\"373\">Todos os tamanhos e formas personalizados<\/td>\n<\/tr>\n<tr>\n<td width=\"373\">MOQ<\/td>\n<td width=\"373\">500 unidades<\/td>\n<\/tr>\n<tr>\n<td width=\"373\">Tempo de amostragem<\/td>\n<td width=\"373\">3-5 dias<\/td>\n<\/tr>\n<tr>\n<td width=\"373\">Processo por defeito<\/td>\n<td width=\"373\">Corte e vinco, colagem, ranhura, perfura\u00e7\u00e3o<\/td>\n<\/tr>\n<tr>\n<td width=\"373\">Impress\u00e3o<\/td>\n<td width=\"373\">Cmyk, pms, sem impress\u00e3o<\/td>\n<\/tr>\n<tr>\n<td width=\"373\">Op\u00e7\u00e3o de material<\/td>\n<td width=\"373\">Papel de cart\u00e3o branco, papel revestido, papel art\u00edstico, papel kraft, cart\u00e3o marfim, cart\u00e3o duplex, papel especial, etc.<\/td>\n<\/tr>\n<tr>\n<td width=\"373\">Acabamento de superf\u00edcies<\/td>\n<td width=\"373\">Lamina\u00e7\u00e3o mate\/brilhante, grava\u00e7\u00e3o em relevo, grava\u00e7\u00e3o em relevo, estampagem em folha, etc.<\/td>\n<\/tr>\n<tr>\n<td width=\"373\">Utiliza\u00e7\u00e3o na ind\u00fastria<\/td>\n<td width=\"373\">cosm\u00e9ticos, perfumes, vestu\u00e1rio, j\u00f3ias, tabaco, alimentos, presentes, produtos de consumo di\u00e1rio,<\/td>\n<\/tr>\n<tr>\n<td width=\"373\">Controlo de qualidade<\/td>\n<td width=\"373\">Equipamento avan\u00e7ado e equipa QC experiente verificam rigorosamente o material, os produtos semi-acabados e acabados em cada etapa antes de<\/td>\n<\/tr>\n<tr>\n<td width=\"373\">Pre\u00e7o<\/td>\n<td width=\"373\">O pre\u00e7o final ser\u00e1 adaptado ao seu produto e \u00e0 quantidade de que necessita<\/td>\n<\/tr>\n<tr>\n<td width=\"373\">Tempo de rota\u00e7\u00e3o<\/td>\n<td width=\"373\">7-14 dias \u00fateis, com urg\u00eancia<\/td>\n<\/tr>\n<tr>\n<td width=\"373\">Papel em stock<\/td>\n<td width=\"373\">10pt a 28pt (60lb a 400lb) Kraft ecol\u00f3gico, cart\u00e3o canelado e-flute, cart\u00e3o bux, cartolina<\/td>\n<\/tr>\n<tr>\n<td width=\"373\">Formato da obra de arte<\/td>\n<td width=\"373\">JPG, PDF, AI, CDR, EPS, GIF....<\/td>\n<\/tr>\n<tr>\n<td width=\"373\">Acess\u00f3rios<\/td>\n<td width=\"373\">\u00cdman, fita, forma EVA, tabuleiro de pl\u00e1stico, esponja, janela PVC\/PET\/PP,...<\/td>\n<\/tr>\n<tr>\n<td width=\"373\">Prazo de pagamento<\/td>\n<td width=\"373\">T\/T, Western Union, Paypal, dep\u00f3sito 30% e saldo 70% antes do envio.<\/td>\n<\/tr>\n<\/tbody>\n<\/table>\n<div class=\"widget block block-static-block\">\n<div class=\"landing-page-section option-bottom\">\n<div class=\"custom-materials-tabs-content container container-adjustment\">\n<div class=\"custom-materials-tab-content active\">\n<div class=\"widget block block-static-block\">\n<div class=\"options-items\">\n<div class=\"flex-grid-row-option\">\n<div class=\"flex-grid-item-option\">\n<div class=\"material-box\">\n<p>&nbsp;<\/p>\n<\/div>\n<\/div>\n<\/div>\n<\/div>\n<p><!---end of option item--><\/p>\n<\/div>\n<\/div>\n<\/div>\n<\/div>\n<\/div>","protected":false},"excerpt":{"rendered":"<p>1. O design da gaveta da caixa de papel e a abertura deslizante facilitam a abertura e o fecho pelos utilizadores, o que pode reduzir o tempo de opera\u00e7\u00e3o do utilizador e melhorar a experi\u00eancia de desembalagem<br \/>\n2. V\u00e1rios tamanhos podem ser personalizados de acordo com os seus produtos, adequados para a embalagem de v\u00e1rias caixas de pingentes de j\u00f3ias por atacado<br \/>\n3. O processo de estampagem a quente da folha de ouro confere \u00e0 embalagem uma sensa\u00e7\u00e3o de luxo e uma apresenta\u00e7\u00e3o visual de alta qualidade<\/p>","protected":false},"featured_media":4111,"template":"","meta":[],"product_brand":[],"product_cat":[30,415,31,426],"product_tag":[343,742,741],"class_list":{"0":"post-4107","1":"product","2":"type-product","3":"status-publish","4":"has-post-thumbnail","6":"product_cat-by-industry","7":"product_cat-custom-jewelry-boxes-by-industry","8":"product_cat-paper-box-style","9":"product_cat-paper-drawer-boxes","10":"product_tag-custom-bracelet-boxes","11":"product_tag-earring-gift-boxes-wholesale","12":"product_tag-luxury-ring-boxes","14":"first","15":"instock","16":"shipping-taxable","17":"product-type-grouped"},"_links":{"self":[{"href":"https:\/\/zojopackaging.com\/pt\/wp-json\/wp\/v2\/product\/4107","targetHints":{"allow":["GET"]}}],"collection":[{"href":"https:\/\/zojopackaging.com\/pt\/wp-json\/wp\/v2\/product"}],"about":[{"href":"https:\/\/zojopackaging.com\/pt\/wp-json\/wp\/v2\/types\/product"}],"version-history":[{"count":2,"href":"https:\/\/zojopackaging.com\/pt\/wp-json\/wp\/v2\/product\/4107\/revisions"}],"predecessor-version":[{"id":8434,"href":"https:\/\/zojopackaging.com\/pt\/wp-json\/wp\/v2\/product\/4107\/revisions\/8434"}],"wp:featuredmedia":[{"embeddable":true,"href":"https:\/\/zojopackaging.com\/pt\/wp-json\/wp\/v2\/media\/4111"}],"wp:attachment":[{"href":"https:\/\/zojopackaging.com\/pt\/wp-json\/wp\/v2\/media?parent=4107"}],"wp:term":[{"taxonomy":"product_brand","embeddable":true,"href":"https:\/\/zojopackaging.com\/pt\/wp-json\/wp\/v2\/product_brand?post=4107"},{"taxonomy":"product_cat","embeddable":true,"href":"https:\/\/zojopackaging.com\/pt\/wp-json\/wp\/v2\/product_cat?post=4107"},{"taxonomy":"product_tag","embeddable":true,"href":"https:\/\/zojopackaging.com\/pt\/wp-json\/wp\/v2\/product_tag?post=4107"}],"curies":[{"name":"wp","href":"https:\/\/api.w.org\/{rel}","templated":true}]}}