{"id":4170,"date":"2024-03-21T10:37:14","date_gmt":"2024-03-21T02:37:14","guid":{"rendered":"https:\/\/zojopackaging.com\/?post_type=product&#038;p=4170"},"modified":"2025-04-03T12:51:52","modified_gmt":"2025-04-03T04:51:52","slug":"valentines-day-gift-packaging-box","status":"publish","type":"product","link":"https:\/\/zojopackaging.com\/pt\/product\/valentines-day-gift-packaging-box\/","title":{"rendered":"Criador de caixas de embalagem magn\u00e9tica para prendas personalizadas para o Dia dos Namorados"},"content":{"rendered":"<h1>Criador de caixas de embalagem magn\u00e9tica para prendas personalizadas para o Dia dos Namorados<\/h1>\n<p>A caixa de embalagem para presentes do Dia dos Namorados \u00e9 uma solu\u00e7\u00e3o de embalagem encantadora e rom\u00e2ntica concebida para dar um toque especial aos presentes trocados nesta ocasi\u00e3o cheia de amor. Este design \u00fanico apresenta um tema encantador e festivo que capta o esp\u00edrito do Dia dos Namorados, tornando-a a escolha perfeita para embalar presentes para os seus entes queridos.<\/p>\n<p>Fabricada a partir de materiais de alta qualidade, como cart\u00e3o ou cartolina de primeira qualidade, a caixa de embalagem para presentes do Dia dos Namorados oferece durabilidade e atratividade visual. A caixa pode ser adornada com motivos rom\u00e2nticos, como cora\u00e7\u00f5es, rosas ou o Cupido, para criar um design caprichoso e encantador que define o tom perfeito para a ocasi\u00e3o.<\/p>\n<p>O acabamento vibrante e colorido da caixa de embalagem para presentes do Dia dos Namorados acrescenta um elemento festivo e comemorativo, melhorando a apresenta\u00e7\u00e3o geral dos presentes no interior. Est\u00e3o dispon\u00edveis op\u00e7\u00f5es de personaliza\u00e7\u00e3o para adicionar mensagens, nomes ou desenhos personalizados ao exterior da caixa, permitindo que os presentes criem uma solu\u00e7\u00e3o de embalagem verdadeiramente \u00fanica e sentida.<\/p>\n<p>Quer seja utilizada para apresentar chocolates, j\u00f3ias, flores ou outros presentes especiais, a caixa de embalagem para presentes do Dia dos Namorados ir\u00e1 certamente encantar os destinat\u00e1rios com o seu design atencioso e rom\u00e2ntico. Esta solu\u00e7\u00e3o de embalagem n\u00e3o s\u00f3 acrescenta uma camada extra de charme e emo\u00e7\u00e3o \u00e0 experi\u00eancia de oferecer um presente, mas tamb\u00e9m serve como uma bela recorda\u00e7\u00e3o que capta o amor e o afeto partilhados no Dia dos Namorados.<\/p>\n<h1><strong>Especifica\u00e7\u00e3o<\/strong><\/h1>\n<table style=\"border-collapse: collapse; width: 759.02pt;\" border=\"0\" width=\"1012\" cellspacing=\"0\" cellpadding=\"0\">\n<tbody>\n<tr style=\"height: 16.50pt;\">\n<td class=\"et3\" style=\"height: 16.50pt; width: 379.50pt;\" width=\"506\" height=\"22\">Dimens\u00f5es<\/td>\n<td class=\"et3\" style=\"width: 379.50pt;\" width=\"506\">Todos os tamanhos e formas personalizados<\/td>\n<\/tr>\n<tr style=\"height: 16.50pt;\">\n<td class=\"et3\" style=\"height: 16.50pt;\" height=\"22\">Quantidade m\u00ednima<\/td>\n<td class=\"et3\">50 caixas (op\u00e7\u00e3o de amostra \u00e0 prova de fogo dispon\u00edvel)<\/td>\n<\/tr>\n<tr style=\"height: 16.50pt;\">\n<td class=\"et3\" style=\"height: 16.50pt;\" height=\"22\">Processo por defeito<\/td>\n<td class=\"et3\">Corte e vinco, colagem, ranhura, perfura\u00e7\u00e3o<\/td>\n<\/tr>\n<tr style=\"height: 16.50pt;\">\n<td class=\"et3\" style=\"height: 16.50pt;\" height=\"22\">Impress\u00e3o<\/td>\n<td class=\"et3\">Cmyk, pms, sem impress\u00e3o<\/td>\n<\/tr>\n<tr style=\"height: 16.50pt;\">\n<td class=\"et3\" style=\"height: 16.50pt;\" height=\"22\">Op\u00e7\u00e3o de material<\/td>\n<td class=\"et3\">Papel de cart\u00e3o branco, papel revestido, papel art\u00edstico, papel kraft, cart\u00e3o marfim, cart\u00e3o duplex, papel especial, etc.<\/td>\n<\/tr>\n<tr style=\"height: 17.25pt;\">\n<td class=\"et3\" style=\"height: 17.25pt;\" height=\"23\">Acabamento de superf\u00edcies<\/td>\n<td class=\"et4\" style=\"width: 379.50pt;\" width=\"506\">Lamina\u00e7\u00e3o mate\/brilhante, grava\u00e7\u00e3o em relevo, grava\u00e7\u00e3o em relevo, estampagem em folha, etc.<\/td>\n<\/tr>\n<tr style=\"height: 17.25pt;\">\n<td class=\"et4\" style=\"height: 17.25pt; width: 379.50pt;\" width=\"506\" height=\"23\">Utiliza\u00e7\u00e3o na ind\u00fastria<\/td>\n<td class=\"et4\" style=\"width: 379.50pt;\" width=\"506\">cosm\u00e9ticos, perfumes, vestu\u00e1rio, j\u00f3ias, tabaco, alimentos, presentes, produtos de consumo di\u00e1rio,<\/td>\n<\/tr>\n<tr style=\"height: 34.50pt;\">\n<td class=\"et4\" style=\"height: 34.50pt; width: 379.50pt;\" width=\"506\" height=\"46\">Controlo de qualidade<\/td>\n<td class=\"et4\" style=\"width: 379.50pt;\" width=\"506\">Equipamento avan\u00e7ado e equipa QC experiente verificam rigorosamente o material, os produtos semi-acabados e acabados em cada etapa antes de<\/td>\n<\/tr>\n<tr style=\"height: 34.50pt;\">\n<td class=\"et4\" style=\"height: 34.50pt; width: 379.50pt;\" width=\"506\" height=\"46\">Pre\u00e7o<\/td>\n<td class=\"et4\" style=\"width: 379.50pt;\" width=\"506\">O pre\u00e7o final ser\u00e1 adaptado ao seu produto e \u00e0 quantidade de que necessita<\/td>\n<\/tr>\n<tr style=\"height: 16.50pt;\">\n<td class=\"et3\" style=\"height: 16.50pt;\" height=\"22\">Tempo de rota\u00e7\u00e3o<\/td>\n<td class=\"et3\">10-12 dias \u00fateis, com urg\u00eancia<\/td>\n<\/tr>\n<tr style=\"height: 16.50pt;\">\n<td class=\"et3\" style=\"height: 16.50pt;\" height=\"22\">Papel em stock<\/td>\n<td class=\"et3\">10pt a 28pt (60lb a 400lb) Kraft ecol\u00f3gico, cart\u00e3o canelado e-flute, cart\u00e3o bux, cartolina<\/td>\n<\/tr>\n<tr style=\"height: 16.50pt;\">\n<td class=\"et3\" style=\"height: 16.50pt;\" height=\"22\">Prova<\/td>\n<td class=\"et3\">Vista plana, maqueta 3d, amostragem f\u00edsica (a pedido)<\/td>\n<\/tr>\n<\/tbody>\n<\/table>\n<div class=\"widget block block-static-block\">\n<div class=\"landing-page-section option-bottom\">\n<div class=\"custom-materials-tabs-content container container-adjustment\">\n<div class=\"custom-materials-tab-content active\">\n<div class=\"widget block block-static-block\">\n<div class=\"options-items\">\n<div class=\"flex-grid-row-option\">\n<div class=\"flex-grid-item-option\">\n<div class=\"material-box\">\n<div class=\"material-des\">\n<p>&nbsp;<\/p>\n<\/div>\n<p>&nbsp;<\/p>\n<\/div>\n<\/div>\n<\/div>\n<\/div>\n<p><!---end of option item--><\/p>\n<\/div>\n<\/div>\n<\/div>\n<\/div>\n<\/div>","protected":false},"excerpt":{"rendered":"<p>As suas caixas de oferta para namorados podem ser personalizadas atrav\u00e9s de v\u00e1rios canais: Papel brilhante, log\u00f3tipos em relevo, estampagem em folha de alum\u00ednio, inser\u00e7\u00e3o em veludo, etc.<\/p>\n<p>Tipo de material: Amigo do ambiente, tem certifica\u00e7\u00e3o FSC\/ISO\/BSCI<br \/>\nTempo de produ\u00e7\u00e3o: Amostra 1-3 dias; a granel 7-9 dias<br \/>\nTempo de envio: Expresso 3-7 dias; Ar 12-16 dias; Barco 25-30 dias\uff08Diferentes pa\u00edses t\u00eam tempos diferentes)<\/p>\n<p>Pre\u00e7o:Contacte-nos para enviar um inqu\u00e9rito!<\/p>","protected":false},"featured_media":4174,"template":"","meta":[],"product_brand":[],"product_cat":[30,423,424,31],"product_tag":[809,810,811],"class_list":{"0":"post-4170","1":"product","2":"type-product","3":"status-publish","4":"has-post-thumbnail","6":"product_cat-by-industry","7":"product_cat-custom-presentation-boxes-by-industry","8":"product_cat-magnetic-closure-boxes","9":"product_cat-paper-box-style","10":"product_tag-custom-valentines-day-gift-box","11":"product_tag-magnetic-box-maker","12":"product_tag-packaging-box-maker","14":"first","15":"instock","16":"shipping-taxable","17":"product-type-grouped"},"_links":{"self":[{"href":"https:\/\/zojopackaging.com\/pt\/wp-json\/wp\/v2\/product\/4170","targetHints":{"allow":["GET"]}}],"collection":[{"href":"https:\/\/zojopackaging.com\/pt\/wp-json\/wp\/v2\/product"}],"about":[{"href":"https:\/\/zojopackaging.com\/pt\/wp-json\/wp\/v2\/types\/product"}],"version-history":[{"count":1,"href":"https:\/\/zojopackaging.com\/pt\/wp-json\/wp\/v2\/product\/4170\/revisions"}],"predecessor-version":[{"id":8465,"href":"https:\/\/zojopackaging.com\/pt\/wp-json\/wp\/v2\/product\/4170\/revisions\/8465"}],"wp:featuredmedia":[{"embeddable":true,"href":"https:\/\/zojopackaging.com\/pt\/wp-json\/wp\/v2\/media\/4174"}],"wp:attachment":[{"href":"https:\/\/zojopackaging.com\/pt\/wp-json\/wp\/v2\/media?parent=4170"}],"wp:term":[{"taxonomy":"product_brand","embeddable":true,"href":"https:\/\/zojopackaging.com\/pt\/wp-json\/wp\/v2\/product_brand?post=4170"},{"taxonomy":"product_cat","embeddable":true,"href":"https:\/\/zojopackaging.com\/pt\/wp-json\/wp\/v2\/product_cat?post=4170"},{"taxonomy":"product_tag","embeddable":true,"href":"https:\/\/zojopackaging.com\/pt\/wp-json\/wp\/v2\/product_tag?post=4170"}],"curies":[{"name":"wp","href":"https:\/\/api.w.org\/{rel}","templated":true}]}}