{"id":4285,"date":"2024-03-21T15:54:56","date_gmt":"2024-03-21T07:54:56","guid":{"rendered":"https:\/\/zojopackaging.com\/?post_type=product&#038;p=4285"},"modified":"2025-03-28T14:13:09","modified_gmt":"2025-03-28T06:13:09","slug":"portable-electronic-cigarette-box","status":"publish","type":"product","link":"https:\/\/zojopackaging.com\/pt\/product\/portable-electronic-cigarette-box\/","title":{"rendered":"Tampa da caneta Vape personalizada e caixa de base por atacado na China"},"content":{"rendered":"<h1>Tampa da caneta Vape personalizada e caixa de base por atacado na China<\/h1>\n<p>A caixa de cigarros electr\u00f3nicos \u00e9 um dispositivo port\u00e1til e pr\u00e1tico concebido para os entusiastas da vaporiza\u00e7\u00e3o.<\/p>\n<ul>\n<li>Bateria: A caixa de cigarros electr\u00f3nicos \u00e9 alimentada por uma bateria recarreg\u00e1vel que fornece a energia necess\u00e1ria para aquecer o e-l\u00edquido e produzir vapor.<\/li>\n<li>Dep\u00f3sito: O dep\u00f3sito, tamb\u00e9m conhecido como atomizador ou clearomizer, \u00e9 onde o e-l\u00edquido \u00e9 armazenado. Cont\u00e9m uma bobina que aquece quando \u00e9 activada, transformando o e-l\u00edquido em vapor.<\/li>\n<li>Painel de controlo: Muitas caixas de cigarros electr\u00f3nicos possuem um painel de controlo com bot\u00f5es para ajustar defini\u00e7\u00f5es como a pot\u00eancia, a temperatura e o fluxo de ar para personalizar a experi\u00eancia de vaporiza\u00e7\u00e3o.<\/li>\n<li>Ecr\u00e3 de visualiza\u00e7\u00e3o: Alguns modelos v\u00eam com um ecr\u00e3 OLED ou LED que mostra informa\u00e7\u00f5es importantes como a dura\u00e7\u00e3o da bateria, a pot\u00eancia, a resist\u00eancia e a contagem de baforadas.<\/li>\n<li>Carater\u00edsticas de seguran\u00e7a: As caixas de cigarros electr\u00f3nicos t\u00eam frequentemente carater\u00edsticas de seguran\u00e7a incorporadas, tais como prote\u00e7\u00e3o contra curto-circuitos, prote\u00e7\u00e3o contra sobreaquecimento e aviso de bateria fraca para garantir uma utiliza\u00e7\u00e3o segura.<\/li>\n<li>Op\u00e7\u00f5es de personaliza\u00e7\u00e3o: Os utilizadores podem muitas vezes personalizar a sua experi\u00eancia de vaporiza\u00e7\u00e3o ajustando defini\u00e7\u00f5es como a pot\u00eancia, a temperatura e o fluxo de ar de acordo com as suas prefer\u00eancias.<\/li>\n<li>Design: As caixas de cigarros electr\u00f3nicos existem em v\u00e1rios modelos, tamanhos e cores para satisfazer diferentes gostos e estilos.<\/li>\n<\/ul>\n<h1><strong>Especifica\u00e7\u00e3o<\/strong><\/h1>\n<div class=\"widget block block-static-block\">\n<div class=\"landing-page-section option-bottom\">\n<div class=\"custom-materials-tabs-content container container-adjustment\">\n<div class=\"custom-materials-tab-content active\">\n<div class=\"widget block block-static-block\">\n<div class=\"options-items\">\n<div class=\"flex-grid-row-option\">\n<div class=\"flex-grid-item-option\">\n<div class=\"material-box\">\n<div class=\"material-des\">\n<table width=\"1070\">\n<tbody>\n<tr>\n<td width=\"373\">Dimens\u00f5es<\/td>\n<td width=\"373\">Todos os tamanhos e formas personalizados<\/td>\n<\/tr>\n<tr>\n<td width=\"373\">MOQ<\/td>\n<td width=\"373\">500 unidades<\/td>\n<\/tr>\n<tr>\n<td width=\"373\">Tempo de amostragem<\/td>\n<td width=\"373\">\u00a03-5 dias<\/td>\n<\/tr>\n<tr>\n<td width=\"373\">Processo por defeito<\/td>\n<td width=\"373\">Corte e vinco, colagem, ranhura, perfura\u00e7\u00e3o<\/td>\n<\/tr>\n<tr>\n<td width=\"373\">Impress\u00e3o<\/td>\n<td width=\"373\">Cmyk, pms, sem impress\u00e3o<\/td>\n<\/tr>\n<tr>\n<td width=\"373\">Op\u00e7\u00e3o de material<\/td>\n<td width=\"373\">Papel de cart\u00e3o branco, papel revestido, papel art\u00edstico, papel kraft, cart\u00e3o marfim, cart\u00e3o duplex, papel especial, etc.<\/td>\n<\/tr>\n<tr>\n<td width=\"373\">Acabamento de superf\u00edcies<\/td>\n<td width=\"373\">Lamina\u00e7\u00e3o mate\/brilhante, grava\u00e7\u00e3o em relevo, grava\u00e7\u00e3o em relevo, estampagem em folha, etc.<\/td>\n<\/tr>\n<tr>\n<td width=\"373\">Utiliza\u00e7\u00e3o na ind\u00fastria<\/td>\n<td width=\"373\">cosm\u00e9ticos, perfumes, vestu\u00e1rio, j\u00f3ias, tabaco, alimentos, presentes, produtos de consumo di\u00e1rio,<\/td>\n<\/tr>\n<tr>\n<td width=\"373\">Controlo de qualidade<\/td>\n<td width=\"373\">Equipamento avan\u00e7ado e equipa QC experiente verificam rigorosamente o material, os produtos semi-acabados e acabados em cada etapa antes de<\/td>\n<\/tr>\n<tr>\n<td width=\"373\">Pre\u00e7o<\/td>\n<td width=\"373\">O pre\u00e7o final ser\u00e1 adaptado ao seu produto e \u00e0 quantidade de que necessita<\/td>\n<\/tr>\n<tr>\n<td width=\"373\">Tempo de rota\u00e7\u00e3o<\/td>\n<td width=\"373\">7-14 dias \u00fateis, com urg\u00eancia<\/td>\n<\/tr>\n<tr>\n<td width=\"373\">Papel em stock<\/td>\n<td width=\"373\">10pt a 28pt (60lb a 400lb) Kraft ecol\u00f3gico, cart\u00e3o canelado e-flute, cart\u00e3o bux, cartolina<\/td>\n<\/tr>\n<tr>\n<td width=\"373\">Formato da obra de arte<\/td>\n<td width=\"373\">JPG, PDF, AI, CDR, EPS, GIF....<\/td>\n<\/tr>\n<tr>\n<td width=\"373\">Acess\u00f3rios<\/td>\n<td width=\"373\">\u00cdman, fita, forma EVA, tabuleiro de pl\u00e1stico, esponja, janela PVC\/PET\/PP,...<\/td>\n<\/tr>\n<tr>\n<td width=\"373\">Prazo de pagamento<\/td>\n<td width=\"373\">T\/T, Western Union, Paypal, dep\u00f3sito 30% e saldo 70% antes do envio.<\/td>\n<\/tr>\n<\/tbody>\n<\/table>\n<\/div>\n<\/div>\n<\/div>\n<\/div>\n<\/div>\n<\/div>\n<\/div>\n<\/div>\n<\/div>\n<\/div>\n<h1><strong style=\"font-size: 16px;\">PROCURA DE PROFISSIONAIS ESPECIALIZADOS NA CONCEP\u00c7\u00c3O DE CAIXAS PERSONALIZADAS<\/strong><\/h1>\n<div class=\"widget block block-static-block\">\n<div class=\"landing-page-section option-bottom\">\n<div class=\"custom-materials-tabs-content container container-adjustment\">\n<div class=\"custom-materials-tab-content active\">\n<div class=\"widget block block-static-block\">\n<div class=\"options-items\">\n<div class=\"flex-grid-row-option\">\n<div class=\"flex-grid-item-option\">\n<div class=\"material-box\">\n<div class=\"material-des\">\n<p>A Embalagem Personalizada tem uma equipa de designers especializados que o ajudam a criar a melhor\u00a0<strong>Caixas com extremidades seladas personalizadas<\/strong>\u00a0de acordo com as suas necessidades. Os nossos designers ajud\u00e1-lo-\u00e3o a escolher o melhor material, forma, tamanho e cor para conceber a caixa personalizada \u00e0 sua escolha. Al\u00e9m disso, tamb\u00e9m pode pedir orienta\u00e7\u00e3o aos nossos profissionais sem cobrar dinheiro extra. O processo de fabrico das caixas de extremidades seladas \u00e0 medida s\u00f3 ser\u00e1 iniciado se for aprovado pelos clientes. Os nossos designers fornecer\u00e3o amostras gr\u00e1tis das caixas com os desenhos finais antes do processo de produ\u00e7\u00e3o para que os clientes saibam o que est\u00e3o a receber.<\/p>\n<h2><strong>FACILITAMOS OS CLIENTES EM TODAS AS ETAPAS<\/strong><\/h2>\n<p>A nossa equipa na The Custom Packaging est\u00e1 aqui para facilitar os nossos clientes em cada passo. Certificamo-nos de que oferecemos os nossos melhores servi\u00e7os de personaliza\u00e7\u00e3o a pre\u00e7os grossistas aos nossos clientes. Contacte-nos atrav\u00e9s de um e-mail ou ligue-nos para receber as suas encomendas. Prometemos cumprir todos os requisitos de embalagem dos nossos valiosos clientes.<\/p>\n<\/div>\n<p>&nbsp;<\/p>\n<\/div>\n<\/div>\n<\/div>\n<\/div>\n<p><!---end of option item--><\/p>\n<\/div>\n<\/div>\n<\/div>\n<\/div>\n<\/div>","protected":false},"excerpt":{"rendered":"<p>Uma embalagem em caixa r\u00edgida de caneta vape cl\u00e1ssica. Personalizada com o design privado do cliente na caixa.<\/p>\n<p>Tipo de material: Amigo do ambiente, tem certifica\u00e7\u00e3o FSC\/ISO\/BSCI<br \/>\nTempo de produ\u00e7\u00e3o: Amostra 1-3 dias; a granel 7-9 dias<br \/>\nTempo de envio: Expresso 3-7 dias; Ar 12-16 dias; Barco 25-30 dias\uff08Diferentes pa\u00edses t\u00eam tempos diferentes)<\/p>\n<p>Pre\u00e7o:Contacte-nos para enviar um inqu\u00e9rito!<\/p>\n<p>&nbsp;<\/p>","protected":false},"featured_media":4288,"template":"","meta":[],"product_brand":[],"product_cat":[30,420,425,31],"product_tag":[791,789,790],"class_list":{"0":"post-4285","1":"product","2":"type-product","3":"status-publish","4":"has-post-thumbnail","6":"product_cat-by-industry","7":"product_cat-custom-cannabis-boxes","8":"product_cat-lid-and-base-gift-box","9":"product_cat-paper-box-style","10":"product_tag-box-wholesale-in-china","11":"product_tag-custom-vape-pen-box","12":"product_tag-vape-pen-box-wholesale","14":"first","15":"instock","16":"shipping-taxable","17":"product-type-grouped"},"_links":{"self":[{"href":"https:\/\/zojopackaging.com\/pt\/wp-json\/wp\/v2\/product\/4285","targetHints":{"allow":["GET"]}}],"collection":[{"href":"https:\/\/zojopackaging.com\/pt\/wp-json\/wp\/v2\/product"}],"about":[{"href":"https:\/\/zojopackaging.com\/pt\/wp-json\/wp\/v2\/types\/product"}],"version-history":[{"count":2,"href":"https:\/\/zojopackaging.com\/pt\/wp-json\/wp\/v2\/product\/4285\/revisions"}],"predecessor-version":[{"id":8457,"href":"https:\/\/zojopackaging.com\/pt\/wp-json\/wp\/v2\/product\/4285\/revisions\/8457"}],"wp:featuredmedia":[{"embeddable":true,"href":"https:\/\/zojopackaging.com\/pt\/wp-json\/wp\/v2\/media\/4288"}],"wp:attachment":[{"href":"https:\/\/zojopackaging.com\/pt\/wp-json\/wp\/v2\/media?parent=4285"}],"wp:term":[{"taxonomy":"product_brand","embeddable":true,"href":"https:\/\/zojopackaging.com\/pt\/wp-json\/wp\/v2\/product_brand?post=4285"},{"taxonomy":"product_cat","embeddable":true,"href":"https:\/\/zojopackaging.com\/pt\/wp-json\/wp\/v2\/product_cat?post=4285"},{"taxonomy":"product_tag","embeddable":true,"href":"https:\/\/zojopackaging.com\/pt\/wp-json\/wp\/v2\/product_tag?post=4285"}],"curies":[{"name":"wp","href":"https:\/\/api.w.org\/{rel}","templated":true}]}}