{"id":4337,"date":"2024-03-21T16:49:03","date_gmt":"2024-03-21T08:49:03","guid":{"rendered":"https:\/\/zojopackaging.com\/?post_type=product&#038;p=4337"},"modified":"2025-03-28T13:48:54","modified_gmt":"2025-03-28T05:48:54","slug":"bluetooth-speaker-packaging-box","status":"publish","type":"product","link":"https:\/\/zojopackaging.com\/pt\/product\/bluetooth-speaker-packaging-box\/","title":{"rendered":"Fabricante de embalagens personalizadas para a tampa e a base da caixa de auscultadores Bluetooth"},"content":{"rendered":"<h1 class=\"self-content-pre-ca33f6\">Fabricante de embalagens personalizadas para a tampa e a base da caixa de auscultadores Bluetooth<\/h1>\n<p>A caixa de embalagem do altifalante Bluetooth \u00e9 um recipiente compacto que aloja o pequeno altifalante Bluetooth compacto e potente. A caixa de embalagem foi concebida n\u00e3o s\u00f3 para proteger o altifalante, mas tamb\u00e9m para mostrar as suas carater\u00edsticas e estilo.<\/p>\n<p>A caixa pode apresentar a marca e o modelo do altifalante, juntamente com uma imagem ou representa\u00e7\u00e3o do dispositivo, dando aos potenciais compradores uma antevis\u00e3o do que est\u00e1 no interior. Poder\u00e1 tamb\u00e9m destacar as principais especifica\u00e7\u00f5es, como a conetividade Bluetooth, a dura\u00e7\u00e3o da bateria e a sa\u00edda de \u00e1udio.<\/p>\n<p>A embalagem pode incluir palavras como \"Port\u00e1til\", \"Sem fios\" e \"Som de alta qualidade\" para real\u00e7ar a conveni\u00eancia e as capacidades de \u00e1udio do altifalante. Al\u00e9m disso, pode mencionar a compatibilidade com v\u00e1rios dispositivos, permitindo aos utilizadores ligarem-se sem problemas.<\/p>\n<p>O design da caixa de embalagem tamb\u00e9m pode desempenhar um papel importante para atrair os consumidores. Pode ter um aspeto moderno e elegante, ou talvez uma est\u00e9tica mais vibrante e apelativa para se destacar nas prateleiras das lojas.<\/p>\n<h1><strong>Especifica\u00e7\u00e3o<\/strong><\/h1>\n<table style=\"border-collapse: collapse; width: 759.02pt;\" border=\"0\" width=\"1012\" cellspacing=\"0\" cellpadding=\"0\">\n<tbody>\n<tr style=\"height: 16.50pt;\">\n<td class=\"et3\" style=\"height: 16.50pt; width: 379.50pt;\" width=\"506\" height=\"22\">Dimens\u00f5es<\/td>\n<td class=\"et3\" style=\"width: 379.50pt;\" width=\"506\">Todos os tamanhos e formas personalizados<\/td>\n<\/tr>\n<tr style=\"height: 16.50pt;\">\n<td class=\"et3\" style=\"height: 16.50pt;\" height=\"22\">Quantidade m\u00ednima<\/td>\n<td class=\"et3\">500 unidades<\/td>\n<\/tr>\n<tr style=\"height: 16.50pt;\">\n<td class=\"et3\" style=\"height: 16.50pt;\" height=\"22\">Processo por defeito<\/td>\n<td class=\"et3\">Corte e vinco, colagem, ranhura, perfura\u00e7\u00e3o<\/td>\n<\/tr>\n<tr style=\"height: 16.50pt;\">\n<td class=\"et3\" style=\"height: 16.50pt;\" height=\"22\">Impress\u00e3o<\/td>\n<td class=\"et3\">Cmyk, pms, sem impress\u00e3o<\/td>\n<\/tr>\n<tr style=\"height: 16.50pt;\">\n<td class=\"et3\" style=\"height: 16.50pt;\" height=\"22\">Op\u00e7\u00e3o de material<\/td>\n<td class=\"et3\">Papel de cart\u00e3o branco, papel revestido, papel art\u00edstico, papel kraft, cart\u00e3o marfim, cart\u00e3o duplex, papel especial, etc.<\/td>\n<\/tr>\n<tr style=\"height: 17.25pt;\">\n<td class=\"et3\" style=\"height: 17.25pt;\" height=\"23\">Acabamento de superf\u00edcies<\/td>\n<td class=\"et4\" style=\"width: 379.50pt;\" width=\"506\">Lamina\u00e7\u00e3o mate\/brilhante, grava\u00e7\u00e3o em relevo, grava\u00e7\u00e3o em relevo, estampagem em folha, etc.<\/td>\n<\/tr>\n<tr style=\"height: 17.25pt;\">\n<td class=\"et4\" style=\"height: 17.25pt; width: 379.50pt;\" width=\"506\" height=\"23\">Utiliza\u00e7\u00e3o na ind\u00fastria<\/td>\n<td class=\"et4\" style=\"width: 379.50pt;\" width=\"506\">cosm\u00e9ticos, perfumes, vestu\u00e1rio, j\u00f3ias, tabaco, alimentos, presentes, produtos de consumo di\u00e1rio,<\/td>\n<\/tr>\n<tr style=\"height: 34.50pt;\">\n<td class=\"et4\" style=\"height: 34.50pt; width: 379.50pt;\" width=\"506\" height=\"46\">Controlo de qualidade<\/td>\n<td class=\"et4\" style=\"width: 379.50pt;\" width=\"506\">Equipamento avan\u00e7ado e equipa QC experiente verificam rigorosamente o material, os produtos semi-acabados e acabados em cada etapa antes de<\/td>\n<\/tr>\n<tr style=\"height: 34.50pt;\">\n<td class=\"et4\" style=\"height: 34.50pt; width: 379.50pt;\" width=\"506\" height=\"46\">Pre\u00e7o<\/td>\n<td class=\"et4\" style=\"width: 379.50pt;\" width=\"506\">O pre\u00e7o final ser\u00e1 adaptado ao seu produto e \u00e0 quantidade de que necessita<\/td>\n<\/tr>\n<tr style=\"height: 16.50pt;\">\n<td class=\"et3\" style=\"height: 16.50pt;\" height=\"22\">Tempo de rota\u00e7\u00e3o<\/td>\n<td class=\"et3\">7-14 dias \u00fateis, com urg\u00eancia<\/td>\n<\/tr>\n<tr style=\"height: 16.50pt;\">\n<td class=\"et3\" style=\"height: 16.50pt;\" height=\"22\">Papel em stock<\/td>\n<td class=\"et3\">10pt a 28pt (60lb a 400lb) Kraft ecol\u00f3gico, cart\u00e3o canelado e-flute, cart\u00e3o bux, cartolina<\/td>\n<\/tr>\n<tr style=\"height: 16.50pt;\">\n<td class=\"et3\" style=\"height: 16.50pt;\" height=\"22\">Prova<\/td>\n<td class=\"et3\">Vista plana, maqueta 3d, amostragem f\u00edsica (a pedido)<\/td>\n<\/tr>\n<\/tbody>\n<\/table>\n<div class=\"widget block block-static-block\">\n<div class=\"landing-page-section option-bottom\">\n<div class=\"custom-materials-tabs-content container container-adjustment\">\n<div class=\"custom-materials-tab-content active\">\n<div class=\"widget block block-static-block\">\n<div class=\"options-items\">\n<div class=\"flex-grid-row-option\">\n<div class=\"flex-grid-item-option\">\n<div class=\"material-box\">\n<p>&nbsp;<\/p>\n<\/div>\n<\/div>\n<\/div>\n<\/div>\n<p><!---end of option item--><\/p>\n<\/div>\n<\/div>\n<\/div>\n<\/div>\n<\/div>","protected":false},"excerpt":{"rendered":"<p>Ajuste a sua embalagem para qualquer tamanho, material e formas de impress\u00e3o de que necessite. 100% material de papel reciclado para caixa de papel.<\/p>\n<p>Tipo de material: Amigo do ambiente, tem certifica\u00e7\u00e3o FSC\/ISO\/BSCI<br \/>\nTempo de produ\u00e7\u00e3o: Amostra 1-3 dias; a granel 7-9 dias<br \/>\nTempo de envio: Expresso 3-7 dias; Ar 12-16 dias; Barco 25-30 dias\uff08Diferentes pa\u00edses t\u00eam tempos diferentes)<\/p>\n<p>Pre\u00e7o:Contactar-nos para enviar inqu\u00e9rito<\/p>\n<p>&nbsp;<\/p>","protected":false},"featured_media":4341,"template":"","meta":[],"product_brand":[],"product_cat":[30,413,425],"product_tag":[783,781,782],"class_list":{"0":"post-4337","1":"product","2":"type-product","3":"status-publish","4":"has-post-thumbnail","6":"product_cat-by-industry","7":"product_cat-consumer-electronics-boxes","8":"product_cat-lid-and-base-gift-box","9":"product_tag-bluetooth-earphone-box-maker","10":"product_tag-bluetooth-earphone-packaging","11":"product_tag-custom-lid-and-base-box","13":"first","14":"instock","15":"shipping-taxable","16":"product-type-grouped"},"_links":{"self":[{"href":"https:\/\/zojopackaging.com\/pt\/wp-json\/wp\/v2\/product\/4337","targetHints":{"allow":["GET"]}}],"collection":[{"href":"https:\/\/zojopackaging.com\/pt\/wp-json\/wp\/v2\/product"}],"about":[{"href":"https:\/\/zojopackaging.com\/pt\/wp-json\/wp\/v2\/types\/product"}],"version-history":[{"count":2,"href":"https:\/\/zojopackaging.com\/pt\/wp-json\/wp\/v2\/product\/4337\/revisions"}],"predecessor-version":[{"id":8453,"href":"https:\/\/zojopackaging.com\/pt\/wp-json\/wp\/v2\/product\/4337\/revisions\/8453"}],"wp:featuredmedia":[{"embeddable":true,"href":"https:\/\/zojopackaging.com\/pt\/wp-json\/wp\/v2\/media\/4341"}],"wp:attachment":[{"href":"https:\/\/zojopackaging.com\/pt\/wp-json\/wp\/v2\/media?parent=4337"}],"wp:term":[{"taxonomy":"product_brand","embeddable":true,"href":"https:\/\/zojopackaging.com\/pt\/wp-json\/wp\/v2\/product_brand?post=4337"},{"taxonomy":"product_cat","embeddable":true,"href":"https:\/\/zojopackaging.com\/pt\/wp-json\/wp\/v2\/product_cat?post=4337"},{"taxonomy":"product_tag","embeddable":true,"href":"https:\/\/zojopackaging.com\/pt\/wp-json\/wp\/v2\/product_tag?post=4337"}],"curies":[{"name":"wp","href":"https:\/\/api.w.org\/{rel}","templated":true}]}}