{"id":4344,"date":"2024-03-21T16:57:26","date_gmt":"2024-03-21T08:57:26","guid":{"rendered":"https:\/\/zojopackaging.com\/?post_type=product&#038;p=4344"},"modified":"2025-03-28T13:18:15","modified_gmt":"2025-03-28T05:18:15","slug":"beauty-gift-packaging-box","status":"publish","type":"product","link":"https:\/\/zojopackaging.com\/pt\/product\/beauty-gift-packaging-box\/","title":{"rendered":"Caixas de embalagem personalizadas para produtos de beleza e cosm\u00e9ticos por atacado"},"content":{"rendered":"<h1 class=\"self-content-pre-ca33f6\">Caixas de embalagem personalizadas para produtos de beleza e cosm\u00e9ticos por atacado<\/h1>\n<p>As caixas de embalagem de produtos de beleza cosm\u00e9ticos personalizadas por atacado s\u00e3o um ref\u00fagio de indulg\u00eancia e eleg\u00e2ncia, concebidas para real\u00e7ar o fasc\u00ednio dos seus preciosos presentes. O seu exterior \u00e9 uma sinfonia de materiais requintados, meticulosamente trabalhados para criar uma experi\u00eancia visualmente cativante.<\/p>\n<p>A caixa pode ser adornada com padr\u00f5es delicados, acabamentos luxuosos ou pormenores em relevo, acrescentando um toque de sofistica\u00e7\u00e3o e requinte. Serve como uma tela, permitindo que a beleza do conte\u00fado brilhe.<\/p>\n<p>No interior, a embalagem proporciona um ref\u00fagio seguro para os mimos de beleza cuidadosamente selecionados. Cada artigo \u00e9 aconchegado confortavelmente, protegido de danos durante o transporte. O interior \u00e9 frequentemente forrado com materiais suaves, criando uma sensa\u00e7\u00e3o de opul\u00eancia.<\/p>\n<p>A Beauty Gift Packaging Box n\u00e3o \u00e9 apenas uma quest\u00e3o de apar\u00eancia; \u00e9 uma declara\u00e7\u00e3o de qualidade. Mostra a aten\u00e7\u00e3o e o cuidado investidos na sele\u00e7\u00e3o dos presentes perfeitos para aquela pessoa especial. Quer contenha produtos essenciais de cuidados da pele, favoritos de maquilhagem ou tesouros de fragr\u00e2ncias, esta embalagem eleva a experi\u00eancia de presentear a novos patamares.<\/p>\n<p>Com o seu charme e fasc\u00ednio, a Beauty Gift Packaging Box torna-se uma surpresa deliciosa, evocando emo\u00e7\u00f5es de alegria e excita\u00e7\u00e3o ao ser aberta.<\/p>\n<h1><strong>Especifica\u00e7\u00e3o<\/strong><\/h1>\n<table style=\"border-collapse: collapse; width: 759.02pt;\" border=\"0\" width=\"1012\" cellspacing=\"0\" cellpadding=\"0\">\n<tbody>\n<tr style=\"height: 16.50pt;\">\n<td class=\"et3\" style=\"height: 16.50pt; width: 379.50pt;\" width=\"506\" height=\"22\">Dimens\u00f5es<\/td>\n<td class=\"et3\" style=\"width: 379.50pt;\" width=\"506\">Todos os tamanhos e formas personalizados<\/td>\n<\/tr>\n<tr style=\"height: 16.50pt;\">\n<td class=\"et3\" style=\"height: 16.50pt;\" height=\"22\">Quantidade m\u00ednima<\/td>\n<td class=\"et3\">500 unidades<\/td>\n<\/tr>\n<tr style=\"height: 16.50pt;\">\n<td class=\"et3\" style=\"height: 16.50pt;\" height=\"22\">Processo por defeito<\/td>\n<td class=\"et3\">Corte e vinco, colagem, ranhura, perfura\u00e7\u00e3o<\/td>\n<\/tr>\n<tr style=\"height: 16.50pt;\">\n<td class=\"et3\" style=\"height: 16.50pt;\" height=\"22\">Impress\u00e3o<\/td>\n<td class=\"et3\">Cmyk, pms, sem impress\u00e3o<\/td>\n<\/tr>\n<tr style=\"height: 16.50pt;\">\n<td class=\"et3\" style=\"height: 16.50pt;\" height=\"22\">Op\u00e7\u00e3o de material<\/td>\n<td class=\"et3\">Papel de cart\u00e3o branco, papel revestido, papel art\u00edstico, papel kraft, cart\u00e3o marfim, cart\u00e3o duplex, papel especial, etc.<\/td>\n<\/tr>\n<tr style=\"height: 17.25pt;\">\n<td class=\"et3\" style=\"height: 17.25pt;\" height=\"23\">Acabamento de superf\u00edcies<\/td>\n<td class=\"et4\" style=\"width: 379.50pt;\" width=\"506\">Lamina\u00e7\u00e3o mate\/brilhante, grava\u00e7\u00e3o em relevo, grava\u00e7\u00e3o em relevo, estampagem em folha, etc.<\/td>\n<\/tr>\n<tr style=\"height: 17.25pt;\">\n<td class=\"et4\" style=\"height: 17.25pt; width: 379.50pt;\" width=\"506\" height=\"23\">Utiliza\u00e7\u00e3o na ind\u00fastria<\/td>\n<td class=\"et4\" style=\"width: 379.50pt;\" width=\"506\">cosm\u00e9ticos, perfumes, vestu\u00e1rio, j\u00f3ias, tabaco, alimentos, presentes, produtos de consumo di\u00e1rio,<\/td>\n<\/tr>\n<tr style=\"height: 34.50pt;\">\n<td class=\"et4\" style=\"height: 34.50pt; width: 379.50pt;\" width=\"506\" height=\"46\">Controlo de qualidade<\/td>\n<td class=\"et4\" style=\"width: 379.50pt;\" width=\"506\">Equipamento avan\u00e7ado e equipa QC experiente verificam rigorosamente o material, os produtos semi-acabados e acabados em cada etapa antes de<\/td>\n<\/tr>\n<tr style=\"height: 34.50pt;\">\n<td class=\"et4\" style=\"height: 34.50pt; width: 379.50pt;\" width=\"506\" height=\"46\">Pre\u00e7o<\/td>\n<td class=\"et4\" style=\"width: 379.50pt;\" width=\"506\">O pre\u00e7o final ser\u00e1 adaptado ao seu produto e \u00e0 quantidade de que necessita<\/td>\n<\/tr>\n<tr style=\"height: 16.50pt;\">\n<td class=\"et3\" style=\"height: 16.50pt;\" height=\"22\">Tempo de rota\u00e7\u00e3o<\/td>\n<td class=\"et3\">7-14 dias \u00fateis, com urg\u00eancia<\/td>\n<\/tr>\n<tr style=\"height: 16.50pt;\">\n<td class=\"et3\" style=\"height: 16.50pt;\" height=\"22\">Papel em stock<\/td>\n<td class=\"et3\">10pt a 28pt (60lb a 400lb) Kraft ecol\u00f3gico, cart\u00e3o canelado e-flute, cart\u00e3o bux, cartolina<\/td>\n<\/tr>\n<tr style=\"height: 16.50pt;\">\n<td class=\"et3\" style=\"height: 16.50pt;\" height=\"22\">Prova<\/td>\n<td class=\"et3\">Vista plana, maqueta 3d, amostragem f\u00edsica (a pedido)<\/td>\n<\/tr>\n<\/tbody>\n<\/table>\n<div class=\"widget block block-static-block\">\n<div class=\"landing-page-section option-bottom\">\n<div class=\"custom-materials-tabs-content container container-adjustment\">\n<div class=\"custom-materials-tab-content active\">\n<div class=\"widget block block-static-block\">\n<div class=\"options-items\">\n<div class=\"flex-grid-row-option\">\n<div class=\"flex-grid-item-option\">\n<div class=\"material-box\">\n<p>&nbsp;<\/p>\n<\/div>\n<\/div>\n<\/div>\n<\/div>\n<p><!---end of option item--><\/p>\n<\/div>\n<\/div>\n<\/div>\n<\/div>\n<\/div>","protected":false},"excerpt":{"rendered":"<p>1. O tipo de caixa com tampa e base adopta a estrutura de tampa superior e inferior, que \u00e9 f\u00e1cil de transportar e poupa os h\u00e1bitos dos consumidores<br \/>\n2. 157g C2S papel de arte revestido+1200g material de cart\u00e3o r\u00edgido \u00e9 um material amigo do ambiente e de desenvolvimento sustent\u00e1vel<br \/>\n3. V\u00e1rios tamanhos podem ser personalizados de acordo com os seus produtos, adequados para v\u00e1rias embalagens de cosm\u00e9ticos e produtos de cuidados da pele<\/p>","protected":false},"featured_media":4347,"template":"","meta":[],"product_brand":[],"product_cat":[30,390,425,31],"product_tag":[776,777,775],"class_list":{"0":"post-4344","1":"product","2":"type-product","3":"status-publish","4":"has-post-thumbnail","6":"product_cat-by-industry","7":"product_cat-custom-cosmetics-boxes","8":"product_cat-lid-and-base-gift-box","9":"product_cat-paper-box-style","10":"product_tag-beauty-packaging-boxes","11":"product_tag-cosmetic-boxes-wholesale","12":"product_tag-custom-cosmetic-packaging","14":"first","15":"instock","16":"shipping-taxable","17":"product-type-grouped"},"_links":{"self":[{"href":"https:\/\/zojopackaging.com\/pt\/wp-json\/wp\/v2\/product\/4344","targetHints":{"allow":["GET"]}}],"collection":[{"href":"https:\/\/zojopackaging.com\/pt\/wp-json\/wp\/v2\/product"}],"about":[{"href":"https:\/\/zojopackaging.com\/pt\/wp-json\/wp\/v2\/types\/product"}],"version-history":[{"count":2,"href":"https:\/\/zojopackaging.com\/pt\/wp-json\/wp\/v2\/product\/4344\/revisions"}],"predecessor-version":[{"id":8451,"href":"https:\/\/zojopackaging.com\/pt\/wp-json\/wp\/v2\/product\/4344\/revisions\/8451"}],"wp:featuredmedia":[{"embeddable":true,"href":"https:\/\/zojopackaging.com\/pt\/wp-json\/wp\/v2\/media\/4347"}],"wp:attachment":[{"href":"https:\/\/zojopackaging.com\/pt\/wp-json\/wp\/v2\/media?parent=4344"}],"wp:term":[{"taxonomy":"product_brand","embeddable":true,"href":"https:\/\/zojopackaging.com\/pt\/wp-json\/wp\/v2\/product_brand?post=4344"},{"taxonomy":"product_cat","embeddable":true,"href":"https:\/\/zojopackaging.com\/pt\/wp-json\/wp\/v2\/product_cat?post=4344"},{"taxonomy":"product_tag","embeddable":true,"href":"https:\/\/zojopackaging.com\/pt\/wp-json\/wp\/v2\/product_tag?post=4344"}],"curies":[{"name":"wp","href":"https:\/\/api.w.org\/{rel}","templated":true}]}}