{"id":4358,"date":"2024-03-21T17:12:19","date_gmt":"2024-03-21T09:12:19","guid":{"rendered":"https:\/\/zojopackaging.com\/?post_type=product&#038;p=4358"},"modified":"2025-03-28T12:01:32","modified_gmt":"2025-03-28T04:01:32","slug":"puzzle-toy-packaging-box","status":"publish","type":"product","link":"https:\/\/zojopackaging.com\/pt\/product\/puzzle-toy-packaging-box\/","title":{"rendered":"Personaliza\u00e7\u00e3o Fabricantes de caixas de embalagem r\u00edgidas para brinquedos puzzle"},"content":{"rendered":"<div class=\"ast-row single-product-specifications\">\n<div class=\"ast-container\">\n<div class=\"ast-col-xs-12\">\n<div class=\"single-product-specification-wrapper\">\n<h1><strong>Especifica\u00e7\u00e3o<\/strong><\/h1>\n<table style=\"border-collapse: collapse; width: 759.02pt;\" border=\"0\" width=\"1012\" cellspacing=\"0\" cellpadding=\"0\">\n<tbody>\n<tr style=\"height: 16.50pt;\">\n<td class=\"et3\" style=\"height: 16.50pt; width: 379.50pt;\" width=\"506\" height=\"22\">Dimens\u00f5es<\/td>\n<td class=\"et3\" style=\"width: 379.50pt;\" width=\"506\">Todos os tamanhos e formas personalizados<\/td>\n<\/tr>\n<tr style=\"height: 16.50pt;\">\n<td class=\"et3\" style=\"height: 16.50pt;\" height=\"22\">Quantidade m\u00ednima<\/td>\n<td class=\"et3\">500 unidades<\/td>\n<\/tr>\n<tr style=\"height: 16.50pt;\">\n<td class=\"et3\" style=\"height: 16.50pt;\" height=\"22\">Processo por defeito<\/td>\n<td class=\"et3\">Corte e vinco, colagem, ranhura, perfura\u00e7\u00e3o<\/td>\n<\/tr>\n<tr style=\"height: 16.50pt;\">\n<td class=\"et3\" style=\"height: 16.50pt;\" height=\"22\">Impress\u00e3o<\/td>\n<td class=\"et3\">Cmyk, pms, sem impress\u00e3o<\/td>\n<\/tr>\n<tr style=\"height: 16.50pt;\">\n<td class=\"et3\" style=\"height: 16.50pt;\" height=\"22\">Op\u00e7\u00e3o de material<\/td>\n<td class=\"et3\">Papel de cart\u00e3o branco, papel revestido, papel art\u00edstico, papel kraft, cart\u00e3o marfim, cart\u00e3o duplex, papel especial, etc.<\/td>\n<\/tr>\n<tr style=\"height: 17.25pt;\">\n<td class=\"et3\" style=\"height: 17.25pt;\" height=\"23\">Acabamento de superf\u00edcies<\/td>\n<td class=\"et4\" style=\"width: 379.50pt;\" width=\"506\">Lamina\u00e7\u00e3o mate\/brilhante, grava\u00e7\u00e3o em relevo, grava\u00e7\u00e3o em relevo, estampagem em folha, etc.<\/td>\n<\/tr>\n<tr style=\"height: 17.25pt;\">\n<td class=\"et4\" style=\"height: 17.25pt; width: 379.50pt;\" width=\"506\" height=\"23\">Utiliza\u00e7\u00e3o na ind\u00fastria<\/td>\n<td class=\"et4\" style=\"width: 379.50pt;\" width=\"506\">cosm\u00e9ticos, perfumes, vestu\u00e1rio, j\u00f3ias, tabaco, alimentos, presentes, produtos de consumo di\u00e1rio,<\/td>\n<\/tr>\n<tr style=\"height: 34.50pt;\">\n<td class=\"et4\" style=\"height: 34.50pt; width: 379.50pt;\" width=\"506\" height=\"46\">Controlo de qualidade<\/td>\n<td class=\"et4\" style=\"width: 379.50pt;\" width=\"506\">Equipamento avan\u00e7ado e equipa QC experiente verificam rigorosamente o material, os produtos semi-acabados e acabados em cada etapa antes de<\/td>\n<\/tr>\n<tr style=\"height: 34.50pt;\">\n<td class=\"et4\" style=\"height: 34.50pt; width: 379.50pt;\" width=\"506\" height=\"46\">Pre\u00e7o<\/td>\n<td class=\"et4\" style=\"width: 379.50pt;\" width=\"506\">O pre\u00e7o final ser\u00e1 adaptado ao seu produto e \u00e0 quantidade de que necessita<\/td>\n<\/tr>\n<tr style=\"height: 16.50pt;\">\n<td class=\"et3\" style=\"height: 16.50pt;\" height=\"22\">Tempo de rota\u00e7\u00e3o<\/td>\n<td class=\"et3\">7-14 dias \u00fateis, com urg\u00eancia<\/td>\n<\/tr>\n<tr style=\"height: 16.50pt;\">\n<td class=\"et3\" style=\"height: 16.50pt;\" height=\"22\">Papel em stock<\/td>\n<td class=\"et3\">De 250GSM a 350GSM - 10pt a 28pt (60lb a 400lb), cart\u00e3o de seda\/cart\u00e3o de arte, cart\u00e3o, cart\u00e3o canelado e\/c\/b flute, cart\u00e3o Kraft, cart\u00e3o Bux e PVC\/pl\u00e1stico e fosco de 300 a 760 microns<\/td>\n<\/tr>\n<tr style=\"height: 16.50pt;\">\n<td class=\"et3\" style=\"height: 16.50pt;\" height=\"22\">Prova<\/td>\n<td class=\"et3\">Vista plana, maqueta 3d, amostragem f\u00edsica (a pedido)<\/td>\n<\/tr>\n<\/tbody>\n<\/table>\n<\/div>\n<\/div>\n<\/div>\n<\/div>\n<div class=\"ast-row single-product-description\">\n<div class=\"ast-container\">\n<div class=\"ast-col-xs-12\">\n<h2>Celebrar a do\u00e7ura: Com caixas de embalagem de brinquedos puzzle personalizados Caixas m\u00e1gicas:<\/h2>\n<p>No mundo delicioso da confeitaria, onde a do\u00e7ura \u00e9 o centro das aten\u00e7\u00f5es,\u00a0<strong>Caixa de embalagem Zojoprint<\/strong>\u00a0A Puzzle Toys Packaging Boxes introduz caixas de embalagem especializadas concebidas para preservar, apresentar e real\u00e7ar o fasc\u00ednio destas cria\u00e7\u00f5es deliciosas. Criamos caixas para bolos fant\u00e1sticas que t\u00eam um aspeto fant\u00e1stico e mant\u00eam os seus bolos seguros. O fabrico das caixas para bolos \u00e9 a nossa primeira preocupa\u00e7\u00e3o, para que os clientes se sintam atra\u00eddos a morder e a saborear a del\u00edcia. N\u00e3o faz diferen\u00e7a se a sua empresa \u00e9 grande ou pequena, trabalhamos com ambos os tipos de empresas. Em todo o lado\u00a0<strong>o Reino Unido e a Europa<\/strong>A \"Zojoprint Packaging Box\" \u00e9 uma fonte fi\u00e1vel para a cria\u00e7\u00e3o de caixas para bolos de marca. Em particular, para as pequenas empresas, acreditamos na produ\u00e7\u00e3o de caixas de qualidade superior a pre\u00e7os razo\u00e1veis. Os nossos talentosos designers produzem caixas para bolos que complementam na perfei\u00e7\u00e3o o aspeto geral da sua marca. Independentemente da quantidade de que necessite, podemos criar as caixas em qualquer quantidade. Temos quatro continentes com a nossa maquinaria sofisticada. Se ainda n\u00e3o tem um design para a sua caixa, esta \u00e9 a melhor op\u00e7\u00e3o que temos. Sem custos adicionais, a nossa equipa de design est\u00e1 dispon\u00edvel para o ajudar. Aqui na<\/p>\n<h3>Caixas de embalagem personalizadas para brinquedos puzzle com requisitos \u00e0 medida dispon\u00edveis em <strong>Caixa de embalagem Zojoprint<\/strong><\/h3>\n<p>A \"Zojoprint Packaging Box\" pode ajud\u00e1-lo a transformar as suas caixas para bolos em caixas realmente bonitas.  Para as suas caixas \u00fanicas, oferecemos a melhor fonte no Reino Unido. Para al\u00e9m de garantirmos que as suas caixas s\u00e3o resistentes, tamb\u00e9m nos certificamos de que t\u00eam um aspeto fant\u00e1stico. Preocupamo-nos com o ambiente e utilizamos materiais como cart\u00e3o, kraft\/craft, cart\u00e3o canelado e cart\u00e3o de seda. Estes materiais melhoram a sa\u00fade do planeta. Oferecemos-lhe uma vasta sele\u00e7\u00e3o de cores deslumbrantes para escolher quando desenhar as suas caixas. Para tornar as suas caixas para bolos \u00fanicas, adicione elementos extra, como a impress\u00e3o de texturas, UV direta, folha de ouro e prata, relevo e debossing. O melhor de tudo \u00e9 que a lamina\u00e7\u00e3o brilhante ou mate est\u00e1 inclu\u00edda sem custos adicionais, o que ir\u00e1 melhorar o aspeto das suas caixas. A nossa equipa ajud\u00e1-lo-\u00e1 com um trabalho de design gratuito se ainda n\u00e3o tiver o seu design pronto. Se gastar mais de \u00a3200, entregamo-las gratuitamente em qualquer local do Reino Unido. A sua marca brilhar\u00e1 ainda mais do que poderia ter imaginado gra\u00e7as \u00e0s nossas embalagens ultra-fixes. Selecione-nos para fornecer \u00e0 sua marca as embalagens mais exclusivas e sem esfor\u00e7o que se destacam da concorr\u00eancia.<\/p>\n<h4>Fornecedor grossista de caixas de embalagem para Puzzle Toys de marca no Reino Unido e na Europa<\/h4>\n<p>A Zojoprint Packaging Box estabeleceu-se como o fornecedor grossista mais fi\u00e1vel de caixas de embalagem de brinquedos Puzzle por medida. Fornecemos centenas e milhares de caixas de brinquedos Puzzle de marca a milhares de clientes no Reino Unido e na Europa. Por isso, se precisar de caixas Puzzle Toys com o seu pr\u00f3prio log\u00f3tipo e mensagem personalizada, contacte-nos hoje mesmo e dar-lhe-emos um pre\u00e7o imbat\u00edvel. Partilhe connosco os seus requisitos em termos de caixas e obtenha um or\u00e7amento gratuito sem compromisso.<\/p>\n<\/div>\n<\/div>\n<\/div>\n<div class=\"widget block block-static-block\">\n<div class=\"landing-page-section option-bottom\">\n<div class=\"custom-materials-tabs-content container container-adjustment\">\n<div class=\"custom-materials-tab-content active\">\n<div class=\"widget block block-static-block\">\n<p><!---end of option item--><\/p>\n<\/div>\n<\/div>\n<\/div>\n<\/div>\n<\/div>","protected":false},"excerpt":{"rendered":"<p>Explore Caixa de puzzle em ZOJO Print.  16 anos de experi\u00eancia como fabricante fi\u00e1vel na China. Contacte-nos para mais detalhes!<\/p>\n<p>Personaliza\u00e7\u00e3o: Pode personalizar o tamanho\/impress\u00e3o\/material\/acabamento\/forma, etc.<br \/>\nTipo de material: Amigo do ambiente, tem certifica\u00e7\u00e3o FSC\/ISO\/BSCI<br \/>\nTempo de produ\u00e7\u00e3o: Amostra 1-3 dias; a granel 7-9 dias<\/p>","protected":false},"featured_media":4363,"template":"","meta":[],"product_brand":[],"product_cat":[30,423,425,31],"product_tag":[768,769,770],"class_list":{"0":"post-4358","1":"product","2":"type-product","3":"status-publish","4":"has-post-thumbnail","6":"product_cat-by-industry","7":"product_cat-custom-presentation-boxes-by-industry","8":"product_cat-lid-and-base-gift-box","9":"product_cat-paper-box-style","10":"product_tag-customization-rigid-box","11":"product_tag-packaging-box-manufacturers","12":"product_tag-puzzle-toy-box","14":"first","15":"instock","16":"shipping-taxable","17":"product-type-grouped"},"_links":{"self":[{"href":"https:\/\/zojopackaging.com\/pt\/wp-json\/wp\/v2\/product\/4358","targetHints":{"allow":["GET"]}}],"collection":[{"href":"https:\/\/zojopackaging.com\/pt\/wp-json\/wp\/v2\/product"}],"about":[{"href":"https:\/\/zojopackaging.com\/pt\/wp-json\/wp\/v2\/types\/product"}],"version-history":[{"count":2,"href":"https:\/\/zojopackaging.com\/pt\/wp-json\/wp\/v2\/product\/4358\/revisions"}],"predecessor-version":[{"id":8448,"href":"https:\/\/zojopackaging.com\/pt\/wp-json\/wp\/v2\/product\/4358\/revisions\/8448"}],"wp:featuredmedia":[{"embeddable":true,"href":"https:\/\/zojopackaging.com\/pt\/wp-json\/wp\/v2\/media\/4363"}],"wp:attachment":[{"href":"https:\/\/zojopackaging.com\/pt\/wp-json\/wp\/v2\/media?parent=4358"}],"wp:term":[{"taxonomy":"product_brand","embeddable":true,"href":"https:\/\/zojopackaging.com\/pt\/wp-json\/wp\/v2\/product_brand?post=4358"},{"taxonomy":"product_cat","embeddable":true,"href":"https:\/\/zojopackaging.com\/pt\/wp-json\/wp\/v2\/product_cat?post=4358"},{"taxonomy":"product_tag","embeddable":true,"href":"https:\/\/zojopackaging.com\/pt\/wp-json\/wp\/v2\/product_tag?post=4358"}],"curies":[{"name":"wp","href":"https:\/\/api.w.org\/{rel}","templated":true}]}}