{"id":4422,"date":"2024-03-22T14:26:55","date_gmt":"2024-03-22T06:26:55","guid":{"rendered":"https:\/\/zojopackaging.com\/?post_type=product&#038;p=4422"},"modified":"2025-03-28T11:37:33","modified_gmt":"2025-03-28T03:37:33","slug":"customized-water-cup-lid-box","status":"publish","type":"product","link":"https:\/\/zojopackaging.com\/pt\/product\/customized-water-cup-lid-box\/","title":{"rendered":"Conjunto de caixas de oferta para embalagem de caneca de caf\u00e9 impressa personalizada por atacado"},"content":{"rendered":"<h1 class=\"self-content-pre-ca33f6\">Conjunto de caixas de oferta para embalagem de caneca de caf\u00e9 impressa personalizada por atacado<\/h1>\n<p>O conjunto de caixas de oferta de embalagem de caneca de caf\u00e9 impressa personalizada por atacado<\/p>\n<ul>\n<li>Op\u00e7\u00f5es de personaliza\u00e7\u00e3o: Esta caixa oferece a flexibilidade de a personalizar de acordo com os seus requisitos espec\u00edficos. Pode adicionar o log\u00f3tipo da sua marca, desenhos personalizados ou quaisquer outros elementos desejados, permitindo um aspeto \u00fanico e personalizado.<\/li>\n<li>Constru\u00e7\u00e3o duradoura: Fabricada com materiais de alta qualidade, a caixa garante durabilidade e prote\u00e7\u00e3o para as tampas dos seus copos de \u00e1gua. Suporta o manuseamento e o armazenamento, mantendo as tampas protegidas contra danos.<\/li>\n<li>Ajuste preciso: A Caixa para Tampa de Copo de \u00c1gua Personalizada foi concebida para proporcionar um ajuste perfeito para as suas tampas, garantindo uma coloca\u00e7\u00e3o confort\u00e1vel e segura. Isto evita que as tampas se movam ou fiquem riscadas durante o transporte.<\/li>\n<li>Prote\u00e7\u00e3o e organiza\u00e7\u00e3o: A caixa ajuda a manter as tampas dos copos de \u00e1gua organizadas e protegidas. Evita o p\u00f3, a sujidade e os riscos, garantindo que as tampas se mant\u00eam em perfeitas condi\u00e7\u00f5es.<\/li>\n<li>Pr\u00e1tico: A caixa foi concebida para uma utiliza\u00e7\u00e3o f\u00e1cil. Pode ter uma tampa articulada ou amov\u00edvel para um acesso r\u00e1pido \u00e0s tampas no interior. Al\u00e9m disso, pode ser empilh\u00e1vel para uma arruma\u00e7\u00e3o eficiente.<\/li>\n<li>Apresenta\u00e7\u00e3o pronta a oferecer: Com a sua natureza personaliz\u00e1vel, a caixa acrescenta um toque extra de eleg\u00e2ncia e considera\u00e7\u00e3o, tornando-a adequada para oferecer ou melhorar a experi\u00eancia geral do cliente. Quer seja uma empresa que pretende embalar as suas tampas de copos de \u00e1gua de forma profissional ou um indiv\u00edduo que procura uma solu\u00e7\u00e3o de armazenamento personalizada, a Caixa de tampas de copos de \u00e1gua personalizada oferece estilo, prote\u00e7\u00e3o e comodidade. Permite-lhe mostrar a sua marca ou estilo pessoal, mantendo as suas tampas seguras e organizadas.<\/li>\n<\/ul>\n<h1><strong>Especifica\u00e7\u00e3o<\/strong><\/h1>\n<table style=\"height: 666px;\" width=\"1070\">\n<tbody>\n<tr>\n<td width=\"373\">Dimens\u00f5es<\/td>\n<td width=\"373\">Todos os tamanhos e formas personalizados<\/td>\n<\/tr>\n<tr>\n<td width=\"373\">MOQ<\/td>\n<td width=\"373\">500 unidades<\/td>\n<\/tr>\n<tr>\n<td width=\"373\">Tempo de amostragem<\/td>\n<td width=\"373\">3-5 dias<\/td>\n<\/tr>\n<tr>\n<td width=\"373\">Processo por defeito<\/td>\n<td width=\"373\">Corte e vinco, colagem, ranhura, perfura\u00e7\u00e3o<\/td>\n<\/tr>\n<tr>\n<td width=\"373\">Impress\u00e3o<\/td>\n<td width=\"373\">Cmyk, pms, sem impress\u00e3o<\/td>\n<\/tr>\n<tr>\n<td width=\"373\">Op\u00e7\u00e3o de material<\/td>\n<td width=\"373\">Papel de cart\u00e3o branco, papel revestido, papel art\u00edstico, papel kraft, cart\u00e3o marfim, cart\u00e3o duplex, papel especial, etc.<\/td>\n<\/tr>\n<tr>\n<td width=\"373\">Acabamento de superf\u00edcies<\/td>\n<td width=\"373\">Lamina\u00e7\u00e3o mate\/brilhante, grava\u00e7\u00e3o em relevo, grava\u00e7\u00e3o em relevo, estampagem em folha, etc.<\/td>\n<\/tr>\n<tr>\n<td width=\"373\">Utiliza\u00e7\u00e3o na ind\u00fastria<\/td>\n<td width=\"373\">cosm\u00e9ticos, perfumes, vestu\u00e1rio, j\u00f3ias, tabaco, alimentos, presentes, produtos de consumo di\u00e1rio,<\/td>\n<\/tr>\n<tr>\n<td width=\"373\">Controlo de qualidade<\/td>\n<td width=\"373\">Equipamento avan\u00e7ado e equipa QC experiente verificam rigorosamente o material, os produtos semi-acabados e acabados em cada etapa antes de<\/td>\n<\/tr>\n<tr>\n<td width=\"373\">Pre\u00e7o<\/td>\n<td width=\"373\">O pre\u00e7o final ser\u00e1 adaptado ao seu produto e \u00e0 quantidade de que necessita<\/td>\n<\/tr>\n<tr>\n<td width=\"373\">Tempo de rota\u00e7\u00e3o<\/td>\n<td width=\"373\">7-14 dias \u00fateis, com urg\u00eancia<\/td>\n<\/tr>\n<tr>\n<td width=\"373\">Papel em stock<\/td>\n<td width=\"373\">10pt a 28pt (60lb a 400lb) Kraft ecol\u00f3gico, cart\u00e3o canelado e-flute, cart\u00e3o bux, cartolina<\/td>\n<\/tr>\n<tr>\n<td width=\"373\">Formato da obra de arte<\/td>\n<td width=\"373\">JPG, PDF, AI, CDR, EPS, GIF....<\/td>\n<\/tr>\n<tr>\n<td width=\"373\">Acess\u00f3rios<\/td>\n<td width=\"373\">\u00cdman, fita, forma EVA, tabuleiro de pl\u00e1stico, esponja, janela PVC\/PET\/PP,...<\/td>\n<\/tr>\n<tr>\n<td width=\"373\">Prazo de pagamento<\/td>\n<td width=\"373\">T\/T, Western Union, Paypal, dep\u00f3sito 30% e saldo 70% antes do envio.<\/td>\n<\/tr>\n<\/tbody>\n<\/table>\n<div><\/div>\n<div class=\"widget block block-static-block\">\n<div class=\"landing-page-section option-bottom\">\n<div class=\"custom-materials-tabs-content container container-adjustment\">\n<div class=\"custom-materials-tab-content active\">\n<div class=\"widget block block-static-block\">\n<div class=\"options-items\">\n<div class=\"flex-grid-row-option\">\n<div class=\"flex-grid-item-option\">\n<div class=\"material-box\">\n<div class=\"material-des\">\n<h1><strong>FAQ<\/strong><\/h1>\n<p><strong>Se \u00e9 uma f\u00e1brica ?<\/strong><\/p>\n<p>Sim, somos uma f\u00e1brica, somos um fabricante profissional de caixa de papel e saco de papel.<\/p>\n<p><strong>Se pode ser expedido com o plano ?<\/strong><\/p>\n<p>N\u00e3o, \u00e9 feita de papel de arte + cart\u00e3o, por isso \u00e9 uma caixa de papel r\u00edgido<\/p>\n<p><strong>Podemos personalizar?<\/strong><\/p>\n<p>Sim, podemos personalizar a caixa de papel para si, para que possa escolher o tamanho da caixa, a cor da caixa e o log\u00f3tipo.<\/p>\n<p><strong>Se me podem fazer uma amostra?<\/strong><\/p>\n<p>Sim, podemos fazer uma amostra para si, e a taxa da amostra depende do processo.<\/p>\n<p><strong>Como encomendar?<\/strong><\/p>\n<ol>\n<li>Forne\u00e7a-nos os seus dados<\/li>\n<li>Damos-lhe um or\u00e7amento<\/li>\n<li>fazer uma amostra<\/li>\n<li>Pagar dep\u00f3sito<\/li>\n<li>Produ\u00e7\u00e3o em massa<\/li>\n<li>Pagar balacne<\/li>\n<li>Produto de expedi\u00e7\u00e3o<\/li>\n<\/ol>\n<p><strong>E o ficheiro de desenho?<\/strong><\/p>\n<p>PDF, AI s\u00e3o aceit\u00e1veis.<\/p>\n<p><strong>Quantas formas de enviar, qual \u00e9 a melhor?<\/strong><\/p>\n<p>Por mar, por expresso, por via a\u00e9rea, com base na data em que pretende receber a sua produ\u00e7\u00e3o e com base na quantidade encomendada.<\/p>\n<\/div>\n<\/div>\n<\/div>\n<\/div>\n<\/div>\n<\/div>\n<\/div>\n<\/div>\n<\/div>\n<\/div>\n<div class=\"widget block block-static-block\">\n<div class=\"landing-page-section option-bottom\">\n<div class=\"custom-materials-tabs-content container container-adjustment\">\n<div class=\"custom-materials-tab-content active\">\n<div class=\"widget block block-static-block\">\n<div class=\"options-items\">\n<div class=\"flex-grid-row-option\">\n<div class=\"flex-grid-item-option\">\n<div class=\"material-box\">\n<p>&nbsp;<\/p>\n<\/div>\n<\/div>\n<\/div>\n<\/div>\n<p><!---end of option item--><\/p>\n<\/div>\n<\/div>\n<\/div>\n<\/div>\n<\/div>","protected":false},"excerpt":{"rendered":"<p>1. O tipo de caixa com tampa e base adopta a estrutura de tampa superior e inferior, que \u00e9 f\u00e1cil de transportar e poupa os h\u00e1bitos dos consumidores<br \/>\n2. A estampagem a quente confere \u00e0 embalagem uma sensa\u00e7\u00e3o de luxo e uma apresenta\u00e7\u00e3o visual de alta qualidade<br \/>\n3. O material de papel especial \u00e9 simples mas n\u00e3o deixa de ser luxuoso<\/p>","protected":false},"featured_media":4426,"template":"","meta":[],"product_brand":[],"product_cat":[30,423,425,31],"product_tag":[760,762,761],"class_list":{"0":"post-4422","1":"product","2":"type-product","3":"status-publish","4":"has-post-thumbnail","6":"product_cat-by-industry","7":"product_cat-custom-presentation-boxes-by-industry","8":"product_cat-lid-and-base-gift-box","9":"product_cat-paper-box-style","10":"product_tag-custom-coffee-mug-packaging","11":"product_tag-mug-boxes-set-wholesale","12":"product_tag-mug-packaging-gift-boxes","14":"first","15":"instock","16":"shipping-taxable","17":"product-type-grouped"},"_links":{"self":[{"href":"https:\/\/zojopackaging.com\/pt\/wp-json\/wp\/v2\/product\/4422","targetHints":{"allow":["GET"]}}],"collection":[{"href":"https:\/\/zojopackaging.com\/pt\/wp-json\/wp\/v2\/product"}],"about":[{"href":"https:\/\/zojopackaging.com\/pt\/wp-json\/wp\/v2\/types\/product"}],"version-history":[{"count":1,"href":"https:\/\/zojopackaging.com\/pt\/wp-json\/wp\/v2\/product\/4422\/revisions"}],"predecessor-version":[{"id":8445,"href":"https:\/\/zojopackaging.com\/pt\/wp-json\/wp\/v2\/product\/4422\/revisions\/8445"}],"wp:featuredmedia":[{"embeddable":true,"href":"https:\/\/zojopackaging.com\/pt\/wp-json\/wp\/v2\/media\/4426"}],"wp:attachment":[{"href":"https:\/\/zojopackaging.com\/pt\/wp-json\/wp\/v2\/media?parent=4422"}],"wp:term":[{"taxonomy":"product_brand","embeddable":true,"href":"https:\/\/zojopackaging.com\/pt\/wp-json\/wp\/v2\/product_brand?post=4422"},{"taxonomy":"product_cat","embeddable":true,"href":"https:\/\/zojopackaging.com\/pt\/wp-json\/wp\/v2\/product_cat?post=4422"},{"taxonomy":"product_tag","embeddable":true,"href":"https:\/\/zojopackaging.com\/pt\/wp-json\/wp\/v2\/product_tag?post=4422"}],"curies":[{"name":"wp","href":"https:\/\/api.w.org\/{rel}","templated":true}]}}