{"id":4436,"date":"2024-03-22T14:37:29","date_gmt":"2024-03-22T06:37:29","guid":{"rendered":"https:\/\/zojopackaging.com\/?post_type=product&#038;p=4436"},"modified":"2025-03-28T12:04:32","modified_gmt":"2025-03-28T04:04:32","slug":"custom-cardboard-rigid-gift-boxes","status":"publish","type":"product","link":"https:\/\/zojopackaging.com\/pt\/product\/custom-cardboard-rigid-gift-boxes\/","title":{"rendered":"Caixas de oferta r\u00edgidas para lembran\u00e7as personalizadas Criador de design de marca"},"content":{"rendered":"<h1 class=\"self-content-pre-ca33f6\">Caixas de oferta r\u00edgidas para lembran\u00e7as personalizadas Criador de design de marca<\/h1>\n<p>As caixas r\u00edgidas para vestu\u00e1rio t\u00eam de complementar perfeitamente os seus produtos no interior. Assim, precisam de ser decoradas com impress\u00f5es personalizadas apelativas que mostrem os seus produtos e levem a sua marca ao pr\u00f3ximo n\u00edvel. Se est\u00e1 \u00e0 procura de caixas r\u00edgidas para vestu\u00e1rio, n\u00e3o precisa de procurar mais do que a Zojoprint.<\/p>\n<p>Ajudamo-lo a conceber um <a href=\"https:\/\/zojopackaging.com\/pt\/categoria-produto\/lid-and-base-boxes\/\"><strong>caixa r\u00edgida<\/strong> <\/a>para venda por grosso e a retalho com um aspeto diferente de tudo o que os seus clientes j\u00e1 viram. Fazemos com que isso aconte\u00e7a com a ajuda de materiais de embalagem r\u00edgida de alta qualidade. A nossa combina\u00e7\u00e3o de t\u00e9cnicas de impress\u00e3o estelares e modelos de cores de padr\u00e3o mundial ajudam-no a decorar a embalagem como achar melhor. Al\u00e9m disso, pode personalizar a embalagem utilizando os nossos complementos e revestimentos de acabamento modernos. N\u00e3o se preocupe. Oferecemos op\u00e7\u00f5es de prototipagem para garantir que n\u00e3o se esqueceu de nada.<\/p>\n<div class=\"reviw-title\">\n<h1>Especifica\u00e7\u00e3o<\/h1>\n<\/div>\n<div class=\"tab-content\">\n<div id=\"specifications\" class=\"tab-pane active show\" role=\"tabpanel\">\n<article>\n<div class=\"col-md-12 category-hd\">\n<div id=\"Specifications\">\n<table class=\"table table-striped\">\n<tbody>\n<tr>\n<td>Dimens\u00f5es<\/td>\n<td>Todos os tamanhos e formas personalizados<\/td>\n<\/tr>\n<tr>\n<td>Impress\u00e3o<\/td>\n<td>CMYK, PMS, sem impress\u00e3o<\/td>\n<\/tr>\n<tr>\n<td>Estoque de papel<\/td>\n<td>10pt a 28pt (60lb a 400lb) Kraft ecol\u00f3gico, canelado E-flute, cart\u00e3o Bux, cartolina<\/td>\n<\/tr>\n<tr>\n<td>Quantidades<\/td>\n<td>500 &#8211; 500,000<\/td>\n<\/tr>\n<tr>\n<td>Revestimento<\/td>\n<td>Brilhante, Mate, Spot UV<\/td>\n<\/tr>\n<tr>\n<td>Processo por defeito<\/td>\n<td>Corte e vinco, colagem, perfura\u00e7\u00e3o<\/td>\n<\/tr>\n<tr>\n<td>Op\u00e7\u00f5es<\/td>\n<td>Recorte de janela personalizada, folha de ouro\/prata, grava\u00e7\u00e3o em relevo, tinta em relevo, folha de PVC.<\/td>\n<\/tr>\n<tr>\n<td>Prova<\/td>\n<td>Vista plana, maqueta 3D, amostragem f\u00edsica (a pedido)<\/td>\n<\/tr>\n<tr>\n<td>Tempo de retorno<\/td>\n<td>7-14 dias \u00fateis, r\u00e1pido<\/td>\n<\/tr>\n<\/tbody>\n<\/table>\n<div class=\"material-des\">\n<h1><strong>FAQ<\/strong><\/h1>\n<p><strong>Se \u00e9 uma f\u00e1brica ?<\/strong><\/p>\n<p>Sim, somos uma f\u00e1brica, somos um fabricante profissional de caixa de papel e saco de papel.<\/p>\n<p><strong>Se pode ser expedido com o plano ?<\/strong><\/p>\n<p>N\u00e3o, \u00e9 feita de papel de arte + cart\u00e3o, por isso \u00e9 uma caixa de papel r\u00edgido<\/p>\n<p><strong>Podemos personalizar?<\/strong><\/p>\n<p>Sim, podemos personalizar a caixa de papel para si, para que possa escolher o tamanho da caixa, a cor da caixa e o log\u00f3tipo.<\/p>\n<p><strong>Se me podem fazer uma amostra?<\/strong><\/p>\n<p>Sim, podemos fazer uma amostra para si, e a taxa da amostra depende do processo.<\/p>\n<p><strong>Como encomendar?<\/strong><\/p>\n<ol>\n<li>Forne\u00e7a-nos os seus dados<\/li>\n<li>Damos-lhe um or\u00e7amento<\/li>\n<li>fazer uma amostra<\/li>\n<li>Pagar dep\u00f3sito<\/li>\n<li>Produ\u00e7\u00e3o em massa<\/li>\n<li>Pagar balacne<\/li>\n<li>Produto de expedi\u00e7\u00e3o<\/li>\n<\/ol>\n<p>&nbsp;<\/p>\n<p><strong>E o ficheiro de desenho?<\/strong><\/p>\n<p>PDF, AI s\u00e3o aceit\u00e1veis.<\/p>\n<p><strong>Quantas formas de enviar, qual \u00e9 a melhor?<\/strong><\/p>\n<p>Por mar, por expresso, por via a\u00e9rea, com base na data em que pretende receber a sua produ\u00e7\u00e3o e com base na quantidade encomendada.<\/p>\n<\/div>\n<p>&nbsp;<\/p>\n<\/div>\n<\/div>\n<\/article>\n<\/div>\n<\/div>\n<div class=\"widget block block-static-block\">\n<div class=\"landing-page-section option-bottom\">\n<div class=\"custom-materials-tabs-content container container-adjustment\">\n<div class=\"custom-materials-tab-content active\">\n<div class=\"widget block block-static-block\">\n<div class=\"options-items\">\n<div class=\"flex-grid-row-option\">\n<div class=\"flex-grid-item-option\">\n<div class=\"material-box\">\n<p>&nbsp;<\/p>\n<\/div>\n<\/div>\n<\/div>\n<\/div>\n<p><!---end of option item--><\/p>\n<\/div>\n<\/div>\n<\/div>\n<\/div>\n<\/div>","protected":false},"excerpt":{"rendered":"<p>Pode colocar o seu log\u00f3tipo, desenho ou mensagem para tornar as suas caixas de embalagem de brinquedos mais personalizadas e distintas. Mais de 5.000 marcas, grandes e pequenas, adoram-nos!<\/p>\n<p>Tipo de material: Amigo do ambiente, tem certifica\u00e7\u00e3o FSC\/ISO\/BSCI<br \/>\nTempo de produ\u00e7\u00e3o: Amostra 1-3 dias; a granel 7-9 dias<\/p>","protected":false},"featured_media":4438,"template":"","meta":[],"product_brand":[],"product_cat":[30,423,425,31],"product_tag":[767,771,766],"class_list":{"0":"post-4436","1":"product","2":"type-product","3":"status-publish","4":"has-post-thumbnail","6":"product_cat-by-industry","7":"product_cat-custom-presentation-boxes-by-industry","8":"product_cat-lid-and-base-gift-box","9":"product_cat-paper-box-style","10":"product_tag-boxes-brand-design-maker","11":"product_tag-custom-souvenir-box","12":"product_tag-gift-boxes-brand-design","14":"first","15":"instock","16":"shipping-taxable","17":"product-type-grouped"},"_links":{"self":[{"href":"https:\/\/zojopackaging.com\/pt\/wp-json\/wp\/v2\/product\/4436","targetHints":{"allow":["GET"]}}],"collection":[{"href":"https:\/\/zojopackaging.com\/pt\/wp-json\/wp\/v2\/product"}],"about":[{"href":"https:\/\/zojopackaging.com\/pt\/wp-json\/wp\/v2\/types\/product"}],"version-history":[{"count":3,"href":"https:\/\/zojopackaging.com\/pt\/wp-json\/wp\/v2\/product\/4436\/revisions"}],"predecessor-version":[{"id":8449,"href":"https:\/\/zojopackaging.com\/pt\/wp-json\/wp\/v2\/product\/4436\/revisions\/8449"}],"wp:featuredmedia":[{"embeddable":true,"href":"https:\/\/zojopackaging.com\/pt\/wp-json\/wp\/v2\/media\/4438"}],"wp:attachment":[{"href":"https:\/\/zojopackaging.com\/pt\/wp-json\/wp\/v2\/media?parent=4436"}],"wp:term":[{"taxonomy":"product_brand","embeddable":true,"href":"https:\/\/zojopackaging.com\/pt\/wp-json\/wp\/v2\/product_brand?post=4436"},{"taxonomy":"product_cat","embeddable":true,"href":"https:\/\/zojopackaging.com\/pt\/wp-json\/wp\/v2\/product_cat?post=4436"},{"taxonomy":"product_tag","embeddable":true,"href":"https:\/\/zojopackaging.com\/pt\/wp-json\/wp\/v2\/product_tag?post=4436"}],"curies":[{"name":"wp","href":"https:\/\/api.w.org\/{rel}","templated":true}]}}