{"id":4600,"date":"2024-03-25T08:54:36","date_gmt":"2024-03-25T00:54:36","guid":{"rendered":"https:\/\/zojopackaging.com\/?post_type=product&#038;p=4600"},"modified":"2025-03-25T17:31:46","modified_gmt":"2025-03-25T09:31:46","slug":"luxury-book-shape-gift-packing-box","status":"publish","type":"product","link":"https:\/\/zojopackaging.com\/pt\/product\/luxury-book-shape-gift-packing-box\/","title":{"rendered":"ODM Caixa de Saco de Luxo Hermes Fabricante na China"},"content":{"rendered":"<h1 class=\"self-content-pre-ca33f6\">ODM Caixa de Saco de Luxo Hermes Fabricante na China<\/h1>\n<p>A caixa de embalagem para presentes em forma de livro de luxo \u00e9 uma solu\u00e7\u00e3o de embalagem topo de gama concebida para se assemelhar a um livro. Apresenta uma constru\u00e7\u00e3o robusta com materiais de primeira qualidade, tornando-a ideal para apresentar presentes de forma elegante e sofisticada.<\/p>\n<p><strong>As principais carater\u00edsticas da caixa de embalagem para presente Luxury Book Shape incluem:<\/strong><\/p>\n<ul>\n<li>Design elegante e luxuoso<\/li>\n<li>Constru\u00e7\u00e3o duradoura para proteger o conte\u00fado<\/li>\n<li>Fecho magn\u00e9tico para uma selagem segura<\/li>\n<li>Op\u00e7\u00f5es personaliz\u00e1veis de tamanho, cor e acabamento<\/li>\n<li>Ideal para oferecer artigos como j\u00f3ias, rel\u00f3gios, perfumes e outros produtos topo de gama<\/li>\n<\/ul>\n<h1><strong>Especifica\u00e7\u00e3o<\/strong><\/h1>\n<table style=\"height: 666px;\" width=\"1070\">\n<tbody>\n<tr>\n<td width=\"373\">Dimens\u00f5es<\/td>\n<td width=\"373\">Todos os tamanhos e formas personalizados<\/td>\n<\/tr>\n<tr>\n<td width=\"373\">MOQ<\/td>\n<td width=\"373\">500 unidades<\/td>\n<\/tr>\n<tr>\n<td width=\"373\">Tempo de amostragem<\/td>\n<td width=\"373\">3-5 dias<\/td>\n<\/tr>\n<tr>\n<td width=\"373\">Processo por defeito<\/td>\n<td width=\"373\">Corte e vinco, colagem, ranhura, perfura\u00e7\u00e3o<\/td>\n<\/tr>\n<tr>\n<td width=\"373\">Impress\u00e3o<\/td>\n<td width=\"373\">Cmyk, pms, sem impress\u00e3o<\/td>\n<\/tr>\n<tr>\n<td width=\"373\">Op\u00e7\u00e3o de material<\/td>\n<td width=\"373\">Papel de cart\u00e3o branco, papel revestido, papel art\u00edstico, papel kraft, cart\u00e3o marfim, cart\u00e3o duplex, papel especial, etc.<\/td>\n<\/tr>\n<tr>\n<td width=\"373\">Acabamento de superf\u00edcies<\/td>\n<td width=\"373\">Lamina\u00e7\u00e3o mate\/brilhante, grava\u00e7\u00e3o em relevo, grava\u00e7\u00e3o em relevo, estampagem em folha, etc.<\/td>\n<\/tr>\n<tr>\n<td width=\"373\">Utiliza\u00e7\u00e3o na ind\u00fastria<\/td>\n<td width=\"373\">cosm\u00e9ticos, perfumes, vestu\u00e1rio, j\u00f3ias, tabaco, alimentos, presentes, produtos de consumo di\u00e1rio,<\/td>\n<\/tr>\n<tr>\n<td width=\"373\">Controlo de qualidade<\/td>\n<td width=\"373\">Equipamento avan\u00e7ado e equipa QC experiente verificam rigorosamente o material, os produtos semi-acabados e acabados em cada etapa antes de<\/td>\n<\/tr>\n<tr>\n<td width=\"373\">Pre\u00e7o<\/td>\n<td width=\"373\">O pre\u00e7o final ser\u00e1 adaptado ao seu produto e \u00e0 quantidade de que necessita<\/td>\n<\/tr>\n<tr>\n<td width=\"373\">Tempo de rota\u00e7\u00e3o<\/td>\n<td width=\"373\">7-14 dias \u00fateis, com urg\u00eancia<\/td>\n<\/tr>\n<tr>\n<td width=\"373\">Papel em stock<\/td>\n<td width=\"373\">10pt a 28pt (60lb a 400lb) Kraft ecol\u00f3gico, cart\u00e3o canelado e-flute, cart\u00e3o bux, cartolina<\/td>\n<\/tr>\n<tr>\n<td width=\"373\">Formato da obra de arte<\/td>\n<td width=\"373\">JPG, PDF, AI, CDR, EPS, GIF....<\/td>\n<\/tr>\n<tr>\n<td width=\"373\">Acess\u00f3rios<\/td>\n<td width=\"373\">\u00cdman, fita, forma EVA, tabuleiro de pl\u00e1stico, esponja, janela PVC\/PET\/PP,...<\/td>\n<\/tr>\n<tr>\n<td width=\"373\">Prazo de pagamento<\/td>\n<td width=\"373\">T\/T, Western Union, Paypal, dep\u00f3sito 30% e saldo 70% antes do envio.<\/td>\n<\/tr>\n<\/tbody>\n<\/table>\n<div><\/div>\n<div class=\"widget block block-static-block\">\n<div class=\"landing-page-section option-bottom\">\n<div class=\"custom-materials-tabs-content container container-adjustment\">\n<div class=\"custom-materials-tab-content active\">\n<div class=\"widget block block-static-block\">\n<div class=\"options-items\">\n<div class=\"flex-grid-row-option\">\n<div class=\"flex-grid-item-option\">\n<div class=\"material-box\">\n<div class=\"material-des\">\n<h1><strong>FAQ<\/strong><\/h1>\n<p><strong>Se \u00e9 uma f\u00e1brica ?<\/strong><\/p>\n<p>Sim, somos uma f\u00e1brica, somos um fabricante profissional de caixa de papel e saco de papel.<\/p>\n<p><strong>Se pode ser expedido com o plano ?<\/strong><\/p>\n<p>N\u00e3o, \u00e9 feita de papel de arte + cart\u00e3o, por isso \u00e9 uma caixa de papel r\u00edgido<\/p>\n<p><strong>Podemos personalizar?<\/strong><\/p>\n<p>Sim, podemos personalizar a caixa de papel para si, para que possa escolher o tamanho da caixa, a cor da caixa e o log\u00f3tipo.<\/p>\n<p><strong>Se me podem fazer uma amostra?<\/strong><\/p>\n<p>Sim, podemos fazer uma amostra para si, e a taxa da amostra depende do processo.<\/p>\n<p><strong>Como encomendar?<\/strong><\/p>\n<ol>\n<li>Forne\u00e7a-nos os seus dados<\/li>\n<li>Damos-lhe um or\u00e7amento<\/li>\n<li>fazer uma amostra<\/li>\n<li>Pagar dep\u00f3sito<\/li>\n<li>Produ\u00e7\u00e3o em massa<\/li>\n<li>Pagar balacne<\/li>\n<li>Produto de expedi\u00e7\u00e3o<\/li>\n<\/ol>\n<p><strong>E o ficheiro de desenho?<\/strong><\/p>\n<p>PDF, AI s\u00e3o aceit\u00e1veis.<\/p>\n<p><strong>Quantas formas de enviar, qual \u00e9 a melhor?<\/strong><\/p>\n<p>Por mar, por expresso, por via a\u00e9rea, com base na data em que pretende receber a sua produ\u00e7\u00e3o e com base na quantidade encomendada.<\/p>\n<\/div>\n<\/div>\n<\/div>\n<\/div>\n<\/div>\n<\/div>\n<\/div>\n<\/div>\n<\/div>\n<\/div>\n<div class=\"widget block block-static-block\">\n<div class=\"landing-page-section option-bottom\">\n<div class=\"custom-materials-tabs-content container container-adjustment\">\n<div class=\"custom-materials-tab-content active\">\n<div class=\"widget block block-static-block\">\n<div class=\"options-items\">\n<div class=\"flex-grid-row-option\">\n<div class=\"flex-grid-item-option\">\n<div class=\"material-box\">\n<p>&nbsp;<\/p>\n<\/div>\n<\/div>\n<\/div>\n<\/div>\n<p><!---end of option item--><\/p>\n<\/div>\n<\/div>\n<\/div>\n<\/div>\n<\/div>","protected":false},"excerpt":{"rendered":"<p>Est\u00e1 \u00e0 procura de uma caixa personalizada semelhante \u00e0 Hermes? Podemos personalizar a mesma estrutura e cor de caixa.<\/p>\n<p>Tamb\u00e9m pode ser com o design da sua pr\u00f3pria marca.  Garantir uma qualidade de topo e um custo acess\u00edvel.<\/p>\n<p>-Tipo de material: Amigo do ambiente, tem certifica\u00e7\u00e3o FSC, ISO, BSCI<br \/>\n-Personaliza\u00e7\u00e3o: Pode personalizar o tamanho\/impress\u00e3o\/material\/acabamento\/forma, etc.<br \/>\n-Tempo de produ\u00e7\u00e3o: Amostra 1-3 dias; A granel 7-9 dias Tempo de envio: Expresso 3-7 dias; Ar 12-16 dias; Barco 25-30 dias\uff08Diferentes pa\u00edses t\u00eam tempos diferentes)<br \/>\n-Pre\u00e7o: Contactar-nos para enviar o inqu\u00e9rito<\/p>","protected":false},"featured_media":4604,"template":"","meta":[],"product_brand":[],"product_cat":[30,414,424,31],"product_tag":[623,624,622],"class_list":{"0":"post-4600","1":"product","2":"type-product","3":"status-publish","4":"has-post-thumbnail","6":"product_cat-by-industry","7":"product_cat-custom-apparel-boxes","8":"product_cat-magnetic-closure-boxes","9":"product_cat-paper-box-style","10":"product_tag-hermes-bag-box-manufacturer","11":"product_tag-luxury-box-manufacturer","12":"product_tag-odm-box","14":"first","15":"instock","16":"shipping-taxable","17":"product-type-grouped"},"_links":{"self":[{"href":"https:\/\/zojopackaging.com\/pt\/wp-json\/wp\/v2\/product\/4600","targetHints":{"allow":["GET"]}}],"collection":[{"href":"https:\/\/zojopackaging.com\/pt\/wp-json\/wp\/v2\/product"}],"about":[{"href":"https:\/\/zojopackaging.com\/pt\/wp-json\/wp\/v2\/types\/product"}],"version-history":[{"count":2,"href":"https:\/\/zojopackaging.com\/pt\/wp-json\/wp\/v2\/product\/4600\/revisions"}],"predecessor-version":[{"id":8228,"href":"https:\/\/zojopackaging.com\/pt\/wp-json\/wp\/v2\/product\/4600\/revisions\/8228"}],"wp:featuredmedia":[{"embeddable":true,"href":"https:\/\/zojopackaging.com\/pt\/wp-json\/wp\/v2\/media\/4604"}],"wp:attachment":[{"href":"https:\/\/zojopackaging.com\/pt\/wp-json\/wp\/v2\/media?parent=4600"}],"wp:term":[{"taxonomy":"product_brand","embeddable":true,"href":"https:\/\/zojopackaging.com\/pt\/wp-json\/wp\/v2\/product_brand?post=4600"},{"taxonomy":"product_cat","embeddable":true,"href":"https:\/\/zojopackaging.com\/pt\/wp-json\/wp\/v2\/product_cat?post=4600"},{"taxonomy":"product_tag","embeddable":true,"href":"https:\/\/zojopackaging.com\/pt\/wp-json\/wp\/v2\/product_tag?post=4600"}],"curies":[{"name":"wp","href":"https:\/\/api.w.org\/{rel}","templated":true}]}}