{"id":4627,"date":"2024-03-25T09:39:25","date_gmt":"2024-03-25T01:39:25","guid":{"rendered":"https:\/\/zojopackaging.com\/?post_type=product&#038;p=4627"},"modified":"2025-04-03T17:08:40","modified_gmt":"2025-04-03T09:08:40","slug":"3d-packaging-gift-boxes","status":"publish","type":"product","link":"https:\/\/zojopackaging.com\/pt\/product\/3d-packaging-gift-boxes\/","title":{"rendered":"Caixa de presente de anivers\u00e1rio 3D Pop Up Festival personalizada Warehouse"},"content":{"rendered":"<h1 class=\"self-content-pre-ca33f6\">Caixa de presente de anivers\u00e1rio 3D Pop Up Festival personalizada Warehouse<\/h1>\n<p>As caixas de oferta de embalagens 3D s\u00e3o solu\u00e7\u00f5es de embalagem inovadoras e visualmente impressionantes que acrescentam uma dimens\u00e3o \u00fanica \u00e0 oferta de presentes.<\/p>\n<p>As principais carater\u00edsticas das caixas de oferta de embalagem 3D incluem:<\/p>\n<ul>\n<li>Desenhos intrincados e pormenorizados que criam uma sensa\u00e7\u00e3o de profundidade e perspetiva<\/li>\n<li>Op\u00e7\u00f5es personaliz\u00e1veis para adaptar o efeito 3D a diferentes temas ou ocasi\u00f5es<\/li>\n<li>Constru\u00e7\u00e3o duradoura para proteger o conte\u00fado e garantir uma entrega segura<\/li>\n<li>Formas e tamanhos vers\u00e1teis dispon\u00edveis para acomodar v\u00e1rios artigos para presentes<\/li>\n<li>Ideal para oferecer uma vasta gama de produtos, como chocolates, pequenos gadgets, acess\u00f3rios e muito mais<\/li>\n<\/ul>\n<p>Quer pretenda dar um toque de criatividade \u00e0 sua embalagem de oferta ou causar uma impress\u00e3o duradoura com os seus presentes, as caixas de oferta de embalagem 3D s\u00e3o a escolha perfeita para criar uma experi\u00eancia de oferta memor\u00e1vel e visualmente apelativa.<\/p>\n<h1><strong>Especifica\u00e7\u00e3o<\/strong><\/h1>\n<div class=\"widget block block-static-block\">\n<div class=\"landing-page-section option-bottom\">\n<div class=\"custom-materials-tabs-content container container-adjustment\">\n<div class=\"custom-materials-tab-content active\">\n<div class=\"widget block block-static-block\">\n<div class=\"options-items\">\n<div class=\"flex-grid-row-option\">\n<div class=\"flex-grid-item-option\">\n<div class=\"material-box\">\n<div class=\"material-des\">\n<table style=\"border-collapse: collapse; width: 759.02pt;\" border=\"0\" width=\"1012\" cellspacing=\"0\" cellpadding=\"0\">\n<tbody>\n<tr style=\"height: 16.50pt;\">\n<td class=\"et3\" style=\"height: 16.50pt; width: 379.50pt;\" width=\"506\" height=\"22\">Dimens\u00f5es<\/td>\n<td class=\"et3\" style=\"width: 379.50pt;\" width=\"506\">Todos os tamanhos e formas personalizados<\/td>\n<\/tr>\n<tr style=\"height: 16.50pt;\">\n<td class=\"et3\" style=\"height: 16.50pt;\" height=\"22\">Quantidade m\u00ednima<\/td>\n<td class=\"et3\">500 unidades<\/td>\n<\/tr>\n<tr style=\"height: 16.50pt;\">\n<td class=\"et3\" style=\"height: 16.50pt;\" height=\"22\">Processo por defeito<\/td>\n<td class=\"et3\">Corte e vinco, colagem, ranhura, perfura\u00e7\u00e3o<\/td>\n<\/tr>\n<tr style=\"height: 16.50pt;\">\n<td class=\"et3\" style=\"height: 16.50pt;\" height=\"22\">Impress\u00e3o<\/td>\n<td class=\"et3\">Cmyk, pms, sem impress\u00e3o<\/td>\n<\/tr>\n<tr style=\"height: 16.50pt;\">\n<td class=\"et3\" style=\"height: 16.50pt;\" height=\"22\">Op\u00e7\u00e3o de material<\/td>\n<td class=\"et3\">Papel de cart\u00e3o branco, papel revestido, papel art\u00edstico, papel kraft, cart\u00e3o marfim, cart\u00e3o duplex, papel especial, etc.<\/td>\n<\/tr>\n<tr style=\"height: 17.25pt;\">\n<td class=\"et3\" style=\"height: 17.25pt;\" height=\"23\">Acabamento de superf\u00edcies<\/td>\n<td class=\"et4\" style=\"width: 379.50pt;\" width=\"506\">Lamina\u00e7\u00e3o mate\/brilhante, grava\u00e7\u00e3o em relevo, grava\u00e7\u00e3o em relevo, estampagem em folha, etc.<\/td>\n<\/tr>\n<tr style=\"height: 17.25pt;\">\n<td class=\"et4\" style=\"height: 17.25pt; width: 379.50pt;\" width=\"506\" height=\"23\">Utiliza\u00e7\u00e3o na ind\u00fastria<\/td>\n<td class=\"et4\" style=\"width: 379.50pt;\" width=\"506\">cosm\u00e9ticos, perfumes, vestu\u00e1rio, j\u00f3ias, tabaco, alimentos, presentes, produtos de consumo di\u00e1rio,<\/td>\n<\/tr>\n<tr style=\"height: 34.50pt;\">\n<td class=\"et4\" style=\"height: 34.50pt; width: 379.50pt;\" width=\"506\" height=\"46\">Controlo de qualidade<\/td>\n<td class=\"et4\" style=\"width: 379.50pt;\" width=\"506\">Equipamento avan\u00e7ado e equipa QC experiente verificam rigorosamente o material, os produtos semi-acabados e acabados em cada etapa antes de<\/td>\n<\/tr>\n<tr style=\"height: 34.50pt;\">\n<td class=\"et4\" style=\"height: 34.50pt; width: 379.50pt;\" width=\"506\" height=\"46\">Pre\u00e7o<\/td>\n<td class=\"et4\" style=\"width: 379.50pt;\" width=\"506\">O pre\u00e7o final ser\u00e1 adaptado ao seu produto e \u00e0 quantidade de que necessita<\/td>\n<\/tr>\n<tr style=\"height: 16.50pt;\">\n<td class=\"et3\" style=\"height: 16.50pt;\" height=\"22\">Tempo de rota\u00e7\u00e3o<\/td>\n<td class=\"et3\">7-14 dias \u00fateis, com urg\u00eancia<\/td>\n<\/tr>\n<tr style=\"height: 16.50pt;\">\n<td class=\"et3\" style=\"height: 16.50pt;\" height=\"22\">Papel em stock<\/td>\n<td class=\"et3\">10pt a 28pt (60lb a 400lb) Kraft ecol\u00f3gico, cart\u00e3o canelado e-flute, cart\u00e3o bux, cartolina<\/td>\n<\/tr>\n<tr style=\"height: 16.50pt;\">\n<td class=\"et3\" style=\"height: 16.50pt;\" height=\"22\">Prova<\/td>\n<td class=\"et3\">Vista plana, maqueta 3d, amostragem f\u00edsica (a pedido)<\/td>\n<\/tr>\n<\/tbody>\n<\/table>\n<\/div>\n<\/div>\n<\/div>\n<\/div>\n<\/div>\n<\/div>\n<\/div>\n<\/div>\n<\/div>\n<\/div>\n<div class=\"widget block block-static-block\">\n<div class=\"landing-page-section option-bottom\">\n<div class=\"custom-materials-tabs-content container container-adjustment\">\n<div class=\"custom-materials-tab-content active\">\n<div class=\"widget block block-static-block\">\n<div class=\"options-items\">\n<div class=\"flex-grid-row-option\">\n<div class=\"flex-grid-item-option\">\n<div class=\"material-box\">\n<p>&nbsp;<\/p>\n<\/div>\n<\/div>\n<\/div>\n<\/div>\n<p><!---end of option item--><\/p>\n<\/div>\n<\/div>\n<\/div>\n<\/div>\n<\/div>","protected":false},"excerpt":{"rendered":"<p>Quer personalizar uma solu\u00e7\u00e3o \u00fanica e fant\u00e1stica de caixa de oferta para festivais? Com os nossos 16 anos de experi\u00eancia, podemos criar a sua ideia.<\/p>\n<p>-Tipo de material: Amigo do ambiente, tem certifica\u00e7\u00e3o FSC, ISO, BSCI<br \/>\n-Personaliza\u00e7\u00e3o: Pode personalizar o tamanho\/impress\u00e3o\/material\/acabamento\/forma, etc.<br \/>\n-Tempo de produ\u00e7\u00e3o: Amostra 1-3 dias; A granel 7-9 dias Tempo de envio: Expresso 3-7 dias; Ar 12-16 dias; Barco 25-30 dias\uff08Diferentes pa\u00edses t\u00eam tempos diferentes)<br \/>\n-Pre\u00e7o: Contactar-nos para enviar o inqu\u00e9rito<\/p>","protected":false},"featured_media":4633,"template":"","meta":[],"product_brand":[],"product_cat":[30,423,424,31],"product_tag":[619,620,621],"class_list":{"0":"post-4627","1":"product","2":"type-product","3":"status-publish","4":"has-post-thumbnail","6":"product_cat-by-industry","7":"product_cat-custom-presentation-boxes-by-industry","8":"product_cat-magnetic-closure-boxes","9":"product_cat-paper-box-style","10":"product_tag-3d-pop-up-box","11":"product_tag-festival-gift-box","12":"product_tag-pop-up-box","14":"first","15":"instock","16":"shipping-taxable","17":"product-type-grouped"},"_links":{"self":[{"href":"https:\/\/zojopackaging.com\/pt\/wp-json\/wp\/v2\/product\/4627","targetHints":{"allow":["GET"]}}],"collection":[{"href":"https:\/\/zojopackaging.com\/pt\/wp-json\/wp\/v2\/product"}],"about":[{"href":"https:\/\/zojopackaging.com\/pt\/wp-json\/wp\/v2\/types\/product"}],"version-history":[{"count":2,"href":"https:\/\/zojopackaging.com\/pt\/wp-json\/wp\/v2\/product\/4627\/revisions"}],"predecessor-version":[{"id":8219,"href":"https:\/\/zojopackaging.com\/pt\/wp-json\/wp\/v2\/product\/4627\/revisions\/8219"}],"wp:featuredmedia":[{"embeddable":true,"href":"https:\/\/zojopackaging.com\/pt\/wp-json\/wp\/v2\/media\/4633"}],"wp:attachment":[{"href":"https:\/\/zojopackaging.com\/pt\/wp-json\/wp\/v2\/media?parent=4627"}],"wp:term":[{"taxonomy":"product_brand","embeddable":true,"href":"https:\/\/zojopackaging.com\/pt\/wp-json\/wp\/v2\/product_brand?post=4627"},{"taxonomy":"product_cat","embeddable":true,"href":"https:\/\/zojopackaging.com\/pt\/wp-json\/wp\/v2\/product_cat?post=4627"},{"taxonomy":"product_tag","embeddable":true,"href":"https:\/\/zojopackaging.com\/pt\/wp-json\/wp\/v2\/product_tag?post=4627"}],"curies":[{"name":"wp","href":"https:\/\/api.w.org\/{rel}","templated":true}]}}