{"id":4645,"date":"2024-03-25T10:12:36","date_gmt":"2024-03-25T02:12:36","guid":{"rendered":"https:\/\/zojopackaging.com\/?post_type=product&#038;p=4645"},"modified":"2025-03-24T16:03:31","modified_gmt":"2025-03-24T08:03:31","slug":"luxury-pvc-paper-gift-box","status":"publish","type":"product","link":"https:\/\/zojopackaging.com\/pt\/product\/luxury-pvc-paper-gift-box\/","title":{"rendered":"Embalagem de j\u00f3ias \u00fanicas personalizadas Caixa r\u00edgida grossistas"},"content":{"rendered":"<h1 class=\"self-content-pre-ca33f6\">Embalagem de j\u00f3ias \u00fanicas personalizadas Caixa r\u00edgida grossistas<\/h1>\n<p>A caixa de presente de papel PVC de luxo \u00e9 uma op\u00e7\u00e3o de embalagem premium que combina a eleg\u00e2ncia do papel com a durabilidade do material PVC.<\/p>\n<p><strong>As principais carater\u00edsticas da caixa de presente de papel PVC de luxo incluem:<\/strong><\/p>\n<ul>\n<li>Combina\u00e7\u00e3o de material PVC para maior durabilidade e papel para um acabamento de luxo<\/li>\n<li>Janela em PVC transparente para mostrar o conte\u00fado e dar um toque de sofistica\u00e7\u00e3o<\/li>\n<li>Op\u00e7\u00f5es personaliz\u00e1veis de tamanho, cor e detalhes de design para satisfazer as suas prefer\u00eancias<\/li>\n<li>Constru\u00e7\u00e3o robusta para proteger o conte\u00fado e garantir uma entrega segura<\/li>\n<li>Ideal para oferecer artigos como cosm\u00e9ticos, perfumes, acess\u00f3rios e outros produtos de qualidade superior<\/li>\n<\/ul>\n<p>Quer pretenda impressionar um ente querido ou um cliente com uma apresenta\u00e7\u00e3o luxuosa de um presente, a caixa de presente de papel PVC de luxo \u00e9 a escolha perfeita para dar um toque de eleg\u00e2ncia e classe \u00e0 sua experi\u00eancia de oferta.<\/p>\n<h1><strong>Especifica\u00e7\u00e3o<\/strong><\/h1>\n<div class=\"widget block block-static-block\">\n<div class=\"landing-page-section option-bottom\">\n<div class=\"custom-materials-tabs-content container container-adjustment\">\n<div class=\"custom-materials-tab-content active\">\n<div class=\"widget block block-static-block\">\n<div class=\"options-items\">\n<div class=\"flex-grid-row-option\">\n<div class=\"flex-grid-item-option\">\n<div class=\"material-box\">\n<div class=\"material-des\">\n<table style=\"border-collapse: collapse; width: 759.02pt;\" border=\"0\" width=\"1012\" cellspacing=\"0\" cellpadding=\"0\">\n<tbody>\n<tr style=\"height: 16.50pt;\">\n<td class=\"et3\" style=\"height: 16.50pt; width: 379.50pt;\" width=\"506\" height=\"22\">Dimens\u00f5es<\/td>\n<td class=\"et3\" style=\"width: 379.50pt;\" width=\"506\">Todos os tamanhos e formas personalizados<\/td>\n<\/tr>\n<tr style=\"height: 16.50pt;\">\n<td class=\"et3\" style=\"height: 16.50pt;\" height=\"22\">Quantidade m\u00ednima<\/td>\n<td class=\"et3\">500 unidades<\/td>\n<\/tr>\n<tr style=\"height: 16.50pt;\">\n<td class=\"et3\" style=\"height: 16.50pt;\" height=\"22\">Processo por defeito<\/td>\n<td class=\"et3\">Corte e vinco, colagem, ranhura, perfura\u00e7\u00e3o<\/td>\n<\/tr>\n<tr style=\"height: 16.50pt;\">\n<td class=\"et3\" style=\"height: 16.50pt;\" height=\"22\">Impress\u00e3o<\/td>\n<td class=\"et3\">Cmyk, pms, sem impress\u00e3o<\/td>\n<\/tr>\n<tr style=\"height: 16.50pt;\">\n<td class=\"et3\" style=\"height: 16.50pt;\" height=\"22\">Op\u00e7\u00e3o de material<\/td>\n<td class=\"et3\">Papel de cart\u00e3o branco, papel revestido, papel art\u00edstico, papel kraft, cart\u00e3o marfim, cart\u00e3o duplex, papel especial, etc.<\/td>\n<\/tr>\n<tr style=\"height: 17.25pt;\">\n<td class=\"et3\" style=\"height: 17.25pt;\" height=\"23\">Acabamento de superf\u00edcies<\/td>\n<td class=\"et4\" style=\"width: 379.50pt;\" width=\"506\">Lamina\u00e7\u00e3o mate\/brilhante, grava\u00e7\u00e3o em relevo, grava\u00e7\u00e3o em relevo, estampagem em folha, etc.<\/td>\n<\/tr>\n<tr style=\"height: 17.25pt;\">\n<td class=\"et4\" style=\"height: 17.25pt; width: 379.50pt;\" width=\"506\" height=\"23\">Utiliza\u00e7\u00e3o na ind\u00fastria<\/td>\n<td class=\"et4\" style=\"width: 379.50pt;\" width=\"506\">cosm\u00e9ticos, perfumes, vestu\u00e1rio, j\u00f3ias, tabaco, alimentos, presentes, produtos de consumo di\u00e1rio,<\/td>\n<\/tr>\n<tr style=\"height: 34.50pt;\">\n<td class=\"et4\" style=\"height: 34.50pt; width: 379.50pt;\" width=\"506\" height=\"46\">Controlo de qualidade<\/td>\n<td class=\"et4\" style=\"width: 379.50pt;\" width=\"506\">Equipamento avan\u00e7ado e equipa QC experiente verificam rigorosamente o material, os produtos semi-acabados e acabados em cada etapa antes de<\/td>\n<\/tr>\n<tr style=\"height: 34.50pt;\">\n<td class=\"et4\" style=\"height: 34.50pt; width: 379.50pt;\" width=\"506\" height=\"46\">Pre\u00e7o<\/td>\n<td class=\"et4\" style=\"width: 379.50pt;\" width=\"506\">O pre\u00e7o final ser\u00e1 adaptado ao seu produto e \u00e0 quantidade de que necessita<\/td>\n<\/tr>\n<tr style=\"height: 16.50pt;\">\n<td class=\"et3\" style=\"height: 16.50pt;\" height=\"22\">Tempo de rota\u00e7\u00e3o<\/td>\n<td class=\"et3\">7-14 dias \u00fateis, com urg\u00eancia<\/td>\n<\/tr>\n<tr style=\"height: 16.50pt;\">\n<td class=\"et3\" style=\"height: 16.50pt;\" height=\"22\">Papel em stock<\/td>\n<td class=\"et3\">10pt a 28pt (60lb a 400lb) Kraft ecol\u00f3gico, cart\u00e3o canelado e-flute, cart\u00e3o bux, cartolina<\/td>\n<\/tr>\n<tr style=\"height: 16.50pt;\">\n<td class=\"et3\" style=\"height: 16.50pt;\" height=\"22\">Prova<\/td>\n<td class=\"et3\">Vista plana, maqueta 3d, amostragem f\u00edsica (a pedido)<\/td>\n<\/tr>\n<\/tbody>\n<\/table>\n<\/div>\n<\/div>\n<\/div>\n<\/div>\n<\/div>\n<\/div>\n<\/div>\n<\/div>\n<\/div>\n<\/div>\n<div class=\"widget block block-static-block\">\n<div class=\"landing-page-section option-bottom\">\n<div class=\"custom-materials-tabs-content container container-adjustment\">\n<div class=\"custom-materials-tab-content active\">\n<div class=\"widget block block-static-block\">\n<div class=\"options-items\">\n<div class=\"flex-grid-row-option\">\n<div class=\"flex-grid-item-option\">\n<div class=\"material-box\">\n<p>&nbsp;<\/p>\n<\/div>\n<\/div>\n<\/div>\n<\/div>\n<p><!---end of option item--><\/p>\n<\/div>\n<\/div>\n<\/div>\n<\/div>\n<\/div>","protected":false},"excerpt":{"rendered":"<p>Caixa de presente com tampa e base para janela de j\u00f3ias, forro de flocagem personalizado sob demanda, adequado para qualquer tamanho, impress\u00e3o clara sem diferen\u00e7a de cor, fornecimento direto da f\u00e1brica na China, solu\u00e7\u00e3o de janela de acr\u00edlico transparente de alta qualidade.<\/p>","protected":false},"featured_media":4650,"template":"","meta":[],"product_brand":[],"product_cat":[30,415,425,31],"product_tag":[562,560,561],"class_list":{"0":"post-4645","1":"product","2":"type-product","3":"status-publish","4":"has-post-thumbnail","6":"product_cat-by-industry","7":"product_cat-custom-jewelry-boxes-by-industry","8":"product_cat-lid-and-base-gift-box","9":"product_cat-paper-box-style","10":"product_tag-jewelry-packaging-rigid-box","11":"product_tag-jewelry-packaging-wholesalers","12":"product_tag-unique-jewelry-packaging","14":"first","15":"instock","16":"shipping-taxable","17":"product-type-grouped"},"_links":{"self":[{"href":"https:\/\/zojopackaging.com\/pt\/wp-json\/wp\/v2\/product\/4645","targetHints":{"allow":["GET"]}}],"collection":[{"href":"https:\/\/zojopackaging.com\/pt\/wp-json\/wp\/v2\/product"}],"about":[{"href":"https:\/\/zojopackaging.com\/pt\/wp-json\/wp\/v2\/types\/product"}],"version-history":[{"count":2,"href":"https:\/\/zojopackaging.com\/pt\/wp-json\/wp\/v2\/product\/4645\/revisions"}],"predecessor-version":[{"id":8104,"href":"https:\/\/zojopackaging.com\/pt\/wp-json\/wp\/v2\/product\/4645\/revisions\/8104"}],"wp:featuredmedia":[{"embeddable":true,"href":"https:\/\/zojopackaging.com\/pt\/wp-json\/wp\/v2\/media\/4650"}],"wp:attachment":[{"href":"https:\/\/zojopackaging.com\/pt\/wp-json\/wp\/v2\/media?parent=4645"}],"wp:term":[{"taxonomy":"product_brand","embeddable":true,"href":"https:\/\/zojopackaging.com\/pt\/wp-json\/wp\/v2\/product_brand?post=4645"},{"taxonomy":"product_cat","embeddable":true,"href":"https:\/\/zojopackaging.com\/pt\/wp-json\/wp\/v2\/product_cat?post=4645"},{"taxonomy":"product_tag","embeddable":true,"href":"https:\/\/zojopackaging.com\/pt\/wp-json\/wp\/v2\/product_tag?post=4645"}],"curies":[{"name":"wp","href":"https:\/\/api.w.org\/{rel}","templated":true}]}}