{"id":4666,"date":"2024-03-25T10:39:37","date_gmt":"2024-03-25T02:39:37","guid":{"rendered":"https:\/\/zojopackaging.com\/?post_type=product&#038;p=4666"},"modified":"2025-03-25T14:54:16","modified_gmt":"2025-03-25T06:54:16","slug":"custom-luxury-paper-packaging-bag","status":"publish","type":"product","link":"https:\/\/zojopackaging.com\/pt\/product\/custom-luxury-paper-packaging-bag\/","title":{"rendered":"Caixa de presente r\u00edgida com pega de luxo da marca Fabricantes de caixas OEM"},"content":{"rendered":"<h1 class=\"auto-hide-last-sibling-br paragraph-u1TS5p paragraph-element br-paragraph-space\">Caixa de presente com pega r\u00edgida de luxo personalizada Fabricantes de caixas OEM<\/h1>\n<div class=\"auto-hide-last-sibling-br paragraph-u1TS5p paragraph-element br-paragraph-space\">Est\u00e1 \u00e0 procura de sacos de papel impressos de luxo para a sua loja ou para uma ocasi\u00e3o especial? Ent\u00e3o escolha os nossos sacos de papel personalizados de luxo. Os sacos de papel de luxo s\u00e3o o \"cr\u00e8me de la cr\u00e8me\" dos sacos de papel e podem ser criados de acordo com os seus desejos. Pense no tamanho, no material, nos la\u00e7os ou pegas, numa fita de fecho elegante e nas possibilidades de impress\u00e3o com acabamentos de luxo. Prefere imprimir sacos de papel de luxo ecol\u00f3gicos? Ent\u00e3o, os sacos de papel de luxo feitos de papel ecol\u00f3gico (por exemplo, papel reciclado ou papel certificado FSC\u00ae) s\u00e3o uma boa op\u00e7\u00e3o. Veja todas as op\u00e7\u00f5es de sacos de papel de luxo abaixo.<\/div>\n<div>\n<h1><strong>Especifica\u00e7\u00e3o<\/strong><\/h1>\n<table style=\"border-collapse: collapse; width: 759.02pt;\" border=\"0\" width=\"1012\" cellspacing=\"0\" cellpadding=\"0\">\n<tbody>\n<tr style=\"height: 16.50pt;\">\n<td class=\"et3\" style=\"height: 16.50pt; width: 379.50pt;\" width=\"506\" height=\"22\">Dimens\u00f5es<\/td>\n<td class=\"et3\" style=\"width: 379.50pt;\" width=\"506\">Todos os tamanhos e formas personalizados<\/td>\n<\/tr>\n<tr style=\"height: 16.50pt;\">\n<td class=\"et3\" style=\"height: 16.50pt;\" height=\"22\">Quantidade m\u00ednima<\/td>\n<td class=\"et3\">500 unidades<\/td>\n<\/tr>\n<tr style=\"height: 16.50pt;\">\n<td class=\"et3\" style=\"height: 16.50pt;\" height=\"22\">Processo por defeito<\/td>\n<td class=\"et3\">Corte e vinco, colagem, ranhura, perfura\u00e7\u00e3o<\/td>\n<\/tr>\n<tr style=\"height: 16.50pt;\">\n<td class=\"et3\" style=\"height: 16.50pt;\" height=\"22\">Impress\u00e3o<\/td>\n<td class=\"et3\">Cmyk, pms, sem impress\u00e3o<\/td>\n<\/tr>\n<tr style=\"height: 16.50pt;\">\n<td class=\"et3\" style=\"height: 16.50pt;\" height=\"22\">Op\u00e7\u00e3o de material<\/td>\n<td class=\"et3\">Papel de cart\u00e3o branco, papel revestido, papel art\u00edstico, papel kraft, cart\u00e3o marfim, cart\u00e3o duplex, papel especial, etc.<\/td>\n<\/tr>\n<tr style=\"height: 17.25pt;\">\n<td class=\"et3\" style=\"height: 17.25pt;\" height=\"23\">Acabamento de superf\u00edcies<\/td>\n<td class=\"et4\" style=\"width: 379.50pt;\" width=\"506\">Lamina\u00e7\u00e3o mate\/brilhante, grava\u00e7\u00e3o em relevo, grava\u00e7\u00e3o em relevo, estampagem em folha, etc.<\/td>\n<\/tr>\n<tr style=\"height: 17.25pt;\">\n<td class=\"et4\" style=\"height: 17.25pt; width: 379.50pt;\" width=\"506\" height=\"23\">Utiliza\u00e7\u00e3o na ind\u00fastria<\/td>\n<td class=\"et4\" style=\"width: 379.50pt;\" width=\"506\">cosm\u00e9ticos, perfumes, vestu\u00e1rio, j\u00f3ias, tabaco, alimentos, presentes, produtos de consumo di\u00e1rio,<\/td>\n<\/tr>\n<tr style=\"height: 34.50pt;\">\n<td class=\"et4\" style=\"height: 34.50pt; width: 379.50pt;\" width=\"506\" height=\"46\">Controlo de qualidade<\/td>\n<td class=\"et4\" style=\"width: 379.50pt;\" width=\"506\">Equipamento avan\u00e7ado e equipa QC experiente verificam rigorosamente o material, os produtos semi-acabados e acabados em cada etapa antes de<\/td>\n<\/tr>\n<tr style=\"height: 34.50pt;\">\n<td class=\"et4\" style=\"height: 34.50pt; width: 379.50pt;\" width=\"506\" height=\"46\">Pre\u00e7o<\/td>\n<td class=\"et4\" style=\"width: 379.50pt;\" width=\"506\">O pre\u00e7o final ser\u00e1 adaptado ao seu produto e \u00e0 quantidade de que necessita<\/td>\n<\/tr>\n<tr style=\"height: 16.50pt;\">\n<td class=\"et3\" style=\"height: 16.50pt;\" height=\"22\">Tempo de rota\u00e7\u00e3o<\/td>\n<td class=\"et3\">7-14 dias \u00fateis, com urg\u00eancia<\/td>\n<\/tr>\n<tr style=\"height: 16.50pt;\">\n<td class=\"et3\" style=\"height: 16.50pt;\" height=\"22\">Papel em stock<\/td>\n<td class=\"et3\">10pt a 28pt (60lb a 400lb) Kraft ecol\u00f3gico, cart\u00e3o canelado e-flute, cart\u00e3o bux, cartolina<\/td>\n<\/tr>\n<tr style=\"height: 16.50pt;\">\n<td class=\"et3\" style=\"height: 16.50pt;\" height=\"22\">Prova<\/td>\n<td class=\"et3\">Vista plana, maqueta 3d, amostragem f\u00edsica (a pedido)<\/td>\n<\/tr>\n<\/tbody>\n<\/table>\n<\/div>\n<h2 class=\"auto-hide-last-sibling-br paragraph-u1TS5p paragraph-element br-paragraph-space\">Carater\u00edsticas principais<\/h2>\n<ol class=\"auto-hide-last-sibling-br\">\n<li>Materiais de primeira qualidade: Fabricadas com papel da melhor qualidade, as nossas malas de luxo oferecem uma experi\u00eancia t\u00e1til e visual que exala opul\u00eancia. Escolha a partir de uma sele\u00e7\u00e3o de pap\u00e9is de alta qualidade, incluindo op\u00e7\u00f5es texturizadas, com relevo ou revestidas, para criar um aspeto e uma sensa\u00e7\u00e3o distintos.<\/li>\n<li>Detalhes minuciosos: Todos os aspectos destes sacos s\u00e3o meticulosamente concebidos, desde a costura precisa at\u00e9 aos delicados acabamentos e pormenores. Podem ser utilizadas t\u00e9cnicas de relevo fino, estampagem em folha e debossing para dar profundidade e textura ao log\u00f3tipo da sua marca ou a elementos de design.<\/li>\n<li>Formas e tamanhos personalizados: Adapte os sacos aos seus requisitos espec\u00edficos, garantindo um ajuste perfeito para os seus produtos. Quer necessite de uma forma retangular elegante ou de uma forma personalizada \u00fanica, as nossas capacidades de fabrico permitem possibilidades ilimitadas.<\/li>\n<li>Melhoria do interior: Mime os seus produtos com um interior sumptuoso. As op\u00e7\u00f5es incluem forros de tecido macio, fitas de cetim ou compartimentos personalizados para proporcionar uma prote\u00e7\u00e3o adicional e um toque de luxo.<\/li>\n<li>Op\u00e7\u00f5es de marca: Fa\u00e7a uma afirma\u00e7\u00e3o arrojada com uma coloca\u00e7\u00e3o proeminente da marca. As nossas tecnologias de impress\u00e3o avan\u00e7adas garantem que o seu log\u00f3tipo, as cores da marca e as mensagens s\u00e3o apresentados com precis\u00e3o e clareza, criando uma impress\u00e3o duradoura nos seus clientes.<\/li>\n<li>Durabilidade e resist\u00eancia: Apesar do seu aspeto luxuoso, os nossos sacos foram concebidos para serem duradouros e funcionais. As pegas refor\u00e7adas e a constru\u00e7\u00e3o robusta garantem que podem suportar o peso dos seus produtos, mantendo a sua eleg\u00e2ncia.<\/li>\n<\/ol>\n<h2 class=\"auto-hide-last-sibling-br paragraph-u1TS5p paragraph-element br-paragraph-space\">Processo de encomenda<\/h2>\n<div class=\"auto-hide-last-sibling-br paragraph-u1TS5p paragraph-element br-paragraph-space\">A nossa equipa dedicada de especialistas est\u00e1 aqui para o orientar ao longo do processo de personaliza\u00e7\u00e3o. Desde a discuss\u00e3o do conceito inicial at\u00e9 \u00e0 produ\u00e7\u00e3o final, trabalhamos em estreita colabora\u00e7\u00e3o consigo para dar vida \u00e0 sua vis\u00e3o. Disponibilizamos amostras e prot\u00f3tipos para sua an\u00e1lise e aprova\u00e7\u00e3o, garantindo que o produto final excede as suas expectativas.<\/div>\n<h2 class=\"auto-hide-last-sibling-br paragraph-u1TS5p paragraph-element br-paragraph-space\">Prazo de entrega<\/h2>\n<div class=\"auto-hide-last-sibling-br paragraph-u1TS5p paragraph-element br-paragraph-space\">Compreendemos a import\u00e2ncia da entrega atempada para satisfazer as suas necessidades comerciais. Os nossos sistemas eficientes de produ\u00e7\u00e3o e log\u00edstica garantem que os seus sacos de papel de luxo personalizados s\u00e3o entregues dentro do prazo acordado, permitindo-lhe integr\u00e1-los perfeitamente nas suas opera\u00e7\u00f5es.<\/div>\n<div class=\"widget block block-static-block\">\n<div class=\"landing-page-section option-bottom\">\n<div class=\"custom-materials-tabs-content container container-adjustment\">\n<div class=\"custom-materials-tab-content active\">\n<div class=\"widget block block-static-block\">\n<div class=\"options-items\">\n<div class=\"flex-grid-row-option\">\n<div class=\"flex-grid-item-option\">\n<div class=\"material-box\">\n<p>&nbsp;<\/p>\n<\/div>\n<\/div>\n<\/div>\n<\/div>\n<p><!---end of option item--><\/p>\n<\/div>\n<\/div>\n<\/div>\n<\/div>\n<\/div>","protected":false},"excerpt":{"rendered":"<p>-A sua caixa ser\u00e1: R\u00edgida, luxuosa, topo de gama, com marca<br \/>\n-Tipo de material: Amigo do ambiente, tem certifica\u00e7\u00e3o FSC, ISO, BSCI<br \/>\n-Personaliza\u00e7\u00e3o: Pode personalizar o tamanho\/impress\u00e3o\/material\/acabamento\/forma, etc.<br \/>\n-Tempo de produ\u00e7\u00e3o: Amostra 1-3 dias; A granel 7-9 dias Tempo de envio: Expresso 3-7 dias; Ar 12-16 dias; Barco 25-30 dias\uff08Diferentes pa\u00edses t\u00eam tempos diferentes)<br \/>\n-Pre\u00e7o: Contactar-nos para enviar o inqu\u00e9rito<\/p>","protected":false},"featured_media":4669,"template":"","meta":[],"product_brand":[],"product_cat":[30,414,390,424,31],"product_tag":[615,280,613,614],"class_list":{"0":"post-4666","1":"product","2":"type-product","3":"status-publish","4":"has-post-thumbnail","6":"product_cat-by-industry","7":"product_cat-custom-apparel-boxes","8":"product_cat-custom-cosmetics-boxes","9":"product_cat-magnetic-closure-boxes","10":"product_cat-paper-box-style","11":"product_tag-brand-box","12":"product_tag-custom-rigid-boxes","13":"product_tag-handle-gift-box","14":"product_tag-oem-boxes-manufacturers","16":"first","17":"instock","18":"shipping-taxable","19":"product-type-grouped"},"_links":{"self":[{"href":"https:\/\/zojopackaging.com\/pt\/wp-json\/wp\/v2\/product\/4666","targetHints":{"allow":["GET"]}}],"collection":[{"href":"https:\/\/zojopackaging.com\/pt\/wp-json\/wp\/v2\/product"}],"about":[{"href":"https:\/\/zojopackaging.com\/pt\/wp-json\/wp\/v2\/types\/product"}],"version-history":[{"count":2,"href":"https:\/\/zojopackaging.com\/pt\/wp-json\/wp\/v2\/product\/4666\/revisions"}],"predecessor-version":[{"id":8213,"href":"https:\/\/zojopackaging.com\/pt\/wp-json\/wp\/v2\/product\/4666\/revisions\/8213"}],"wp:featuredmedia":[{"embeddable":true,"href":"https:\/\/zojopackaging.com\/pt\/wp-json\/wp\/v2\/media\/4669"}],"wp:attachment":[{"href":"https:\/\/zojopackaging.com\/pt\/wp-json\/wp\/v2\/media?parent=4666"}],"wp:term":[{"taxonomy":"product_brand","embeddable":true,"href":"https:\/\/zojopackaging.com\/pt\/wp-json\/wp\/v2\/product_brand?post=4666"},{"taxonomy":"product_cat","embeddable":true,"href":"https:\/\/zojopackaging.com\/pt\/wp-json\/wp\/v2\/product_cat?post=4666"},{"taxonomy":"product_tag","embeddable":true,"href":"https:\/\/zojopackaging.com\/pt\/wp-json\/wp\/v2\/product_tag?post=4666"}],"curies":[{"name":"wp","href":"https:\/\/api.w.org\/{rel}","templated":true}]}}