{"id":4672,"date":"2024-03-25T10:45:33","date_gmt":"2024-03-25T02:45:33","guid":{"rendered":"https:\/\/zojopackaging.com\/?post_type=product&#038;p=4672"},"modified":"2025-03-27T20:02:46","modified_gmt":"2025-03-27T12:02:46","slug":"alushee-corrugated-packaging-box","status":"publish","type":"product","link":"https:\/\/zojopackaging.com\/pt\/product\/alushee-corrugated-packaging-box\/","title":{"rendered":"M\u00e1quina de depila\u00e7\u00e3o Distribui\u00e7\u00e3o de caixas onduladas Kraft"},"content":{"rendered":"<h1 class=\"self-content-pre-ca33f6\">M\u00e1quina de depila\u00e7\u00e3o Distribui\u00e7\u00e3o de caixas onduladas Kraft<\/h1>\n<p>A caixa de embalagem ondulada para depila\u00e7\u00e3o Alushee \u00e9 uma solu\u00e7\u00e3o de embalagem especializada concebida especificamente para produtos de depila\u00e7\u00e3o.<\/p>\n<p><strong>As principais carater\u00edsticas da caixa de embalagem ondulada para depila\u00e7\u00e3o Alushee incluem<\/strong><\/p>\n<ul>\n<li>Especificamente concebido para produtos de depila\u00e7\u00e3o, garantindo um ajuste perfeito e uma prote\u00e7\u00e3o \u00f3ptima<\/li>\n<li>Material ondulado dur\u00e1vel, robusto e resistente a danos<\/li>\n<li>Op\u00e7\u00f5es personaliz\u00e1veis de tamanho, detalhes de design e marca para satisfazer as suas necessidades espec\u00edficas<\/li>\n<li>Ideal para embalar cremes de depila\u00e7\u00e3o, kits de depila\u00e7\u00e3o, l\u00e2minas de barbear e outros produtos relacionados<\/li>\n<li>Proporciona um aspeto profissional e coeso para a sua linha de produtos de depila\u00e7\u00e3o.<\/li>\n<\/ul>\n<p>Quer seja um fabricante de produtos de depila\u00e7\u00e3o \u00e0 procura de uma solu\u00e7\u00e3o de embalagem fi\u00e1vel ou um retalhista que pretende melhorar a apresenta\u00e7\u00e3o dos seus produtos de depila\u00e7\u00e3o, a caixa de embalagem ondulada para depila\u00e7\u00e3o Alushee \u00e9 a escolha perfeita.<\/p>\n<h1><strong>Especifica\u00e7\u00e3o<\/strong><\/h1>\n<table style=\"border-collapse: collapse; width: 759.02pt;\" border=\"0\" width=\"1012\" cellspacing=\"0\" cellpadding=\"0\">\n<tbody>\n<tr style=\"height: 16.50pt;\">\n<td class=\"et3\" style=\"height: 16.50pt; width: 379.50pt;\" width=\"506\" height=\"22\">Dimens\u00f5es<\/td>\n<td class=\"et3\" style=\"width: 379.50pt;\" width=\"506\">Todos os tamanhos e formas personalizados<\/td>\n<\/tr>\n<tr style=\"height: 16.50pt;\">\n<td class=\"et3\" style=\"height: 16.50pt;\" height=\"22\">Quantidade m\u00ednima<\/td>\n<td class=\"et3\">500 unidades<\/td>\n<\/tr>\n<tr style=\"height: 16.50pt;\">\n<td class=\"et3\" style=\"height: 16.50pt;\" height=\"22\">Processo por defeito<\/td>\n<td class=\"et3\">Corte e vinco, colagem, ranhura, perfura\u00e7\u00e3o<\/td>\n<\/tr>\n<tr style=\"height: 16.50pt;\">\n<td class=\"et3\" style=\"height: 16.50pt;\" height=\"22\">Impress\u00e3o<\/td>\n<td class=\"et3\">Cmyk, pms, sem impress\u00e3o<\/td>\n<\/tr>\n<tr style=\"height: 16.50pt;\">\n<td class=\"et3\" style=\"height: 16.50pt;\" height=\"22\">Op\u00e7\u00e3o de material<\/td>\n<td class=\"et3\">Papel de cart\u00e3o branco, papel revestido, papel art\u00edstico, papel kraft, cart\u00e3o marfim, cart\u00e3o duplex, papel especial, etc.<\/td>\n<\/tr>\n<tr style=\"height: 17.25pt;\">\n<td class=\"et3\" style=\"height: 17.25pt;\" height=\"23\">Acabamento de superf\u00edcies<\/td>\n<td class=\"et4\" style=\"width: 379.50pt;\" width=\"506\">Lamina\u00e7\u00e3o mate\/brilhante, grava\u00e7\u00e3o em relevo, grava\u00e7\u00e3o em relevo, estampagem em folha, etc.<\/td>\n<\/tr>\n<tr style=\"height: 17.25pt;\">\n<td class=\"et4\" style=\"height: 17.25pt; width: 379.50pt;\" width=\"506\" height=\"23\">Utiliza\u00e7\u00e3o na ind\u00fastria<\/td>\n<td class=\"et4\" style=\"width: 379.50pt;\" width=\"506\">cosm\u00e9ticos, perfumes, vestu\u00e1rio, j\u00f3ias, tabaco, alimentos, presentes, produtos de consumo di\u00e1rio,<\/td>\n<\/tr>\n<tr style=\"height: 34.50pt;\">\n<td class=\"et4\" style=\"height: 34.50pt; width: 379.50pt;\" width=\"506\" height=\"46\">Controlo de qualidade<\/td>\n<td class=\"et4\" style=\"width: 379.50pt;\" width=\"506\">Equipamento avan\u00e7ado e equipa QC experiente verificam rigorosamente o material, os produtos semi-acabados e acabados em cada etapa antes de<\/td>\n<\/tr>\n<tr style=\"height: 34.50pt;\">\n<td class=\"et4\" style=\"height: 34.50pt; width: 379.50pt;\" width=\"506\" height=\"46\">Pre\u00e7o<\/td>\n<td class=\"et4\" style=\"width: 379.50pt;\" width=\"506\">O pre\u00e7o final ser\u00e1 adaptado ao seu produto e \u00e0 quantidade de que necessita<\/td>\n<\/tr>\n<tr style=\"height: 16.50pt;\">\n<td class=\"et3\" style=\"height: 16.50pt;\" height=\"22\">Tempo de rota\u00e7\u00e3o<\/td>\n<td class=\"et3\">7-14 dias \u00fateis, com urg\u00eancia<\/td>\n<\/tr>\n<tr style=\"height: 16.50pt;\">\n<td class=\"et3\" style=\"height: 16.50pt;\" height=\"22\">Papel em stock<\/td>\n<td class=\"et3\">10pt a 28pt (60lb a 400lb) Kraft ecol\u00f3gico, cart\u00e3o canelado e-flute, cart\u00e3o bux, cartolina<\/td>\n<\/tr>\n<tr style=\"height: 16.50pt;\">\n<td class=\"et3\" style=\"height: 16.50pt;\" height=\"22\">Prova<\/td>\n<td class=\"et3\">Vista plana, maqueta 3d, amostragem f\u00edsica (a pedido)<\/td>\n<\/tr>\n<\/tbody>\n<\/table>\n<div class=\"widget block block-static-block\">\n<div class=\"landing-page-section option-bottom\">\n<div class=\"custom-materials-tabs-content container container-adjustment\">\n<div class=\"custom-materials-tab-content active\">\n<div class=\"widget block block-static-block\">\n<div class=\"options-items\">\n<div class=\"flex-grid-row-option\">\n<div class=\"flex-grid-item-option\">\n<div class=\"material-box\">\n<div class=\"material-des\">\n<p>&nbsp;<\/p>\n<\/div>\n<p>&nbsp;<\/p>\n<\/div>\n<\/div>\n<\/div>\n<\/div>\n<p><!---end of option item--><\/p>\n<\/div>\n<\/div>\n<\/div>\n<\/div>\n<\/div>","protected":false},"excerpt":{"rendered":"<p>-A sua caixa ser\u00e1: Econ\u00f3mica, dur\u00e1vel, r\u00edgida e dobr\u00e1vel.<br \/>\n-Tipo de material: Amigo do ambiente, tem certifica\u00e7\u00e3o FSC, ISO, BSCI<br \/>\n-Personaliza\u00e7\u00e3o: Pode personalizar o tamanho\/impress\u00e3o\/material\/acabamento\/forma, etc.<br \/>\n-Tempo de produ\u00e7\u00e3o: Amostra 1-3 dias; A granel 7-9 dias Tempo de envio: Expresso 3-7 dias; Ar 12-16 dias; Barco 25-30 dias\uff08Diferentes pa\u00edses t\u00eam tempos diferentes)<br \/>\n-Pre\u00e7o: Contactar-nos para enviar o inqu\u00e9rito<\/p>","protected":false},"featured_media":4676,"template":"","meta":[],"product_brand":[],"product_cat":[30,413,31,433],"product_tag":[611,612,610,243],"class_list":{"0":"post-4672","1":"product","2":"type-product","3":"status-publish","4":"has-post-thumbnail","6":"product_cat-by-industry","7":"product_cat-consumer-electronics-boxes","8":"product_cat-paper-box-style","9":"product_cat-shipping-mailer-boxes","10":"product_tag-hair-removal-machine-box","11":"product_tag-kraft-corrugated-box","12":"product_tag-mailer-box-distribution","13":"product_tag-paper-box-manufacturer","15":"first","16":"instock","17":"shipping-taxable","18":"product-type-grouped"},"_links":{"self":[{"href":"https:\/\/zojopackaging.com\/pt\/wp-json\/wp\/v2\/product\/4672","targetHints":{"allow":["GET"]}}],"collection":[{"href":"https:\/\/zojopackaging.com\/pt\/wp-json\/wp\/v2\/product"}],"about":[{"href":"https:\/\/zojopackaging.com\/pt\/wp-json\/wp\/v2\/types\/product"}],"version-history":[{"count":2,"href":"https:\/\/zojopackaging.com\/pt\/wp-json\/wp\/v2\/product\/4672\/revisions"}],"predecessor-version":[{"id":8212,"href":"https:\/\/zojopackaging.com\/pt\/wp-json\/wp\/v2\/product\/4672\/revisions\/8212"}],"wp:featuredmedia":[{"embeddable":true,"href":"https:\/\/zojopackaging.com\/pt\/wp-json\/wp\/v2\/media\/4676"}],"wp:attachment":[{"href":"https:\/\/zojopackaging.com\/pt\/wp-json\/wp\/v2\/media?parent=4672"}],"wp:term":[{"taxonomy":"product_brand","embeddable":true,"href":"https:\/\/zojopackaging.com\/pt\/wp-json\/wp\/v2\/product_brand?post=4672"},{"taxonomy":"product_cat","embeddable":true,"href":"https:\/\/zojopackaging.com\/pt\/wp-json\/wp\/v2\/product_cat?post=4672"},{"taxonomy":"product_tag","embeddable":true,"href":"https:\/\/zojopackaging.com\/pt\/wp-json\/wp\/v2\/product_tag?post=4672"}],"curies":[{"name":"wp","href":"https:\/\/api.w.org\/{rel}","templated":true}]}}