{"id":5697,"date":"2024-05-10T11:01:37","date_gmt":"2024-05-10T03:01:37","guid":{"rendered":"https:\/\/zojopackaging.com\/?post_type=product&#038;p=5697"},"modified":"2025-03-24T11:53:28","modified_gmt":"2025-03-24T03:53:28","slug":"custom-pizza-packaging-box","status":"publish","type":"product","link":"https:\/\/zojopackaging.com\/pt\/product\/custom-pizza-packaging-box\/","title":{"rendered":"China Caixas de pizza kraft impressas personalizadas premium por atacado"},"content":{"rendered":"<h1>China Caixas de pizza kraft impressas personalizadas premium por atacado<\/h1>\n<p><strong>Embalagens alimentares personalizadas ecol\u00f3gicas<\/strong><\/p>\n<div class=\"auto-hide-last-sibling-br paragraph-ae1685 br-paragraph-space\" data-sider-select-id=\"3048e002-9888-4134-9a86-1328e88ae0c7\">\n<p>Descubra a nossa gama excecional de caixas personalizadas para embalagens de alimentos, concebidas especificamente para satisfazer as diversas necessidades da sua empresa. As nossas caixas personalizadas s\u00e3o uma mistura perfeita de funcionalidade e criatividade.<br \/>\nEstas caixas de embalagem s\u00e3o fabricadas com uma aten\u00e7\u00e3o meticulosa aos pormenores, garantindo uma qualidade e durabilidade superiores. Feitas \u00e0 medida das suas especifica\u00e7\u00f5es exactas, oferecem uma adapta\u00e7\u00e3o perfeita aos seus produtos alimentares, proporcionando uma prote\u00e7\u00e3o e apresenta\u00e7\u00e3o \u00f3ptimas.<\/p>\n<p>Com uma s\u00e9rie de op\u00e7\u00f5es personaliz\u00e1veis, pode personalizar o design, a cor, o tamanho e a impress\u00e3o das caixas para se alinharem com a identidade da sua marca. Quer necessite de embalagens elegantes, modernas ou \u00fanicas, temos as solu\u00e7\u00f5es para si.<\/p>\n<p>Na ZOJO Print, oferecemos uma vasta gama de op\u00e7\u00f5es de embalagens alimentares personalizadas que satisfazem as necessidades de diferentes empresas. Os nossos produtos s\u00e3o fabricados com materiais de alta qualidade e podem ser personalizados de acordo com as suas necessidades. Por isso, quer precise de embalagens para o seu restaurante, cami\u00e3o de comida ou neg\u00f3cio de catering, n\u00f3s temos tudo o que precisa.<\/p>\n<p><strong>Gama de embalagens alimentares personalizadas<\/strong><br \/>\nA ZOJO Print oferece uma gama de diferentes op\u00e7\u00f5es de embalagens alimentares personalizadas para os seus produtos. Todas elas s\u00e3o feitas de cart\u00e3o Delipac\u00a9 seguro para alimentos (exceto as Doypacks) e podem ser personalizadas com os seus gr\u00e1ficos. Segue-se um breve resumo, mas pode encontrar informa\u00e7\u00f5es completas nas p\u00e1ginas separadas.<\/p>\n<ul>\n<li>Recipientes para alimentos: dispon\u00edveis em quatro formatos, s\u00e3o ideais para alimentos como pipocas e batatas fritas devido \u00e0 sua forma e s\u00e3o resistentes ao \u00f3leo e \u00e0 gordura<\/li>\n<li>Caixas para alimentos com tampa basculante: se precisar de proteger os seus produtos, a tampa f\u00e1cil de utilizar destas caixas torna-as ideais para todos os tipos de artigos, especialmente comida de rua e takeaway<\/li>\n<li>Caixas para alimentos Deluxe: oferecem um aspeto sofisticado gra\u00e7as \u00e0 sua forma interessante e aos fechos apelativos. Escolha entre o fecho com fita ou com pega e v\u00e1rios tamanhos<\/li>\n<li>Caixas para sandu\u00edches: estas caixas foram concebidas para guardar sandu\u00edches, croissants e outros produtos de pastelaria, protegendo-os e mantendo os alimentos quentes. A sua forma alongada evita que os alimentos sejam esmagados<\/li>\n<li>Doypacks: bolsas de p\u00e9 em quatro materiais \u00e0 escolha para proteger e conservar os produtos alimentares. Op\u00e7\u00e3o de lamina\u00e7\u00e3o, fecho de correr e orif\u00edcio para pendurar.<\/li>\n<\/ul>\n<p><strong>Embalagens alimentares personalizadas em cart\u00e3o<\/strong><br \/>\nAs nossas embalagens personalizadas para alimentos s\u00e3o feitas de um cart\u00e3o especial chamado Delipac\u00a9, com uma s\u00e9rie de carater\u00edsticas que o distinguem de outros materiais:<\/p>\n<ul>\n<li>Possui um revestimento \u00e0 base de \u00e1gua que o torna extremamente resistente a \u00f3leos e gorduras<\/li>\n<li>Pode ser colocado no congelador ou no micro-ondas sem qualquer problema<\/li>\n<li>Proporciona aos alimentos um bom isolamento t\u00e9rmico<\/li>\n<li>\u00c9 resistente \u00e0 migra\u00e7\u00e3o da tinta<\/li>\n<\/ul>\n<p>Al\u00e9m disso, utilizamos tintas de baixa migra\u00e7\u00e3o nas nossas impressoras para personalizar as embalagens alimentares impressas, para evitar qualquer possibilidade de contamina\u00e7\u00e3o dos g\u00e9neros aliment\u00edcios. Estes componentes foram igualmente testados em laborat\u00f3rio para garantir a sua seguran\u00e7a.<\/p>\n<p><strong>Embalagens alimentares personalizadas ecol\u00f3gicas<\/strong><\/p>\n<p>As nossas embalagens alimentares personalizadas s\u00e3o uma solu\u00e7\u00e3o amiga do ambiente para a sua empresa do sector alimentar. Atualmente, a sustentabilidade e as escolhas amigas do ambiente s\u00e3o cada vez mais importantes e \u00e9 algo que os clientes procuram quando decidem a que empresas comprar. Por conseguinte, as nossas embalagens alimentares ecol\u00f3gicas podem acrescentar valor ao seu neg\u00f3cio. Tem as seguintes propriedades:<\/p>\n<ul>\n<li>Biodegrad\u00e1vel<\/li>\n<li>Compost\u00e1vel<\/li>\n<li>Recicl\u00e1vel<\/li>\n<\/ul>\n<p><strong>Encomendar embalagens alimentares personalizadas<\/strong><\/p>\n<p>\u00c9 f\u00e1cil encomendar embalagens personalizadas para alimentos na ZOJO Print. Basta escolher o estilo de produto que mais lhe conv\u00e9m e dirigir-se \u00e0 p\u00e1gina correspondente. A\u00ed encontrar\u00e1 um formul\u00e1rio de encomenda passo a passo que o guiar\u00e1 ao longo do processo. Selecione as suas op\u00e7\u00f5es de personaliza\u00e7\u00e3o preferidas, como o tamanho, o material, etc., e ser\u00e1 apresentado automaticamente um or\u00e7amento gratuito.<\/p>\n<p>Escolha entre uma gama de pre\u00e7os e op\u00e7\u00f5es de entrega que se adaptem \u00e0s suas necessidades e, em seguida, envie-nos o seu trabalho art\u00edstico. Se tiver algum problema ou d\u00favida, n\u00e3o hesite em contactar-nos.<\/p>\n<\/div>\n<h1><strong>Especifica\u00e7\u00e3o<\/strong><\/h1>\n<div class=\"widget block block-static-block\">\n<div class=\"landing-page-section option-bottom\">\n<div class=\"custom-materials-tabs-content container container-adjustment\">\n<div class=\"custom-materials-tab-content active\">\n<div class=\"widget block block-static-block\">\n<div class=\"options-items\">\n<div class=\"flex-grid-row-option\">\n<div class=\"flex-grid-item-option\">\n<div class=\"material-box\">\n<div class=\"material-des\">\n<table style=\"height: 666px;\" width=\"1070\">\n<tbody>\n<tr>\n<td width=\"373\">Dimens\u00f5es<\/td>\n<td width=\"373\">Todos os tamanhos e formas personalizados<\/td>\n<\/tr>\n<tr>\n<td width=\"373\">MOQ<\/td>\n<td width=\"373\">500 unidades<\/td>\n<\/tr>\n<tr>\n<td width=\"373\">Tempo de amostragem<\/td>\n<td width=\"373\">3-5 dias<\/td>\n<\/tr>\n<tr>\n<td width=\"373\">Processo por defeito<\/td>\n<td width=\"373\">Corte e vinco, colagem, ranhura, perfura\u00e7\u00e3o<\/td>\n<\/tr>\n<tr>\n<td width=\"373\">Impress\u00e3o<\/td>\n<td width=\"373\">Cmyk, pms, sem impress\u00e3o<\/td>\n<\/tr>\n<tr>\n<td width=\"373\">Op\u00e7\u00e3o de material<\/td>\n<td width=\"373\">Papel de cart\u00e3o branco, papel revestido, papel art\u00edstico, papel kraft, cart\u00e3o marfim, cart\u00e3o duplex, papel especial, etc.<\/td>\n<\/tr>\n<tr>\n<td width=\"373\">Acabamento de superf\u00edcies<\/td>\n<td width=\"373\">Lamina\u00e7\u00e3o mate\/brilhante, grava\u00e7\u00e3o em relevo, grava\u00e7\u00e3o em relevo, estampagem em folha, etc.<\/td>\n<\/tr>\n<tr>\n<td width=\"373\">Utiliza\u00e7\u00e3o na ind\u00fastria<\/td>\n<td width=\"373\">cosm\u00e9ticos, perfumes, vestu\u00e1rio, j\u00f3ias, tabaco, alimentos, presentes, produtos de consumo di\u00e1rio,<\/td>\n<\/tr>\n<tr>\n<td width=\"373\">Controlo de qualidade<\/td>\n<td width=\"373\">Equipamento avan\u00e7ado e equipa QC experiente verificam rigorosamente o material, os produtos semi-acabados e acabados em cada etapa antes de<\/td>\n<\/tr>\n<tr>\n<td width=\"373\">Pre\u00e7o<\/td>\n<td width=\"373\">O pre\u00e7o final ser\u00e1 adaptado ao seu produto e \u00e0 quantidade de que necessita<\/td>\n<\/tr>\n<tr>\n<td width=\"373\">Tempo de rota\u00e7\u00e3o<\/td>\n<td width=\"373\">7-14 dias \u00fateis, com urg\u00eancia<\/td>\n<\/tr>\n<tr>\n<td width=\"373\">Papel em stock<\/td>\n<td width=\"373\">10pt a 28pt (60lb a 400lb) Kraft ecol\u00f3gico, cart\u00e3o canelado e-flute, cart\u00e3o bux, cartolina<\/td>\n<\/tr>\n<tr>\n<td width=\"373\">Formato da obra de arte<\/td>\n<td width=\"373\">JPG, PDF, AI, CDR, EPS, GIF....<\/td>\n<\/tr>\n<tr>\n<td width=\"373\">Acess\u00f3rios<\/td>\n<td width=\"373\">\u00cdman, fita, forma EVA, tabuleiro de pl\u00e1stico, esponja, janela PVC\/PET\/PP,...<\/td>\n<\/tr>\n<tr>\n<td width=\"373\">Prazo de pagamento<\/td>\n<td width=\"373\">T\/T, Western Union, Paypal, dep\u00f3sito 30% e saldo 70% antes do envio.<\/td>\n<\/tr>\n<\/tbody>\n<\/table>\n<\/div>\n<p>&nbsp;<\/p>\n<\/div>\n<\/div>\n<\/div>\n<\/div>\n<p><!---end of option item--><\/p>\n<\/div>\n<\/div>\n<\/div>\n<\/div>\n<\/div>","protected":false},"excerpt":{"rendered":"<p>Caixas de pizza de papel kraft dobr\u00e1vel fornecidas diretamente por f\u00e1bricas chinesas, suportam personaliza\u00e7\u00e3o de tamanho ilimitado, design de embalagem de qualidade alimentar, transporte conveniente e economia de espa\u00e7o.<\/p>","protected":false},"featured_media":6705,"template":"","meta":[],"product_brand":[],"product_cat":[30,422,31,433],"product_tag":[532,533,531],"class_list":{"0":"post-5697","1":"product","2":"type-product","3":"status-publish","4":"has-post-thumbnail","6":"product_cat-by-industry","7":"product_cat-custom-gourmet-boxes-by-industry","8":"product_cat-paper-box-style","9":"product_cat-shipping-mailer-boxes","10":"product_tag-kraft-pizza-boxes","11":"product_tag-pizza-boxes-wholesale","12":"product_tag-premium-pizza-boxes","14":"first","15":"instock","16":"shipping-taxable","17":"product-type-grouped"},"_links":{"self":[{"href":"https:\/\/zojopackaging.com\/pt\/wp-json\/wp\/v2\/product\/5697","targetHints":{"allow":["GET"]}}],"collection":[{"href":"https:\/\/zojopackaging.com\/pt\/wp-json\/wp\/v2\/product"}],"about":[{"href":"https:\/\/zojopackaging.com\/pt\/wp-json\/wp\/v2\/types\/product"}],"version-history":[{"count":3,"href":"https:\/\/zojopackaging.com\/pt\/wp-json\/wp\/v2\/product\/5697\/revisions"}],"predecessor-version":[{"id":8093,"href":"https:\/\/zojopackaging.com\/pt\/wp-json\/wp\/v2\/product\/5697\/revisions\/8093"}],"wp:featuredmedia":[{"embeddable":true,"href":"https:\/\/zojopackaging.com\/pt\/wp-json\/wp\/v2\/media\/6705"}],"wp:attachment":[{"href":"https:\/\/zojopackaging.com\/pt\/wp-json\/wp\/v2\/media?parent=5697"}],"wp:term":[{"taxonomy":"product_brand","embeddable":true,"href":"https:\/\/zojopackaging.com\/pt\/wp-json\/wp\/v2\/product_brand?post=5697"},{"taxonomy":"product_cat","embeddable":true,"href":"https:\/\/zojopackaging.com\/pt\/wp-json\/wp\/v2\/product_cat?post=5697"},{"taxonomy":"product_tag","embeddable":true,"href":"https:\/\/zojopackaging.com\/pt\/wp-json\/wp\/v2\/product_tag?post=5697"}],"curies":[{"name":"wp","href":"https:\/\/api.w.org\/{rel}","templated":true}]}}