{"id":5971,"date":"2024-06-18T09:26:16","date_gmt":"2024-06-18T01:26:16","guid":{"rendered":"https:\/\/zojopackaging.com\/?post_type=product&#038;p=5971"},"modified":"2025-03-24T12:09:12","modified_gmt":"2025-03-24T04:09:12","slug":"custom-cylinder-cr-vape-cartridge-box","status":"publish","type":"product","link":"https:\/\/zojopackaging.com\/pt\/product\/custom-cylinder-cr-vape-cartridge-box\/","title":{"rendered":"F\u00e1brica de tubo de papel de caixa de cartucho Vape resistente a crian\u00e7as personalizado"},"content":{"rendered":"<h1>F\u00e1brica de tubo de papel de caixa de cartucho Vape resistente a crian\u00e7as personalizado<\/h1>\n<p>A Custom Packaging oferece aos seus clientes uma solu\u00e7\u00e3o perfeita de embalagem para cigarros electr\u00f3nicos ao pre\u00e7o mais razo\u00e1vel de sempre.<\/p>\n<p><strong>O MELHOR MATERIAL DE EMBALAGEM<\/strong><br \/>\nOs consumidores de cigarros electr\u00f3nicos querem ter cigarros electr\u00f3nicos da melhor qualidade e o que notam primeiro quando compram cigarros electr\u00f3nicos \u00e9, sem d\u00favida, a apresenta\u00e7\u00e3o. E a embalagem do cigarro eletr\u00f3nico \u00e9, na verdade, a sua apresenta\u00e7\u00e3o, quer torne o seu produto atraente, quer o torne impercet\u00edvel. Tudo depende de uma marca ou de uma empresa, como a forma como fazem com que a apresenta\u00e7\u00e3o do seu produto seja agrad\u00e1vel para os seus consumidores e compradores. Isso significa que a qualidade do cigarro eletr\u00f3nico e a qualidade da sua embalagem s\u00e3o igualmente importantes para o cliente e, como retalhista, deve concentrar-se nisso. A este respeito, a nossa empresa presta servi\u00e7os fi\u00e1veis a todos os fabricantes e vendedores de cigarros electr\u00f3nicos. Utilizamos o melhor material de embalagem na produ\u00e7\u00e3o de caixas para cigarros electr\u00f3nicos.<\/p>\n<p><strong>DESENHOS POR MEDIDA<\/strong><br \/>\nO que torna a embalagem de um produto mais agrad\u00e1vel e apelativa \u00e9 o seu design e as suas impress\u00f5es. E aqui ser-lhe-\u00e1 oferecida uma s\u00e9rie de designs e op\u00e7\u00f5es de impress\u00e3o. A nossa empresa disp\u00f5e de especialistas que podem criar um design de embalagem fant\u00e1stico para si, quer pe\u00e7a a nossa assist\u00eancia gratuita para o design ou diga-nos as suas pr\u00f3prias ideias. N\u00f3s criaremos a melhor embalagem por medida que alguma vez imaginou. Ajudamo-lo a tornar os seus cigarros electr\u00f3nicos proeminentes no mercado. Fa\u00e7a das caixas de cigarros electr\u00f3nicos personalizadas uma marca e ganhe mais. Oferecemos t\u00e9cnicas de impress\u00e3o CMYK e PMS, escolha o que quiser. Obtenha estas caixas em qualquer tamanho ou forma impressas com as suas impress\u00f5es desejadas. Ter\u00e1 aqui uma variedade de designs personalizados, escolha o que pretende ou d\u00ea-nos a conhecer a sua imagina\u00e7\u00e3o.<\/p>\n<p><strong>OP\u00c7\u00d5ES ADICIONAIS ATRACTIVAS<\/strong><br \/>\nA embalagem personalizada \u00e9 um dos seus tipos na cidade. \u00c9 por causa dos nossos servi\u00e7os de primeira qualidade que estamos ligados a muitos clientes h\u00e1 muitos anos. Como oferecemos um conjunto de escolhas personalizadas aos nossos queridos clientes, eles preferem utilizar os nossos servi\u00e7os uma e outra vez. Se est\u00e1 \u00e0 procura de embalagens para cigarros electr\u00f3nicos, ent\u00e3o este \u00e9 o s\u00edtio certo onde aterrou. Para al\u00e9m de fornecer design e impress\u00f5es personalizados, a nossa empresa tamb\u00e9m oferece aos seus clientes op\u00e7\u00f5es adicionais \u00fanicas e apelativas. Dispomos de lamina\u00e7\u00e3o brilhante ou mate, folha de prata ou ouro, revestimento UV ou aquoso para tornar as suas caixas para cigarros electr\u00f3nicos mais apelativas. Os pain\u00e9is cortados ou os vidros das janelas conferem \u00e0s suas caixas de cigarros electr\u00f3nicos personalizadas um aspeto apelativo. Pode escrever o nome da sua marca de cigarro eletr\u00f3nico de uma forma \u00fanica nas caixas, o que aumentar\u00e1 o encanto dos seus cigarros electr\u00f3nicos.<\/p>\n<p>Contacte-nos agora por correio eletr\u00f3nico\u00a0<span style=\"color: #ff0000;\"><strong>info@zojoprint.com<\/strong><\/span>\u00a0ou\u00a0<span style=\"color: #ff0000;\"><strong>vickio@zojopackaging.com<\/strong>\u00a0<\/span>ou pode telefonar-nos para o nosso n\u00famero de telefone fornecido a qualquer momento, os nossos servi\u00e7os de apoio ao cliente est\u00e3o dispon\u00edveis 24 horas. Tamb\u00e9m pode obter uma resposta imediata \u00e0 sua pergunta atrav\u00e9s do nosso chat ao vivo.<\/p>\n<h1><strong>Especifica\u00e7\u00e3o<\/strong><\/h1>\n<table width=\"1153\">\n<tbody>\n<tr>\n<td width=\"373\">Dimens\u00f5es<\/td>\n<td width=\"373\">Todos os tamanhos e formas personalizados<\/td>\n<\/tr>\n<tr>\n<td width=\"373\">Impress\u00e3o<\/td>\n<td width=\"373\">CMYK, PMS, Sem impress\u00e3o<\/td>\n<\/tr>\n<tr>\n<td width=\"373\">Estoque de papel<\/td>\n<td width=\"373\">10pt a 28pt (60lb a 400lb) Kraft ecol\u00f3gico, canelado E-flute, cart\u00e3o Bux, cartolina<\/td>\n<\/tr>\n<tr>\n<td width=\"373\">Quantidades<\/td>\n<td width=\"373\">500- 500,000<\/td>\n<\/tr>\n<tr>\n<td width=\"373\">Revestimento<\/td>\n<td width=\"373\">Brilhante, Mate, Spot UV<\/td>\n<\/tr>\n<tr>\n<td width=\"373\">Processo por defeito<\/td>\n<td width=\"373\">Corte e vinco, colagem, perfura\u00e7\u00e3o<\/td>\n<\/tr>\n<tr>\n<td width=\"373\">Op\u00e7\u00f5es<\/td>\n<td width=\"373\">Recorte de janela personalizada, folha de ouro\/prata, grava\u00e7\u00e3o em relevo, tinta em relevo, folha de PVC.<\/td>\n<\/tr>\n<tr>\n<td width=\"373\">Prova<\/td>\n<td width=\"373\">Vista plana, maqueta 3D, amostragem f\u00edsica (a pedido)<\/td>\n<\/tr>\n<tr>\n<td width=\"373\">Tempo de retorno<\/td>\n<td width=\"373\">7-14 dias \u00fateis , Urg\u00eancia<\/td>\n<\/tr>\n<tr>\n<td width=\"373\">MOQ<\/td>\n<td width=\"373\">500<\/td>\n<\/tr>\n<tr>\n<td width=\"373\">Tempo de amostragem<\/td>\n<td width=\"373\">3-5 dias<\/td>\n<\/tr>\n<tr>\n<td width=\"373\">Prazo de pagamento<\/td>\n<td width=\"373\">T\/T, Western Union, Paypal, dep\u00f3sito 30% e saldo 70% antes do envio.<\/td>\n<\/tr>\n<\/tbody>\n<\/table>\n<p><img fetchpriority=\"high\" decoding=\"async\" class=\"alignnone wp-image-5947\" src=\"https:\/\/zojopackaging.com\/wp-content\/uploads\/2024\/06\/\u5706\u7b52\u8be6\u60c5\u9875_01-300x123.jpg\" alt=\"\" width=\"1362\" height=\"558\" title=\"\" srcset=\"https:\/\/zojopackaging.com\/wp-content\/uploads\/2024\/06\/\u5706\u7b52\u8be6\u60c5\u9875_01-300x123.jpg 300w, https:\/\/zojopackaging.com\/wp-content\/uploads\/2024\/06\/\u5706\u7b52\u8be6\u60c5\u9875_01-600x246.jpg 600w, https:\/\/zojopackaging.com\/wp-content\/uploads\/2024\/06\/\u5706\u7b52\u8be6\u60c5\u9875_01.jpg 750w\" sizes=\"(max-width: 1362px) 100vw, 1362px\" \/> \u00a0<img decoding=\"async\" class=\"alignnone wp-image-5949\" src=\"https:\/\/zojopackaging.com\/wp-content\/uploads\/2024\/06\/\u5706\u7b52\u8be6\u60c5\u9875_03-298x300.jpg\" alt=\"\" width=\"1367\" height=\"1377\" title=\"\" srcset=\"https:\/\/zojopackaging.com\/wp-content\/uploads\/2024\/06\/\u5706\u7b52\u8be6\u60c5\u9875_03-298x300.jpg 298w, https:\/\/zojopackaging.com\/wp-content\/uploads\/2024\/06\/\u5706\u7b52\u8be6\u60c5\u9875_03-80x80.jpg 80w, https:\/\/zojopackaging.com\/wp-content\/uploads\/2024\/06\/\u5706\u7b52\u8be6\u60c5\u9875_03-600x604.jpg 600w, https:\/\/zojopackaging.com\/wp-content\/uploads\/2024\/06\/\u5706\u7b52\u8be6\u60c5\u9875_03-100x100.jpg 100w, https:\/\/zojopackaging.com\/wp-content\/uploads\/2024\/06\/\u5706\u7b52\u8be6\u60c5\u9875_03.jpg 750w\" sizes=\"(max-width: 1367px) 100vw, 1367px\" \/> \u00a0<img decoding=\"async\" class=\"alignnone wp-image-5951\" src=\"https:\/\/zojopackaging.com\/wp-content\/uploads\/2024\/06\/\u5706\u7b52\u8be6\u60c5\u9875_05-218x300.jpg\" alt=\"\" width=\"1351\" height=\"1859\" title=\"\" srcset=\"https:\/\/zojopackaging.com\/wp-content\/uploads\/2024\/06\/\u5706\u7b52\u8be6\u60c5\u9875_05-218x300.jpg 218w, https:\/\/zojopackaging.com\/wp-content\/uploads\/2024\/06\/\u5706\u7b52\u8be6\u60c5\u9875_05-600x827.jpg 600w\" sizes=\"(max-width: 1351px) 100vw, 1351px\" \/> <img loading=\"lazy\" decoding=\"async\" class=\"alignnone wp-image-5952\" src=\"https:\/\/zojopackaging.com\/wp-content\/uploads\/2024\/06\/\u5706\u7b52\u8be6\u60c5\u9875_06-207x300.jpg\" alt=\"\" width=\"1356\" height=\"1965\" title=\"\" srcset=\"https:\/\/zojopackaging.com\/wp-content\/uploads\/2024\/06\/\u5706\u7b52\u8be6\u60c5\u9875_06-207x300.jpg 207w, https:\/\/zojopackaging.com\/wp-content\/uploads\/2024\/06\/\u5706\u7b52\u8be6\u60c5\u9875_06-600x868.jpg 600w\" sizes=\"(max-width: 1356px) 100vw, 1356px\" \/> <img loading=\"lazy\" decoding=\"async\" class=\"alignnone wp-image-5953\" src=\"https:\/\/zojopackaging.com\/wp-content\/uploads\/2024\/06\/\u5706\u7b52\u8be6\u60c5\u9875_07-151x300.jpg\" alt=\"\" width=\"1361\" height=\"2703\" title=\"\" srcset=\"https:\/\/zojopackaging.com\/wp-content\/uploads\/2024\/06\/\u5706\u7b52\u8be6\u60c5\u9875_07-151x300.jpg 151w, https:\/\/zojopackaging.com\/wp-content\/uploads\/2024\/06\/\u5706\u7b52\u8be6\u60c5\u9875_07-518x1030.jpg 518w, https:\/\/zojopackaging.com\/wp-content\/uploads\/2024\/06\/\u5706\u7b52\u8be6\u60c5\u9875_07-600x1193.jpg 600w, https:\/\/zojopackaging.com\/wp-content\/uploads\/2024\/06\/\u5706\u7b52\u8be6\u60c5\u9875_07.jpg 750w\" sizes=\"(max-width: 1361px) 100vw, 1361px\" \/> <img loading=\"lazy\" decoding=\"async\" class=\"alignnone wp-image-5954\" src=\"https:\/\/zojopackaging.com\/wp-content\/uploads\/2024\/06\/\u5706\u7b52\u8be6\u60c5\u9875_08-182x300.jpg\" alt=\"\" width=\"1358\" height=\"2238\" title=\"\" srcset=\"https:\/\/zojopackaging.com\/wp-content\/uploads\/2024\/06\/\u5706\u7b52\u8be6\u60c5\u9875_08-182x300.jpg 182w, https:\/\/zojopackaging.com\/wp-content\/uploads\/2024\/06\/\u5706\u7b52\u8be6\u60c5\u9875_08-625x1030.jpg 625w, https:\/\/zojopackaging.com\/wp-content\/uploads\/2024\/06\/\u5706\u7b52\u8be6\u60c5\u9875_08-600x989.jpg 600w, https:\/\/zojopackaging.com\/wp-content\/uploads\/2024\/06\/\u5706\u7b52\u8be6\u60c5\u9875_08.jpg 750w\" sizes=\"(max-width: 1358px) 100vw, 1358px\" \/> \u00a0<img loading=\"lazy\" decoding=\"async\" class=\"alignnone wp-image-5956\" src=\"https:\/\/zojopackaging.com\/wp-content\/uploads\/2024\/06\/\u5706\u7b52\u8be6\u60c5\u9875_10-300x284.jpg\" alt=\"\" width=\"1429\" height=\"1353\" title=\"\" srcset=\"https:\/\/zojopackaging.com\/wp-content\/uploads\/2024\/06\/\u5706\u7b52\u8be6\u60c5\u9875_10-300x284.jpg 300w, https:\/\/zojopackaging.com\/wp-content\/uploads\/2024\/06\/\u5706\u7b52\u8be6\u60c5\u9875_10-600x567.jpg 600w, https:\/\/zojopackaging.com\/wp-content\/uploads\/2024\/06\/\u5706\u7b52\u8be6\u60c5\u9875_10.jpg 750w\" sizes=\"(max-width: 1429px) 100vw, 1429px\" \/> <img loading=\"lazy\" decoding=\"async\" class=\"alignnone wp-image-5957\" src=\"https:\/\/zojopackaging.com\/wp-content\/uploads\/2024\/06\/\u5706\u7b52\u8be6\u60c5\u9875_11-133x300.jpg\" alt=\"\" width=\"1359\" height=\"3065\" title=\"\" srcset=\"https:\/\/zojopackaging.com\/wp-content\/uploads\/2024\/06\/\u5706\u7b52\u8be6\u60c5\u9875_11-133x300.jpg 133w, https:\/\/zojopackaging.com\/wp-content\/uploads\/2024\/06\/\u5706\u7b52\u8be6\u60c5\u9875_11-457x1030.jpg 457w\" sizes=\"(max-width: 1359px) 100vw, 1359px\" \/><\/p>","protected":false},"excerpt":{"rendered":"<p>A caixa do tubo de papel do cilindro do cartucho vape suporta personaliza\u00e7\u00e3o de tamanho ilimitado e \u00e9 flex\u00edvel para se adaptar. Utiliza papel r\u00edgido 1200GSM + papel art\u00edstico 157GSM, que \u00e9 forte e resistente \u00e0 press\u00e3o. Produzido diretamente na f\u00e1brica de origem na China, tem um design integrado \u00e0 prova de crian\u00e7as, tendo em conta a seguran\u00e7a e o desempenho de alto custo.<\/p>","protected":false},"featured_media":5980,"template":"","meta":[],"product_brand":[],"product_cat":[30,431,420,31],"product_tag":[535,534,536],"class_list":{"0":"post-5971","1":"product","2":"type-product","3":"status-publish","4":"has-post-thumbnail","6":"product_cat-by-industry","7":"product_cat-child-resistant-packaging","8":"product_cat-custom-cannabis-boxes","9":"product_cat-paper-box-style","10":"product_tag-child-resistant-vape-cartridge-box","11":"product_tag-vape-cartridge-box","12":"product_tag-vape-cartridge-box-factory","14":"first","15":"instock","16":"shipping-taxable","17":"product-type-simple"},"_links":{"self":[{"href":"https:\/\/zojopackaging.com\/pt\/wp-json\/wp\/v2\/product\/5971","targetHints":{"allow":["GET"]}}],"collection":[{"href":"https:\/\/zojopackaging.com\/pt\/wp-json\/wp\/v2\/product"}],"about":[{"href":"https:\/\/zojopackaging.com\/pt\/wp-json\/wp\/v2\/types\/product"}],"version-history":[{"count":2,"href":"https:\/\/zojopackaging.com\/pt\/wp-json\/wp\/v2\/product\/5971\/revisions"}],"predecessor-version":[{"id":8094,"href":"https:\/\/zojopackaging.com\/pt\/wp-json\/wp\/v2\/product\/5971\/revisions\/8094"}],"wp:featuredmedia":[{"embeddable":true,"href":"https:\/\/zojopackaging.com\/pt\/wp-json\/wp\/v2\/media\/5980"}],"wp:attachment":[{"href":"https:\/\/zojopackaging.com\/pt\/wp-json\/wp\/v2\/media?parent=5971"}],"wp:term":[{"taxonomy":"product_brand","embeddable":true,"href":"https:\/\/zojopackaging.com\/pt\/wp-json\/wp\/v2\/product_brand?post=5971"},{"taxonomy":"product_cat","embeddable":true,"href":"https:\/\/zojopackaging.com\/pt\/wp-json\/wp\/v2\/product_cat?post=5971"},{"taxonomy":"product_tag","embeddable":true,"href":"https:\/\/zojopackaging.com\/pt\/wp-json\/wp\/v2\/product_tag?post=5971"}],"curies":[{"name":"wp","href":"https:\/\/api.w.org\/{rel}","templated":true}]}}