{"id":6279,"date":"2024-06-27T15:38:52","date_gmt":"2024-06-27T07:38:52","guid":{"rendered":"https:\/\/zojopackaging.com\/?post_type=product&#038;p=6279"},"modified":"2025-03-27T20:55:02","modified_gmt":"2025-03-27T12:55:02","slug":"luxury-lid-and-base-box","status":"publish","type":"product","link":"https:\/\/zojopackaging.com\/pt\/product\/luxury-lid-and-base-box\/","title":{"rendered":"Caixa r\u00edgida para embalagem de rel\u00f3gio inteligente Premium da f\u00e1brica na China"},"content":{"rendered":"<h1 id=\"customized-lid-and-base-box-an-excellent-packaging-tailored-for-your-products\" class=\"header-_3c730 auto-hide-last-sibling-br\">Caixa r\u00edgida de embalagem de rel\u00f3gio inteligente premium da f\u00e1brica da China<\/h1>\n<div class=\"auto-hide-last-sibling-br paragraph-ae1685 br-paragraph-space\">Nesta era de procura de qualidade e individualidade, uma embalagem excecional pode fazer com que os seus produtos se destaquem entre os numerosos concorrentes. Orgulhamo-nos de recomendar a caixa com tampa e base personalizadas, que \u00e9 uma excelente solu\u00e7\u00e3o de embalagem que integra um trabalho artesanal requintado, um design inovador e uma personaliza\u00e7\u00e3o personalizada.<\/div>\n<div>\n<h1><strong>Especifica\u00e7\u00e3o<\/strong><\/h1>\n<table style=\"height: 683px;\" width=\"999\">\n<tbody>\n<tr>\n<td width=\"373\">Dimens\u00f5es<\/td>\n<td width=\"373\">Todos os tamanhos e formas personalizados<\/td>\n<\/tr>\n<tr>\n<td width=\"373\">MOQ<\/td>\n<td width=\"373\">500 unidades<\/td>\n<\/tr>\n<tr>\n<td width=\"373\">Tempo de amostragem<\/td>\n<td width=\"373\">\u00a03-5 dias<\/td>\n<\/tr>\n<tr>\n<td width=\"373\">Processo por defeito<\/td>\n<td width=\"373\">Corte e vinco, colagem, ranhura, perfura\u00e7\u00e3o<\/td>\n<\/tr>\n<tr>\n<td width=\"373\">Impress\u00e3o<\/td>\n<td width=\"373\">Cmyk, pms, sem impress\u00e3o<\/td>\n<\/tr>\n<tr>\n<td width=\"373\">Op\u00e7\u00e3o de material<\/td>\n<td width=\"373\">Papel de cart\u00e3o branco, papel revestido, papel art\u00edstico, papel kraft, cart\u00e3o marfim, cart\u00e3o duplex, papel especial, etc.<\/td>\n<\/tr>\n<tr>\n<td width=\"373\">Acabamento de superf\u00edcies<\/td>\n<td width=\"373\">Lamina\u00e7\u00e3o mate\/brilhante, grava\u00e7\u00e3o em relevo, grava\u00e7\u00e3o em relevo, estampagem em folha, etc.<\/td>\n<\/tr>\n<tr>\n<td width=\"373\">Utiliza\u00e7\u00e3o na ind\u00fastria<\/td>\n<td width=\"373\">cosm\u00e9ticos, perfumes, vestu\u00e1rio, j\u00f3ias, tabaco, alimentos, presentes, produtos de consumo di\u00e1rio,<\/td>\n<\/tr>\n<tr>\n<td width=\"373\">Controlo de qualidade<\/td>\n<td width=\"373\">Equipamento avan\u00e7ado e equipa QC experiente verificam rigorosamente o material, os produtos semi-acabados e acabados em cada etapa antes de<\/td>\n<\/tr>\n<tr>\n<td width=\"373\">Pre\u00e7o<\/td>\n<td width=\"373\">O pre\u00e7o final ser\u00e1 adaptado ao seu produto e \u00e0 quantidade de que necessita<\/td>\n<\/tr>\n<tr>\n<td width=\"373\">Tempo de rota\u00e7\u00e3o<\/td>\n<td width=\"373\">7-14 dias \u00fateis, com urg\u00eancia<\/td>\n<\/tr>\n<tr>\n<td width=\"373\">Papel em stock<\/td>\n<td width=\"373\">10pt a 28pt (60lb a 400lb) Kraft ecol\u00f3gico, cart\u00e3o canelado e-flute, cart\u00e3o bux, cartolina<\/td>\n<\/tr>\n<tr>\n<td width=\"373\">Formato da obra de arte<\/td>\n<td width=\"373\">JPG, PDF, AI, CDR, EPS, GIF....<\/td>\n<\/tr>\n<tr>\n<td width=\"373\">Acess\u00f3rios<\/td>\n<td width=\"373\">\u00cdman, fita, forma EVA, tabuleiro de pl\u00e1stico, esponja, janela PVC\/PET\/PP,...<\/td>\n<\/tr>\n<tr>\n<td width=\"373\">Prazo de pagamento<\/td>\n<td width=\"373\">T\/T, Western Union, Paypal, dep\u00f3sito 30% e saldo 70% antes do envio.<\/td>\n<\/tr>\n<\/tbody>\n<\/table>\n<\/div>\n<h2 id=\"exquisite-craftsmanship\" class=\"header-_3c730 auto-hide-last-sibling-br\">Artesanato requintado<\/h2>\n<ol class=\"auto-hide-last-sibling-br\">\n<li>Seleccionamos materiais de alta qualidade, tais como cart\u00e3o de alta resist\u00eancia, papel ondulado ecol\u00f3gico e papel art\u00edstico de luxo, para garantir que a caixa tem uma excelente durabilidade e textura.<\/li>\n<li>Adoptamos t\u00e9cnicas de impress\u00e3o avan\u00e7adas. Quer se trate de uma impress\u00e3o a cores requintada, de um relevo realista ou de uma magn\u00edfica estampagem a ouro\/prata, todos podem conferir um encanto \u00fanico \u00e0 sua caixa.<\/li>\n<li>As t\u00e9cnicas precisas de corte e dobragem fazem com que os bordos da tampa e da base da caixa sejam limpos e lisos e que a abertura e o fecho sejam suaves, revelando uma delicadeza inigual\u00e1vel.<\/li>\n<\/ol>\n<h2 id=\"innovative-design\" class=\"header-_3c730 auto-hide-last-sibling-br\">Design inovador<\/h2>\n<ol class=\"auto-hide-last-sibling-br\">\n<li>A nossa equipa de design profissional criar\u00e1 um design \u00fanico para a tampa e para a base da caixa com base nas carater\u00edsticas do seu produto e na imagem da sua marca.<\/li>\n<li>Desde a forma e o tamanho da caixa at\u00e9 \u00e0 estrutura interna, tudo \u00e9 cuidadosamente planeado para garantir que pode acomodar perfeitamente o seu produto e proporcionar o melhor efeito de exposi\u00e7\u00e3o.<\/li>\n<li>Os m\u00e9todos inovadores de abertura e fecho e as estruturas ocultas proporcionam aos utilizadores uma experi\u00eancia de utiliza\u00e7\u00e3o surpreendente e aumentam o valor acrescentado do produto.<\/li>\n<\/ol>\n<h2 id=\"personalized-customization\" class=\"header-_3c730 auto-hide-last-sibling-br\">Personaliza\u00e7\u00e3o personalizada<\/h2>\n<ol class=\"auto-hide-last-sibling-br\">\n<li>Pode escolher livremente elementos como a cor, o padr\u00e3o e o texto da caixa e integrar perfeitamente o log\u00f3tipo da sua marca, informa\u00e7\u00f5es sobre o produto ou elementos personalizados.<\/li>\n<li>Tamb\u00e9m oferecemos uma variedade de op\u00e7\u00f5es de materiais e de tratamento de superf\u00edcie, tais como mate, brilhante e fosco, permitindo que a sua caixa apresente um estilo distinto.<\/li>\n<li>Quer se trate de um pequeno lote de personaliza\u00e7\u00e3o ou de uma procura de produ\u00e7\u00e3o em massa em grande escala, podemos satisfazer os seus requisitos e fornecer-lhe servi\u00e7os de personaliza\u00e7\u00e3o flex\u00edveis.<\/li>\n<\/ol>\n<h2 id=\"wide-application\" class=\"header-_3c730 auto-hide-last-sibling-br\">Ampla aplica\u00e7\u00e3o<\/h2>\n<div class=\"auto-hide-last-sibling-br paragraph-ae1685 br-paragraph-space\">A caixa personalizada com tampa e base \u00e9 adequada para v\u00e1rias ind\u00fastrias e produtos, tais como:<\/div>\n<ol class=\"auto-hide-last-sibling-br\">\n<li>J\u00f3ias: Fornecer uma embalagem segura e bonita para j\u00f3ias preciosas para real\u00e7ar a sua qualidade nobre.<\/li>\n<li>Produtos electr\u00f3nicos: Proteger eficazmente os produtos electr\u00f3nicos, mostrando simultaneamente um sentido de tecnologia e de moda.<\/li>\n<li>Cosm\u00e9ticos: Melhorar a qualidade dos cosm\u00e9ticos e atrair a aten\u00e7\u00e3o dos consumidores.<\/li>\n<li>Presentes: Como uma embalagem de presente cuidadosamente preparada, transmite o seu profundo afeto.<\/li>\n<\/ol>\n<h2 id=\"quality-service\" class=\"header-_3c730 auto-hide-last-sibling-br\">Servi\u00e7o de qualidade<\/h2>\n<ol class=\"auto-hide-last-sibling-br\">\n<li>Desde a consulta, passando pelo design, at\u00e9 \u00e0 produ\u00e7\u00e3o e entrega, fornecemos-lhe um servi\u00e7o \u00fanico para garantir que todo o processo de personaliza\u00e7\u00e3o \u00e9 tranquilo e sem preocupa\u00e7\u00f5es.<\/li>\n<li>O nosso rigoroso sistema de controlo de qualidade garante que cada tampa e caixa de base cumprem as normas de alta qualidade.<\/li>\n<li>Prometemos uma entrega atempada para garantir que os seus produtos podem ser lan\u00e7ados no mercado a tempo e aproveitar a oportunidade de mercado.<\/li>\n<\/ol>\n<div class=\"auto-hide-last-sibling-br paragraph-ae1685 br-paragraph-space\">Escolha a nossa tampa e caixa de base personalizadas, que \u00e9 como escolher vestir os seus produtos com um casaco deslumbrante, atraindo a aten\u00e7\u00e3o de mais consumidores e aumentando o valor da marca.<\/div>\n<div class=\"widget block block-static-block\">\n<div class=\"landing-page-section option-bottom\">\n<div class=\"custom-materials-tabs-content container container-adjustment\">\n<div class=\"custom-materials-tab-content active\">\n<div class=\"widget block block-static-block\">\n<p><!---end of option item--><\/p>\n<\/div>\n<\/div>\n<\/div>\n<\/div>\n<\/div>","protected":false},"excerpt":{"rendered":"<p>A tampa e as caixas de base personalizadas para rel\u00f3gios inteligentes suportam um design personalizado em tamanho real e uma estrutura de revestimento que corresponde exatamente \u00e0s carater\u00edsticas do produto. O processo de lamina\u00e7\u00e3o mate da f\u00e1brica chinesa \u00e9 combinado com a tecnologia de impress\u00e3o de alta defini\u00e7\u00e3o a cinco cores para garantir um desvio de cor nulo e criar solu\u00e7\u00f5es de embalagem de produtos electr\u00f3nicos de consumo de alto n\u00edvel.<\/p>","protected":false},"featured_media":6282,"template":"","meta":[],"product_brand":[],"product_cat":[30,413,425,31],"product_tag":[543,545,544],"class_list":{"0":"post-6279","1":"product","2":"type-product","3":"status-publish","4":"has-post-thumbnail","6":"product_cat-by-industry","7":"product_cat-consumer-electronics-boxes","8":"product_cat-lid-and-base-gift-box","9":"product_cat-paper-box-style","10":"product_tag-premium-smart-watch-packaging","11":"product_tag-smart-watch-box-factory","12":"product_tag-smart-watch-packaging","14":"first","15":"instock","16":"shipping-taxable","17":"product-type-grouped"},"_links":{"self":[{"href":"https:\/\/zojopackaging.com\/pt\/wp-json\/wp\/v2\/product\/6279","targetHints":{"allow":["GET"]}}],"collection":[{"href":"https:\/\/zojopackaging.com\/pt\/wp-json\/wp\/v2\/product"}],"about":[{"href":"https:\/\/zojopackaging.com\/pt\/wp-json\/wp\/v2\/types\/product"}],"version-history":[{"count":2,"href":"https:\/\/zojopackaging.com\/pt\/wp-json\/wp\/v2\/product\/6279\/revisions"}],"predecessor-version":[{"id":8097,"href":"https:\/\/zojopackaging.com\/pt\/wp-json\/wp\/v2\/product\/6279\/revisions\/8097"}],"wp:featuredmedia":[{"embeddable":true,"href":"https:\/\/zojopackaging.com\/pt\/wp-json\/wp\/v2\/media\/6282"}],"wp:attachment":[{"href":"https:\/\/zojopackaging.com\/pt\/wp-json\/wp\/v2\/media?parent=6279"}],"wp:term":[{"taxonomy":"product_brand","embeddable":true,"href":"https:\/\/zojopackaging.com\/pt\/wp-json\/wp\/v2\/product_brand?post=6279"},{"taxonomy":"product_cat","embeddable":true,"href":"https:\/\/zojopackaging.com\/pt\/wp-json\/wp\/v2\/product_cat?post=6279"},{"taxonomy":"product_tag","embeddable":true,"href":"https:\/\/zojopackaging.com\/pt\/wp-json\/wp\/v2\/product_tag?post=6279"}],"curies":[{"name":"wp","href":"https:\/\/api.w.org\/{rel}","templated":true}]}}