{"id":6768,"date":"2024-07-17T09:22:23","date_gmt":"2024-07-17T01:22:23","guid":{"rendered":"https:\/\/zojopackaging.com\/?post_type=product&#038;p=6768"},"modified":"2025-03-24T11:40:30","modified_gmt":"2025-03-24T03:40:30","slug":"custom-round-shaped-rigid-boxes","status":"publish","type":"product","link":"https:\/\/zojopackaging.com\/pt\/product\/custom-round-shaped-rigid-boxes\/","title":{"rendered":"Tubos de papel para perfumes redondos e elegantes personalizados Suprimentos"},"content":{"rendered":"<h1>Tubos de papel para perfumes redondos e elegantes personalizados Suprimentos<\/h1>\n<h2><strong>Vis\u00e3o geral do produto<\/strong><\/h2>\n<p>Apresentamos as nossas elegantes e altamente funcionais caixas r\u00edgidas personalizadas de formato redondo, concebidas para satisfazer as suas diversas necessidades de embalagem. Esta solu\u00e7\u00e3o de embalagem \u00fanica combina estilo e durabilidade para garantir que os seus produtos s\u00e3o apresentados e protegidos da melhor forma poss\u00edvel.<\/p>\n<h2>Carater\u00edsticas principais<\/h2>\n<p>Design marcante: A cor preta elegante e a forma redonda conferem \u00e0 caixa um aspeto moderno e sofisticado, fazendo com que se destaque nas prateleiras.<br \/>\nMateriais de qualidade superior: Fabricado em cart\u00e3o ou cartolina de alta qualidade, garantindo resist\u00eancia e robustez para proteger o seu conte\u00fado.<br \/>\nTamanho personaliz\u00e1vel: Dispon\u00edvel numa gama de di\u00e2metros e alturas para acomodar v\u00e1rias dimens\u00f5es de produtos.<br \/>\nFecho seguro: Op\u00e7\u00f5es de tampas apertadas ou tampas de rosca para evitar que o conte\u00fado seja derramado ou danificado.<br \/>\nSuperf\u00edcie imprim\u00edvel: Ideal para a impress\u00e3o personalizada do log\u00f3tipo da sua marca, informa\u00e7\u00f5es sobre o produto ou qualquer outro desenho \u00e0 sua escolha para uma visibilidade m\u00e1xima da marca.<\/p>\n<h2>Aplica\u00e7\u00f5es<\/h2>\n<p>Esta caixa de embalagem redonda preta \u00e9 perfeita para uma vasta gama de produtos, tais como cosm\u00e9ticos, velas, pequenos presentes, produtos de confeitaria e bens de consumo de alta qualidade.<br \/>\nBenef\u00edcios:<br \/>\nMelhorar a imagem da marca: O design distinto ajuda a sua marca a causar uma impress\u00e3o duradoura nos clientes.<br \/>\nProteja os seus produtos: A constru\u00e7\u00e3o robusta oferece uma excelente prote\u00e7\u00e3o durante o armazenamento e o transporte.<br \/>\nUtiliza\u00e7\u00e3o vers\u00e1til: Adequado para requisitos de embalagem a retalho e por grosso.<br \/>\nEcon\u00f3mica: Oferece uma solu\u00e7\u00e3o de embalagem econ\u00f3mica sem comprometer a qualidade.<\/p>\n<h2>Informa\u00e7\u00f5es para encomenda<\/h2>\n<table style=\"border-collapse: collapse; width: 681.77pt;\" border=\"0\" width=\"909\" cellspacing=\"0\" cellpadding=\"0\">\n<tbody>\n<tr style=\"height: 15.75pt;\">\n<td class=\"et3\" style=\"height: 15.75pt; width: 306.75pt;\" width=\"409\" height=\"21\">MOQ<\/td>\n<td class=\"et3\" style=\"width: 375.00pt;\" width=\"500\">500 - 500.000 unidades<\/td>\n<\/tr>\n<tr style=\"height: 31.50pt;\">\n<td class=\"et3\" style=\"height: 31.50pt; width: 306.75pt;\" width=\"409\" height=\"42\">Cores<\/td>\n<td class=\"et3\" style=\"width: 375.00pt;\" width=\"500\">Branco liso\/ Kraft castanho, CMYK, PMS, cores especiais (prata met\u00e1lica, ouro met\u00e1lico),<\/td>\n<\/tr>\n<tr style=\"height: 16.50pt;\">\n<td class=\"et4\" style=\"height: 16.50pt;\" height=\"22\">Impress\u00e3o<\/td>\n<td class=\"et5\">Impress\u00e3o CMYK<\/td>\n<\/tr>\n<tr style=\"height: 16.50pt;\">\n<td class=\"et5\" style=\"height: 16.50pt;\" height=\"22\">Dimens\u00e3o<\/td>\n<td class=\"et5\">C + L &lt;= 20 polegadas; A &lt;= 26 polegadas<\/td>\n<\/tr>\n<tr style=\"height: 16.50pt;\">\n<td class=\"et4\" style=\"height: 16.50pt;\" height=\"22\">Certifica\u00e7\u00e3o<\/td>\n<td class=\"et5\">SGS, IOS9001<\/td>\n<\/tr>\n<tr style=\"height: 16.50pt;\">\n<td class=\"et4\" style=\"height: 16.50pt;\" height=\"22\">Estrutura<\/td>\n<td class=\"et5\">Tubo de papel para telesc\u00f3pio 3pcs<\/td>\n<\/tr>\n<tr style=\"height: 16.50pt;\">\n<td class=\"et4\" style=\"height: 16.50pt;\" height=\"22\">Servi\u00e7o<\/td>\n<td class=\"et5\">OEM\/ODM<\/td>\n<\/tr>\n<tr style=\"height: 31.50pt;\">\n<td class=\"et3\" style=\"height: 31.50pt; width: 306.75pt;\" width=\"409\" height=\"42\">Estoque de papel<\/td>\n<td class=\"et3\" style=\"width: 375.00pt;\" width=\"500\">Cartolina branca de 12pt a 24pt, SBS de 18pt a 24pt, cartolina kraft de 18pt a 24pt, cart\u00e3o canelado.<\/td>\n<\/tr>\n<tr style=\"height: 15.75pt;\">\n<td class=\"et3\" style=\"height: 15.75pt; width: 306.75pt;\" width=\"409\" height=\"21\">Acabamento<\/td>\n<td class=\"et3\" style=\"width: 375.00pt;\" width=\"500\">Gloss AQ (predefini\u00e7\u00e3o), Gloss UV, Matt UV<\/td>\n<\/tr>\n<tr style=\"height: 15.75pt;\">\n<td class=\"et3\" style=\"height: 15.75pt; width: 306.75pt;\" width=\"409\" height=\"21\">Prova<\/td>\n<td class=\"et3\" style=\"width: 375.00pt;\" width=\"500\">Prova digital (ficheiro pronto para impress\u00e3o) confirmada pelo cliente.<\/td>\n<\/tr>\n<tr style=\"height: 31.50pt;\">\n<td class=\"et3\" style=\"height: 31.50pt; width: 306.75pt;\" width=\"409\" height=\"42\">Reviravolta<\/td>\n<td class=\"et3\" style=\"width: 375.00pt;\" width=\"500\">7-14 dias \u00fateis para imprimir e enviar, ap\u00f3s a aprova\u00e7\u00e3o final (Envio GRATUITO)<\/td>\n<\/tr>\n<tr style=\"height: 31.50pt;\">\n<td class=\"et7\" style=\"height: 31.50pt; width: 306.75pt;\" width=\"409\" height=\"42\">Prazo de pagamento<\/td>\n<td class=\"et7\" style=\"width: 375.00pt;\" width=\"500\">T\/T, Western Union, Paypal, dep\u00f3sito 30% e saldo 70% antes do envio.<\/td>\n<\/tr>\n<\/tbody>\n<\/table>","protected":false},"excerpt":{"rendered":"<p>Fornecedor de caixas de embalagem de perfume, personaliza\u00e7\u00e3o ilimitada para se adequar ao tamanho do produto, esta caixa \u00e9 feita de cart\u00e3o cinzento 1200 GSM e papel revestido 157 GSM, o processo de estampagem a quente pode melhorar o impacto visual, o material de papel especial tem uma sensa\u00e7\u00e3o visual e t\u00e1til \u00fanica e melhora a qualidade do produto<\/p>","protected":false},"featured_media":6773,"template":"","meta":[],"product_brand":[],"product_cat":[417,429],"product_tag":[530,528,529],"class_list":{"0":"post-6768","1":"product","2":"type-product","3":"status-publish","4":"has-post-thumbnail","6":"product_cat-custom-perfume-boxes-by-industry","7":"product_cat-paper-tube-boxes","8":"product_tag-custom-paper-tubes","9":"product_tag-cylinder-perfume-paper-tubes","10":"product_tag-perfume-paper-tubes-supplies","12":"first","13":"instock","14":"shipping-taxable","15":"product-type-simple"},"_links":{"self":[{"href":"https:\/\/zojopackaging.com\/pt\/wp-json\/wp\/v2\/product\/6768","targetHints":{"allow":["GET"]}}],"collection":[{"href":"https:\/\/zojopackaging.com\/pt\/wp-json\/wp\/v2\/product"}],"about":[{"href":"https:\/\/zojopackaging.com\/pt\/wp-json\/wp\/v2\/types\/product"}],"version-history":[{"count":2,"href":"https:\/\/zojopackaging.com\/pt\/wp-json\/wp\/v2\/product\/6768\/revisions"}],"predecessor-version":[{"id":8091,"href":"https:\/\/zojopackaging.com\/pt\/wp-json\/wp\/v2\/product\/6768\/revisions\/8091"}],"wp:featuredmedia":[{"embeddable":true,"href":"https:\/\/zojopackaging.com\/pt\/wp-json\/wp\/v2\/media\/6773"}],"wp:attachment":[{"href":"https:\/\/zojopackaging.com\/pt\/wp-json\/wp\/v2\/media?parent=6768"}],"wp:term":[{"taxonomy":"product_brand","embeddable":true,"href":"https:\/\/zojopackaging.com\/pt\/wp-json\/wp\/v2\/product_brand?post=6768"},{"taxonomy":"product_cat","embeddable":true,"href":"https:\/\/zojopackaging.com\/pt\/wp-json\/wp\/v2\/product_cat?post=6768"},{"taxonomy":"product_tag","embeddable":true,"href":"https:\/\/zojopackaging.com\/pt\/wp-json\/wp\/v2\/product_tag?post=6768"}],"curies":[{"name":"wp","href":"https:\/\/api.w.org\/{rel}","templated":true}]}}