{"id":6780,"date":"2024-07-17T10:03:51","date_gmt":"2024-07-17T02:03:51","guid":{"rendered":"https:\/\/zojopackaging.com\/?post_type=product&#038;p=6780"},"modified":"2025-03-24T11:23:21","modified_gmt":"2025-03-24T03:23:21","slug":"custom-round-wine-cardboard-box","status":"publish","type":"product","link":"https:\/\/zojopackaging.com\/pt\/product\/custom-round-wine-cardboard-box\/","title":{"rendered":"F\u00e1brica de caixas de embalagem de tubos de bebidas espirituosas Premium personalizadas"},"content":{"rendered":"<h1>F\u00e1brica de caixas de embalagem de tubos de bebidas espirituosas Premium personalizadas<\/h1>\n<div class=\"auto-hide-last-sibling-br paragraph-u1TS5p paragraph-element br-paragraph-space\">A nossa caixa de cart\u00e3o redonda personalizada para vinho \u00e9 uma solu\u00e7\u00e3o de embalagem personalizada concebida para satisfazer as normas exigentes da ind\u00fastria vin\u00edcola. Fabricadas com precis\u00e3o e aten\u00e7\u00e3o aos pormenores, estas caixas s\u00e3o a escolha perfeita para apresentar e proteger os seus vinhos de qualidade superior.<\/div>\n<div>\n<h2 class=\"yikes-custom-woo-tab-title yikes-custom-woo-tab-title-specifications\">Especifica\u00e7\u00f5es<\/h2>\n<\/div>\n<div>\n<table style=\"border-collapse: collapse; width: 681.77pt;\" border=\"0\" width=\"909\" cellspacing=\"0\" cellpadding=\"0\">\n<tbody>\n<tr style=\"height: 15.75pt;\">\n<td class=\"et3\" style=\"height: 15.75pt; width: 306.75pt;\" width=\"409\" height=\"21\">MOQ<\/td>\n<td class=\"et3\" style=\"width: 375.00pt;\" width=\"500\">500 - 500.000 unidades<\/td>\n<\/tr>\n<tr style=\"height: 31.50pt;\">\n<td class=\"et3\" style=\"height: 31.50pt; width: 306.75pt;\" width=\"409\" height=\"42\">Cores<\/td>\n<td class=\"et3\" style=\"width: 375.00pt;\" width=\"500\">Branco liso\/ Kraft castanho, CMYK, PMS, cores especiais (prata met\u00e1lica, ouro met\u00e1lico),<\/td>\n<\/tr>\n<tr style=\"height: 16.50pt;\">\n<td class=\"et4\" style=\"height: 16.50pt;\" height=\"22\">Impress\u00e3o<\/td>\n<td class=\"et5\">Impress\u00e3o CMYK<\/td>\n<\/tr>\n<tr style=\"height: 16.50pt;\">\n<td class=\"et5\" style=\"height: 16.50pt;\" height=\"22\">Dimens\u00e3o<\/td>\n<td class=\"et5\">C + L &lt;= 20 polegadas; A &lt;= 26 polegadas<\/td>\n<\/tr>\n<tr style=\"height: 16.50pt;\">\n<td class=\"et4\" style=\"height: 16.50pt;\" height=\"22\">Certifica\u00e7\u00e3o<\/td>\n<td class=\"et5\">SGS, IOS9001<\/td>\n<\/tr>\n<tr style=\"height: 16.50pt;\">\n<td class=\"et4\" style=\"height: 16.50pt;\" height=\"22\">Estrutura<\/td>\n<td class=\"et5\">Tubo de papel para telesc\u00f3pio 3pcs<\/td>\n<\/tr>\n<tr style=\"height: 16.50pt;\">\n<td class=\"et4\" style=\"height: 16.50pt;\" height=\"22\">Servi\u00e7o<\/td>\n<td class=\"et5\">OEM\/ODM<\/td>\n<\/tr>\n<tr style=\"height: 31.50pt;\">\n<td class=\"et3\" style=\"height: 31.50pt; width: 306.75pt;\" width=\"409\" height=\"42\">Estoque de papel<\/td>\n<td class=\"et3\" style=\"width: 375.00pt;\" width=\"500\">Cartolina branca de 12pt a 24pt, SBS de 18pt a 24pt, cartolina kraft de 18pt a 24pt, cart\u00e3o canelado.<\/td>\n<\/tr>\n<tr style=\"height: 15.75pt;\">\n<td class=\"et3\" style=\"height: 15.75pt; width: 306.75pt;\" width=\"409\" height=\"21\">Acabamento<\/td>\n<td class=\"et3\" style=\"width: 375.00pt;\" width=\"500\">Gloss AQ (predefini\u00e7\u00e3o), Gloss UV, Matt UV<\/td>\n<\/tr>\n<tr style=\"height: 15.75pt;\">\n<td class=\"et3\" style=\"height: 15.75pt; width: 306.75pt;\" width=\"409\" height=\"21\">Prova<\/td>\n<td class=\"et3\" style=\"width: 375.00pt;\" width=\"500\">Prova digital (ficheiro pronto para impress\u00e3o) confirmada pelo cliente.<\/td>\n<\/tr>\n<tr style=\"height: 31.50pt;\">\n<td class=\"et3\" style=\"height: 31.50pt; width: 306.75pt;\" width=\"409\" height=\"42\">Reviravolta<\/td>\n<td class=\"et3\" style=\"width: 375.00pt;\" width=\"500\">7-14 dias \u00fateis para imprimir e enviar, ap\u00f3s a aprova\u00e7\u00e3o final (Envio GRATUITO)<\/td>\n<\/tr>\n<tr style=\"height: 31.50pt;\">\n<td class=\"et7\" style=\"height: 31.50pt; width: 306.75pt;\" width=\"409\" height=\"42\">Prazo de pagamento<\/td>\n<td class=\"et7\" style=\"width: 375.00pt;\" width=\"500\">T\/T, Western Union, Paypal, dep\u00f3sito 30% e saldo 70% antes do envio.<\/td>\n<\/tr>\n<\/tbody>\n<\/table>\n<\/div>\n<h2 class=\"auto-hide-last-sibling-br paragraph-u1TS5p paragraph-element br-paragraph-space\">Carater\u00edsticas principais<\/h2>\n<ol class=\"auto-hide-last-sibling-br\">\n<li>Design circular: A forma redonda oferece uma est\u00e9tica \u00fanica e elegante, destacando o seu vinho na prateleira.<\/li>\n<li>Dimens\u00f5es personaliz\u00e1veis: Adapte o tamanho da caixa para acomodar v\u00e1rias formas e tamanhos de garrafas, garantindo um ajuste confort\u00e1vel e seguro.<\/li>\n<li>Cart\u00e3o de alta qualidade: Fabricado em cart\u00e3o resistente e duradouro que proporciona uma excelente prote\u00e7\u00e3o contra impactos e press\u00f5es externas.<\/li>\n<li>Op\u00e7\u00f5es de impress\u00e3o e de marca: Imprima o log\u00f3tipo da sua marca, detalhes do vinho ou qualquer design personalizado com impress\u00e3o de alta resolu\u00e7\u00e3o para m\u00e1xima visibilidade da marca e atra\u00e7\u00e3o do produto.<\/li>\n<li>Acolchoamento interior: O acolchoamento suave no interior protege a garrafa de riscos e danos durante o transporte.<\/li>\n<li>Resist\u00eancia \u00e0 humidade: Podem ser adicionados revestimentos ou laminados especiais para oferecer resist\u00eancia \u00e0 humidade, garantindo a integridade da caixa e do vinho.<\/li>\n<\/ol>\n<h2 class=\"auto-hide-last-sibling-br paragraph-u1TS5p paragraph-element br-paragraph-space\">Processo de produ\u00e7\u00e3o<\/h2>\n<div class=\"auto-hide-last-sibling-br paragraph-u1TS5p paragraph-element br-paragraph-space\">As nossas instala\u00e7\u00f5es de fabrico topo de gama permitem-nos tratar grandes encomendas, mantendo um controlo de qualidade rigoroso. Desde a conce\u00e7\u00e3o do design at\u00e9 \u00e0 produ\u00e7\u00e3o final, a nossa equipa trabalha em estreita colabora\u00e7\u00e3o consigo para garantir que todos os aspectos da caixa de cart\u00e3o redonda personalizada para vinho correspondem \u00e0s suas expectativas.<\/div>\n<h2 class=\"auto-hide-last-sibling-br paragraph-u1TS5p paragraph-element br-paragraph-space\">Encomenda e entrega<\/h2>\n<div class=\"auto-hide-last-sibling-br paragraph-u1TS5p paragraph-element br-paragraph-space\">Aplicam-se quantidades m\u00ednimas de encomenda para garantir uma boa rela\u00e7\u00e3o custo-efic\u00e1cia. Oferecemos prazos de entrega flex\u00edveis e servi\u00e7os de entrega fi\u00e1veis para que as suas caixas lhe cheguem prontamente.<\/div>\n<div class=\"auto-hide-last-sibling-br paragraph-u1TS5p paragraph-element br-paragraph-space\">Invista na nossa caixa de cart\u00e3o redonda personalizada para vinho para apresentar os seus vinhos com estilo e salvaguardar a sua qualidade. Contacte-nos hoje para discutir os seus requisitos espec\u00edficos e dar o primeiro passo para uma embalagem de excel\u00eancia.<\/div>","protected":false},"excerpt":{"rendered":"<p>Esta caixa de embalagem de tubo de papel para bebidas espirituosas de vinho tinto adopta uma estrutura composta de dupla face de cart\u00e3o cinzento 1200GSM + papel revestido 157GSM, e o material de base passou a certifica\u00e7\u00e3o ambiental FSC.<\/p>","protected":false},"featured_media":6786,"template":"","meta":[],"product_brand":[],"product_cat":[419,429],"product_tag":[526,527,525],"class_list":{"0":"post-6780","1":"product","2":"type-product","3":"status-publish","4":"has-post-thumbnail","6":"product_cat-custom-wines-spirits-boxes","7":"product_cat-paper-tube-boxes","8":"product_tag-custom-tube-packaging-boxes","9":"product_tag-tube-packaging-factory","10":"product_tag-wine-spirits-tube-packaging","12":"first","13":"instock","14":"shipping-taxable","15":"product-type-simple"},"_links":{"self":[{"href":"https:\/\/zojopackaging.com\/pt\/wp-json\/wp\/v2\/product\/6780","targetHints":{"allow":["GET"]}}],"collection":[{"href":"https:\/\/zojopackaging.com\/pt\/wp-json\/wp\/v2\/product"}],"about":[{"href":"https:\/\/zojopackaging.com\/pt\/wp-json\/wp\/v2\/types\/product"}],"version-history":[{"count":2,"href":"https:\/\/zojopackaging.com\/pt\/wp-json\/wp\/v2\/product\/6780\/revisions"}],"predecessor-version":[{"id":8089,"href":"https:\/\/zojopackaging.com\/pt\/wp-json\/wp\/v2\/product\/6780\/revisions\/8089"}],"wp:featuredmedia":[{"embeddable":true,"href":"https:\/\/zojopackaging.com\/pt\/wp-json\/wp\/v2\/media\/6786"}],"wp:attachment":[{"href":"https:\/\/zojopackaging.com\/pt\/wp-json\/wp\/v2\/media?parent=6780"}],"wp:term":[{"taxonomy":"product_brand","embeddable":true,"href":"https:\/\/zojopackaging.com\/pt\/wp-json\/wp\/v2\/product_brand?post=6780"},{"taxonomy":"product_cat","embeddable":true,"href":"https:\/\/zojopackaging.com\/pt\/wp-json\/wp\/v2\/product_cat?post=6780"},{"taxonomy":"product_tag","embeddable":true,"href":"https:\/\/zojopackaging.com\/pt\/wp-json\/wp\/v2\/product_tag?post=6780"}],"curies":[{"name":"wp","href":"https:\/\/api.w.org\/{rel}","templated":true}]}}