{"id":6793,"date":"2024-07-17T10:24:49","date_gmt":"2024-07-17T02:24:49","guid":{"rendered":"https:\/\/zojopackaging.com\/?post_type=product&#038;p=6793"},"modified":"2025-03-24T10:18:40","modified_gmt":"2025-03-24T02:18:40","slug":"custom-chocolate-packaging-gift-box","status":"publish","type":"product","link":"https:\/\/zojopackaging.com\/pt\/product\/custom-chocolate-packaging-gift-box\/","title":{"rendered":"Embalagem de tubo de papel para chocolate recicl\u00e1vel personalizada por atacado"},"content":{"rendered":"<h1>Embalagem de tubo de papel para chocolate recicl\u00e1vel personalizada por atacado<\/h1>\n<div class=\"auto-hide-last-sibling-br paragraph-u1TS5p paragraph-element br-paragraph-space\">As nossas caixas de oferta de embalagens de chocolate personalizadas s\u00e3o criadas com precis\u00e3o e aten\u00e7\u00e3o aos pormenores para proporcionar uma solu\u00e7\u00e3o elegante e funcional para as suas necessidades de confeitaria.<\/div>\n<div>\n<table style=\"border-collapse: collapse; width: 681.77pt;\" border=\"0\" width=\"909\" cellspacing=\"0\" cellpadding=\"0\">\n<tbody>\n<tr style=\"height: 15.75pt;\">\n<td class=\"et3\" style=\"height: 15.75pt; width: 306.75pt;\" width=\"409\" height=\"21\">MOQ<\/td>\n<td class=\"et3\" style=\"width: 375.00pt;\" width=\"500\">500 - 500.000 unidades<\/td>\n<\/tr>\n<tr style=\"height: 31.50pt;\">\n<td class=\"et3\" style=\"height: 31.50pt; width: 306.75pt;\" width=\"409\" height=\"42\">Cores<\/td>\n<td class=\"et3\" style=\"width: 375.00pt;\" width=\"500\">Branco liso\/ Kraft castanho, CMYK, PMS, cores especiais (prata met\u00e1lica, ouro met\u00e1lico),<\/td>\n<\/tr>\n<tr style=\"height: 16.50pt;\">\n<td class=\"et4\" style=\"height: 16.50pt;\" height=\"22\">Impress\u00e3o<\/td>\n<td class=\"et5\">Impress\u00e3o CMYK<\/td>\n<\/tr>\n<tr style=\"height: 16.50pt;\">\n<td class=\"et5\" style=\"height: 16.50pt;\" height=\"22\">Dimens\u00e3o<\/td>\n<td class=\"et5\">C + L &lt;= 20 polegadas; A &lt;= 26 polegadas<\/td>\n<\/tr>\n<tr style=\"height: 16.50pt;\">\n<td class=\"et4\" style=\"height: 16.50pt;\" height=\"22\">Certifica\u00e7\u00e3o<\/td>\n<td class=\"et5\">SGS, IOS9001<\/td>\n<\/tr>\n<tr style=\"height: 16.50pt;\">\n<td class=\"et4\" style=\"height: 16.50pt;\" height=\"22\">Estrutura<\/td>\n<td class=\"et5\">Tubo de papel para telesc\u00f3pio 3pcs<\/td>\n<\/tr>\n<tr style=\"height: 16.50pt;\">\n<td class=\"et4\" style=\"height: 16.50pt;\" height=\"22\">Servi\u00e7o<\/td>\n<td class=\"et5\">OEM\/ODM<\/td>\n<\/tr>\n<tr style=\"height: 31.50pt;\">\n<td class=\"et3\" style=\"height: 31.50pt; width: 306.75pt;\" width=\"409\" height=\"42\">Estoque de papel<\/td>\n<td class=\"et3\" style=\"width: 375.00pt;\" width=\"500\">Cartolina branca de 12pt a 24pt, SBS de 18pt a 24pt, cartolina kraft de 18pt a 24pt, cart\u00e3o canelado.<\/td>\n<\/tr>\n<tr style=\"height: 15.75pt;\">\n<td class=\"et3\" style=\"height: 15.75pt; width: 306.75pt;\" width=\"409\" height=\"21\">Acabamento<\/td>\n<td class=\"et3\" style=\"width: 375.00pt;\" width=\"500\">Gloss AQ (predefini\u00e7\u00e3o), Gloss UV, Matt UV<\/td>\n<\/tr>\n<tr style=\"height: 15.75pt;\">\n<td class=\"et3\" style=\"height: 15.75pt; width: 306.75pt;\" width=\"409\" height=\"21\">Prova<\/td>\n<td class=\"et3\" style=\"width: 375.00pt;\" width=\"500\">Prova digital (ficheiro pronto para impress\u00e3o) confirmada pelo cliente.<\/td>\n<\/tr>\n<tr style=\"height: 31.50pt;\">\n<td class=\"et3\" style=\"height: 31.50pt; width: 306.75pt;\" width=\"409\" height=\"42\">Reviravolta<\/td>\n<td class=\"et3\" style=\"width: 375.00pt;\" width=\"500\">7-14 dias \u00fateis para imprimir e enviar, ap\u00f3s a aprova\u00e7\u00e3o final (Envio GRATUITO)<\/td>\n<\/tr>\n<tr style=\"height: 31.50pt;\">\n<td class=\"et7\" style=\"height: 31.50pt; width: 306.75pt;\" width=\"409\" height=\"42\">Prazo de pagamento<\/td>\n<td class=\"et7\" style=\"width: 375.00pt;\" width=\"500\">T\/T, Western Union, Paypal, dep\u00f3sito 30% e saldo 70% antes do envio.<\/td>\n<\/tr>\n<\/tbody>\n<\/table>\n<\/div>\n<h2 class=\"auto-hide-last-sibling-br paragraph-u1TS5p paragraph-element br-paragraph-space\">Carater\u00edsticas principais<\/h2>\n<ol class=\"auto-hide-last-sibling-br\">\n<li>Designs \u00e0 medida: Trabalhe em estreita colabora\u00e7\u00e3o com a nossa equipa de design para criar uma caixa \u00fanica e apelativa que reflicta a personalidade da sua marca e a ess\u00eancia das suas ofertas de chocolate. Pode escolher entre uma variedade de formas, tamanhos e estilos para apresentar perfeitamente os seus chocolates.<\/li>\n<li>Materiais de alta qualidade: Utilizamos papel de qualidade superior que n\u00e3o s\u00f3 \u00e9 resistente como tamb\u00e9m proporciona um toque luxuoso. O material assegura a prote\u00e7\u00e3o e a frescura dos seus chocolates, mantendo a sua qualidade.<\/li>\n<li>Op\u00e7\u00f5es de impress\u00e3o: Escolha entre t\u00e9cnicas de impress\u00e3o avan\u00e7adas, como a impress\u00e3o offset, a impress\u00e3o digital ou a grava\u00e7\u00e3o em relevo, para adicionar detalhes complexos, cores vibrantes e um acabamento t\u00e1til \u00e0 sua embalagem.<\/li>\n<li>Melhorias no interior: Personalize o interior da caixa com inser\u00e7\u00f5es, divis\u00f3rias ou forro de alum\u00ednio para manter os chocolates no lugar e dar um toque extra de sofistica\u00e7\u00e3o.<\/li>\n<li>Recortes de janela: Op\u00e7\u00e3o de incluir uma janela transparente para dar aos clientes uma espreitadela aos deliciosos chocolates no interior, incentivando-os a efetuar uma compra.<\/li>\n<li>Oportunidades de marca: Apresentar de forma proeminente o log\u00f3tipo da sua marca, o slogan e as informa\u00e7\u00f5es sobre o produto para aumentar a notoriedade e o reconhecimento da marca.<\/li>\n<\/ol>\n<h2 class=\"auto-hide-last-sibling-br paragraph-u1TS5p paragraph-element br-paragraph-space\">Vantagens para a sua empresa<\/h2>\n<ol class=\"auto-hide-last-sibling-br\">\n<li>Diferencia\u00e7\u00e3o da marca: Destaca-se da concorr\u00eancia com uma embalagem distinta que capta a aten\u00e7\u00e3o do consumidor e deixa uma impress\u00e3o duradoura.<\/li>\n<li>Maior atratividade para o cliente: Uma embalagem atractiva aumenta o valor percebido dos seus chocolates, tornando-os mais apelativos para os clientes e aumentando as vendas.<\/li>\n<li>Prote\u00e7\u00e3o e preserva\u00e7\u00e3o: O material e o design de alta qualidade garantem que os chocolates permanecem em perfeitas condi\u00e7\u00f5es, mantendo o seu sabor e textura.<\/li>\n<li>Ferramenta de marketing: A embalagem funciona como uma poderosa ferramenta de marketing, comunicando a mensagem e os valores da sua marca aos potenciais clientes.<\/li>\n<\/ol>\n<h2 class=\"auto-hide-last-sibling-br paragraph-u1TS5p paragraph-element br-paragraph-space\">Processo de encomenda<\/h2>\n<div class=\"auto-hide-last-sibling-br paragraph-u1TS5p paragraph-element br-paragraph-space\">A nossa equipa dedicada est\u00e1 aqui para o guiar atrav\u00e9s de um processo de encomenda f\u00e1cil e sem falhas. Desde o conceito inicial at\u00e9 \u00e0 produ\u00e7\u00e3o final, colaboramos consigo em cada passo para garantir que a embalagem corresponde \u00e0s suas expectativas.<\/div>\n<h2 class=\"auto-hide-last-sibling-br paragraph-u1TS5p paragraph-element br-paragraph-space\">Prazos de entrega e de execu\u00e7\u00e3o<\/h2>\n<div class=\"auto-hide-last-sibling-br paragraph-u1TS5p paragraph-element br-paragraph-space\">Compreendemos a import\u00e2ncia da entrega atempada. Os nossos sistemas eficientes de produ\u00e7\u00e3o e log\u00edstica garantem que as suas caixas de papel para embalagem de chocolate personalizadas s\u00e3o entregues a tempo, permitindo-lhe cumprir os prazos da sua empresa.<br \/>\n<a href=\"https:\/\/zojopackaging.com\/pt\/contact-us\/\"><strong>Contactar-nos<\/strong><\/a> hoje para come\u00e7ar a criar a embalagem perfeita para os seus doces.<\/div>","protected":false},"excerpt":{"rendered":"<p>Esta caixa de embalagem de bolachas de chocolate de qualidade alimentar utiliza cart\u00e3o cinzento de qualidade alimentar 1200GSM + papel de arte revestido 157GSM, e \u00e9 um substrato ecol\u00f3gico certificado pelo FSC para garantir a seguran\u00e7a alimentar. O tipo de caixa suporta personaliza\u00e7\u00e3o de deforma\u00e7\u00e3o de tamanho ilimitado, e amostras gr\u00e1tis s\u00e3o fornecidas para que possa verificar a qualidade.<\/p>","protected":false},"featured_media":6794,"template":"","meta":[],"product_brand":[],"product_cat":[422,429],"product_tag":[522,523,524],"class_list":{"0":"post-6793","1":"product","2":"type-product","3":"status-publish","4":"has-post-thumbnail","6":"product_cat-custom-gourmet-boxes-by-industry","7":"product_cat-paper-tube-boxes","8":"product_tag-chocolate-paper-tube","9":"product_tag-custom-chocolate-paper-tube","10":"product_tag-paper-tube-wholesale","12":"first","13":"instock","14":"shipping-taxable","15":"product-type-simple"},"_links":{"self":[{"href":"https:\/\/zojopackaging.com\/pt\/wp-json\/wp\/v2\/product\/6793","targetHints":{"allow":["GET"]}}],"collection":[{"href":"https:\/\/zojopackaging.com\/pt\/wp-json\/wp\/v2\/product"}],"about":[{"href":"https:\/\/zojopackaging.com\/pt\/wp-json\/wp\/v2\/types\/product"}],"version-history":[{"count":2,"href":"https:\/\/zojopackaging.com\/pt\/wp-json\/wp\/v2\/product\/6793\/revisions"}],"predecessor-version":[{"id":8088,"href":"https:\/\/zojopackaging.com\/pt\/wp-json\/wp\/v2\/product\/6793\/revisions\/8088"}],"wp:featuredmedia":[{"embeddable":true,"href":"https:\/\/zojopackaging.com\/pt\/wp-json\/wp\/v2\/media\/6794"}],"wp:attachment":[{"href":"https:\/\/zojopackaging.com\/pt\/wp-json\/wp\/v2\/media?parent=6793"}],"wp:term":[{"taxonomy":"product_brand","embeddable":true,"href":"https:\/\/zojopackaging.com\/pt\/wp-json\/wp\/v2\/product_brand?post=6793"},{"taxonomy":"product_cat","embeddable":true,"href":"https:\/\/zojopackaging.com\/pt\/wp-json\/wp\/v2\/product_cat?post=6793"},{"taxonomy":"product_tag","embeddable":true,"href":"https:\/\/zojopackaging.com\/pt\/wp-json\/wp\/v2\/product_tag?post=6793"}],"curies":[{"name":"wp","href":"https:\/\/api.w.org\/{rel}","templated":true}]}}