{"id":6800,"date":"2024-07-17T10:36:39","date_gmt":"2024-07-17T02:36:39","guid":{"rendered":"https:\/\/zojopackaging.com\/?post_type=product&#038;p=6800"},"modified":"2025-03-24T10:05:41","modified_gmt":"2025-03-24T02:05:41","slug":"custom-paper-tube-paper-box","status":"publish","type":"product","link":"https:\/\/zojopackaging.com\/pt\/product\/custom-paper-tube-paper-box\/","title":{"rendered":"F\u00e1brica de tubos de papel para perfumes redondos sustent\u00e1veis personalizados"},"content":{"rendered":"<h1>F\u00e1brica de tubos de papel para perfumes redondos sustent\u00e1veis personalizados<\/h1>\n<div class=\"auto-hide-last-sibling-br paragraph-u1TS5p paragraph-element br-paragraph-space\">\n<div class=\"auto-hide-last-sibling-br paragraph-u1TS5p paragraph-element br-paragraph-space\">\n<div class=\"elementor-element elementor-element-052609b elementor-widget elementor-widget-heading\" data-id=\"052609b\" data-element_type=\"widget\" data-widget_type=\"heading.default\">\n<div class=\"elementor-widget-container\">\n<h2 class=\"elementor-heading-title elementor-size-default\">Uma solu\u00e7\u00e3o de embalagem completa e \u00fanica<\/h2>\n<\/div>\n<\/div>\n<div class=\"elementor-element elementor-element-ad86f67 elementor-widget elementor-widget-text-editor\" data-id=\"ad86f67\" data-element_type=\"widget\" data-widget_type=\"text-editor.default\">\n<div class=\"elementor-widget-container\">\n<p>A embalagem faz parte da sua marca, as caixas de cart\u00e3o s\u00e3o mais do que o seu aspeto, podemos encontrar uma solu\u00e7\u00e3o de embalagem sustent\u00e1vel para narrar o seu produto, revelar a hist\u00f3ria da sua marca. Criamos as solu\u00e7\u00f5es de embalagem mais inovadoras e de qualidade superior.<\/p>\n<\/div>\n<\/div>\n<\/div>\n<table style=\"border-collapse: collapse; width: 681.77pt;\" border=\"0\" width=\"909\" cellspacing=\"0\" cellpadding=\"0\">\n<tbody>\n<tr style=\"height: 15.75pt;\">\n<td class=\"et3\" style=\"height: 15.75pt; width: 306.75pt;\" width=\"409\" height=\"21\">MOQ<\/td>\n<td class=\"et3\" style=\"width: 375.00pt;\" width=\"500\">500 - 500.000 unidades<\/td>\n<\/tr>\n<tr style=\"height: 31.50pt;\">\n<td class=\"et3\" style=\"height: 31.50pt; width: 306.75pt;\" width=\"409\" height=\"42\">Cores<\/td>\n<td class=\"et3\" style=\"width: 375.00pt;\" width=\"500\">Branco liso\/ Kraft castanho, CMYK, PMS, cores especiais (prata met\u00e1lica, ouro met\u00e1lico),<\/td>\n<\/tr>\n<tr style=\"height: 16.50pt;\">\n<td class=\"et4\" style=\"height: 16.50pt;\" height=\"22\">Impress\u00e3o<\/td>\n<td class=\"et5\">Impress\u00e3o CMYK<\/td>\n<\/tr>\n<tr style=\"height: 16.50pt;\">\n<td class=\"et5\" style=\"height: 16.50pt;\" height=\"22\">Dimens\u00e3o<\/td>\n<td class=\"et5\">C + L &lt;= 20 polegadas; A &lt;= 26 polegadas<\/td>\n<\/tr>\n<tr style=\"height: 16.50pt;\">\n<td class=\"et4\" style=\"height: 16.50pt;\" height=\"22\">Certifica\u00e7\u00e3o<\/td>\n<td class=\"et5\">SGS, IOS9001<\/td>\n<\/tr>\n<tr style=\"height: 16.50pt;\">\n<td class=\"et4\" style=\"height: 16.50pt;\" height=\"22\">Estrutura<\/td>\n<td class=\"et5\">Tubo de papel para telesc\u00f3pio 3pcs<\/td>\n<\/tr>\n<tr style=\"height: 16.50pt;\">\n<td class=\"et4\" style=\"height: 16.50pt;\" height=\"22\">Servi\u00e7o<\/td>\n<td class=\"et5\">OEM\/ODM<\/td>\n<\/tr>\n<tr style=\"height: 31.50pt;\">\n<td class=\"et3\" style=\"height: 31.50pt; width: 306.75pt;\" width=\"409\" height=\"42\">Estoque de papel<\/td>\n<td class=\"et3\" style=\"width: 375.00pt;\" width=\"500\">Cartolina branca de 12pt a 24pt, SBS de 18pt a 24pt, cartolina kraft de 18pt a 24pt, cart\u00e3o canelado.<\/td>\n<\/tr>\n<tr style=\"height: 15.75pt;\">\n<td class=\"et3\" style=\"height: 15.75pt; width: 306.75pt;\" width=\"409\" height=\"21\">Acabamento<\/td>\n<td class=\"et3\" style=\"width: 375.00pt;\" width=\"500\">Gloss AQ (predefini\u00e7\u00e3o), Gloss UV, Matt UV<\/td>\n<\/tr>\n<tr style=\"height: 15.75pt;\">\n<td class=\"et3\" style=\"height: 15.75pt; width: 306.75pt;\" width=\"409\" height=\"21\">Prova<\/td>\n<td class=\"et3\" style=\"width: 375.00pt;\" width=\"500\">Prova digital (ficheiro pronto para impress\u00e3o) confirmada pelo cliente.<\/td>\n<\/tr>\n<tr style=\"height: 31.50pt;\">\n<td class=\"et3\" style=\"height: 31.50pt; width: 306.75pt;\" width=\"409\" height=\"42\">Reviravolta<\/td>\n<td class=\"et3\" style=\"width: 375.00pt;\" width=\"500\">7-14 dias \u00fateis para imprimir e enviar, ap\u00f3s a aprova\u00e7\u00e3o final (Envio GRATUITO)<\/td>\n<\/tr>\n<tr style=\"height: 31.50pt;\">\n<td class=\"et7\" style=\"height: 31.50pt; width: 306.75pt;\" width=\"409\" height=\"42\">Prazo de pagamento<\/td>\n<td class=\"et7\" style=\"width: 375.00pt;\" width=\"500\">T\/T, Western Union, Paypal, dep\u00f3sito 30% e saldo 70% antes do envio.<\/td>\n<\/tr>\n<\/tbody>\n<\/table>\n<h2 class=\"auto-hide-last-sibling-br paragraph-u1TS5p paragraph-element br-paragraph-space\">Carater\u00edsticas principais<\/h2>\n<ol class=\"auto-hide-last-sibling-br\">\n<li>Op\u00e7\u00f5es de personaliza\u00e7\u00e3o: Tem controlo total sobre o tamanho, a forma e as dimens\u00f5es da caixa de tubo de papel para garantir uma adapta\u00e7\u00e3o perfeita aos seus produtos. Escolha entre uma vasta gama de cores, padr\u00f5es e acabamentos para criar uma embalagem \u00fanica e visualmente apelativa.<\/li>\n<li>Materiais de alta qualidade: Utilizamos papel de qualidade superior que \u00e9 simultaneamente duradouro e amigo do ambiente. O material proporciona uma excelente resist\u00eancia e prote\u00e7\u00e3o, garantindo que os seus produtos chegam em perfeitas condi\u00e7\u00f5es.<\/li>\n<li>Integridade estrutural: O design do tubo de papel oferece estabilidade e suporte superiores, evitando danos durante o manuseamento e o transporte.<\/li>\n<li>Oportunidades de marca: Mostre o log\u00f3tipo da sua marca, o slogan e as informa\u00e7\u00f5es do produto atrav\u00e9s de uma impress\u00e3o ou grava\u00e7\u00e3o de alta qualidade, aumentando a visibilidade e o reconhecimento da marca.<\/li>\n<li>Aplica\u00e7\u00f5es vers\u00e1teis: Adequado para uma gama diversificada de produtos, como cosm\u00e9ticos, presentes, artigos de papelaria e muito mais.<\/li>\n<li>Recicl\u00e1veis e sustent\u00e1veis: Fabricadas a partir de materiais recicl\u00e1veis, as nossas caixas de papel em tubo de papel personalizadas s\u00e3o uma escolha ambientalmente consciente que se alinha com os valores da sua marca.<\/li>\n<\/ol>\n<h2 class=\"auto-hide-last-sibling-br paragraph-u1TS5p paragraph-element br-paragraph-space\">Processo de encomenda<\/h2>\n<div class=\"auto-hide-last-sibling-br paragraph-u1TS5p paragraph-element br-paragraph-space\">A nossa equipa de especialistas trabalhar\u00e1 em estreita colabora\u00e7\u00e3o consigo durante todo o processo de encomenda. Desde os conceitos iniciais de design at\u00e9 \u00e0 produ\u00e7\u00e3o final, garantimos que todos os pormenores correspondem \u00e0s suas expectativas. Tamb\u00e9m fornecemos amostras para sua an\u00e1lise e aprova\u00e7\u00e3o antes da produ\u00e7\u00e3o em massa.<\/div>\n<h2 class=\"auto-hide-last-sibling-br paragraph-u1TS5p paragraph-element br-paragraph-space\">Prazos de entrega<\/h2>\n<div class=\"auto-hide-last-sibling-br paragraph-u1TS5p paragraph-element br-paragraph-space\">Compreendemos a import\u00e2ncia da entrega atempada. Os nossos parceiros log\u00edsticos fi\u00e1veis garantem que as suas caixas de papel tubulares personalizadas s\u00e3o entregues \u00e0 sua porta dentro do prazo de entrega acordado, permitindo-lhe cumprir os seus prazos comerciais sem problemas.<\/div>\n<div><\/div>\n<div class=\"auto-hide-last-sibling-br paragraph-u1TS5p paragraph-element br-paragraph-space\">Escolha a nossa caixa de papel tubular personalizada para elevar a sua embalagem e causar uma impress\u00e3o duradoura nos seus clientes. <strong><a href=\"https:\/\/zojopackaging.com\/pt\/contact-us\/\">Contacte-nos hoje<\/a><\/strong> para come\u00e7ar a criar a solu\u00e7\u00e3o de embalagem perfeita para a sua empresa.<\/div>\n<\/div>","protected":false},"excerpt":{"rendered":"<p>Esta caixa de embalagem para cilindros de perfume utiliza cart\u00e3o cinzento 1200GSM + papel art\u00edstico revestido 157GSM, e utiliza papel ecol\u00f3gico certificado pelo FSC para obter uma embalagem sustent\u00e1vel. Suporta personaliza\u00e7\u00e3o ilimitada do tipo de caixa, tamanho, impress\u00e3o de superf\u00edcie, etc. para se adequar aos seus produtos e marcas.<\/p>","protected":false},"featured_media":6804,"template":"","meta":[],"product_brand":[],"product_cat":[417,429],"product_tag":[520,521,519],"class_list":{"0":"post-6800","1":"product","2":"type-product","3":"status-publish","4":"has-post-thumbnail","6":"product_cat-custom-perfume-boxes-by-industry","7":"product_cat-paper-tube-boxes","8":"product_tag-custom-fragranc-paper-tubes","9":"product_tag-perfume-paper-tubes","10":"product_tag-perfume-paper-tubes-factory","12":"first","13":"instock","14":"shipping-taxable","15":"product-type-simple"},"_links":{"self":[{"href":"https:\/\/zojopackaging.com\/pt\/wp-json\/wp\/v2\/product\/6800","targetHints":{"allow":["GET"]}}],"collection":[{"href":"https:\/\/zojopackaging.com\/pt\/wp-json\/wp\/v2\/product"}],"about":[{"href":"https:\/\/zojopackaging.com\/pt\/wp-json\/wp\/v2\/types\/product"}],"version-history":[{"count":2,"href":"https:\/\/zojopackaging.com\/pt\/wp-json\/wp\/v2\/product\/6800\/revisions"}],"predecessor-version":[{"id":8087,"href":"https:\/\/zojopackaging.com\/pt\/wp-json\/wp\/v2\/product\/6800\/revisions\/8087"}],"wp:featuredmedia":[{"embeddable":true,"href":"https:\/\/zojopackaging.com\/pt\/wp-json\/wp\/v2\/media\/6804"}],"wp:attachment":[{"href":"https:\/\/zojopackaging.com\/pt\/wp-json\/wp\/v2\/media?parent=6800"}],"wp:term":[{"taxonomy":"product_brand","embeddable":true,"href":"https:\/\/zojopackaging.com\/pt\/wp-json\/wp\/v2\/product_brand?post=6800"},{"taxonomy":"product_cat","embeddable":true,"href":"https:\/\/zojopackaging.com\/pt\/wp-json\/wp\/v2\/product_cat?post=6800"},{"taxonomy":"product_tag","embeddable":true,"href":"https:\/\/zojopackaging.com\/pt\/wp-json\/wp\/v2\/product_tag?post=6800"}],"curies":[{"name":"wp","href":"https:\/\/api.w.org\/{rel}","templated":true}]}}