{"id":6811,"date":"2024-07-17T13:41:36","date_gmt":"2024-07-17T05:41:36","guid":{"rendered":"https:\/\/zojopackaging.com\/?post_type=product&#038;p=6811"},"modified":"2025-03-24T09:49:41","modified_gmt":"2025-03-24T01:49:41","slug":"customized-printed-paper-gift-bags","status":"publish","type":"product","link":"https:\/\/zojopackaging.com\/pt\/product\/customized-printed-paper-gift-bags\/","title":{"rendered":"Fabricante de sacos de compras de papel dobr\u00e1veis e personalizados de luxo"},"content":{"rendered":"<h1 class=\"auto-hide-last-sibling-br paragraph-u1TS5p paragraph-element br-paragraph-space\">Sacos de oferta de papel impressos personalizados<\/h1>\n<div class=\"auto-hide-last-sibling-br paragraph-u1TS5p paragraph-element br-paragraph-space\">Os nossos sacos de oferta de papel impressos personalizados s\u00e3o a escolha perfeita para dar um toque personalizado e memor\u00e1vel \u00e0 sua experi\u00eancia de oferta.<\/div>\n<h2 class=\"auto-hide-last-sibling-br paragraph-u1TS5p paragraph-element br-paragraph-space\">Carater\u00edsticas principais<\/h2>\n<ol class=\"auto-hide-last-sibling-br\">\n<li>Designs feitos \u00e0 medida: Trabalhe em estreita colabora\u00e7\u00e3o com a nossa equipa de especialistas em design para criar um saco \u00fanico que se alinhe com a sua marca ou tema de evento. Pode escolher entre uma vasta gama de cores, padr\u00f5es e gr\u00e1ficos para tornar os seus sacos de oferta verdadeiramente \u00fanicos.<\/li>\n<li>Materiais de alta qualidade: Utilizamos papel de qualidade superior que n\u00e3o s\u00f3 \u00e9 resistente como tamb\u00e9m proporciona uma sensa\u00e7\u00e3o de luxo. O papel \u00e9 selecionado para garantir a durabilidade e um acabamento suave.<\/li>\n<li>Impress\u00e3o de precis\u00e3o: A nossa tecnologia de impress\u00e3o avan\u00e7ada permite obter impress\u00f5es n\u00edtidas, vibrantes e duradouras. Quer se trate de um log\u00f3tipo detalhado, de um design complexo ou de uma mensagem sentida, garantimos uma reprodu\u00e7\u00e3o da mais alta qualidade.<\/li>\n<li>Op\u00e7\u00f5es de pega: Selecione entre v\u00e1rios estilos de pegas, tais como fita de cetim, corda de papel torcida ou pegas de papel lisas para maior conforto e estilo.<\/li>\n<li>Personaliza\u00e7\u00e3o do tamanho: Dispon\u00edvel numa grande variedade de tamanhos para acomodar diferentes artigos de oferta, desde pequenas bugigangas a presentes maiores.<\/li>\n<li>Op\u00e7\u00f5es de interior: Melhore a apresenta\u00e7\u00e3o adicionando papel de seda ou um forro especial ao interior do saco.<\/li>\n<\/ol>\n<h2 class=\"auto-hide-last-sibling-br paragraph-u1TS5p paragraph-element br-paragraph-space\">Processo de encomenda<\/h2>\n<div class=\"auto-hide-last-sibling-br paragraph-u1TS5p paragraph-element br-paragraph-space\">O nosso processo de encomenda \u00e9 simples e direto. Basta partilhar connosco as suas ideias e requisitos de design e fornecer-lhe-emos um or\u00e7amento detalhado e uma maquete. Uma vez aprovado, a nossa eficiente equipa de produ\u00e7\u00e3o assegurar\u00e1 a entrega atempada da sua encomenda.<\/div>\n<h2 class=\"auto-hide-last-sibling-br paragraph-u1TS5p paragraph-element br-paragraph-space\">Prazos de entrega e de execu\u00e7\u00e3o<\/h2>\n<div class=\"auto-hide-last-sibling-br paragraph-u1TS5p paragraph-element br-paragraph-space\">Compreendemos a import\u00e2ncia de cumprir os seus prazos. Oferecemos servi\u00e7os de entrega fi\u00e1veis e fornecemos estimativas claras do prazo de entrega com base na dimens\u00e3o e complexidade da sua encomenda.<\/div>\n<div class=\"auto-hide-last-sibling-br paragraph-u1TS5p paragraph-element br-paragraph-space\">Invista nos nossos sacos de oferta de papel impressos personalizados para que os seus presentes se destaquem e deixem uma impress\u00e3o duradoura. <strong><a href=\"https:\/\/zojopackaging.com\/pt\/contact-us\/\">Contacte-nos hoje<\/a><\/strong> para come\u00e7ar a criar a solu\u00e7\u00e3o perfeita de sacos de oferta para as necessidades da sua empresa.<\/div>\n<div>\n<h2 class=\"yikes-custom-woo-tab-title yikes-custom-woo-tab-title-specifications\">Especifica\u00e7\u00f5es<\/h2>\n<table class=\"table table-striped\">\n<tbody>\n<tr>\n<td>Estilo caixa<\/td>\n<td>Extremidade de dobragem inversa<\/td>\n<\/tr>\n<tr>\n<td>Carater\u00edsticas principais<\/td>\n<td>Fecho superior com fecho de fric\u00e7\u00e3o<\/td>\n<\/tr>\n<tr>\n<td>Dimens\u00e3o<\/td>\n<td>C + L &lt;= 20 polegadas; A &lt;= 26 polegadas<\/td>\n<\/tr>\n<tr>\n<td>Quantidades<\/td>\n<td>500 &#8211; 500,000<\/td>\n<\/tr>\n<tr>\n<td>Estoque de papel<\/td>\n<td>Cartolina branca de 12pt a 24pt, SBS de 18pt a 24pt, cartolina kraft de 18pt a 24pt, cart\u00e3o canelado.<\/td>\n<\/tr>\n<tr>\n<td>Cores<\/td>\n<td>Branco liso\/ Kraft castanho, CMYK, PMS, cores especiais (prata met\u00e1lica, ouro met\u00e1lico),<\/td>\n<\/tr>\n<tr>\n<td>Acabamento<\/td>\n<td>Gloss AQ (predefini\u00e7\u00e3o), Gloss UV, Matt UV<\/td>\n<\/tr>\n<tr>\n<td>Carregamento de ficheiros<\/td>\n<td>Linha de produ\u00e7\u00e3o e desenho em camadas separadas<\/p>\n<p>Amostra PMS anotada, se aplic\u00e1vel<\/td>\n<\/tr>\n<tr>\n<td>Prova<\/td>\n<td>Prova digital (ficheiro pronto para impress\u00e3o) confirmada pelo cliente.<\/td>\n<\/tr>\n<tr>\n<td>Reviravolta<\/td>\n<td>7-14 dias \u00fateis para imprimir e enviar, ap\u00f3s a aprova\u00e7\u00e3o final (Envio GRATUITO)<\/td>\n<\/tr>\n<tr>\n<td>Expedi\u00e7\u00e3o<\/td>\n<td>Embalagem plana<\/td>\n<\/tr>\n<\/tbody>\n<\/table>\n<\/div>","protected":false},"excerpt":{"rendered":"<p>Este saco de papel dobr\u00e1vel preto utiliza um processo de lamina\u00e7\u00e3o mate para criar uma superf\u00edcie discreta e resistente a riscos, combinado com um processo de estampagem a quente dourada para apresentar o padr\u00e3o exclusivo da marca e \u00e9 combinado com uma fita\/corda destac\u00e1vel, o design dobr\u00e1vel pode poupar 50% de espa\u00e7o de armazenamento e transporte.<\/p>","protected":false},"featured_media":6817,"template":"","meta":[],"product_brand":[],"product_cat":[30,413,432,31],"product_tag":[518,516,517],"class_list":{"0":"post-6811","1":"product","2":"type-product","3":"status-publish","4":"has-post-thumbnail","6":"product_cat-by-industry","7":"product_cat-consumer-electronics-boxes","8":"product_cat-pape-gift-bags","9":"product_cat-paper-box-style","10":"product_tag-custom-paper-bags","11":"product_tag-foldable-paper-shopping-bags","12":"product_tag-paper-shopping-bags-manufacturer","14":"first","15":"instock","16":"shipping-taxable","17":"product-type-simple"},"_links":{"self":[{"href":"https:\/\/zojopackaging.com\/pt\/wp-json\/wp\/v2\/product\/6811","targetHints":{"allow":["GET"]}}],"collection":[{"href":"https:\/\/zojopackaging.com\/pt\/wp-json\/wp\/v2\/product"}],"about":[{"href":"https:\/\/zojopackaging.com\/pt\/wp-json\/wp\/v2\/types\/product"}],"version-history":[{"count":2,"href":"https:\/\/zojopackaging.com\/pt\/wp-json\/wp\/v2\/product\/6811\/revisions"}],"predecessor-version":[{"id":8086,"href":"https:\/\/zojopackaging.com\/pt\/wp-json\/wp\/v2\/product\/6811\/revisions\/8086"}],"wp:featuredmedia":[{"embeddable":true,"href":"https:\/\/zojopackaging.com\/pt\/wp-json\/wp\/v2\/media\/6817"}],"wp:attachment":[{"href":"https:\/\/zojopackaging.com\/pt\/wp-json\/wp\/v2\/media?parent=6811"}],"wp:term":[{"taxonomy":"product_brand","embeddable":true,"href":"https:\/\/zojopackaging.com\/pt\/wp-json\/wp\/v2\/product_brand?post=6811"},{"taxonomy":"product_cat","embeddable":true,"href":"https:\/\/zojopackaging.com\/pt\/wp-json\/wp\/v2\/product_cat?post=6811"},{"taxonomy":"product_tag","embeddable":true,"href":"https:\/\/zojopackaging.com\/pt\/wp-json\/wp\/v2\/product_tag?post=6811"}],"curies":[{"name":"wp","href":"https:\/\/api.w.org\/{rel}","templated":true}]}}