{"id":6823,"date":"2024-07-17T13:56:32","date_gmt":"2024-07-17T05:56:32","guid":{"rendered":"https:\/\/zojopackaging.com\/?post_type=product&#038;p=6823"},"modified":"2025-03-24T00:27:48","modified_gmt":"2025-03-23T16:27:48","slug":"custom-printed-paper-gift-bags","status":"publish","type":"product","link":"https:\/\/zojopackaging.com\/pt\/product\/custom-printed-paper-gift-bags\/","title":{"rendered":"Fornecedor Fabricantes de sacos de papel para oferta de perfumes de luxo personalizados"},"content":{"rendered":"<h1 class=\"auto-hide-last-sibling-br paragraph-u1TS5p paragraph-element br-paragraph-space\">Sacos de oferta de papel impressos personalizados<\/h1>\n<div class=\"auto-hide-last-sibling-br paragraph-u1TS5p paragraph-element br-paragraph-space\">\n<div class=\"auto-hide-last-sibling-br paragraph-u1TS5p paragraph-element br-paragraph-space\">\n<p>Os nossos sacos de papel impressos personalizados oferecem uma solu\u00e7\u00e3o de embalagem \u00e0 medida que combina estilo, funcionalidade e promo\u00e7\u00e3o da marca.<\/p>\n<p>Precisa de um produto de embalagem personalizado num estilo ou tamanho \u00fanicos? Tem uma necessidade de grande volume? Temos um departamento inteiro dedicado \u00e0 localiza\u00e7\u00e3o e desenvolvimento de produtos \u00fanicos que satisfazem exatamente os seus requisitos de embalagem mais exigentes.<\/p>\n<\/div>\n<h2 class=\"auto-hide-last-sibling-br paragraph-u1TS5p paragraph-element br-paragraph-space\">Processo de encomenda<\/h2>\n<div class=\"auto-hide-last-sibling-br paragraph-u1TS5p paragraph-element br-paragraph-space\">A nossa equipa experiente ir\u00e1 gui\u00e1-lo atrav\u00e9s de um processo de encomenda f\u00e1cil e sem falhas. Come\u00e7amos por compreender os seus requisitos espec\u00edficos e prefer\u00eancias de design. Pode fornecer o seu pr\u00f3prio design ou colaborar com os nossos especialistas em design internos para criar um conceito que v\u00e1 ao encontro da sua vis\u00e3o. Uma vez aprovado o desenho, as nossas eficientes instala\u00e7\u00f5es de produ\u00e7\u00e3o assegurar\u00e3o a entrega atempada da sua encomenda, com medidas rigorosas de controlo de qualidade para garantir os mais elevados padr\u00f5es.<\/div>\n<h2 class=\"yikes-custom-woo-tab-title yikes-custom-woo-tab-title-specifications\">Especifica\u00e7\u00f5es<\/h2>\n<table class=\"table table-striped\">\n<tbody>\n<tr>\n<td>Estilo caixa<\/td>\n<td>Extremidade de dobragem inversa<\/td>\n<\/tr>\n<tr>\n<td>Carater\u00edsticas principais<\/td>\n<td>Fecho superior com fecho de fric\u00e7\u00e3o<\/td>\n<\/tr>\n<tr>\n<td>Dimens\u00e3o<\/td>\n<td>C + L &lt;= 20 polegadas; A &lt;= 26 polegadas<\/td>\n<\/tr>\n<tr>\n<td>Quantidades<\/td>\n<td>500 &#8211; 500,000<\/td>\n<\/tr>\n<tr>\n<td>Estoque de papel<\/td>\n<td>Cartolina branca de 12pt a 24pt, SBS de 18pt a 24pt, cartolina kraft de 18pt a 24pt, cart\u00e3o canelado.<\/td>\n<\/tr>\n<tr>\n<td>Cores<\/td>\n<td>Branco liso\/ Kraft castanho, CMYK, PMS, cores especiais (prata met\u00e1lica, ouro met\u00e1lico),<\/td>\n<\/tr>\n<tr>\n<td>Acabamento<\/td>\n<td>Gloss AQ (predefini\u00e7\u00e3o), Gloss UV, Matt UV<\/td>\n<\/tr>\n<tr>\n<td>Carregamento de ficheiros<\/td>\n<td>Linha de produ\u00e7\u00e3o e desenho em camadas separadas<\/p>\n<p>Amostra PMS anotada, se aplic\u00e1vel<\/td>\n<\/tr>\n<tr>\n<td>Prova<\/td>\n<td>Prova digital (ficheiro pronto para impress\u00e3o) confirmada pelo cliente.<\/td>\n<\/tr>\n<tr>\n<td>Reviravolta<\/td>\n<td>7-14 dias \u00fateis para imprimir e enviar, ap\u00f3s a aprova\u00e7\u00e3o final (Envio GRATUITO)<\/td>\n<\/tr>\n<tr>\n<td>Expedi\u00e7\u00e3o<\/td>\n<td>Embalagem plana<\/td>\n<\/tr>\n<\/tbody>\n<\/table>\n<\/div>","protected":false},"excerpt":{"rendered":"<p>Este saco de papel para embalagem de perfume branco utiliza lamina\u00e7\u00e3o de pel\u00edcula mate para criar uma textura mate e \u00e9 selado com uma fita de seda\/cetim da mesma cor, real\u00e7ando o tom requintado do produto de fragr\u00e2ncia com uma est\u00e9tica minimalista.<\/p>","protected":false},"featured_media":6824,"template":"","meta":[],"product_brand":[],"product_cat":[30,417,432,31],"product_tag":[514,285,515],"class_list":{"0":"post-6823","1":"product","2":"type-product","3":"status-publish","4":"has-post-thumbnail","6":"product_cat-by-industry","7":"product_cat-custom-perfume-boxes-by-industry","8":"product_cat-pape-gift-bags","9":"product_cat-paper-box-style","10":"product_tag-custom-perfume-paper-gift-bags","11":"product_tag-paper-gift-bags","12":"product_tag-paper-gift-bags-manufacturers","14":"first","15":"instock","16":"shipping-taxable","17":"product-type-simple"},"_links":{"self":[{"href":"https:\/\/zojopackaging.com\/pt\/wp-json\/wp\/v2\/product\/6823","targetHints":{"allow":["GET"]}}],"collection":[{"href":"https:\/\/zojopackaging.com\/pt\/wp-json\/wp\/v2\/product"}],"about":[{"href":"https:\/\/zojopackaging.com\/pt\/wp-json\/wp\/v2\/types\/product"}],"version-history":[{"count":2,"href":"https:\/\/zojopackaging.com\/pt\/wp-json\/wp\/v2\/product\/6823\/revisions"}],"predecessor-version":[{"id":8084,"href":"https:\/\/zojopackaging.com\/pt\/wp-json\/wp\/v2\/product\/6823\/revisions\/8084"}],"wp:featuredmedia":[{"embeddable":true,"href":"https:\/\/zojopackaging.com\/pt\/wp-json\/wp\/v2\/media\/6824"}],"wp:attachment":[{"href":"https:\/\/zojopackaging.com\/pt\/wp-json\/wp\/v2\/media?parent=6823"}],"wp:term":[{"taxonomy":"product_brand","embeddable":true,"href":"https:\/\/zojopackaging.com\/pt\/wp-json\/wp\/v2\/product_brand?post=6823"},{"taxonomy":"product_cat","embeddable":true,"href":"https:\/\/zojopackaging.com\/pt\/wp-json\/wp\/v2\/product_cat?post=6823"},{"taxonomy":"product_tag","embeddable":true,"href":"https:\/\/zojopackaging.com\/pt\/wp-json\/wp\/v2\/product_tag?post=6823"}],"curies":[{"name":"wp","href":"https:\/\/api.w.org\/{rel}","templated":true}]}}