{"id":6831,"date":"2024-07-17T14:18:58","date_gmt":"2024-07-17T06:18:58","guid":{"rendered":"https:\/\/zojopackaging.com\/?post_type=product&#038;p=6831"},"modified":"2025-03-24T00:14:27","modified_gmt":"2025-03-23T16:14:27","slug":"custom-paper-bags","status":"publish","type":"product","link":"https:\/\/zojopackaging.com\/pt\/product\/custom-paper-bags\/","title":{"rendered":"F\u00e1brica de sacos de presente de papel para vestu\u00e1rio de luxo personalizados"},"content":{"rendered":"<h1 class=\"base Category_tile title\">F\u00e1brica de sacos de presente de papel para vestu\u00e1rio de luxo personalizados<\/h1>\n<div class=\"auto-hide-last-sibling-br paragraph-u1TS5p paragraph-element br-paragraph-space\">\n<div class=\"auto-hide-last-sibling-br paragraph-u1TS5p paragraph-element br-paragraph-space\">\n<p>Quer esteja a planear um evento promocional ou necessite de solu\u00e7\u00f5es para o uso quotidiano da empresa, existem v\u00e1rias formas de os sacos de papel personalizados serem \u00fateis.<\/p>\n<h1>Porqu\u00ea comprar sacos de papel personalizados?<\/h1>\n<p>Existem v\u00e1rias formas de utilizar sacos de papel personalizados, dependendo das necessidades da sua empresa.<\/p>\n<ul>\n<li>Feiras comerciais e outros eventos de vendas ou promocionais<\/li>\n<li>Ao oferecer artigos promocionais<\/li>\n<li>Confer\u00eancias e semin\u00e1rios empresariais<\/li>\n<li>Para oferecer objectos diretamente fora do escrit\u00f3rio<\/li>\n<\/ul>\n<p>Os sacos de papel s\u00e3o artigos que a sua empresa pode utilizar de v\u00e1rias formas e s\u00e3o \u00f3ptimos para aumentar a notoriedade da marca. Os seus destinat\u00e1rios tamb\u00e9m se sentir\u00e3o mais leais \u00e0 sua marca, pois acreditam que est\u00e1 a fazer um esfor\u00e7o extra. Dirija-se ao seu p\u00fablico da forma correta quando faz um esfor\u00e7o extra ao fornecer sacos de papel personalizados.<\/p>\n<h1>Diferentes variedades dispon\u00edveis<\/h1>\n<p>Tem diferentes op\u00e7\u00f5es dispon\u00edveis quando procura o saco de papel perfeito para representar a sua empresa. Algumas das op\u00e7\u00f5es que pode escolher s\u00e3o:<\/p>\n<ul>\n<li>Sacos de papel kraft: Estes sacos s\u00e3o feitos de papel reciclado 100% e s\u00e3o uma \u00f3ptima alternativa aos sacos de papel convencionais. Pode encontr\u00e1-los numa variedade de cores e tamanhos. S\u00e3o ideais para uma variedade de objectivos.<\/li>\n<li>Sacos de papel brilhante: Estes sacos de papel t\u00eam um acabamento brilhante. Podem ser reciclados, o que \u00e9 \u00f3timo para quem procura op\u00e7\u00f5es amigas do ambiente. Estes sacos s\u00e3o tamb\u00e9m mais resistentes ao desgaste normal do que os sacos de papel normais.<\/li>\n<li>Sacos Euro laminados: Estas variantes laminadas s\u00e3o ideais quando se pretende acrescentar um elemento de luxo aos sacos de papel tradicionais. Est\u00e3o dispon\u00edveis em v\u00e1rias cores e podem incorporar exatamente a imagem que a sua empresa pretende mostrar.<\/li>\n<\/ul>\n<h2>Personalize-o ainda mais<\/h2>\n<p>O melhor destes sacos de papel \u00e9 que pode personaliz\u00e1-los de acordo com os requisitos da sua empresa. Quer pretenda imprimir o log\u00f3tipo da sua marca no saco ou uma mensagem, tudo pode ser feito. Dependendo da variante do saco de papel que acabar por adquirir, pode encontrar diferentes op\u00e7\u00f5es de personaliza\u00e7\u00e3o dispon\u00edveis:<\/p>\n<ul>\n<li>Serigrafia<\/li>\n<li>Carimbo de folha<\/li>\n<\/ul>\n<h2>Processo de encomenda<\/h2>\n<p>A nossa equipa dedicada trabalhar\u00e1 em estreita colabora\u00e7\u00e3o consigo durante todo o processo de encomenda. Come\u00e7amos por compreender a vis\u00e3o e os requisitos da sua marca, fornecendo sugest\u00f5es de design e maquetas. Assim que o design for aprovado, as nossas eficientes instala\u00e7\u00f5es de produ\u00e7\u00e3o fabricar\u00e3o rapidamente os sacos e os nossos fi\u00e1veis parceiros de expedi\u00e7\u00e3o garantir\u00e3o uma entrega r\u00e1pida.<\/p>\n<h2>Prazos de entrega<\/h2>\n<p>Compreendemos a import\u00e2ncia da entrega atempada para satisfazer as suas necessidades comerciais. Com base na quantidade da sua encomenda e na complexidade da personaliza\u00e7\u00e3o, fornecer-lhe-emos um prazo de entrega estimado e mant\u00ea-lo-emos atualizado durante todo o processo de produ\u00e7\u00e3o e envio.<\/p>\n<p>Contacte-nos hoje para come\u00e7ar a criar a embalagem perfeita para a sua empresa.<\/p>\n<\/div>\n<\/div>","protected":false},"excerpt":{"rendered":"<p>Este saco de papel para embalagem de vestu\u00e1rio topo de gama utiliza tecnologia de estampagem a quente para apresentar o log\u00f3tipo ou padr\u00e3o da marca e \u00e9 combinado com uma pega de corda torcida dur\u00e1vel, incorporando detalhes de luxo leve no design simples.<\/p>","protected":false},"featured_media":6832,"template":"","meta":[],"product_brand":[],"product_cat":[30,414,432,31],"product_tag":[511,512,513],"class_list":{"0":"post-6831","1":"product","2":"type-product","3":"status-publish","4":"has-post-thumbnail","6":"product_cat-by-industry","7":"product_cat-custom-apparel-boxes","8":"product_cat-pape-gift-bags","9":"product_cat-paper-box-style","10":"product_tag-apparel-paper-gift-bags","11":"product_tag-garment-paper-gift-bags","12":"product_tag-paper-gift-bags-factory","14":"first","15":"instock","16":"shipping-taxable","17":"product-type-simple"},"_links":{"self":[{"href":"https:\/\/zojopackaging.com\/pt\/wp-json\/wp\/v2\/product\/6831","targetHints":{"allow":["GET"]}}],"collection":[{"href":"https:\/\/zojopackaging.com\/pt\/wp-json\/wp\/v2\/product"}],"about":[{"href":"https:\/\/zojopackaging.com\/pt\/wp-json\/wp\/v2\/types\/product"}],"version-history":[{"count":2,"href":"https:\/\/zojopackaging.com\/pt\/wp-json\/wp\/v2\/product\/6831\/revisions"}],"predecessor-version":[{"id":8083,"href":"https:\/\/zojopackaging.com\/pt\/wp-json\/wp\/v2\/product\/6831\/revisions\/8083"}],"wp:featuredmedia":[{"embeddable":true,"href":"https:\/\/zojopackaging.com\/pt\/wp-json\/wp\/v2\/media\/6832"}],"wp:attachment":[{"href":"https:\/\/zojopackaging.com\/pt\/wp-json\/wp\/v2\/media?parent=6831"}],"wp:term":[{"taxonomy":"product_brand","embeddable":true,"href":"https:\/\/zojopackaging.com\/pt\/wp-json\/wp\/v2\/product_brand?post=6831"},{"taxonomy":"product_cat","embeddable":true,"href":"https:\/\/zojopackaging.com\/pt\/wp-json\/wp\/v2\/product_cat?post=6831"},{"taxonomy":"product_tag","embeddable":true,"href":"https:\/\/zojopackaging.com\/pt\/wp-json\/wp\/v2\/product_tag?post=6831"}],"curies":[{"name":"wp","href":"https:\/\/api.w.org\/{rel}","templated":true}]}}