{"id":6838,"date":"2024-07-17T14:36:28","date_gmt":"2024-07-17T06:36:28","guid":{"rendered":"https:\/\/zojopackaging.com\/?post_type=product&#038;p=6838"},"modified":"2025-03-24T00:00:20","modified_gmt":"2025-03-23T16:00:20","slug":"custom-luxury-paper-shopping-bags","status":"publish","type":"product","link":"https:\/\/zojopackaging.com\/pt\/product\/custom-luxury-paper-shopping-bags\/","title":{"rendered":"Sacos de oferta de papel para j\u00f3ias ecol\u00f3gicos de design personalizado por atacado"},"content":{"rendered":"<h1 class=\"base Category_tile title\">Sacos de compras de papel de luxo personalizados<\/h1>\n<h2 style=\"font-weight: 500;\"><strong>Impress\u00e3o em massa atractiva, exacta e barata<\/strong><\/h2>\n<p style=\"font-weight: 400;\">Quando se trata de imprimir os nossos sacos de compras de qualidade superior, a My Box Packaging utiliza t\u00e9cnicas de impress\u00e3o offset, serigr\u00e1fica e digital de \u00faltima gera\u00e7\u00e3o para fornecer designs de cores atractivos e precisos, incluindo nomes de marcas e log\u00f3tipos com impress\u00e3o de design \u00fanico cativante. Tamb\u00e9m utilizamos tintas de alta qualidade e de longa dura\u00e7\u00e3o que proporcionam um elevado contraste e desenhos impressos n\u00edtidos e detalhados e a efici\u00eancia dos nossos canais de neg\u00f3cio oferece a impress\u00e3o de sacos de compras a granel mais barata da ind\u00fastria. Os nossos peritos em impress\u00e3o especializados tamb\u00e9m oferecem ajuda gratuita na conce\u00e7\u00e3o e, quando confirmado, tamb\u00e9m fornecemos modelos gratuitos para garantir que obt\u00e9m exatamente os desenhos impressos que pretende para os seus sacos de compras.<\/p>\n<h3 style=\"font-weight: 500;\"><strong>Personaliza\u00e7\u00f5es de alta qualidade e op\u00e7\u00f5es de revestimento de superf\u00edcie de luxo<\/strong><\/h3>\n<p style=\"font-weight: 400;\">Quando se trata de proporcionar aos seus clientes retalhistas a derradeira experi\u00eancia de compra luxuosa, pretende que tudo tenha o mesmo aspeto e sensa\u00e7\u00e3o. O luxuoso servi\u00e7o de impress\u00e3o de sacos de compras da My Box Packaging proporciona-lhe exatamente isso. Personalize os seus sacos de compras com estampagem em folha de alum\u00ednio em todas as cores brilhantes necess\u00e1rias, impress\u00e3o em relevo para marcar a diferen\u00e7a, estampagem em relevo ou debossing para obter um aspeto \u00fanico e impress\u00e3o multicolorida precisa do log\u00f3tipo, nome da marca ou design para complementar os seus produtos de retalho da forma mais eficiente. Para al\u00e9m disso, oferecemos muitas op\u00e7\u00f5es diferentes de acabamento de revestimento de superf\u00edcie, incluindo op\u00e7\u00f5es brilhantes, mate, UV pontual ou de toque suave. Forne\u00e7a aos seus clientes os complementos de que necessitam para desenvolver uma imagem positiva da sua marca e dos seus produtos, aumentando as suas vendas a longo prazo.<\/p>\n<h2>Processo de encomenda<\/h2>\n<p>A nossa equipa de especialistas ir\u00e1 gui\u00e1-lo atrav\u00e9s do processo de encomenda sem problemas. Come\u00e7amos por compreender os requisitos da sua marca e as suas prefer\u00eancias de design. Em seguida, fornecemos maquetas e amostras detalhadas para sua aprova\u00e7\u00e3o antes de passarmos \u00e0 produ\u00e7\u00e3o.<\/p>\n<h2 class=\"yikes-custom-woo-tab-title yikes-custom-woo-tab-title-specifications\">Especifica\u00e7\u00f5es<\/h2>\n<table class=\"table table-striped\">\n<tbody>\n<tr>\n<td>Estilo caixa<\/td>\n<td>Extremidade de dobragem inversa<\/td>\n<\/tr>\n<tr>\n<td>Carater\u00edsticas principais<\/td>\n<td>Fecho superior com fecho de fric\u00e7\u00e3o<\/td>\n<\/tr>\n<tr>\n<td>Dimens\u00e3o<\/td>\n<td>C + L &lt;= 20 polegadas; A &lt;= 26 polegadas<\/td>\n<\/tr>\n<tr>\n<td>Quantidades<\/td>\n<td>500 &#8211; 500,000<\/td>\n<\/tr>\n<tr>\n<td>Estoque de papel<\/td>\n<td>Cartolina branca de 12pt a 24pt, SBS de 18pt a 24pt, cartolina kraft de 18pt a 24pt, cart\u00e3o canelado.<\/td>\n<\/tr>\n<tr>\n<td>Cores<\/td>\n<td>Branco liso\/ Kraft castanho, CMYK, PMS, cores especiais (prata met\u00e1lica, ouro met\u00e1lico),<\/td>\n<\/tr>\n<tr>\n<td>Acabamento<\/td>\n<td>Gloss AQ (predefini\u00e7\u00e3o), Gloss UV, Matt UV<\/td>\n<\/tr>\n<tr>\n<td>Carregamento de ficheiros<\/td>\n<td>Linha de produ\u00e7\u00e3o e desenho em camadas separadas<\/p>\n<p>Amostra PMS anotada, se aplic\u00e1vel<\/td>\n<\/tr>\n<tr>\n<td>Prova<\/td>\n<td>Prova digital (ficheiro pronto para impress\u00e3o) confirmada pelo cliente.<\/td>\n<\/tr>\n<tr>\n<td>Reviravolta<\/td>\n<td>7-14 dias \u00fateis para imprimir e enviar, ap\u00f3s a aprova\u00e7\u00e3o final (Envio GRATUITO)<\/td>\n<\/tr>\n<tr>\n<td>Expedi\u00e7\u00e3o<\/td>\n<td>Embalagem plana<\/td>\n<\/tr>\n<\/tbody>\n<\/table>\n<div class=\"auto-hide-last-sibling-br paragraph-u1TS5p paragraph-element br-paragraph-space\">\n<div class=\"auto-hide-last-sibling-br paragraph-u1TS5p paragraph-element br-paragraph-space\">\n<p>&nbsp;<\/p>\n<\/div>\n<\/div>","protected":false},"excerpt":{"rendered":"<p>Este saco de papel para oferta de j\u00f3ias utiliza sacos de papel de alta qualidade com um design requintado de fita, combinado com artesanato em relevo para criar padr\u00f5es tridimensionais, real\u00e7ando a textura leve e luxuosa. Suporta servi\u00e7os de personaliza\u00e7\u00e3o ilimitados e pode ajustar de forma flex\u00edvel o tamanho, o padr\u00e3o de relevo, a cor da fita e a estrutura da embalagem, adaptando-se perfeitamente a diferentes produtos de joalharia, como an\u00e9is e colares.<\/p>","protected":false},"featured_media":6840,"template":"","meta":[],"product_brand":[],"product_cat":[30,415,432,31],"product_tag":[509,508,510],"class_list":{"0":"post-6838","1":"product","2":"type-product","3":"status-publish","4":"has-post-thumbnail","6":"product_cat-by-industry","7":"product_cat-custom-jewelry-boxes-by-industry","8":"product_cat-pape-gift-bags","9":"product_cat-paper-box-style","10":"product_tag-custom-paper-gift-bags","11":"product_tag-jewelry-paper-gift-bags","12":"product_tag-paper-gift-bags-wholesale","14":"first","15":"instock","16":"shipping-taxable","17":"product-type-simple"},"_links":{"self":[{"href":"https:\/\/zojopackaging.com\/pt\/wp-json\/wp\/v2\/product\/6838","targetHints":{"allow":["GET"]}}],"collection":[{"href":"https:\/\/zojopackaging.com\/pt\/wp-json\/wp\/v2\/product"}],"about":[{"href":"https:\/\/zojopackaging.com\/pt\/wp-json\/wp\/v2\/types\/product"}],"version-history":[{"count":2,"href":"https:\/\/zojopackaging.com\/pt\/wp-json\/wp\/v2\/product\/6838\/revisions"}],"predecessor-version":[{"id":8081,"href":"https:\/\/zojopackaging.com\/pt\/wp-json\/wp\/v2\/product\/6838\/revisions\/8081"}],"wp:featuredmedia":[{"embeddable":true,"href":"https:\/\/zojopackaging.com\/pt\/wp-json\/wp\/v2\/media\/6840"}],"wp:attachment":[{"href":"https:\/\/zojopackaging.com\/pt\/wp-json\/wp\/v2\/media?parent=6838"}],"wp:term":[{"taxonomy":"product_brand","embeddable":true,"href":"https:\/\/zojopackaging.com\/pt\/wp-json\/wp\/v2\/product_brand?post=6838"},{"taxonomy":"product_cat","embeddable":true,"href":"https:\/\/zojopackaging.com\/pt\/wp-json\/wp\/v2\/product_cat?post=6838"},{"taxonomy":"product_tag","embeddable":true,"href":"https:\/\/zojopackaging.com\/pt\/wp-json\/wp\/v2\/product_tag?post=6838"}],"curies":[{"name":"wp","href":"https:\/\/api.w.org\/{rel}","templated":true}]}}