{"id":6908,"date":"2024-07-19T10:13:11","date_gmt":"2024-07-19T02:13:11","guid":{"rendered":"https:\/\/zojopackaging.com\/?post_type=product&#038;p=6908"},"modified":"2025-03-23T23:27:25","modified_gmt":"2025-03-23T15:27:25","slug":"custom-cardboard-gift-perfume-box","status":"publish","type":"product","link":"https:\/\/zojopackaging.com\/pt\/product\/custom-cardboard-gift-perfume-box\/","title":{"rendered":"Caixas de embalagem de fragr\u00e2ncias de perfumes impressas personalizadas por atacado"},"content":{"rendered":"<h1>Caixas de embalagem de fragr\u00e2ncias de perfumes impressas personalizadas por atacado<\/h1>\n<p>Todos os tipos de tamanhos e formas para as suas ideias criativas e produtos de perfumaria espec\u00edficos. Utilize caixas de perfumes em cart\u00e3o para melhorar a identidade da sua marca.<\/p>\n<h1>Caixa de Cart\u00e3o R\u00edgido Fabricante na China<\/h1>\n<p>Com mais de 13 anos no fabrico de caixas de cart\u00e3o, a Hongyi deparou-se com muitos marcos cruciais que definiram quem somos como empresa. Atualmente, somos um dos principais fabricantes e fornecedores de caixas de cart\u00e3o para perfumes, caixas r\u00edgidas, caixas para presentes e caixas de cosm\u00e9ticos.<\/p>\n<p>Tratamos da conce\u00e7\u00e3o, impress\u00e3o e produ\u00e7\u00e3o de caixas de cart\u00e3o por grosso com uma encomenda m\u00ednima de 3.000 unidades. Os nossos artes\u00e3os qualificados trabalharam sempre em estreita colabora\u00e7\u00e3o com os clientes, garantindo que apenas produzimos caixas de perfume de luxo de alta qualidade e feitas \u00e0 medida.<\/p>\n<h1>Porqu\u00ea personalizar os designs das caixas de cart\u00e3o para a sua marca<\/h1>\n<p>Porque \u00e9 que \u00e9 essencial ter uma caixa de cart\u00e3o r\u00edgido personalizada para a sua marca? Eis as raz\u00f5es:<\/p>\n<p><strong>Protege verdadeiramente o seu produto.<\/strong><br \/>\nUma vez que n\u00e3o existe uma caixa de tamanho \u00fanico para todos, \u00e9 crucial saber o valor de obter um design de caixa personalizado. O tamanho ideal da caixa para o seu produto ser\u00e1 a sua primeira linha de defesa para salvaguardar os seus produtos, tais como perfumes e cosm\u00e9ticos.<\/p>\n<p><strong>Ir\u00e1 atrair novos clientes.<\/strong><br \/>\nUma caixa de cart\u00e3o personalizada pode atrair novos clientes, porque o design e a estrutura s\u00e3o \u00fanicos, como se tivesse sido fabricada apenas para a sua marca.<\/p>\n<p><strong>Pode refor\u00e7ar a imagem da sua marca.<\/strong><br \/>\nOs clientes consideram que as caixas de cart\u00e3o com impress\u00e3o personalizada est\u00e3o na moda, al\u00e9m de poderem tornar a sua marca num utilit\u00e1rio de assinatura. Lembre-se de que os consumidores confiam e dependem deste tipo de imagens que tendem a deixar impress\u00f5es de marca duradouras.<\/p>\n<h1>Especifica\u00e7\u00f5es<\/h1>\n<table style=\"border-collapse: collapse; width: 759.02pt;\" border=\"0\" width=\"1012\" cellspacing=\"0\" cellpadding=\"0\">\n<tbody>\n<tr style=\"height: 16.50pt;\">\n<td class=\"et3\" style=\"height: 16.50pt; width: 379.50pt;\" width=\"506\" height=\"22\">Dimens\u00f5es<\/td>\n<td class=\"et3\" style=\"width: 379.50pt;\" width=\"506\">Todos os tamanhos e formas personalizados<\/td>\n<\/tr>\n<tr style=\"height: 16.50pt;\">\n<td class=\"et3\" style=\"height: 16.50pt;\" height=\"22\">Quantidade m\u00ednima<\/td>\n<td class=\"et3\">500 unidades<\/td>\n<\/tr>\n<tr style=\"height: 16.50pt;\">\n<td class=\"et3\" style=\"height: 16.50pt;\" height=\"22\">Impress\u00e3o<\/td>\n<td class=\"et3\">Cmyk, pms, sem impress\u00e3o<\/td>\n<\/tr>\n<tr style=\"height: 16.50pt;\">\n<td class=\"et3\" style=\"height: 16.50pt;\" height=\"22\">Op\u00e7\u00e3o de material<\/td>\n<td class=\"et3\">Papel de cart\u00e3o branco, papel revestido, papel art\u00edstico, papel kraft, cart\u00e3o marfim, cart\u00e3o duplex, papel especial, etc.<\/td>\n<\/tr>\n<tr style=\"height: 17.25pt;\">\n<td class=\"et3\" style=\"height: 17.25pt;\" height=\"23\">Acabamento de superf\u00edcies<\/td>\n<td class=\"et4\" style=\"width: 379.50pt;\" width=\"506\">Lamina\u00e7\u00e3o mate\/brilhante, grava\u00e7\u00e3o em relevo, grava\u00e7\u00e3o em relevo, estampagem em folha, etc.<\/td>\n<\/tr>\n<tr style=\"height: 17.25pt;\">\n<td class=\"et4\" style=\"height: 17.25pt; width: 379.50pt;\" width=\"506\" height=\"23\">Utiliza\u00e7\u00e3o na ind\u00fastria<\/td>\n<td class=\"et4\" style=\"width: 379.50pt;\" width=\"506\">cosm\u00e9ticos, perfumes, vestu\u00e1rio, j\u00f3ias, tabaco, alimentos, presentes, produtos de consumo di\u00e1rio,<\/td>\n<\/tr>\n<tr style=\"height: 34.50pt;\">\n<td class=\"et4\" style=\"height: 34.50pt; width: 379.50pt;\" width=\"506\" height=\"46\">Controlo de qualidade<\/td>\n<td class=\"et4\" style=\"width: 379.50pt;\" width=\"506\">Equipamento avan\u00e7ado e equipa QC experiente verificam rigorosamente o material, os produtos semi-acabados e acabados em cada etapa antes de<\/td>\n<\/tr>\n<tr style=\"height: 34.50pt;\">\n<td class=\"et4\" style=\"height: 34.50pt; width: 379.50pt;\" width=\"506\" height=\"46\">Pre\u00e7o<\/td>\n<td class=\"et4\" style=\"width: 379.50pt;\" width=\"506\">O pre\u00e7o final ser\u00e1 adaptado ao seu produto e \u00e0 quantidade de que necessita<\/td>\n<\/tr>\n<tr style=\"height: 16.50pt;\">\n<td class=\"et3\" style=\"height: 16.50pt;\" height=\"22\">Tempo de rota\u00e7\u00e3o<\/td>\n<td class=\"et3\">7-14 dias \u00fateis, com urg\u00eancia<\/td>\n<\/tr>\n<tr style=\"height: 16.50pt;\">\n<td class=\"et3\" style=\"height: 16.50pt;\" height=\"22\">Papel em stock<\/td>\n<td class=\"et3\">10pt a 28pt (60lb a 400lb) Kraft ecol\u00f3gico, cart\u00e3o canelado e-flute, cart\u00e3o bux, cartolina<\/td>\n<\/tr>\n<tr style=\"height: 16.50pt;\">\n<td class=\"et3\" style=\"height: 16.50pt;\" height=\"22\">Prova<\/td>\n<td class=\"et3\">Vista plana, maqueta 3d, amostragem f\u00edsica (a pedido)<\/td>\n<\/tr>\n<\/tbody>\n<\/table>\n<div class=\"widget block block-static-block\">\n<div class=\"landing-page-section option-bottom\">\n<div class=\"custom-materials-tabs-content container container-adjustment\">\n<div class=\"custom-materials-tab-content active\">\n<div class=\"widget block block-static-block\">\n<div class=\"options-items\">\n<div class=\"flex-grid-row-option\">\n<div class=\"flex-grid-item-option\">\n<div class=\"material-box\">\n<div class=\"material-des\">\n<p>&nbsp;<\/p>\n<\/div>\n<p>&nbsp;<\/p>\n<\/div>\n<\/div>\n<\/div>\n<\/div>\n<p><!---end of option item--><\/p>\n<\/div>\n<\/div>\n<\/div>\n<\/div>\n<\/div>","protected":false},"excerpt":{"rendered":"<p>N\u00f3s podemos fornecer as caixas mais premium e de alta qualidade para caixas de embalagem de fragr\u00e2ncia de perfume da China por atacado. podemos infinitas caixas de embalagem impressas personalizadas e amostra gr\u00e1tis.<\/p>","protected":false},"featured_media":6915,"template":"","meta":[],"product_brand":[],"product_cat":[30,417,425,31],"product_tag":[498,503,504],"class_list":{"0":"post-6908","1":"product","2":"type-product","3":"status-publish","4":"has-post-thumbnail","6":"product_cat-by-industry","7":"product_cat-custom-perfume-boxes-by-industry","8":"product_cat-lid-and-base-gift-box","9":"product_cat-paper-box-style","10":"product_tag-custom-perfume-packaging","11":"product_tag-fragrance-packaging-boxes","12":"product_tag-perfume-fragrance-packaging-wholesale","14":"first","15":"instock","16":"shipping-taxable","17":"product-type-grouped"},"_links":{"self":[{"href":"https:\/\/zojopackaging.com\/pt\/wp-json\/wp\/v2\/product\/6908","targetHints":{"allow":["GET"]}}],"collection":[{"href":"https:\/\/zojopackaging.com\/pt\/wp-json\/wp\/v2\/product"}],"about":[{"href":"https:\/\/zojopackaging.com\/pt\/wp-json\/wp\/v2\/types\/product"}],"version-history":[{"count":2,"href":"https:\/\/zojopackaging.com\/pt\/wp-json\/wp\/v2\/product\/6908\/revisions"}],"predecessor-version":[{"id":8078,"href":"https:\/\/zojopackaging.com\/pt\/wp-json\/wp\/v2\/product\/6908\/revisions\/8078"}],"wp:featuredmedia":[{"embeddable":true,"href":"https:\/\/zojopackaging.com\/pt\/wp-json\/wp\/v2\/media\/6915"}],"wp:attachment":[{"href":"https:\/\/zojopackaging.com\/pt\/wp-json\/wp\/v2\/media?parent=6908"}],"wp:term":[{"taxonomy":"product_brand","embeddable":true,"href":"https:\/\/zojopackaging.com\/pt\/wp-json\/wp\/v2\/product_brand?post=6908"},{"taxonomy":"product_cat","embeddable":true,"href":"https:\/\/zojopackaging.com\/pt\/wp-json\/wp\/v2\/product_cat?post=6908"},{"taxonomy":"product_tag","embeddable":true,"href":"https:\/\/zojopackaging.com\/pt\/wp-json\/wp\/v2\/product_tag?post=6908"}],"curies":[{"name":"wp","href":"https:\/\/api.w.org\/{rel}","templated":true}]}}